{"id":13260,"date":"2022-06-21T07:22:30","date_gmt":"2022-06-21T07:22:30","guid":{"rendered":"https:\/\/wmtbaltic.lv\/?post_type=product&#038;p=13260"},"modified":"2022-06-21T08:45:42","modified_gmt":"2022-06-21T08:45:42","slug":"ppf-pu-rakelis-dzeltens-videji-ciets","status":"publish","type":"product","link":"https:\/\/wmtbaltic.lv\/en\/product\/ppf-pu-rakelis-dzeltens-videji-ciets\/","title":{"rendered":"PPF PU rakelis, dzeltens, vid\u0113ji ciets"},"content":{"rendered":"<p>Jaunais PPF rakelis ar \u012bpa\u0161u pirkstu rievu, kas pal\u012bdz\u0113s vienm\u0113r\u012bgi piespiest instrumentu visai darba virsmai.<\/p>\n<p>Ergonomiska ori\u0123in\u0101la forma, kas \u012bpa\u0161i izv\u0113l\u0113ta \u0113rtam darbam<\/p>\n<p>\u012apa\u0161a polim\u0113ra formula, kas piem\u0113rota tikai \u0161im rakelim: elast\u012bgs, iztur\u012bgs, bet m\u012bksts.<\/p>\n<p>Pieejami tr\u012bs ciet\u012bbas veidi!<\/p>\n","protected":false},"excerpt":{"rendered":"Jaunais PPF rakelis ar \u012bpa\u0161u pirkstu rievu, kas pal\u012bdz\u0113s vienm\u0113r\u012bgi piespiest instrumentu visai darba virsmai. Ergonomiska ori\u0123in\u0101la forma, kas \u012bpa\u0161i izv\u0113l\u0113ta \u0113rtam darbam \u012apa\u0161a polim\u0113ra formula, kas piem\u0113rota tikai \u0161im rakelim: elast\u012bgs, iztur\u012bgs, bet m\u012bksts. Pieejami tr\u012bs ciet\u012bbas veidi!","protected":false},"featured_media":13263,"comment_status":"closed","ping_status":"closed","template":"","meta":[],"product_brand":[],"product_cat":[200,397,61],"product_tag":[385,692,1112],"class_list":{"0":"post-13260","1":"product","2":"type-product","3":"status-publish","4":"has-post-thumbnail","6":"product_cat-aksesuari-aplimesanai","7":"product_cat-instrumenti-aplimesanai","8":"product_cat-instrumenti-aksesuari","9":"product_tag-auto-aplimesanai","10":"product_tag-instrumeti","11":"product_tag-ppf","13":"first","14":"instock","15":"shipping-taxable","16":"purchasable","17":"product-type-simple"},"yoast_head":"<!-- This site is optimized with the Yoast SEO plugin v27.4 - https:\/\/yoast.com\/product\/yoast-seo-wordpress\/ -->\n<title>PPF PU rakelis, dzeltens, vid\u0113ji ciets - WMT Baltic<\/title>\n<meta name=\"description\" content=\"-Jaunais PPF rakelis ar \u012bpa\u0161u pirkstu rievu, kas pal\u012bdz\u0113s vienm\u0113r\u012bgi piespiest instrumentu visai darba virsmai.\" \/>\n<meta name=\"robots\" content=\"index, follow, max-snippet:-1, max-image-preview:large, max-video-preview:-1\" \/>\n<link rel=\"canonical\" href=\"https:\/\/wmtbaltic.lv\/Produkts\/ppf-pu-rakelis-dzeltens-videji-ciets\/\" \/>\n<meta property=\"og:locale\" content=\"en_US\" \/>\n<meta property=\"og:type\" content=\"article\" \/>\n<meta property=\"og:title\" content=\"PPF PU rakelis, dzeltens, vid\u0113ji ciets - WMT Baltic\" \/>\n<meta property=\"og:description\" content=\"-Jaunais PPF rakelis ar \u012bpa\u0161u pirkstu rievu, kas pal\u012bdz\u0113s vienm\u0113r\u012bgi piespiest instrumentu visai darba virsmai.\" \/>\n<meta property=\"og:url\" content=\"https:\/\/wmtbaltic.lv\/Produkts\/ppf-pu-rakelis-dzeltens-videji-ciets\/\" \/>\n<meta property=\"og:site_name\" content=\"WMT Baltic\" \/>\n<meta property=\"article:publisher\" content=\"https:\/\/www.facebook.com\/WMT.Baltic.viscom\/?locale=lv_LV\" \/>\n<meta property=\"article:modified_time\" content=\"2022-06-21T08:45:42+00:00\" \/>\n<meta property=\"og:image\" content=\"http:\/\/wmtbaltic.lv\/wp-content\/uploads\/2022\/06\/ppf2-1.jpg\" \/>\n\t<meta property=\"og:image:width\" content=\"1638\" \/>\n\t<meta property=\"og:image:height\" content=\"1150\" \/>\n\t<meta property=\"og:image:type\" content=\"image\/jpeg\" \/>\n<meta name=\"twitter:card\" content=\"summary_large_image\" \/>\n<meta name=\"twitter:label1\" content=\"Est. reading time\" \/>\n\t<meta name=\"twitter:data1\" content=\"1 minute\" \/>\n<script type=\"application\/ld+json\" class=\"yoast-schema-graph\">{\"@context\":\"https:\\\/\\\/schema.org\",\"@graph\":[{\"@type\":\"WebPage\",\"@id\":\"https:\\\/\\\/wmtbaltic.lv\\\/Produkts\\\/ppf-pu-rakelis-dzeltens-videji-ciets\\\/\",\"url\":\"https:\\\/\\\/wmtbaltic.lv\\\/Produkts\\\/ppf-pu-rakelis-dzeltens-videji-ciets\\\/\",\"name\":\"PPF PU rakelis, dzeltens, vid\u0113ji ciets - WMT Baltic\",\"isPartOf\":{\"@id\":\"https:\\\/\\\/wmtbaltic.lv\\\/#website\"},\"primaryImageOfPage\":{\"@id\":\"https:\\\/\\\/wmtbaltic.lv\\\/Produkts\\\/ppf-pu-rakelis-dzeltens-videji-ciets\\\/#primaryimage\"},\"image\":{\"@id\":\"https:\\\/\\\/wmtbaltic.lv\\\/Produkts\\\/ppf-pu-rakelis-dzeltens-videji-ciets\\\/#primaryimage\"},\"thumbnailUrl\":\"https:\\\/\\\/wmtbaltic.lv\\\/wp-content\\\/uploads\\\/2022\\\/06\\\/ppf2-1.jpg\",\"datePublished\":\"2022-06-21T07:22:30+00:00\",\"dateModified\":\"2022-06-21T08:45:42+00:00\",\"description\":\"-Jaunais PPF rakelis ar \u012bpa\u0161u pirkstu rievu, kas pal\u012bdz\u0113s vienm\u0113r\u012bgi piespiest instrumentu visai darba virsmai.\",\"breadcrumb\":{\"@id\":\"https:\\\/\\\/wmtbaltic.lv\\\/Produkts\\\/ppf-pu-rakelis-dzeltens-videji-ciets\\\/#breadcrumb\"},\"inLanguage\":\"en-US\",\"potentialAction\":[{\"@type\":\"ReadAction\",\"target\":[\"https:\\\/\\\/wmtbaltic.lv\\\/Produkts\\\/ppf-pu-rakelis-dzeltens-videji-ciets\\\/\"]}]},{\"@type\":\"ImageObject\",\"inLanguage\":\"en-US\",\"@id\":\"https:\\\/\\\/wmtbaltic.lv\\\/Produkts\\\/ppf-pu-rakelis-dzeltens-videji-ciets\\\/#primaryimage\",\"url\":\"https:\\\/\\\/wmtbaltic.lv\\\/wp-content\\\/uploads\\\/2022\\\/06\\\/ppf2-1.jpg\",\"contentUrl\":\"https:\\\/\\\/wmtbaltic.lv\\\/wp-content\\\/uploads\\\/2022\\\/06\\\/ppf2-1.jpg\",\"width\":1638,\"height\":1150},{\"@type\":\"BreadcrumbList\",\"@id\":\"https:\\\/\\\/wmtbaltic.lv\\\/Produkts\\\/ppf-pu-rakelis-dzeltens-videji-ciets\\\/#breadcrumb\",\"itemListElement\":[{\"@type\":\"ListItem\",\"position\":1,\"name\":\"Home\",\"item\":\"https:\\\/\\\/wmtbaltic.lv\\\/en\\\/\"},{\"@type\":\"ListItem\",\"position\":2,\"name\":\"Products\",\"item\":\"https:\\\/\\\/wmtbaltic.lv\\\/en\\\/shop\\\/\"},{\"@type\":\"ListItem\",\"position\":3,\"name\":\"PPF PU rakelis, dzeltens, vid\u0113ji ciets\"}]},{\"@type\":\"WebSite\",\"@id\":\"https:\\\/\\\/wmtbaltic.lv\\\/#website\",\"url\":\"https:\\\/\\\/wmtbaltic.lv\\\/\",\"name\":\"WMT Baltic\",\"description\":\"Rekl\u0101mas produkti, pl\u0113ves\",\"publisher\":{\"@id\":\"https:\\\/\\\/wmtbaltic.lv\\\/#organization\"},\"potentialAction\":[{\"@type\":\"SearchAction\",\"target\":{\"@type\":\"EntryPoint\",\"urlTemplate\":\"https:\\\/\\\/wmtbaltic.lv\\\/?s={search_term_string}\"},\"query-input\":{\"@type\":\"PropertyValueSpecification\",\"valueRequired\":true,\"valueName\":\"search_term_string\"}}],\"inLanguage\":\"en-US\"},{\"@type\":\"Organization\",\"@id\":\"https:\\\/\\\/wmtbaltic.lv\\\/#organization\",\"name\":\"WMT Baltic\",\"url\":\"https:\\\/\\\/wmtbaltic.lv\\\/\",\"logo\":{\"@type\":\"ImageObject\",\"inLanguage\":\"en-US\",\"@id\":\"https:\\\/\\\/wmtbaltic.lv\\\/#\\\/schema\\\/logo\\\/image\\\/\",\"url\":\"https:\\\/\\\/wmtbaltic.lv\\\/wp-content\\\/uploads\\\/2024\\\/12\\\/wmt-baltic-sia_107142_9_420x180.jpg\",\"contentUrl\":\"https:\\\/\\\/wmtbaltic.lv\\\/wp-content\\\/uploads\\\/2024\\\/12\\\/wmt-baltic-sia_107142_9_420x180.jpg\",\"width\":420,\"height\":180,\"caption\":\"WMT Baltic\"},\"image\":{\"@id\":\"https:\\\/\\\/wmtbaltic.lv\\\/#\\\/schema\\\/logo\\\/image\\\/\"},\"sameAs\":[\"https:\\\/\\\/www.facebook.com\\\/WMT.Baltic.viscom\\\/?locale=lv_LV\",\"https:\\\/\\\/www.instagram.com\\\/viscom_wmt\\\/\"]}]}<\/script>\n<!-- \/ Yoast SEO plugin. -->","yoast_head_json":{"title":"PPF PU rakelis, dzeltens, vid\u0113ji ciets - WMT Baltic","description":"-Jaunais PPF rakelis ar \u012bpa\u0161u pirkstu rievu, kas pal\u012bdz\u0113s vienm\u0113r\u012bgi piespiest instrumentu visai darba virsmai.","robots":{"index":"index","follow":"follow","max-snippet":"max-snippet:-1","max-image-preview":"max-image-preview:large","max-video-preview":"max-video-preview:-1"},"canonical":"https:\/\/wmtbaltic.lv\/Produkts\/ppf-pu-rakelis-dzeltens-videji-ciets\/","og_locale":"en_US","og_type":"article","og_title":"PPF PU rakelis, dzeltens, vid\u0113ji ciets - WMT Baltic","og_description":"-Jaunais PPF rakelis ar \u012bpa\u0161u pirkstu rievu, kas pal\u012bdz\u0113s vienm\u0113r\u012bgi piespiest instrumentu visai darba virsmai.","og_url":"https:\/\/wmtbaltic.lv\/Produkts\/ppf-pu-rakelis-dzeltens-videji-ciets\/","og_site_name":"WMT Baltic","article_publisher":"https:\/\/www.facebook.com\/WMT.Baltic.viscom\/?locale=lv_LV","article_modified_time":"2022-06-21T08:45:42+00:00","og_image":[{"width":1638,"height":1150,"url":"http:\/\/wmtbaltic.lv\/wp-content\/uploads\/2022\/06\/ppf2-1.jpg","type":"image\/jpeg"}],"twitter_card":"summary_large_image","twitter_misc":{"Est. reading time":"1 minute"},"schema":{"@context":"https:\/\/schema.org","@graph":[{"@type":"WebPage","@id":"https:\/\/wmtbaltic.lv\/Produkts\/ppf-pu-rakelis-dzeltens-videji-ciets\/","url":"https:\/\/wmtbaltic.lv\/Produkts\/ppf-pu-rakelis-dzeltens-videji-ciets\/","name":"PPF PU rakelis, dzeltens, vid\u0113ji ciets - WMT Baltic","isPartOf":{"@id":"https:\/\/wmtbaltic.lv\/#website"},"primaryImageOfPage":{"@id":"https:\/\/wmtbaltic.lv\/Produkts\/ppf-pu-rakelis-dzeltens-videji-ciets\/#primaryimage"},"image":{"@id":"https:\/\/wmtbaltic.lv\/Produkts\/ppf-pu-rakelis-dzeltens-videji-ciets\/#primaryimage"},"thumbnailUrl":"https:\/\/wmtbaltic.lv\/wp-content\/uploads\/2022\/06\/ppf2-1.jpg","datePublished":"2022-06-21T07:22:30+00:00","dateModified":"2022-06-21T08:45:42+00:00","description":"-Jaunais PPF rakelis ar \u012bpa\u0161u pirkstu rievu, kas pal\u012bdz\u0113s vienm\u0113r\u012bgi piespiest instrumentu visai darba virsmai.","breadcrumb":{"@id":"https:\/\/wmtbaltic.lv\/Produkts\/ppf-pu-rakelis-dzeltens-videji-ciets\/#breadcrumb"},"inLanguage":"en-US","potentialAction":[{"@type":"ReadAction","target":["https:\/\/wmtbaltic.lv\/Produkts\/ppf-pu-rakelis-dzeltens-videji-ciets\/"]}]},{"@type":"ImageObject","inLanguage":"en-US","@id":"https:\/\/wmtbaltic.lv\/Produkts\/ppf-pu-rakelis-dzeltens-videji-ciets\/#primaryimage","url":"https:\/\/wmtbaltic.lv\/wp-content\/uploads\/2022\/06\/ppf2-1.jpg","contentUrl":"https:\/\/wmtbaltic.lv\/wp-content\/uploads\/2022\/06\/ppf2-1.jpg","width":1638,"height":1150},{"@type":"BreadcrumbList","@id":"https:\/\/wmtbaltic.lv\/Produkts\/ppf-pu-rakelis-dzeltens-videji-ciets\/#breadcrumb","itemListElement":[{"@type":"ListItem","position":1,"name":"Home","item":"https:\/\/wmtbaltic.lv\/en\/"},{"@type":"ListItem","position":2,"name":"Products","item":"https:\/\/wmtbaltic.lv\/en\/shop\/"},{"@type":"ListItem","position":3,"name":"PPF PU rakelis, dzeltens, vid\u0113ji ciets"}]},{"@type":"WebSite","@id":"https:\/\/wmtbaltic.lv\/#website","url":"https:\/\/wmtbaltic.lv\/","name":"WMT Baltic","description":"Rekl\u0101mas produkti, pl\u0113ves","publisher":{"@id":"https:\/\/wmtbaltic.lv\/#organization"},"potentialAction":[{"@type":"SearchAction","target":{"@type":"EntryPoint","urlTemplate":"https:\/\/wmtbaltic.lv\/?s={search_term_string}"},"query-input":{"@type":"PropertyValueSpecification","valueRequired":true,"valueName":"search_term_string"}}],"inLanguage":"en-US"},{"@type":"Organization","@id":"https:\/\/wmtbaltic.lv\/#organization","name":"WMT Baltic","url":"https:\/\/wmtbaltic.lv\/","logo":{"@type":"ImageObject","inLanguage":"en-US","@id":"https:\/\/wmtbaltic.lv\/#\/schema\/logo\/image\/","url":"https:\/\/wmtbaltic.lv\/wp-content\/uploads\/2024\/12\/wmt-baltic-sia_107142_9_420x180.jpg","contentUrl":"https:\/\/wmtbaltic.lv\/wp-content\/uploads\/2024\/12\/wmt-baltic-sia_107142_9_420x180.jpg","width":420,"height":180,"caption":"WMT Baltic"},"image":{"@id":"https:\/\/wmtbaltic.lv\/#\/schema\/logo\/image\/"},"sameAs":["https:\/\/www.facebook.com\/WMT.Baltic.viscom\/?locale=lv_LV","https:\/\/www.instagram.com\/viscom_wmt\/"]}]}},"_links":{"self":[{"href":"https:\/\/wmtbaltic.lv\/en\/wp-json\/wp\/v2\/product\/13260","targetHints":{"allow":["GET"]}}],"collection":[{"href":"https:\/\/wmtbaltic.lv\/en\/wp-json\/wp\/v2\/product"}],"about":[{"href":"https:\/\/wmtbaltic.lv\/en\/wp-json\/wp\/v2\/types\/product"}],"replies":[{"embeddable":true,"href":"https:\/\/wmtbaltic.lv\/en\/wp-json\/wp\/v2\/comments?post=13260"}],"wp:featuredmedia":[{"embeddable":true,"href":"https:\/\/wmtbaltic.lv\/en\/wp-json\/wp\/v2\/media\/13263"}],"wp:attachment":[{"href":"https:\/\/wmtbaltic.lv\/en\/wp-json\/wp\/v2\/media?parent=13260"}],"wp:term":[{"taxonomy":"product_brand","embeddable":true,"href":"https:\/\/wmtbaltic.lv\/en\/wp-json\/wp\/v2\/product_brand?post=13260"},{"taxonomy":"product_cat","embeddable":true,"href":"https:\/\/wmtbaltic.lv\/en\/wp-json\/wp\/v2\/product_cat?post=13260"},{"taxonomy":"product_tag","embeddable":true,"href":"https:\/\/wmtbaltic.lv\/en\/wp-json\/wp\/v2\/product_tag?post=13260"}],"curies":[{"name":"wp","href":"https:\/\/api.w.org\/{rel}","templated":true}]}}