{"id":13227,"date":"2022-06-13T11:40:28","date_gmt":"2022-06-13T11:40:28","guid":{"rendered":"https:\/\/wmtbaltic.lv\/?post_type=product&#038;p=13227"},"modified":"2022-06-13T12:45:46","modified_gmt":"2022-06-13T12:45:46","slug":"limpleve-drukai-windowblock-aslan-dfp25-balta-glanceta-1-37m","status":"publish","type":"product","link":"https:\/\/wmtbaltic.lv\/en\/product\/limpleve-drukai-windowblock-aslan-dfp25-balta-glanceta-1-37m\/","title":{"rendered":"L\u012bmpl\u0113ve drukai WindowBlock ASLAN DFP25, balta, glanc\u0113ta, 1.37m"},"content":{"rendered":"<p>Balta, glanc\u0113ta monom\u0113ra\u00a0 l\u012bmpl\u0113ve ar caursp\u012bd\u012bgu limsl\u0101ni, 180mk, ar augstu necaurredzam\u012bbu uzkl\u0101\u0161anai uz stikla virsm\u0101m.<\/p>\n<p>Kombin\u0101cij\u0101 ar &#8220;spogul\u012b&#8221; apdruk\u0101tu caursp\u012bd\u012bgu l\u012bmpl\u0113vi, stikla virsmas\u00a0 var izmantot abpus\u0113jai rekl\u0101mai, kas tiek uzkl\u0101ta<br \/>\nno stikla iek\u0161puses.<\/p>\n<p>Piem\u0113rota solventa, eco-solventa, UV un lateksa tint\u0113m.<\/p>\n<p>Pl\u0113ves platums 1.37 m.<\/p>\n<p>Rull\u012b 25 m.<\/p>\n<p><strong>Tehnisk\u0101 inform\u0101cija<\/strong>: <a href=\"http:\/\/wmtbaltic.lv\/wp-content\/uploads\/2022\/06\/WindowBlock_ASLAN_DFP_25_e.pdf\">WindowBlock_ASLAN_DFP_25_e<\/a><\/p>\n<p><strong>VIDEO \u0160EIT<\/strong>:\u00a0<a href=\"https:\/\/www.youtube.com\/watch?v=wrrDiGWPWHI&amp;t=6s\">https:\/\/www.youtube.com\/watch?v=wrrDiGWPWHI&amp;t=6s<\/a><\/p>\n<p><strong>Saist\u012btie produkti:<\/strong> https:\/\/wmtbaltic.lv\/Produkts\/limpleve-drukai-lifetime-removable-aslan-dfp41-caurspidiga-glanceta\/<\/p>\n<p>&nbsp;<\/p>\n","protected":false},"excerpt":{"rendered":"Balta, glanc\u0113ta monom\u0113ra\u00a0 l\u012bmpl\u0113ve ar caursp\u012bd\u012bgu limsl\u0101ni, 180mk, ar augstu necaurredzam\u012bbu uzkl\u0101\u0161anai uz stikla virsm\u0101m. Kombin\u0101cij\u0101 ar \"spogul\u012b\" apdruk\u0101tu caursp\u012bd\u012bgu l\u012bmpl\u0113vi, stikla virsmas\u00a0 var izmantot abpus\u0113jai rekl\u0101mai, kas tiek uzkl\u0101ta no stikla iek\u0161puses. Piem\u0113rota solventa, eco-solventa, UV un lateksa tint\u0113m. Pl\u0113ves platums 1.37 m. Rull\u012b 25 m. Tehnisk\u0101 inform\u0101cija: WindowBlock_ASLAN_DFP_25_e VIDEO \u0160EIT:\u00a0https:\/\/www.youtube.com\/watch?v=wrrDiGWPWHI&amp;t=6s Saist\u012btie produkti: https:\/\/wmtbaltic.lv\/Produkts\/limpleve-drukai-lifetime-removable-aslan-dfp41-caurspidiga-glanceta\/ [...]","protected":false},"featured_media":13231,"comment_status":"closed","ping_status":"closed","template":"","meta":[],"product_brand":[],"product_cat":[544,444,447],"product_tag":[1111],"class_list":{"0":"post-13227","1":"product","2":"type-product","3":"status-publish","4":"has-post-thumbnail","6":"product_cat-aslan","7":"product_cat-monomeras-limpleves","8":"product_cat-specializetas-limpleves","9":"product_tag-window-block","11":"first","12":"instock","13":"shipping-taxable","14":"purchasable","15":"product-type-variable"},"yoast_head":"<!-- This site is optimized with the Yoast SEO plugin v27.6 - https:\/\/yoast.com\/product\/yoast-seo-wordpress\/ -->\n<title>L\u012bmpl\u0113ve drukai WindowBlock ASLAN DFP25, balta, glanc\u0113ta, nopirkt R\u012bg\u0101<\/title>\n<meta name=\"robots\" content=\"index, follow, max-snippet:-1, max-image-preview:large, max-video-preview:-1\" \/>\n<link rel=\"canonical\" href=\"https:\/\/wmtbaltic.lv\/Produkts\/limpleve-drukai-windowblock-aslan-dfp25-balta-glanceta-1-37m\/\" \/>\n<meta property=\"og:locale\" content=\"en_US\" \/>\n<meta property=\"og:type\" content=\"article\" \/>\n<meta property=\"og:title\" content=\"L\u012bmpl\u0113ve drukai WindowBlock ASLAN DFP25, balta, glanc\u0113ta, nopirkt R\u012bg\u0101\" \/>\n<meta property=\"og:url\" content=\"https:\/\/wmtbaltic.lv\/Produkts\/limpleve-drukai-windowblock-aslan-dfp25-balta-glanceta-1-37m\/\" \/>\n<meta property=\"og:site_name\" content=\"WMT Baltic\" \/>\n<meta property=\"article:publisher\" content=\"https:\/\/www.facebook.com\/WMT.Baltic.viscom\/?locale=lv_LV\" \/>\n<meta property=\"article:modified_time\" content=\"2022-06-13T12:45:46+00:00\" \/>\n<meta property=\"og:image\" content=\"http:\/\/wmtbaltic.lv\/wp-content\/uploads\/2022\/06\/ASLAN_DFP25_WindowBlock_1.jpg\" \/>\n\t<meta property=\"og:image:width\" content=\"1100\" \/>\n\t<meta property=\"og:image:height\" content=\"733\" \/>\n\t<meta property=\"og:image:type\" content=\"image\/jpeg\" \/>\n<meta name=\"twitter:card\" content=\"summary_large_image\" \/>\n<meta name=\"twitter:label1\" content=\"Est. reading time\" \/>\n\t<meta name=\"twitter:data1\" content=\"1 minute\" \/>\n<script type=\"application\/ld+json\" class=\"yoast-schema-graph\">{\"@context\":\"https:\\\/\\\/schema.org\",\"@graph\":[{\"@type\":\"WebPage\",\"@id\":\"https:\\\/\\\/wmtbaltic.lv\\\/Produkts\\\/limpleve-drukai-windowblock-aslan-dfp25-balta-glanceta-1-37m\\\/\",\"url\":\"https:\\\/\\\/wmtbaltic.lv\\\/Produkts\\\/limpleve-drukai-windowblock-aslan-dfp25-balta-glanceta-1-37m\\\/\",\"name\":\"L\u012bmpl\u0113ve drukai WindowBlock ASLAN DFP25, balta, glanc\u0113ta, nopirkt R\u012bg\u0101\",\"isPartOf\":{\"@id\":\"https:\\\/\\\/wmtbaltic.lv\\\/#website\"},\"primaryImageOfPage\":{\"@id\":\"https:\\\/\\\/wmtbaltic.lv\\\/Produkts\\\/limpleve-drukai-windowblock-aslan-dfp25-balta-glanceta-1-37m\\\/#primaryimage\"},\"image\":{\"@id\":\"https:\\\/\\\/wmtbaltic.lv\\\/Produkts\\\/limpleve-drukai-windowblock-aslan-dfp25-balta-glanceta-1-37m\\\/#primaryimage\"},\"thumbnailUrl\":\"https:\\\/\\\/wmtbaltic.lv\\\/wp-content\\\/uploads\\\/2022\\\/06\\\/ASLAN_DFP25_WindowBlock_1.jpg\",\"datePublished\":\"2022-06-13T11:40:28+00:00\",\"dateModified\":\"2022-06-13T12:45:46+00:00\",\"breadcrumb\":{\"@id\":\"https:\\\/\\\/wmtbaltic.lv\\\/Produkts\\\/limpleve-drukai-windowblock-aslan-dfp25-balta-glanceta-1-37m\\\/#breadcrumb\"},\"inLanguage\":\"en-US\",\"potentialAction\":[{\"@type\":\"ReadAction\",\"target\":[\"https:\\\/\\\/wmtbaltic.lv\\\/Produkts\\\/limpleve-drukai-windowblock-aslan-dfp25-balta-glanceta-1-37m\\\/\"]}]},{\"@type\":\"ImageObject\",\"inLanguage\":\"en-US\",\"@id\":\"https:\\\/\\\/wmtbaltic.lv\\\/Produkts\\\/limpleve-drukai-windowblock-aslan-dfp25-balta-glanceta-1-37m\\\/#primaryimage\",\"url\":\"https:\\\/\\\/wmtbaltic.lv\\\/wp-content\\\/uploads\\\/2022\\\/06\\\/ASLAN_DFP25_WindowBlock_1.jpg\",\"contentUrl\":\"https:\\\/\\\/wmtbaltic.lv\\\/wp-content\\\/uploads\\\/2022\\\/06\\\/ASLAN_DFP25_WindowBlock_1.jpg\",\"width\":1100,\"height\":733},{\"@type\":\"BreadcrumbList\",\"@id\":\"https:\\\/\\\/wmtbaltic.lv\\\/Produkts\\\/limpleve-drukai-windowblock-aslan-dfp25-balta-glanceta-1-37m\\\/#breadcrumb\",\"itemListElement\":[{\"@type\":\"ListItem\",\"position\":1,\"name\":\"Home\",\"item\":\"https:\\\/\\\/wmtbaltic.lv\\\/en\\\/\"},{\"@type\":\"ListItem\",\"position\":2,\"name\":\"Products\",\"item\":\"https:\\\/\\\/wmtbaltic.lv\\\/en\\\/shop\\\/\"},{\"@type\":\"ListItem\",\"position\":3,\"name\":\"L\u012bmpl\u0113ve drukai WindowBlock ASLAN DFP25, balta, glanc\u0113ta, 1.37m\"}]},{\"@type\":\"WebSite\",\"@id\":\"https:\\\/\\\/wmtbaltic.lv\\\/#website\",\"url\":\"https:\\\/\\\/wmtbaltic.lv\\\/\",\"name\":\"WMT Baltic\",\"description\":\"Rekl\u0101mas produkti, pl\u0113ves\",\"publisher\":{\"@id\":\"https:\\\/\\\/wmtbaltic.lv\\\/#organization\"},\"potentialAction\":[{\"@type\":\"SearchAction\",\"target\":{\"@type\":\"EntryPoint\",\"urlTemplate\":\"https:\\\/\\\/wmtbaltic.lv\\\/?s={search_term_string}\"},\"query-input\":{\"@type\":\"PropertyValueSpecification\",\"valueRequired\":true,\"valueName\":\"search_term_string\"}}],\"inLanguage\":\"en-US\"},{\"@type\":\"Organization\",\"@id\":\"https:\\\/\\\/wmtbaltic.lv\\\/#organization\",\"name\":\"WMT Baltic\",\"url\":\"https:\\\/\\\/wmtbaltic.lv\\\/\",\"logo\":{\"@type\":\"ImageObject\",\"inLanguage\":\"en-US\",\"@id\":\"https:\\\/\\\/wmtbaltic.lv\\\/#\\\/schema\\\/logo\\\/image\\\/\",\"url\":\"https:\\\/\\\/wmtbaltic.lv\\\/wp-content\\\/uploads\\\/2024\\\/12\\\/wmt-baltic-sia_107142_9_420x180.jpg\",\"contentUrl\":\"https:\\\/\\\/wmtbaltic.lv\\\/wp-content\\\/uploads\\\/2024\\\/12\\\/wmt-baltic-sia_107142_9_420x180.jpg\",\"width\":420,\"height\":180,\"caption\":\"WMT Baltic\"},\"image\":{\"@id\":\"https:\\\/\\\/wmtbaltic.lv\\\/#\\\/schema\\\/logo\\\/image\\\/\"},\"sameAs\":[\"https:\\\/\\\/www.facebook.com\\\/WMT.Baltic.viscom\\\/?locale=lv_LV\",\"https:\\\/\\\/www.instagram.com\\\/viscom_wmt\\\/\"]}]}<\/script>\n<!-- \/ Yoast SEO plugin. -->","yoast_head_json":{"title":"L\u012bmpl\u0113ve drukai WindowBlock ASLAN DFP25, balta, glanc\u0113ta, nopirkt R\u012bg\u0101","robots":{"index":"index","follow":"follow","max-snippet":"max-snippet:-1","max-image-preview":"max-image-preview:large","max-video-preview":"max-video-preview:-1"},"canonical":"https:\/\/wmtbaltic.lv\/Produkts\/limpleve-drukai-windowblock-aslan-dfp25-balta-glanceta-1-37m\/","og_locale":"en_US","og_type":"article","og_title":"L\u012bmpl\u0113ve drukai WindowBlock ASLAN DFP25, balta, glanc\u0113ta, nopirkt R\u012bg\u0101","og_url":"https:\/\/wmtbaltic.lv\/Produkts\/limpleve-drukai-windowblock-aslan-dfp25-balta-glanceta-1-37m\/","og_site_name":"WMT Baltic","article_publisher":"https:\/\/www.facebook.com\/WMT.Baltic.viscom\/?locale=lv_LV","article_modified_time":"2022-06-13T12:45:46+00:00","og_image":[{"width":1100,"height":733,"url":"http:\/\/wmtbaltic.lv\/wp-content\/uploads\/2022\/06\/ASLAN_DFP25_WindowBlock_1.jpg","type":"image\/jpeg"}],"twitter_card":"summary_large_image","twitter_misc":{"Est. reading time":"1 minute"},"schema":{"@context":"https:\/\/schema.org","@graph":[{"@type":"WebPage","@id":"https:\/\/wmtbaltic.lv\/Produkts\/limpleve-drukai-windowblock-aslan-dfp25-balta-glanceta-1-37m\/","url":"https:\/\/wmtbaltic.lv\/Produkts\/limpleve-drukai-windowblock-aslan-dfp25-balta-glanceta-1-37m\/","name":"L\u012bmpl\u0113ve drukai WindowBlock ASLAN DFP25, balta, glanc\u0113ta, nopirkt R\u012bg\u0101","isPartOf":{"@id":"https:\/\/wmtbaltic.lv\/#website"},"primaryImageOfPage":{"@id":"https:\/\/wmtbaltic.lv\/Produkts\/limpleve-drukai-windowblock-aslan-dfp25-balta-glanceta-1-37m\/#primaryimage"},"image":{"@id":"https:\/\/wmtbaltic.lv\/Produkts\/limpleve-drukai-windowblock-aslan-dfp25-balta-glanceta-1-37m\/#primaryimage"},"thumbnailUrl":"https:\/\/wmtbaltic.lv\/wp-content\/uploads\/2022\/06\/ASLAN_DFP25_WindowBlock_1.jpg","datePublished":"2022-06-13T11:40:28+00:00","dateModified":"2022-06-13T12:45:46+00:00","breadcrumb":{"@id":"https:\/\/wmtbaltic.lv\/Produkts\/limpleve-drukai-windowblock-aslan-dfp25-balta-glanceta-1-37m\/#breadcrumb"},"inLanguage":"en-US","potentialAction":[{"@type":"ReadAction","target":["https:\/\/wmtbaltic.lv\/Produkts\/limpleve-drukai-windowblock-aslan-dfp25-balta-glanceta-1-37m\/"]}]},{"@type":"ImageObject","inLanguage":"en-US","@id":"https:\/\/wmtbaltic.lv\/Produkts\/limpleve-drukai-windowblock-aslan-dfp25-balta-glanceta-1-37m\/#primaryimage","url":"https:\/\/wmtbaltic.lv\/wp-content\/uploads\/2022\/06\/ASLAN_DFP25_WindowBlock_1.jpg","contentUrl":"https:\/\/wmtbaltic.lv\/wp-content\/uploads\/2022\/06\/ASLAN_DFP25_WindowBlock_1.jpg","width":1100,"height":733},{"@type":"BreadcrumbList","@id":"https:\/\/wmtbaltic.lv\/Produkts\/limpleve-drukai-windowblock-aslan-dfp25-balta-glanceta-1-37m\/#breadcrumb","itemListElement":[{"@type":"ListItem","position":1,"name":"Home","item":"https:\/\/wmtbaltic.lv\/en\/"},{"@type":"ListItem","position":2,"name":"Products","item":"https:\/\/wmtbaltic.lv\/en\/shop\/"},{"@type":"ListItem","position":3,"name":"L\u012bmpl\u0113ve drukai WindowBlock ASLAN DFP25, balta, glanc\u0113ta, 1.37m"}]},{"@type":"WebSite","@id":"https:\/\/wmtbaltic.lv\/#website","url":"https:\/\/wmtbaltic.lv\/","name":"WMT Baltic","description":"Rekl\u0101mas produkti, pl\u0113ves","publisher":{"@id":"https:\/\/wmtbaltic.lv\/#organization"},"potentialAction":[{"@type":"SearchAction","target":{"@type":"EntryPoint","urlTemplate":"https:\/\/wmtbaltic.lv\/?s={search_term_string}"},"query-input":{"@type":"PropertyValueSpecification","valueRequired":true,"valueName":"search_term_string"}}],"inLanguage":"en-US"},{"@type":"Organization","@id":"https:\/\/wmtbaltic.lv\/#organization","name":"WMT Baltic","url":"https:\/\/wmtbaltic.lv\/","logo":{"@type":"ImageObject","inLanguage":"en-US","@id":"https:\/\/wmtbaltic.lv\/#\/schema\/logo\/image\/","url":"https:\/\/wmtbaltic.lv\/wp-content\/uploads\/2024\/12\/wmt-baltic-sia_107142_9_420x180.jpg","contentUrl":"https:\/\/wmtbaltic.lv\/wp-content\/uploads\/2024\/12\/wmt-baltic-sia_107142_9_420x180.jpg","width":420,"height":180,"caption":"WMT Baltic"},"image":{"@id":"https:\/\/wmtbaltic.lv\/#\/schema\/logo\/image\/"},"sameAs":["https:\/\/www.facebook.com\/WMT.Baltic.viscom\/?locale=lv_LV","https:\/\/www.instagram.com\/viscom_wmt\/"]}]}},"_links":{"self":[{"href":"https:\/\/wmtbaltic.lv\/en\/wp-json\/wp\/v2\/product\/13227","targetHints":{"allow":["GET"]}}],"collection":[{"href":"https:\/\/wmtbaltic.lv\/en\/wp-json\/wp\/v2\/product"}],"about":[{"href":"https:\/\/wmtbaltic.lv\/en\/wp-json\/wp\/v2\/types\/product"}],"replies":[{"embeddable":true,"href":"https:\/\/wmtbaltic.lv\/en\/wp-json\/wp\/v2\/comments?post=13227"}],"wp:featuredmedia":[{"embeddable":true,"href":"https:\/\/wmtbaltic.lv\/en\/wp-json\/wp\/v2\/media\/13231"}],"wp:attachment":[{"href":"https:\/\/wmtbaltic.lv\/en\/wp-json\/wp\/v2\/media?parent=13227"}],"wp:term":[{"taxonomy":"product_brand","embeddable":true,"href":"https:\/\/wmtbaltic.lv\/en\/wp-json\/wp\/v2\/product_brand?post=13227"},{"taxonomy":"product_cat","embeddable":true,"href":"https:\/\/wmtbaltic.lv\/en\/wp-json\/wp\/v2\/product_cat?post=13227"},{"taxonomy":"product_tag","embeddable":true,"href":"https:\/\/wmtbaltic.lv\/en\/wp-json\/wp\/v2\/product_tag?post=13227"}],"curies":[{"name":"wp","href":"https:\/\/api.w.org\/{rel}","templated":true}]}}