{"id":13220,"date":"2022-06-10T08:53:57","date_gmt":"2022-06-10T08:53:57","guid":{"rendered":"https:\/\/wmtbaltic.lv\/?post_type=product&#038;p=13220"},"modified":"2022-06-10T09:28:23","modified_gmt":"2022-06-10T09:28:23","slug":"pleve-metaleffect-doming-aslan-dca-120-1-24m","status":"publish","type":"product","link":"https:\/\/wmtbaltic.lv\/en\/product\/pleve-metaleffect-doming-aslan-dca-120-1-24m\/","title":{"rendered":"Pl\u0113ve MetalEffect Doming ASLAN DCA 120 1.24m"},"content":{"rendered":"<p>L\u012bmpl\u0113ve\u00a0<strong>MetalEffect Doming ASLAN DCA 120\u00a0<\/strong>\u2013 polim\u0113ra pl\u0113ve , sudraba,mat\u0113ta, ar slipeta met\u0101la efektu. Biezums 120 mk, l\u012bme \u2013 UltraTack. Notur\u012bga \u0101ra apst\u0101k\u013cos l\u012bdz 2 gadiem. Speci\u0101li izstr\u0101d\u0101ta 3D uzl\u012bmju ra\u017eo\u0161anai. Piem\u0113rota ekosolventa, lateksa un UV drukai.<\/p>\n<p>Cena par teko\u0161o metru.<\/p>\n<p>Pl\u0113ves platums 1.24 m.<\/p>\n<p>Rull\u012b 25 m.<\/p>\n<p>Tehniskais apraksts: <a href=\"http:\/\/wmtbaltic.lv\/wp-content\/uploads\/2022\/06\/MetalEffect_Doming_ASLAN_DCA_120_e.pdf\">MetalEffect_Doming_ASLAN_DCA_120_e<\/a><\/p>\n","protected":false},"excerpt":{"rendered":"L\u012bmpl\u0113ve\u00a0MetalEffect Doming ASLAN DCA 120\u00a0\u2013 polim\u0113ra pl\u0113ve , sudraba,mat\u0113ta, ar slipeta met\u0101la efektu. Biezums 120 mk, l\u012bme \u2013 UltraTack. Notur\u012bga \u0101ra apst\u0101k\u013cos l\u012bdz 2 gadiem. Speci\u0101li izstr\u0101d\u0101ta 3D uzl\u012bmju ra\u017eo\u0161anai. Piem\u0113rota ekosolventa, lateksa un UV drukai. Cena par teko\u0161o metru. Pl\u0113ves platums 1.24 m. Rull\u012b 25 m. Tehniskais apraksts: MetalEffect_Doming_ASLAN_DCA_120_e","protected":false},"featured_media":13223,"template":"","meta":[],"product_brand":[],"product_cat":[181,272,165],"product_tag":[972,915,485],"class_list":{"0":"post-13220","1":"product","2":"type-product","3":"status-publish","4":"has-post-thumbnail","6":"product_cat-limpleves-3d-uzlimem","7":"product_cat-metalizetas-pleves-ar-specialiem-efektiem","8":"product_cat-metalizetas-pleves-drukai","9":"product_tag-3d-lables","10":"product_tag-3d-uzlime","11":"product_tag-metalizetas-pleves","13":"first","14":"instock","15":"shipping-taxable","16":"purchasable","17":"product-type-simple"},"yoast_head":"<!-- This site is optimized with the Yoast SEO plugin v27.4 - https:\/\/yoast.com\/product\/yoast-seo-wordpress\/ -->\n<title>Pl\u0113ve MetalEffect Doming ASLAN DCA 120 1.24m , nopirkt R\u012bga<\/title>\n<meta name=\"description\" content=\"Pl\u0113ve PrintMetal ASLAN CA 30 Matt Brushed Silver , nopirkt R\u012bga\" \/>\n<meta name=\"robots\" content=\"index, follow, max-snippet:-1, max-image-preview:large, max-video-preview:-1\" \/>\n<link rel=\"canonical\" href=\"https:\/\/wmtbaltic.lv\/Produkts\/pleve-metaleffect-doming-aslan-dca-120-1-24m\/\" \/>\n<meta property=\"og:locale\" content=\"en_US\" \/>\n<meta property=\"og:type\" content=\"article\" \/>\n<meta property=\"og:title\" content=\"Pl\u0113ve MetalEffect Doming ASLAN DCA 120 1.24m , nopirkt R\u012bga\" \/>\n<meta property=\"og:description\" content=\"Pl\u0113ve PrintMetal ASLAN CA 30 Matt Brushed Silver , nopirkt R\u012bga\" \/>\n<meta property=\"og:url\" content=\"https:\/\/wmtbaltic.lv\/Produkts\/pleve-metaleffect-doming-aslan-dca-120-1-24m\/\" \/>\n<meta property=\"og:site_name\" content=\"WMT Baltic\" \/>\n<meta property=\"article:publisher\" content=\"https:\/\/www.facebook.com\/WMT.Baltic.viscom\/?locale=lv_LV\" \/>\n<meta property=\"article:modified_time\" content=\"2022-06-10T09:28:23+00:00\" \/>\n<meta property=\"og:image\" content=\"http:\/\/wmtbaltic.lv\/wp-content\/uploads\/2022\/06\/MetalEffect_Doming_ASLAN_DCA_120.jpg\" \/>\n\t<meta property=\"og:image:width\" content=\"235\" \/>\n\t<meta property=\"og:image:height\" content=\"215\" \/>\n\t<meta property=\"og:image:type\" content=\"image\/jpeg\" \/>\n<meta name=\"twitter:card\" content=\"summary_large_image\" \/>\n<meta name=\"twitter:label1\" content=\"Est. reading time\" \/>\n\t<meta name=\"twitter:data1\" content=\"1 minute\" \/>\n<script type=\"application\/ld+json\" class=\"yoast-schema-graph\">{\"@context\":\"https:\\\/\\\/schema.org\",\"@graph\":[{\"@type\":\"WebPage\",\"@id\":\"https:\\\/\\\/wmtbaltic.lv\\\/Produkts\\\/pleve-metaleffect-doming-aslan-dca-120-1-24m\\\/\",\"url\":\"https:\\\/\\\/wmtbaltic.lv\\\/Produkts\\\/pleve-metaleffect-doming-aslan-dca-120-1-24m\\\/\",\"name\":\"Pl\u0113ve MetalEffect Doming ASLAN DCA 120 1.24m , nopirkt R\u012bga\",\"isPartOf\":{\"@id\":\"https:\\\/\\\/wmtbaltic.lv\\\/#website\"},\"primaryImageOfPage\":{\"@id\":\"https:\\\/\\\/wmtbaltic.lv\\\/Produkts\\\/pleve-metaleffect-doming-aslan-dca-120-1-24m\\\/#primaryimage\"},\"image\":{\"@id\":\"https:\\\/\\\/wmtbaltic.lv\\\/Produkts\\\/pleve-metaleffect-doming-aslan-dca-120-1-24m\\\/#primaryimage\"},\"thumbnailUrl\":\"https:\\\/\\\/wmtbaltic.lv\\\/wp-content\\\/uploads\\\/2022\\\/06\\\/MetalEffect_Doming_ASLAN_DCA_120.jpg\",\"datePublished\":\"2022-06-10T08:53:57+00:00\",\"dateModified\":\"2022-06-10T09:28:23+00:00\",\"description\":\"Pl\u0113ve PrintMetal ASLAN CA 30 Matt Brushed Silver , nopirkt R\u012bga\",\"breadcrumb\":{\"@id\":\"https:\\\/\\\/wmtbaltic.lv\\\/Produkts\\\/pleve-metaleffect-doming-aslan-dca-120-1-24m\\\/#breadcrumb\"},\"inLanguage\":\"en-US\",\"potentialAction\":[{\"@type\":\"ReadAction\",\"target\":[\"https:\\\/\\\/wmtbaltic.lv\\\/Produkts\\\/pleve-metaleffect-doming-aslan-dca-120-1-24m\\\/\"]}]},{\"@type\":\"ImageObject\",\"inLanguage\":\"en-US\",\"@id\":\"https:\\\/\\\/wmtbaltic.lv\\\/Produkts\\\/pleve-metaleffect-doming-aslan-dca-120-1-24m\\\/#primaryimage\",\"url\":\"https:\\\/\\\/wmtbaltic.lv\\\/wp-content\\\/uploads\\\/2022\\\/06\\\/MetalEffect_Doming_ASLAN_DCA_120.jpg\",\"contentUrl\":\"https:\\\/\\\/wmtbaltic.lv\\\/wp-content\\\/uploads\\\/2022\\\/06\\\/MetalEffect_Doming_ASLAN_DCA_120.jpg\",\"width\":235,\"height\":215},{\"@type\":\"BreadcrumbList\",\"@id\":\"https:\\\/\\\/wmtbaltic.lv\\\/Produkts\\\/pleve-metaleffect-doming-aslan-dca-120-1-24m\\\/#breadcrumb\",\"itemListElement\":[{\"@type\":\"ListItem\",\"position\":1,\"name\":\"Home\",\"item\":\"https:\\\/\\\/wmtbaltic.lv\\\/en\\\/\"},{\"@type\":\"ListItem\",\"position\":2,\"name\":\"Shop\",\"item\":\"https:\\\/\\\/wmtbaltic.lv\\\/shop\\\/\"},{\"@type\":\"ListItem\",\"position\":3,\"name\":\"Pl\u0113ve MetalEffect Doming ASLAN DCA 120 1.24m\"}]},{\"@type\":\"WebSite\",\"@id\":\"https:\\\/\\\/wmtbaltic.lv\\\/#website\",\"url\":\"https:\\\/\\\/wmtbaltic.lv\\\/\",\"name\":\"WMT Baltic\",\"description\":\"Rekl\u0101mas produkti, pl\u0113ves\",\"publisher\":{\"@id\":\"https:\\\/\\\/wmtbaltic.lv\\\/#organization\"},\"potentialAction\":[{\"@type\":\"SearchAction\",\"target\":{\"@type\":\"EntryPoint\",\"urlTemplate\":\"https:\\\/\\\/wmtbaltic.lv\\\/?s={search_term_string}\"},\"query-input\":{\"@type\":\"PropertyValueSpecification\",\"valueRequired\":true,\"valueName\":\"search_term_string\"}}],\"inLanguage\":\"en-US\"},{\"@type\":\"Organization\",\"@id\":\"https:\\\/\\\/wmtbaltic.lv\\\/#organization\",\"name\":\"WMT Baltic\",\"url\":\"https:\\\/\\\/wmtbaltic.lv\\\/\",\"logo\":{\"@type\":\"ImageObject\",\"inLanguage\":\"en-US\",\"@id\":\"https:\\\/\\\/wmtbaltic.lv\\\/#\\\/schema\\\/logo\\\/image\\\/\",\"url\":\"https:\\\/\\\/wmtbaltic.lv\\\/wp-content\\\/uploads\\\/2024\\\/12\\\/wmt-baltic-sia_107142_9_420x180.jpg\",\"contentUrl\":\"https:\\\/\\\/wmtbaltic.lv\\\/wp-content\\\/uploads\\\/2024\\\/12\\\/wmt-baltic-sia_107142_9_420x180.jpg\",\"width\":420,\"height\":180,\"caption\":\"WMT Baltic\"},\"image\":{\"@id\":\"https:\\\/\\\/wmtbaltic.lv\\\/#\\\/schema\\\/logo\\\/image\\\/\"},\"sameAs\":[\"https:\\\/\\\/www.facebook.com\\\/WMT.Baltic.viscom\\\/?locale=lv_LV\",\"https:\\\/\\\/www.instagram.com\\\/viscom_wmt\\\/\"]}]}<\/script>\n<!-- \/ Yoast SEO plugin. -->","yoast_head_json":{"title":"Pl\u0113ve MetalEffect Doming ASLAN DCA 120 1.24m , nopirkt R\u012bga","description":"Pl\u0113ve PrintMetal ASLAN CA 30 Matt Brushed Silver , nopirkt R\u012bga","robots":{"index":"index","follow":"follow","max-snippet":"max-snippet:-1","max-image-preview":"max-image-preview:large","max-video-preview":"max-video-preview:-1"},"canonical":"https:\/\/wmtbaltic.lv\/Produkts\/pleve-metaleffect-doming-aslan-dca-120-1-24m\/","og_locale":"en_US","og_type":"article","og_title":"Pl\u0113ve MetalEffect Doming ASLAN DCA 120 1.24m , nopirkt R\u012bga","og_description":"Pl\u0113ve PrintMetal ASLAN CA 30 Matt Brushed Silver , nopirkt R\u012bga","og_url":"https:\/\/wmtbaltic.lv\/Produkts\/pleve-metaleffect-doming-aslan-dca-120-1-24m\/","og_site_name":"WMT Baltic","article_publisher":"https:\/\/www.facebook.com\/WMT.Baltic.viscom\/?locale=lv_LV","article_modified_time":"2022-06-10T09:28:23+00:00","og_image":[{"width":235,"height":215,"url":"http:\/\/wmtbaltic.lv\/wp-content\/uploads\/2022\/06\/MetalEffect_Doming_ASLAN_DCA_120.jpg","type":"image\/jpeg"}],"twitter_card":"summary_large_image","twitter_misc":{"Est. reading time":"1 minute"},"schema":{"@context":"https:\/\/schema.org","@graph":[{"@type":"WebPage","@id":"https:\/\/wmtbaltic.lv\/Produkts\/pleve-metaleffect-doming-aslan-dca-120-1-24m\/","url":"https:\/\/wmtbaltic.lv\/Produkts\/pleve-metaleffect-doming-aslan-dca-120-1-24m\/","name":"Pl\u0113ve MetalEffect Doming ASLAN DCA 120 1.24m , nopirkt R\u012bga","isPartOf":{"@id":"https:\/\/wmtbaltic.lv\/#website"},"primaryImageOfPage":{"@id":"https:\/\/wmtbaltic.lv\/Produkts\/pleve-metaleffect-doming-aslan-dca-120-1-24m\/#primaryimage"},"image":{"@id":"https:\/\/wmtbaltic.lv\/Produkts\/pleve-metaleffect-doming-aslan-dca-120-1-24m\/#primaryimage"},"thumbnailUrl":"https:\/\/wmtbaltic.lv\/wp-content\/uploads\/2022\/06\/MetalEffect_Doming_ASLAN_DCA_120.jpg","datePublished":"2022-06-10T08:53:57+00:00","dateModified":"2022-06-10T09:28:23+00:00","description":"Pl\u0113ve PrintMetal ASLAN CA 30 Matt Brushed Silver , nopirkt R\u012bga","breadcrumb":{"@id":"https:\/\/wmtbaltic.lv\/Produkts\/pleve-metaleffect-doming-aslan-dca-120-1-24m\/#breadcrumb"},"inLanguage":"en-US","potentialAction":[{"@type":"ReadAction","target":["https:\/\/wmtbaltic.lv\/Produkts\/pleve-metaleffect-doming-aslan-dca-120-1-24m\/"]}]},{"@type":"ImageObject","inLanguage":"en-US","@id":"https:\/\/wmtbaltic.lv\/Produkts\/pleve-metaleffect-doming-aslan-dca-120-1-24m\/#primaryimage","url":"https:\/\/wmtbaltic.lv\/wp-content\/uploads\/2022\/06\/MetalEffect_Doming_ASLAN_DCA_120.jpg","contentUrl":"https:\/\/wmtbaltic.lv\/wp-content\/uploads\/2022\/06\/MetalEffect_Doming_ASLAN_DCA_120.jpg","width":235,"height":215},{"@type":"BreadcrumbList","@id":"https:\/\/wmtbaltic.lv\/Produkts\/pleve-metaleffect-doming-aslan-dca-120-1-24m\/#breadcrumb","itemListElement":[{"@type":"ListItem","position":1,"name":"Home","item":"https:\/\/wmtbaltic.lv\/en\/"},{"@type":"ListItem","position":2,"name":"Shop","item":"https:\/\/wmtbaltic.lv\/shop\/"},{"@type":"ListItem","position":3,"name":"Pl\u0113ve MetalEffect Doming ASLAN DCA 120 1.24m"}]},{"@type":"WebSite","@id":"https:\/\/wmtbaltic.lv\/#website","url":"https:\/\/wmtbaltic.lv\/","name":"WMT Baltic","description":"Rekl\u0101mas produkti, pl\u0113ves","publisher":{"@id":"https:\/\/wmtbaltic.lv\/#organization"},"potentialAction":[{"@type":"SearchAction","target":{"@type":"EntryPoint","urlTemplate":"https:\/\/wmtbaltic.lv\/?s={search_term_string}"},"query-input":{"@type":"PropertyValueSpecification","valueRequired":true,"valueName":"search_term_string"}}],"inLanguage":"en-US"},{"@type":"Organization","@id":"https:\/\/wmtbaltic.lv\/#organization","name":"WMT Baltic","url":"https:\/\/wmtbaltic.lv\/","logo":{"@type":"ImageObject","inLanguage":"en-US","@id":"https:\/\/wmtbaltic.lv\/#\/schema\/logo\/image\/","url":"https:\/\/wmtbaltic.lv\/wp-content\/uploads\/2024\/12\/wmt-baltic-sia_107142_9_420x180.jpg","contentUrl":"https:\/\/wmtbaltic.lv\/wp-content\/uploads\/2024\/12\/wmt-baltic-sia_107142_9_420x180.jpg","width":420,"height":180,"caption":"WMT Baltic"},"image":{"@id":"https:\/\/wmtbaltic.lv\/#\/schema\/logo\/image\/"},"sameAs":["https:\/\/www.facebook.com\/WMT.Baltic.viscom\/?locale=lv_LV","https:\/\/www.instagram.com\/viscom_wmt\/"]}]}},"_links":{"self":[{"href":"https:\/\/wmtbaltic.lv\/en\/wp-json\/wp\/v2\/product\/13220","targetHints":{"allow":["GET"]}}],"collection":[{"href":"https:\/\/wmtbaltic.lv\/en\/wp-json\/wp\/v2\/product"}],"about":[{"href":"https:\/\/wmtbaltic.lv\/en\/wp-json\/wp\/v2\/types\/product"}],"wp:featuredmedia":[{"embeddable":true,"href":"https:\/\/wmtbaltic.lv\/en\/wp-json\/wp\/v2\/media\/13223"}],"wp:attachment":[{"href":"https:\/\/wmtbaltic.lv\/en\/wp-json\/wp\/v2\/media?parent=13220"}],"wp:term":[{"taxonomy":"product_brand","embeddable":true,"href":"https:\/\/wmtbaltic.lv\/en\/wp-json\/wp\/v2\/product_brand?post=13220"},{"taxonomy":"product_cat","embeddable":true,"href":"https:\/\/wmtbaltic.lv\/en\/wp-json\/wp\/v2\/product_cat?post=13220"},{"taxonomy":"product_tag","embeddable":true,"href":"https:\/\/wmtbaltic.lv\/en\/wp-json\/wp\/v2\/product_tag?post=13220"}],"curies":[{"name":"wp","href":"https:\/\/api.w.org\/{rel}","templated":true}]}}