{"id":13184,"date":"2022-05-30T12:53:22","date_gmt":"2022-05-30T12:53:22","guid":{"rendered":"https:\/\/wmtbaltic.lv\/?post_type=product&#038;p=13184"},"modified":"2022-06-01T07:25:34","modified_gmt":"2022-06-01T07:25:34","slug":"stiena-stiprinajums-pie-sienas-dublin","status":"publish","type":"product","link":"https:\/\/wmtbaltic.lv\/en\/product\/stiena-stiprinajums-pie-sienas-dublin\/","title":{"rendered":"Stie\u0146a stiprin\u0101jums pie sienas Dublin"},"content":{"rendered":"<p><b>\u00a0Dublin <\/b>&#8211;\u00a0 stie\u0146a stiprin\u0101jums no nerus\u0113jo\u0161a t\u0113rauda pl\u0101ksn\u012b\u0161u mont\u0101\u017eai\u00a0 pie sienas.<\/p>\n<p>Diametrs &#8211; 18 mm<\/p>\n<p>Att\u0101lums no sienas 20mm<\/p>\n<p>Stie\u0146a diametrs -6mm<\/p>\n<p>&nbsp;<\/p>\n<p><strong>Saist\u012btie produkti:<\/strong>\u00a0 <a href=\"https:\/\/wmtbaltic.lv\/Produkts\/distanceris-stienu-sistemam-belfast\/\">https:\/\/wmtbaltic.lv\/Produkts\/distanceris-stienu-sistemam-belfast\/<\/a><\/p>\n<p><a href=\"https:\/\/wmtbaltic.lv\/Produkts\/nerusejosa-terauda-stienis-diametrs-6-mm\/\">https:\/\/wmtbaltic.lv\/Produkts\/nerusejosa-terauda-stienis-diametrs-6-mm\/<\/a><\/p>\n<p><a href=\"https:\/\/wmtbaltic.lv\/Produkts\/stiena-stiprinajums-pie-sienas-stockholm\/\">https:\/\/wmtbaltic.lv\/Produkts\/stiena-stiprinajums-pie-sienas-stockholm\/<\/a><\/p>\n<p>&nbsp;<\/p>\n<p>&nbsp;<\/p>\n","protected":false},"excerpt":{"rendered":"\u00a0Dublin -\u00a0 stie\u0146a stiprin\u0101jums no nerus\u0113jo\u0161a t\u0113rauda pl\u0101ksn\u012b\u0161u mont\u0101\u017eai\u00a0 pie sienas. Diametrs - 18 mm Att\u0101lums no sienas 20mm Stie\u0146a diametrs -6mm &nbsp; Saist\u012btie produkti:\u00a0 https:\/\/wmtbaltic.lv\/Produkts\/distanceris-stienu-sistemam-belfast\/ https:\/\/wmtbaltic.lv\/Produkts\/nerusejosa-terauda-stienis-diametrs-6-mm\/ https:\/\/wmtbaltic.lv\/Produkts\/stiena-stiprinajums-pie-sienas-stockholm\/ &nbsp; &nbsp;","protected":false},"featured_media":13185,"comment_status":"closed","ping_status":"closed","template":"","meta":[],"product_brand":[],"product_cat":[949],"product_tag":[1063,1110],"class_list":{"0":"post-13184","1":"product","2":"type-product","3":"status-publish","4":"has-post-thumbnail","6":"product_cat-stiprinajums-pie-sienas","7":"product_tag-plaksnisu-stiprinajumi","8":"product_tag-stiena-stiprinajums","10":"first","11":"instock","12":"shipping-taxable","13":"purchasable","14":"product-type-simple"},"yoast_head":"<!-- This site is optimized with the Yoast SEO plugin v27.4 - https:\/\/yoast.com\/product\/yoast-seo-wordpress\/ -->\n<title>Stie\u0146a stiprin\u0101jums pie sienas Dublin , nopirkt veikal\u0101 R\u012bg\u0101<\/title>\n<meta name=\"robots\" content=\"index, follow, max-snippet:-1, max-image-preview:large, max-video-preview:-1\" \/>\n<link rel=\"canonical\" href=\"https:\/\/wmtbaltic.lv\/Produkts\/stiena-stiprinajums-pie-sienas-dublin\/\" \/>\n<meta property=\"og:locale\" content=\"en_US\" \/>\n<meta property=\"og:type\" content=\"article\" \/>\n<meta property=\"og:title\" content=\"Stie\u0146a stiprin\u0101jums pie sienas Dublin , nopirkt veikal\u0101 R\u012bg\u0101\" \/>\n<meta property=\"og:url\" content=\"https:\/\/wmtbaltic.lv\/Produkts\/stiena-stiprinajums-pie-sienas-dublin\/\" \/>\n<meta property=\"og:site_name\" content=\"WMT Baltic\" \/>\n<meta property=\"article:publisher\" content=\"https:\/\/www.facebook.com\/WMT.Baltic.viscom\/?locale=lv_LV\" \/>\n<meta property=\"article:modified_time\" content=\"2022-06-01T07:25:34+00:00\" \/>\n<meta property=\"og:image\" content=\"http:\/\/wmtbaltic.lv\/wp-content\/uploads\/2022\/05\/Stiprinajums-Dublin.png\" \/>\n\t<meta property=\"og:image:width\" content=\"1000\" \/>\n\t<meta property=\"og:image:height\" content=\"1000\" \/>\n\t<meta property=\"og:image:type\" content=\"image\/png\" \/>\n<meta name=\"twitter:card\" content=\"summary_large_image\" \/>\n<meta name=\"twitter:label1\" content=\"Est. reading time\" \/>\n\t<meta name=\"twitter:data1\" content=\"1 minute\" \/>\n<script type=\"application\/ld+json\" class=\"yoast-schema-graph\">{\"@context\":\"https:\\\/\\\/schema.org\",\"@graph\":[{\"@type\":\"WebPage\",\"@id\":\"https:\\\/\\\/wmtbaltic.lv\\\/Produkts\\\/stiena-stiprinajums-pie-sienas-dublin\\\/\",\"url\":\"https:\\\/\\\/wmtbaltic.lv\\\/Produkts\\\/stiena-stiprinajums-pie-sienas-dublin\\\/\",\"name\":\"Stie\u0146a stiprin\u0101jums pie sienas Dublin , nopirkt veikal\u0101 R\u012bg\u0101\",\"isPartOf\":{\"@id\":\"https:\\\/\\\/wmtbaltic.lv\\\/#website\"},\"primaryImageOfPage\":{\"@id\":\"https:\\\/\\\/wmtbaltic.lv\\\/Produkts\\\/stiena-stiprinajums-pie-sienas-dublin\\\/#primaryimage\"},\"image\":{\"@id\":\"https:\\\/\\\/wmtbaltic.lv\\\/Produkts\\\/stiena-stiprinajums-pie-sienas-dublin\\\/#primaryimage\"},\"thumbnailUrl\":\"https:\\\/\\\/wmtbaltic.lv\\\/wp-content\\\/uploads\\\/2022\\\/05\\\/Stiprinajums-Dublin.png\",\"datePublished\":\"2022-05-30T12:53:22+00:00\",\"dateModified\":\"2022-06-01T07:25:34+00:00\",\"breadcrumb\":{\"@id\":\"https:\\\/\\\/wmtbaltic.lv\\\/Produkts\\\/stiena-stiprinajums-pie-sienas-dublin\\\/#breadcrumb\"},\"inLanguage\":\"en-US\",\"potentialAction\":[{\"@type\":\"ReadAction\",\"target\":[\"https:\\\/\\\/wmtbaltic.lv\\\/Produkts\\\/stiena-stiprinajums-pie-sienas-dublin\\\/\"]}]},{\"@type\":\"ImageObject\",\"inLanguage\":\"en-US\",\"@id\":\"https:\\\/\\\/wmtbaltic.lv\\\/Produkts\\\/stiena-stiprinajums-pie-sienas-dublin\\\/#primaryimage\",\"url\":\"https:\\\/\\\/wmtbaltic.lv\\\/wp-content\\\/uploads\\\/2022\\\/05\\\/Stiprinajums-Dublin.png\",\"contentUrl\":\"https:\\\/\\\/wmtbaltic.lv\\\/wp-content\\\/uploads\\\/2022\\\/05\\\/Stiprinajums-Dublin.png\",\"width\":1000,\"height\":1000},{\"@type\":\"BreadcrumbList\",\"@id\":\"https:\\\/\\\/wmtbaltic.lv\\\/Produkts\\\/stiena-stiprinajums-pie-sienas-dublin\\\/#breadcrumb\",\"itemListElement\":[{\"@type\":\"ListItem\",\"position\":1,\"name\":\"Home\",\"item\":\"https:\\\/\\\/wmtbaltic.lv\\\/en\\\/\"},{\"@type\":\"ListItem\",\"position\":2,\"name\":\"Products\",\"item\":\"https:\\\/\\\/wmtbaltic.lv\\\/en\\\/shop\\\/\"},{\"@type\":\"ListItem\",\"position\":3,\"name\":\"Stie\u0146a stiprin\u0101jums pie sienas Dublin\"}]},{\"@type\":\"WebSite\",\"@id\":\"https:\\\/\\\/wmtbaltic.lv\\\/#website\",\"url\":\"https:\\\/\\\/wmtbaltic.lv\\\/\",\"name\":\"WMT Baltic\",\"description\":\"Rekl\u0101mas produkti, pl\u0113ves\",\"publisher\":{\"@id\":\"https:\\\/\\\/wmtbaltic.lv\\\/#organization\"},\"potentialAction\":[{\"@type\":\"SearchAction\",\"target\":{\"@type\":\"EntryPoint\",\"urlTemplate\":\"https:\\\/\\\/wmtbaltic.lv\\\/?s={search_term_string}\"},\"query-input\":{\"@type\":\"PropertyValueSpecification\",\"valueRequired\":true,\"valueName\":\"search_term_string\"}}],\"inLanguage\":\"en-US\"},{\"@type\":\"Organization\",\"@id\":\"https:\\\/\\\/wmtbaltic.lv\\\/#organization\",\"name\":\"WMT Baltic\",\"url\":\"https:\\\/\\\/wmtbaltic.lv\\\/\",\"logo\":{\"@type\":\"ImageObject\",\"inLanguage\":\"en-US\",\"@id\":\"https:\\\/\\\/wmtbaltic.lv\\\/#\\\/schema\\\/logo\\\/image\\\/\",\"url\":\"https:\\\/\\\/wmtbaltic.lv\\\/wp-content\\\/uploads\\\/2024\\\/12\\\/wmt-baltic-sia_107142_9_420x180.jpg\",\"contentUrl\":\"https:\\\/\\\/wmtbaltic.lv\\\/wp-content\\\/uploads\\\/2024\\\/12\\\/wmt-baltic-sia_107142_9_420x180.jpg\",\"width\":420,\"height\":180,\"caption\":\"WMT Baltic\"},\"image\":{\"@id\":\"https:\\\/\\\/wmtbaltic.lv\\\/#\\\/schema\\\/logo\\\/image\\\/\"},\"sameAs\":[\"https:\\\/\\\/www.facebook.com\\\/WMT.Baltic.viscom\\\/?locale=lv_LV\",\"https:\\\/\\\/www.instagram.com\\\/viscom_wmt\\\/\"]}]}<\/script>\n<!-- \/ Yoast SEO plugin. -->","yoast_head_json":{"title":"Stie\u0146a stiprin\u0101jums pie sienas Dublin , nopirkt veikal\u0101 R\u012bg\u0101","robots":{"index":"index","follow":"follow","max-snippet":"max-snippet:-1","max-image-preview":"max-image-preview:large","max-video-preview":"max-video-preview:-1"},"canonical":"https:\/\/wmtbaltic.lv\/Produkts\/stiena-stiprinajums-pie-sienas-dublin\/","og_locale":"en_US","og_type":"article","og_title":"Stie\u0146a stiprin\u0101jums pie sienas Dublin , nopirkt veikal\u0101 R\u012bg\u0101","og_url":"https:\/\/wmtbaltic.lv\/Produkts\/stiena-stiprinajums-pie-sienas-dublin\/","og_site_name":"WMT Baltic","article_publisher":"https:\/\/www.facebook.com\/WMT.Baltic.viscom\/?locale=lv_LV","article_modified_time":"2022-06-01T07:25:34+00:00","og_image":[{"width":1000,"height":1000,"url":"http:\/\/wmtbaltic.lv\/wp-content\/uploads\/2022\/05\/Stiprinajums-Dublin.png","type":"image\/png"}],"twitter_card":"summary_large_image","twitter_misc":{"Est. reading time":"1 minute"},"schema":{"@context":"https:\/\/schema.org","@graph":[{"@type":"WebPage","@id":"https:\/\/wmtbaltic.lv\/Produkts\/stiena-stiprinajums-pie-sienas-dublin\/","url":"https:\/\/wmtbaltic.lv\/Produkts\/stiena-stiprinajums-pie-sienas-dublin\/","name":"Stie\u0146a stiprin\u0101jums pie sienas Dublin , nopirkt veikal\u0101 R\u012bg\u0101","isPartOf":{"@id":"https:\/\/wmtbaltic.lv\/#website"},"primaryImageOfPage":{"@id":"https:\/\/wmtbaltic.lv\/Produkts\/stiena-stiprinajums-pie-sienas-dublin\/#primaryimage"},"image":{"@id":"https:\/\/wmtbaltic.lv\/Produkts\/stiena-stiprinajums-pie-sienas-dublin\/#primaryimage"},"thumbnailUrl":"https:\/\/wmtbaltic.lv\/wp-content\/uploads\/2022\/05\/Stiprinajums-Dublin.png","datePublished":"2022-05-30T12:53:22+00:00","dateModified":"2022-06-01T07:25:34+00:00","breadcrumb":{"@id":"https:\/\/wmtbaltic.lv\/Produkts\/stiena-stiprinajums-pie-sienas-dublin\/#breadcrumb"},"inLanguage":"en-US","potentialAction":[{"@type":"ReadAction","target":["https:\/\/wmtbaltic.lv\/Produkts\/stiena-stiprinajums-pie-sienas-dublin\/"]}]},{"@type":"ImageObject","inLanguage":"en-US","@id":"https:\/\/wmtbaltic.lv\/Produkts\/stiena-stiprinajums-pie-sienas-dublin\/#primaryimage","url":"https:\/\/wmtbaltic.lv\/wp-content\/uploads\/2022\/05\/Stiprinajums-Dublin.png","contentUrl":"https:\/\/wmtbaltic.lv\/wp-content\/uploads\/2022\/05\/Stiprinajums-Dublin.png","width":1000,"height":1000},{"@type":"BreadcrumbList","@id":"https:\/\/wmtbaltic.lv\/Produkts\/stiena-stiprinajums-pie-sienas-dublin\/#breadcrumb","itemListElement":[{"@type":"ListItem","position":1,"name":"Home","item":"https:\/\/wmtbaltic.lv\/en\/"},{"@type":"ListItem","position":2,"name":"Products","item":"https:\/\/wmtbaltic.lv\/en\/shop\/"},{"@type":"ListItem","position":3,"name":"Stie\u0146a stiprin\u0101jums pie sienas Dublin"}]},{"@type":"WebSite","@id":"https:\/\/wmtbaltic.lv\/#website","url":"https:\/\/wmtbaltic.lv\/","name":"WMT Baltic","description":"Rekl\u0101mas produkti, pl\u0113ves","publisher":{"@id":"https:\/\/wmtbaltic.lv\/#organization"},"potentialAction":[{"@type":"SearchAction","target":{"@type":"EntryPoint","urlTemplate":"https:\/\/wmtbaltic.lv\/?s={search_term_string}"},"query-input":{"@type":"PropertyValueSpecification","valueRequired":true,"valueName":"search_term_string"}}],"inLanguage":"en-US"},{"@type":"Organization","@id":"https:\/\/wmtbaltic.lv\/#organization","name":"WMT Baltic","url":"https:\/\/wmtbaltic.lv\/","logo":{"@type":"ImageObject","inLanguage":"en-US","@id":"https:\/\/wmtbaltic.lv\/#\/schema\/logo\/image\/","url":"https:\/\/wmtbaltic.lv\/wp-content\/uploads\/2024\/12\/wmt-baltic-sia_107142_9_420x180.jpg","contentUrl":"https:\/\/wmtbaltic.lv\/wp-content\/uploads\/2024\/12\/wmt-baltic-sia_107142_9_420x180.jpg","width":420,"height":180,"caption":"WMT Baltic"},"image":{"@id":"https:\/\/wmtbaltic.lv\/#\/schema\/logo\/image\/"},"sameAs":["https:\/\/www.facebook.com\/WMT.Baltic.viscom\/?locale=lv_LV","https:\/\/www.instagram.com\/viscom_wmt\/"]}]}},"_links":{"self":[{"href":"https:\/\/wmtbaltic.lv\/en\/wp-json\/wp\/v2\/product\/13184","targetHints":{"allow":["GET"]}}],"collection":[{"href":"https:\/\/wmtbaltic.lv\/en\/wp-json\/wp\/v2\/product"}],"about":[{"href":"https:\/\/wmtbaltic.lv\/en\/wp-json\/wp\/v2\/types\/product"}],"replies":[{"embeddable":true,"href":"https:\/\/wmtbaltic.lv\/en\/wp-json\/wp\/v2\/comments?post=13184"}],"wp:featuredmedia":[{"embeddable":true,"href":"https:\/\/wmtbaltic.lv\/en\/wp-json\/wp\/v2\/media\/13185"}],"wp:attachment":[{"href":"https:\/\/wmtbaltic.lv\/en\/wp-json\/wp\/v2\/media?parent=13184"}],"wp:term":[{"taxonomy":"product_brand","embeddable":true,"href":"https:\/\/wmtbaltic.lv\/en\/wp-json\/wp\/v2\/product_brand?post=13184"},{"taxonomy":"product_cat","embeddable":true,"href":"https:\/\/wmtbaltic.lv\/en\/wp-json\/wp\/v2\/product_cat?post=13184"},{"taxonomy":"product_tag","embeddable":true,"href":"https:\/\/wmtbaltic.lv\/en\/wp-json\/wp\/v2\/product_tag?post=13184"}],"curies":[{"name":"wp","href":"https:\/\/api.w.org\/{rel}","templated":true}]}}