{"id":13068,"date":"2022-05-19T09:04:19","date_gmt":"2022-05-19T09:04:19","guid":{"rendered":"https:\/\/wmtbaltic.lv\/?post_type=product&#038;p=13068"},"modified":"2022-05-19T09:06:51","modified_gmt":"2022-05-19T09:06:51","slug":"frontlit-pvh-baneris-440g-300x500","status":"publish","type":"product","link":"https:\/\/wmtbaltic.lv\/en\/product\/frontlit-pvh-baneris-440g-300x500\/","title":{"rendered":"Frontlit PVH baneris, 440g, 300&#215;500"},"content":{"rendered":"<p>Frontlit (baneru PVH materi\u0101ls) &#8211; 440g\/m\u00b2 PVH materi\u0101ls rekl\u0101mas karogu (baneru) izgatavo\u0161anai. Virssl\u0101nis tiek apstr\u0101d\u0101ts ar speci\u0101lo laku, kas nodro\u0161ina materi\u0101la aizsardz\u012bbu pret vides iedarb\u012bbu un aizsarg\u0101 pilnkr\u0101sas apdruku, k\u0101 ar\u012b nodro\u0161ina stabilu l\u012bmpl\u0113ves uzkl\u0101\u0161anu (uzl\u012bm\u0113\u0161anu) uz t\u0101, veidojot aplik\u0101ciju.<\/p>\n<p>Materi\u0101la virsma ir paredz\u0113ta solventa , ekosolventa\u00a0 un UV apdrukai. Materi\u0101ls ir notur\u012bgs pret temperat\u016bras sv\u0101rst\u012bb\u0101m, nokri\u0161\u0146iem un UV staru (saules staru) ietekmes. Audums ir vienk\u0101r\u0161i sa\u0161ujams un kaus\u0113jams, to viegli transport\u0113t, mont\u0113t un demont\u0113t.<\/p>\n<p>Cena par 1 tek.m.<\/p>\n<p>Rullis 50m<\/p>\n","protected":false},"excerpt":{"rendered":"Frontlit (baneru PVH materi\u0101ls) - 440g\/m\u00b2 PVH materi\u0101ls rekl\u0101mas karogu (baneru) izgatavo\u0161anai. Virssl\u0101nis tiek apstr\u0101d\u0101ts ar speci\u0101lo laku, kas nodro\u0161ina materi\u0101la aizsardz\u012bbu pret vides iedarb\u012bbu un aizsarg\u0101 pilnkr\u0101sas apdruku, k\u0101 ar\u012b nodro\u0161ina stabilu l\u012bmpl\u0113ves uzkl\u0101\u0161anu (uzl\u012bm\u0113\u0161anu) uz t\u0101, veidojot aplik\u0101ciju. Materi\u0101la virsma ir paredz\u0113ta solventa , ekosolventa\u00a0 un UV apdrukai. Materi\u0101ls ir notur\u012bgs pret temperat\u016bras [...]","protected":false},"featured_media":13069,"comment_status":"closed","ping_status":"closed","template":"","meta":[],"product_brand":[],"product_cat":[1013],"product_tag":[1104,1105],"class_list":{"0":"post-13068","1":"product","2":"type-product","3":"status-publish","4":"has-post-thumbnail","6":"product_cat-baneri","7":"product_tag-baneris","8":"product_tag-frontlit-banner","10":"first","11":"instock","12":"shipping-taxable","13":"purchasable","14":"product-type-variable"},"yoast_head":"<!-- This site is optimized with the Yoast SEO plugin v27.4 - https:\/\/yoast.com\/product\/yoast-seo-wordpress\/ -->\n<title>Frontlit PVH baneris, 440g, 300x500, nopirkt veikal\u0101 R\u012bg\u0101<\/title>\n<meta name=\"robots\" content=\"index, follow, max-snippet:-1, max-image-preview:large, max-video-preview:-1\" \/>\n<link rel=\"canonical\" href=\"https:\/\/wmtbaltic.lv\/Produkts\/frontlit-pvh-baneris-440g-300x500\/\" \/>\n<meta property=\"og:locale\" content=\"en_US\" \/>\n<meta property=\"og:type\" content=\"article\" \/>\n<meta property=\"og:title\" content=\"Frontlit PVH baneris, 440g, 300x500, nopirkt veikal\u0101 R\u012bg\u0101\" \/>\n<meta property=\"og:url\" content=\"https:\/\/wmtbaltic.lv\/Produkts\/frontlit-pvh-baneris-440g-300x500\/\" \/>\n<meta property=\"og:site_name\" content=\"WMT Baltic\" \/>\n<meta property=\"article:publisher\" content=\"https:\/\/www.facebook.com\/WMT.Baltic.viscom\/?locale=lv_LV\" \/>\n<meta property=\"article:modified_time\" content=\"2022-05-19T09:06:51+00:00\" \/>\n<meta property=\"og:image\" content=\"http:\/\/wmtbaltic.lv\/wp-content\/uploads\/2022\/05\/PVC-Frontlit-Banner_3.jpg\" \/>\n\t<meta property=\"og:image:width\" content=\"250\" \/>\n\t<meta property=\"og:image:height\" content=\"250\" \/>\n\t<meta property=\"og:image:type\" content=\"image\/jpeg\" \/>\n<meta name=\"twitter:card\" content=\"summary_large_image\" \/>\n<meta name=\"twitter:label1\" content=\"Est. reading time\" \/>\n\t<meta name=\"twitter:data1\" content=\"1 minute\" \/>\n<script type=\"application\/ld+json\" class=\"yoast-schema-graph\">{\"@context\":\"https:\\\/\\\/schema.org\",\"@graph\":[{\"@type\":\"WebPage\",\"@id\":\"https:\\\/\\\/wmtbaltic.lv\\\/Produkts\\\/frontlit-pvh-baneris-440g-300x500\\\/\",\"url\":\"https:\\\/\\\/wmtbaltic.lv\\\/Produkts\\\/frontlit-pvh-baneris-440g-300x500\\\/\",\"name\":\"Frontlit PVH baneris, 440g, 300x500, nopirkt veikal\u0101 R\u012bg\u0101\",\"isPartOf\":{\"@id\":\"https:\\\/\\\/wmtbaltic.lv\\\/#website\"},\"primaryImageOfPage\":{\"@id\":\"https:\\\/\\\/wmtbaltic.lv\\\/Produkts\\\/frontlit-pvh-baneris-440g-300x500\\\/#primaryimage\"},\"image\":{\"@id\":\"https:\\\/\\\/wmtbaltic.lv\\\/Produkts\\\/frontlit-pvh-baneris-440g-300x500\\\/#primaryimage\"},\"thumbnailUrl\":\"https:\\\/\\\/wmtbaltic.lv\\\/wp-content\\\/uploads\\\/2022\\\/05\\\/PVC-Frontlit-Banner_3.jpg\",\"datePublished\":\"2022-05-19T09:04:19+00:00\",\"dateModified\":\"2022-05-19T09:06:51+00:00\",\"breadcrumb\":{\"@id\":\"https:\\\/\\\/wmtbaltic.lv\\\/Produkts\\\/frontlit-pvh-baneris-440g-300x500\\\/#breadcrumb\"},\"inLanguage\":\"en-US\",\"potentialAction\":[{\"@type\":\"ReadAction\",\"target\":[\"https:\\\/\\\/wmtbaltic.lv\\\/Produkts\\\/frontlit-pvh-baneris-440g-300x500\\\/\"]}]},{\"@type\":\"ImageObject\",\"inLanguage\":\"en-US\",\"@id\":\"https:\\\/\\\/wmtbaltic.lv\\\/Produkts\\\/frontlit-pvh-baneris-440g-300x500\\\/#primaryimage\",\"url\":\"https:\\\/\\\/wmtbaltic.lv\\\/wp-content\\\/uploads\\\/2022\\\/05\\\/PVC-Frontlit-Banner_3.jpg\",\"contentUrl\":\"https:\\\/\\\/wmtbaltic.lv\\\/wp-content\\\/uploads\\\/2022\\\/05\\\/PVC-Frontlit-Banner_3.jpg\",\"width\":250,\"height\":250},{\"@type\":\"BreadcrumbList\",\"@id\":\"https:\\\/\\\/wmtbaltic.lv\\\/Produkts\\\/frontlit-pvh-baneris-440g-300x500\\\/#breadcrumb\",\"itemListElement\":[{\"@type\":\"ListItem\",\"position\":1,\"name\":\"Home\",\"item\":\"https:\\\/\\\/wmtbaltic.lv\\\/en\\\/\"},{\"@type\":\"ListItem\",\"position\":2,\"name\":\"Products\",\"item\":\"https:\\\/\\\/wmtbaltic.lv\\\/en\\\/shop\\\/\"},{\"@type\":\"ListItem\",\"position\":3,\"name\":\"Frontlit PVH baneris, 440g, 300&#215;500\"}]},{\"@type\":\"WebSite\",\"@id\":\"https:\\\/\\\/wmtbaltic.lv\\\/#website\",\"url\":\"https:\\\/\\\/wmtbaltic.lv\\\/\",\"name\":\"WMT Baltic\",\"description\":\"Rekl\u0101mas produkti, pl\u0113ves\",\"publisher\":{\"@id\":\"https:\\\/\\\/wmtbaltic.lv\\\/#organization\"},\"potentialAction\":[{\"@type\":\"SearchAction\",\"target\":{\"@type\":\"EntryPoint\",\"urlTemplate\":\"https:\\\/\\\/wmtbaltic.lv\\\/?s={search_term_string}\"},\"query-input\":{\"@type\":\"PropertyValueSpecification\",\"valueRequired\":true,\"valueName\":\"search_term_string\"}}],\"inLanguage\":\"en-US\"},{\"@type\":\"Organization\",\"@id\":\"https:\\\/\\\/wmtbaltic.lv\\\/#organization\",\"name\":\"WMT Baltic\",\"url\":\"https:\\\/\\\/wmtbaltic.lv\\\/\",\"logo\":{\"@type\":\"ImageObject\",\"inLanguage\":\"en-US\",\"@id\":\"https:\\\/\\\/wmtbaltic.lv\\\/#\\\/schema\\\/logo\\\/image\\\/\",\"url\":\"https:\\\/\\\/wmtbaltic.lv\\\/wp-content\\\/uploads\\\/2024\\\/12\\\/wmt-baltic-sia_107142_9_420x180.jpg\",\"contentUrl\":\"https:\\\/\\\/wmtbaltic.lv\\\/wp-content\\\/uploads\\\/2024\\\/12\\\/wmt-baltic-sia_107142_9_420x180.jpg\",\"width\":420,\"height\":180,\"caption\":\"WMT Baltic\"},\"image\":{\"@id\":\"https:\\\/\\\/wmtbaltic.lv\\\/#\\\/schema\\\/logo\\\/image\\\/\"},\"sameAs\":[\"https:\\\/\\\/www.facebook.com\\\/WMT.Baltic.viscom\\\/?locale=lv_LV\",\"https:\\\/\\\/www.instagram.com\\\/viscom_wmt\\\/\"]}]}<\/script>\n<!-- \/ Yoast SEO plugin. -->","yoast_head_json":{"title":"Frontlit PVH baneris, 440g, 300x500, nopirkt veikal\u0101 R\u012bg\u0101","robots":{"index":"index","follow":"follow","max-snippet":"max-snippet:-1","max-image-preview":"max-image-preview:large","max-video-preview":"max-video-preview:-1"},"canonical":"https:\/\/wmtbaltic.lv\/Produkts\/frontlit-pvh-baneris-440g-300x500\/","og_locale":"en_US","og_type":"article","og_title":"Frontlit PVH baneris, 440g, 300x500, nopirkt veikal\u0101 R\u012bg\u0101","og_url":"https:\/\/wmtbaltic.lv\/Produkts\/frontlit-pvh-baneris-440g-300x500\/","og_site_name":"WMT Baltic","article_publisher":"https:\/\/www.facebook.com\/WMT.Baltic.viscom\/?locale=lv_LV","article_modified_time":"2022-05-19T09:06:51+00:00","og_image":[{"width":250,"height":250,"url":"http:\/\/wmtbaltic.lv\/wp-content\/uploads\/2022\/05\/PVC-Frontlit-Banner_3.jpg","type":"image\/jpeg"}],"twitter_card":"summary_large_image","twitter_misc":{"Est. reading time":"1 minute"},"schema":{"@context":"https:\/\/schema.org","@graph":[{"@type":"WebPage","@id":"https:\/\/wmtbaltic.lv\/Produkts\/frontlit-pvh-baneris-440g-300x500\/","url":"https:\/\/wmtbaltic.lv\/Produkts\/frontlit-pvh-baneris-440g-300x500\/","name":"Frontlit PVH baneris, 440g, 300x500, nopirkt veikal\u0101 R\u012bg\u0101","isPartOf":{"@id":"https:\/\/wmtbaltic.lv\/#website"},"primaryImageOfPage":{"@id":"https:\/\/wmtbaltic.lv\/Produkts\/frontlit-pvh-baneris-440g-300x500\/#primaryimage"},"image":{"@id":"https:\/\/wmtbaltic.lv\/Produkts\/frontlit-pvh-baneris-440g-300x500\/#primaryimage"},"thumbnailUrl":"https:\/\/wmtbaltic.lv\/wp-content\/uploads\/2022\/05\/PVC-Frontlit-Banner_3.jpg","datePublished":"2022-05-19T09:04:19+00:00","dateModified":"2022-05-19T09:06:51+00:00","breadcrumb":{"@id":"https:\/\/wmtbaltic.lv\/Produkts\/frontlit-pvh-baneris-440g-300x500\/#breadcrumb"},"inLanguage":"en-US","potentialAction":[{"@type":"ReadAction","target":["https:\/\/wmtbaltic.lv\/Produkts\/frontlit-pvh-baneris-440g-300x500\/"]}]},{"@type":"ImageObject","inLanguage":"en-US","@id":"https:\/\/wmtbaltic.lv\/Produkts\/frontlit-pvh-baneris-440g-300x500\/#primaryimage","url":"https:\/\/wmtbaltic.lv\/wp-content\/uploads\/2022\/05\/PVC-Frontlit-Banner_3.jpg","contentUrl":"https:\/\/wmtbaltic.lv\/wp-content\/uploads\/2022\/05\/PVC-Frontlit-Banner_3.jpg","width":250,"height":250},{"@type":"BreadcrumbList","@id":"https:\/\/wmtbaltic.lv\/Produkts\/frontlit-pvh-baneris-440g-300x500\/#breadcrumb","itemListElement":[{"@type":"ListItem","position":1,"name":"Home","item":"https:\/\/wmtbaltic.lv\/en\/"},{"@type":"ListItem","position":2,"name":"Products","item":"https:\/\/wmtbaltic.lv\/en\/shop\/"},{"@type":"ListItem","position":3,"name":"Frontlit PVH baneris, 440g, 300&#215;500"}]},{"@type":"WebSite","@id":"https:\/\/wmtbaltic.lv\/#website","url":"https:\/\/wmtbaltic.lv\/","name":"WMT Baltic","description":"Rekl\u0101mas produkti, pl\u0113ves","publisher":{"@id":"https:\/\/wmtbaltic.lv\/#organization"},"potentialAction":[{"@type":"SearchAction","target":{"@type":"EntryPoint","urlTemplate":"https:\/\/wmtbaltic.lv\/?s={search_term_string}"},"query-input":{"@type":"PropertyValueSpecification","valueRequired":true,"valueName":"search_term_string"}}],"inLanguage":"en-US"},{"@type":"Organization","@id":"https:\/\/wmtbaltic.lv\/#organization","name":"WMT Baltic","url":"https:\/\/wmtbaltic.lv\/","logo":{"@type":"ImageObject","inLanguage":"en-US","@id":"https:\/\/wmtbaltic.lv\/#\/schema\/logo\/image\/","url":"https:\/\/wmtbaltic.lv\/wp-content\/uploads\/2024\/12\/wmt-baltic-sia_107142_9_420x180.jpg","contentUrl":"https:\/\/wmtbaltic.lv\/wp-content\/uploads\/2024\/12\/wmt-baltic-sia_107142_9_420x180.jpg","width":420,"height":180,"caption":"WMT Baltic"},"image":{"@id":"https:\/\/wmtbaltic.lv\/#\/schema\/logo\/image\/"},"sameAs":["https:\/\/www.facebook.com\/WMT.Baltic.viscom\/?locale=lv_LV","https:\/\/www.instagram.com\/viscom_wmt\/"]}]}},"_links":{"self":[{"href":"https:\/\/wmtbaltic.lv\/en\/wp-json\/wp\/v2\/product\/13068","targetHints":{"allow":["GET"]}}],"collection":[{"href":"https:\/\/wmtbaltic.lv\/en\/wp-json\/wp\/v2\/product"}],"about":[{"href":"https:\/\/wmtbaltic.lv\/en\/wp-json\/wp\/v2\/types\/product"}],"replies":[{"embeddable":true,"href":"https:\/\/wmtbaltic.lv\/en\/wp-json\/wp\/v2\/comments?post=13068"}],"wp:featuredmedia":[{"embeddable":true,"href":"https:\/\/wmtbaltic.lv\/en\/wp-json\/wp\/v2\/media\/13069"}],"wp:attachment":[{"href":"https:\/\/wmtbaltic.lv\/en\/wp-json\/wp\/v2\/media?parent=13068"}],"wp:term":[{"taxonomy":"product_brand","embeddable":true,"href":"https:\/\/wmtbaltic.lv\/en\/wp-json\/wp\/v2\/product_brand?post=13068"},{"taxonomy":"product_cat","embeddable":true,"href":"https:\/\/wmtbaltic.lv\/en\/wp-json\/wp\/v2\/product_cat?post=13068"},{"taxonomy":"product_tag","embeddable":true,"href":"https:\/\/wmtbaltic.lv\/en\/wp-json\/wp\/v2\/product_tag?post=13068"}],"curies":[{"name":"wp","href":"https:\/\/api.w.org\/{rel}","templated":true}]}}