{"id":13025,"date":"2022-05-16T12:50:35","date_gmt":"2022-05-16T12:50:35","guid":{"rendered":"https:\/\/wmtbaltic.lv\/?post_type=product&#038;p=13025"},"modified":"2022-05-16T13:01:25","modified_gmt":"2022-05-16T13:01:25","slug":"paslimejosa-karstumizturiga-lente-ar-silikona-limi","status":"publish","type":"product","link":"https:\/\/wmtbaltic.lv\/en\/product\/paslimejosa-karstumizturiga-lente-ar-silikona-limi\/","title":{"rendered":"Pa\u0161l\u012bm\u0113jo\u0161a karstumiztur\u012bga lente ar silikona l\u012bmi"},"content":{"rendered":"<p align=\"justify\"><span lang=\"LV\">Pa\u0161l\u012bm\u0113jo\u0161a, elast\u012bga PET-lente ar silikona l\u012bmi. Pateicoties \u012bpa\u0161ai l\u012bmes formulai, lente ir iztur\u012bga pret augstas temperat\u016bras iedarb\u012bbai l\u012bdz 200\u00b0C, <\/span>augsts sakotn\u0113jais lip\u012bgums. Piem\u0113rots da\u017e\u0101du materi\u0101lu pozicion\u0113\u0161anai pirms termisk\u0101s p\u0101rbneses un t\u0101s laik\u0101.<\/p>\n<h4 align=\"justify\"><a href=\"https:\/\/www.poli-tape.de\/uploads\/tx_dgpolitapeprodukte\/THERMO-TAPE_840_T_en.pdf\"><strong>Tehniskais apraksts<\/strong><\/a><\/h4>\n","protected":false},"excerpt":{"rendered":"Pa\u0161l\u012bm\u0113jo\u0161a, elast\u012bga PET-lente ar silikona l\u012bmi. Pateicoties \u012bpa\u0161ai l\u012bmes formulai, lente ir iztur\u012bga pret augstas temperat\u016bras iedarb\u012bbai l\u012bdz 200\u00b0C, augsts sakotn\u0113jais lip\u012bgums. Piem\u0113rots da\u017e\u0101du materi\u0101lu pozicion\u0113\u0161anai pirms termisk\u0101s p\u0101rbneses un t\u0101s laik\u0101. Tehniskais apraksts","protected":false},"featured_media":13029,"template":"","meta":[],"product_brand":[],"product_cat":[621,620,617,615,35,616],"product_tag":[468,299],"class_list":{"0":"post-13025","1":"product","2":"type-product","3":"status-publish","4":"has-post-thumbnail","6":"product_cat-iekartas-un-materiali-lazera-tehnologijai","7":"product_cat-paligriki-sublimacijai","8":"product_cat-pamatnes-sublimacijai","9":"product_cat-papiri-sublimacijai","10":"product_cat-termopleves-drukai","11":"product_cat-termopleves-sublimacijai","12":"product_tag-kreklu-apdruka","13":"product_tag-reklama","15":"first","16":"instock","17":"shipping-taxable","18":"purchasable","19":"product-type-simple"},"yoast_head":"<!-- This site is optimized with the Yoast SEO plugin v27.5 - https:\/\/yoast.com\/product\/yoast-seo-wordpress\/ -->\n<title>Pa\u0161l\u012bm\u0113jo\u0161a karstumiztur\u012bga lente ar silikona l\u012bmi - WMT Baltic<\/title>\n<meta name=\"robots\" content=\"index, follow, max-snippet:-1, max-image-preview:large, max-video-preview:-1\" \/>\n<link rel=\"canonical\" href=\"https:\/\/wmtbaltic.lv\/Produkts\/paslimejosa-karstumizturiga-lente-ar-silikona-limi\/\" \/>\n<meta property=\"og:locale\" content=\"en_US\" \/>\n<meta property=\"og:type\" content=\"article\" \/>\n<meta property=\"og:title\" content=\"Pa\u0161l\u012bm\u0113jo\u0161a karstumiztur\u012bga lente ar silikona l\u012bmi - WMT Baltic\" \/>\n<meta property=\"og:url\" content=\"https:\/\/wmtbaltic.lv\/Produkts\/paslimejosa-karstumizturiga-lente-ar-silikona-limi\/\" \/>\n<meta property=\"og:site_name\" content=\"WMT Baltic\" \/>\n<meta property=\"article:publisher\" content=\"https:\/\/www.facebook.com\/WMT.Baltic.viscom\/?locale=lv_LV\" \/>\n<meta property=\"article:modified_time\" content=\"2022-05-16T13:01:25+00:00\" \/>\n<meta property=\"og:image\" content=\"http:\/\/wmtbaltic.lv\/wp-content\/uploads\/2022\/05\/Poli-Tack-840T.jpg\" \/>\n\t<meta property=\"og:image:width\" content=\"581\" \/>\n\t<meta property=\"og:image:height\" content=\"580\" \/>\n\t<meta property=\"og:image:type\" content=\"image\/jpeg\" \/>\n<meta name=\"twitter:card\" content=\"summary_large_image\" \/>\n<meta name=\"twitter:label1\" content=\"Est. reading time\" \/>\n\t<meta name=\"twitter:data1\" content=\"1 minute\" \/>\n<script type=\"application\/ld+json\" class=\"yoast-schema-graph\">{\"@context\":\"https:\\\/\\\/schema.org\",\"@graph\":[{\"@type\":\"WebPage\",\"@id\":\"https:\\\/\\\/wmtbaltic.lv\\\/Produkts\\\/paslimejosa-karstumizturiga-lente-ar-silikona-limi\\\/\",\"url\":\"https:\\\/\\\/wmtbaltic.lv\\\/Produkts\\\/paslimejosa-karstumizturiga-lente-ar-silikona-limi\\\/\",\"name\":\"Pa\u0161l\u012bm\u0113jo\u0161a karstumiztur\u012bga lente ar silikona l\u012bmi - WMT Baltic\",\"isPartOf\":{\"@id\":\"https:\\\/\\\/wmtbaltic.lv\\\/#website\"},\"primaryImageOfPage\":{\"@id\":\"https:\\\/\\\/wmtbaltic.lv\\\/Produkts\\\/paslimejosa-karstumizturiga-lente-ar-silikona-limi\\\/#primaryimage\"},\"image\":{\"@id\":\"https:\\\/\\\/wmtbaltic.lv\\\/Produkts\\\/paslimejosa-karstumizturiga-lente-ar-silikona-limi\\\/#primaryimage\"},\"thumbnailUrl\":\"https:\\\/\\\/wmtbaltic.lv\\\/wp-content\\\/uploads\\\/2022\\\/05\\\/Poli-Tack-840T.jpg\",\"datePublished\":\"2022-05-16T12:50:35+00:00\",\"dateModified\":\"2022-05-16T13:01:25+00:00\",\"breadcrumb\":{\"@id\":\"https:\\\/\\\/wmtbaltic.lv\\\/Produkts\\\/paslimejosa-karstumizturiga-lente-ar-silikona-limi\\\/#breadcrumb\"},\"inLanguage\":\"en-US\",\"potentialAction\":[{\"@type\":\"ReadAction\",\"target\":[\"https:\\\/\\\/wmtbaltic.lv\\\/Produkts\\\/paslimejosa-karstumizturiga-lente-ar-silikona-limi\\\/\"]}]},{\"@type\":\"ImageObject\",\"inLanguage\":\"en-US\",\"@id\":\"https:\\\/\\\/wmtbaltic.lv\\\/Produkts\\\/paslimejosa-karstumizturiga-lente-ar-silikona-limi\\\/#primaryimage\",\"url\":\"https:\\\/\\\/wmtbaltic.lv\\\/wp-content\\\/uploads\\\/2022\\\/05\\\/Poli-Tack-840T.jpg\",\"contentUrl\":\"https:\\\/\\\/wmtbaltic.lv\\\/wp-content\\\/uploads\\\/2022\\\/05\\\/Poli-Tack-840T.jpg\",\"width\":581,\"height\":580},{\"@type\":\"BreadcrumbList\",\"@id\":\"https:\\\/\\\/wmtbaltic.lv\\\/Produkts\\\/paslimejosa-karstumizturiga-lente-ar-silikona-limi\\\/#breadcrumb\",\"itemListElement\":[{\"@type\":\"ListItem\",\"position\":1,\"name\":\"Home\",\"item\":\"https:\\\/\\\/wmtbaltic.lv\\\/en\\\/\"},{\"@type\":\"ListItem\",\"position\":2,\"name\":\"Shop\",\"item\":\"https:\\\/\\\/wmtbaltic.lv\\\/shop\\\/\"},{\"@type\":\"ListItem\",\"position\":3,\"name\":\"Pa\u0161l\u012bm\u0113jo\u0161a karstumiztur\u012bga lente ar silikona l\u012bmi\"}]},{\"@type\":\"WebSite\",\"@id\":\"https:\\\/\\\/wmtbaltic.lv\\\/#website\",\"url\":\"https:\\\/\\\/wmtbaltic.lv\\\/\",\"name\":\"WMT Baltic\",\"description\":\"Rekl\u0101mas produkti, pl\u0113ves\",\"publisher\":{\"@id\":\"https:\\\/\\\/wmtbaltic.lv\\\/#organization\"},\"potentialAction\":[{\"@type\":\"SearchAction\",\"target\":{\"@type\":\"EntryPoint\",\"urlTemplate\":\"https:\\\/\\\/wmtbaltic.lv\\\/?s={search_term_string}\"},\"query-input\":{\"@type\":\"PropertyValueSpecification\",\"valueRequired\":true,\"valueName\":\"search_term_string\"}}],\"inLanguage\":\"en-US\"},{\"@type\":\"Organization\",\"@id\":\"https:\\\/\\\/wmtbaltic.lv\\\/#organization\",\"name\":\"WMT Baltic\",\"url\":\"https:\\\/\\\/wmtbaltic.lv\\\/\",\"logo\":{\"@type\":\"ImageObject\",\"inLanguage\":\"en-US\",\"@id\":\"https:\\\/\\\/wmtbaltic.lv\\\/#\\\/schema\\\/logo\\\/image\\\/\",\"url\":\"https:\\\/\\\/wmtbaltic.lv\\\/wp-content\\\/uploads\\\/2024\\\/12\\\/wmt-baltic-sia_107142_9_420x180.jpg\",\"contentUrl\":\"https:\\\/\\\/wmtbaltic.lv\\\/wp-content\\\/uploads\\\/2024\\\/12\\\/wmt-baltic-sia_107142_9_420x180.jpg\",\"width\":420,\"height\":180,\"caption\":\"WMT Baltic\"},\"image\":{\"@id\":\"https:\\\/\\\/wmtbaltic.lv\\\/#\\\/schema\\\/logo\\\/image\\\/\"},\"sameAs\":[\"https:\\\/\\\/www.facebook.com\\\/WMT.Baltic.viscom\\\/?locale=lv_LV\",\"https:\\\/\\\/www.instagram.com\\\/viscom_wmt\\\/\"]}]}<\/script>\n<!-- \/ Yoast SEO plugin. -->","yoast_head_json":{"title":"Pa\u0161l\u012bm\u0113jo\u0161a karstumiztur\u012bga lente ar silikona l\u012bmi - WMT Baltic","robots":{"index":"index","follow":"follow","max-snippet":"max-snippet:-1","max-image-preview":"max-image-preview:large","max-video-preview":"max-video-preview:-1"},"canonical":"https:\/\/wmtbaltic.lv\/Produkts\/paslimejosa-karstumizturiga-lente-ar-silikona-limi\/","og_locale":"en_US","og_type":"article","og_title":"Pa\u0161l\u012bm\u0113jo\u0161a karstumiztur\u012bga lente ar silikona l\u012bmi - WMT Baltic","og_url":"https:\/\/wmtbaltic.lv\/Produkts\/paslimejosa-karstumizturiga-lente-ar-silikona-limi\/","og_site_name":"WMT Baltic","article_publisher":"https:\/\/www.facebook.com\/WMT.Baltic.viscom\/?locale=lv_LV","article_modified_time":"2022-05-16T13:01:25+00:00","og_image":[{"width":581,"height":580,"url":"http:\/\/wmtbaltic.lv\/wp-content\/uploads\/2022\/05\/Poli-Tack-840T.jpg","type":"image\/jpeg"}],"twitter_card":"summary_large_image","twitter_misc":{"Est. reading time":"1 minute"},"schema":{"@context":"https:\/\/schema.org","@graph":[{"@type":"WebPage","@id":"https:\/\/wmtbaltic.lv\/Produkts\/paslimejosa-karstumizturiga-lente-ar-silikona-limi\/","url":"https:\/\/wmtbaltic.lv\/Produkts\/paslimejosa-karstumizturiga-lente-ar-silikona-limi\/","name":"Pa\u0161l\u012bm\u0113jo\u0161a karstumiztur\u012bga lente ar silikona l\u012bmi - WMT Baltic","isPartOf":{"@id":"https:\/\/wmtbaltic.lv\/#website"},"primaryImageOfPage":{"@id":"https:\/\/wmtbaltic.lv\/Produkts\/paslimejosa-karstumizturiga-lente-ar-silikona-limi\/#primaryimage"},"image":{"@id":"https:\/\/wmtbaltic.lv\/Produkts\/paslimejosa-karstumizturiga-lente-ar-silikona-limi\/#primaryimage"},"thumbnailUrl":"https:\/\/wmtbaltic.lv\/wp-content\/uploads\/2022\/05\/Poli-Tack-840T.jpg","datePublished":"2022-05-16T12:50:35+00:00","dateModified":"2022-05-16T13:01:25+00:00","breadcrumb":{"@id":"https:\/\/wmtbaltic.lv\/Produkts\/paslimejosa-karstumizturiga-lente-ar-silikona-limi\/#breadcrumb"},"inLanguage":"en-US","potentialAction":[{"@type":"ReadAction","target":["https:\/\/wmtbaltic.lv\/Produkts\/paslimejosa-karstumizturiga-lente-ar-silikona-limi\/"]}]},{"@type":"ImageObject","inLanguage":"en-US","@id":"https:\/\/wmtbaltic.lv\/Produkts\/paslimejosa-karstumizturiga-lente-ar-silikona-limi\/#primaryimage","url":"https:\/\/wmtbaltic.lv\/wp-content\/uploads\/2022\/05\/Poli-Tack-840T.jpg","contentUrl":"https:\/\/wmtbaltic.lv\/wp-content\/uploads\/2022\/05\/Poli-Tack-840T.jpg","width":581,"height":580},{"@type":"BreadcrumbList","@id":"https:\/\/wmtbaltic.lv\/Produkts\/paslimejosa-karstumizturiga-lente-ar-silikona-limi\/#breadcrumb","itemListElement":[{"@type":"ListItem","position":1,"name":"Home","item":"https:\/\/wmtbaltic.lv\/en\/"},{"@type":"ListItem","position":2,"name":"Shop","item":"https:\/\/wmtbaltic.lv\/shop\/"},{"@type":"ListItem","position":3,"name":"Pa\u0161l\u012bm\u0113jo\u0161a karstumiztur\u012bga lente ar silikona l\u012bmi"}]},{"@type":"WebSite","@id":"https:\/\/wmtbaltic.lv\/#website","url":"https:\/\/wmtbaltic.lv\/","name":"WMT Baltic","description":"Rekl\u0101mas produkti, pl\u0113ves","publisher":{"@id":"https:\/\/wmtbaltic.lv\/#organization"},"potentialAction":[{"@type":"SearchAction","target":{"@type":"EntryPoint","urlTemplate":"https:\/\/wmtbaltic.lv\/?s={search_term_string}"},"query-input":{"@type":"PropertyValueSpecification","valueRequired":true,"valueName":"search_term_string"}}],"inLanguage":"en-US"},{"@type":"Organization","@id":"https:\/\/wmtbaltic.lv\/#organization","name":"WMT Baltic","url":"https:\/\/wmtbaltic.lv\/","logo":{"@type":"ImageObject","inLanguage":"en-US","@id":"https:\/\/wmtbaltic.lv\/#\/schema\/logo\/image\/","url":"https:\/\/wmtbaltic.lv\/wp-content\/uploads\/2024\/12\/wmt-baltic-sia_107142_9_420x180.jpg","contentUrl":"https:\/\/wmtbaltic.lv\/wp-content\/uploads\/2024\/12\/wmt-baltic-sia_107142_9_420x180.jpg","width":420,"height":180,"caption":"WMT Baltic"},"image":{"@id":"https:\/\/wmtbaltic.lv\/#\/schema\/logo\/image\/"},"sameAs":["https:\/\/www.facebook.com\/WMT.Baltic.viscom\/?locale=lv_LV","https:\/\/www.instagram.com\/viscom_wmt\/"]}]}},"_links":{"self":[{"href":"https:\/\/wmtbaltic.lv\/en\/wp-json\/wp\/v2\/product\/13025","targetHints":{"allow":["GET"]}}],"collection":[{"href":"https:\/\/wmtbaltic.lv\/en\/wp-json\/wp\/v2\/product"}],"about":[{"href":"https:\/\/wmtbaltic.lv\/en\/wp-json\/wp\/v2\/types\/product"}],"wp:featuredmedia":[{"embeddable":true,"href":"https:\/\/wmtbaltic.lv\/en\/wp-json\/wp\/v2\/media\/13029"}],"wp:attachment":[{"href":"https:\/\/wmtbaltic.lv\/en\/wp-json\/wp\/v2\/media?parent=13025"}],"wp:term":[{"taxonomy":"product_brand","embeddable":true,"href":"https:\/\/wmtbaltic.lv\/en\/wp-json\/wp\/v2\/product_brand?post=13025"},{"taxonomy":"product_cat","embeddable":true,"href":"https:\/\/wmtbaltic.lv\/en\/wp-json\/wp\/v2\/product_cat?post=13025"},{"taxonomy":"product_tag","embeddable":true,"href":"https:\/\/wmtbaltic.lv\/en\/wp-json\/wp\/v2\/product_tag?post=13025"}],"curies":[{"name":"wp","href":"https:\/\/api.w.org\/{rel}","templated":true}]}}