{"id":1299,"date":"2020-07-20T11:18:47","date_gmt":"2020-07-20T11:18:47","guid":{"rendered":"http:\/\/wmtbaltic.lv\/\/?post_type=product&#038;p=1299"},"modified":"2020-07-20T11:18:47","modified_gmt":"2020-07-20T11:18:47","slug":"plastikats-balkona-margu-noformesanai","status":"publish","type":"product","link":"https:\/\/wmtbaltic.lv\/en\/product\/plastikats-balkona-margu-noformesanai\/","title":{"rendered":"Plastik\u0101ts balkona margu noform\u0113\u0161anai"},"content":{"rendered":"<div>\n<p class=\"western\" align=\"LEFT\"><span style=\"font-family: Tahoma, sans-serif;\"><span style=\"font-size: small;\">Visbie\u017e\u0101k\u00a0<\/span><\/span><strong><span style=\"font-family: Tahoma, sans-serif;\"><span style=\"font-size: small;\">polikarbon\u0101tu<\/span><\/span><\/strong><span style=\"font-family: Tahoma, sans-serif;\"><span style=\"font-size: small;\">\u00a0izmanto lauksaimniec\u012bb\u0101 \u2013\u00a0<\/span><\/span><strong><span style=\"font-family: Tahoma, sans-serif;\"><span style=\"font-size: small;\">siltumn\u012bcu<\/span><\/span><\/strong><span style=\"font-family: Tahoma, sans-serif;\"><span style=\"font-size: small;\">\u00a0b\u016bvniec\u012bb\u0101, ziemas d\u0101rziem un verand\u0101m.<\/p>\n<p>P\u0113d\u0113j\u0101 laik\u0101 polikarbon\u0101ts tiek izmantots da\u017e\u0101du rekl\u0101mu un izst\u0101\u017eu stendu, vitr\u012bnu un paviljonu veido\u0161anai, un noform\u0113\u0161anai.\u00a0<\/span><\/span><strong><span style=\"font-family: Tahoma, sans-serif;\"><span style=\"font-size: small;\">Polikarbon\u0101ta loksnes<\/span><\/span><\/strong><span style=\"font-family: Tahoma, sans-serif;\"><span style=\"font-size: small;\">\u00a0pla\u0161i izmanto ar\u012b remont\u0101 un b\u016bvniec\u012bb\u0101<\/span><\/span><strong><span style=\"font-family: Tahoma, sans-serif;\"><span style=\"font-size: small;\">, no t\u0101<\/span><\/span><\/strong><span style=\"font-family: Tahoma, sans-serif;\"><span style=\"font-size: small;\">\u00a0var izveidot, piem\u0113ram, caursp\u012bd\u012bgu apjumu.\u00a0<\/span><\/span><strong><span style=\"font-family: Tahoma, sans-serif;\"><span style=\"font-size: small;\">Polikarbon\u0101ts<\/span><\/span><\/strong><span style=\"font-family: Tahoma, sans-serif;\"><span style=\"font-size: small;\">\u00a0ir neaizst\u0101jams materi\u0101ls vitr\u0101\u017eu logu veido\u0161an\u0101 un lielisks materi\u0101ls trok\u0161\u0146us aizturo\u0161u barjeru b\u016bvniec\u012bb\u0101.\u00a0<\/span><\/span><strong><span style=\"font-family: Tahoma, sans-serif;\"><span style=\"font-size: small;\">Polikarbon\u0101tu<\/span><\/span><\/strong><span style=\"font-family: Tahoma, sans-serif;\"><span style=\"font-size: small;\">\u00a0izmanto biroja starpsien\u0101m, stiklojot iek\u0161durvis, da\u017e\u0101du baseinu un sporta b\u016bvju, nojumju un jumti\u0146u celtniec\u012bb\u0101.\u00a0<\/span><\/span><strong><span style=\"font-family: Tahoma, sans-serif;\"><span style=\"font-size: small;\">Polikarbon\u0101tu<\/span><\/span><\/strong><span style=\"font-family: Tahoma, sans-serif;\"><span style=\"font-size: small;\">\u00a0var izmantot, lai veidotu starpsienas du\u0161\u0101 vai vannasistab\u0101.\u00a0<\/span><\/span><strong><span style=\"font-family: Tahoma, sans-serif;\"><span style=\"font-size: small;\">Polikarbon\u0101ta loksnes<\/span><\/span><\/strong><span style=\"font-family: Tahoma, sans-serif;\"><span style=\"font-size: small;\">\u00a0ir pieejamas caursp\u012bd\u012bgas, k\u0101 ar\u012b da\u017e\u0101dos citos to\u0146os. Kr\u0101sainaj\u0101m loksn\u0113m ir sal\u012bdzino\u0161i maz\u0101ka gaismas caurlaid\u012bba, t\u0101d\u0113\u013c t\u0101s izmanto, lai mazin\u0101tu apgaismojuma intensit\u0101ti. Caursp\u012bd\u012bg\u0101s loksnes izmanto\u00a0<\/span><\/span><strong><span style=\"font-family: Tahoma, sans-serif;\"><span style=\"font-size: small;\">siltumn\u012bcu<\/span><\/span><\/strong><span style=\"font-family: Tahoma, sans-serif;\"><span style=\"font-size: small;\">\u00a0un\u00a0<\/span><\/span><strong><span style=\"font-family: Tahoma, sans-serif;\"><span style=\"font-size: small;\">ziemas d\u0101rzu<\/span><\/span><\/strong><span style=\"font-family: Tahoma, sans-serif;\"><span style=\"font-size: small;\">\u00a0segumiem, interjer\u0101, durvju stiklojumiem.<\/p>\n<p><\/span><\/span><strong><span style=\"font-family: Tahoma, sans-serif;\"><span style=\"font-size: small;\">\u0160\u016bnu polikarbon\u0101ta uzst\u0101d\u012b\u0161ana<\/span><\/span><\/strong><span style=\"font-family: Tahoma, sans-serif;\"><span style=\"font-size: small;\">\u00a0ir sal\u012bdzino\u0161i vienk\u0101r\u0161a, jo tas nepl\u012bst \u2013 to var griezt, z\u0101\u0123\u0113t, var skr\u016bv\u0113t skr\u016bves.<br \/>\nLoksnes var stiprin\u0101t uz koka vai met\u0101la karkasa vai ar\u012b izmantot gatavas stiprin\u0101jumu sist\u0113mas.<\/span><\/span><\/p>\n<h2 class=\"western\"><span style=\"font-family: Tahoma, sans-serif;\"><span style=\"font-size: small;\">Polikarbon\u0101ta lok\u0161\u0146u pielietojums:<\/span><\/span><\/h2>\n<ul>\n<li>\n<p class=\"western\"><span style=\"font-family: Tahoma, sans-serif;\"><span style=\"font-size: small;\">4 mm \u2013 siltumn\u012bcas, nojumes, rekl\u0101mas dizains;<\/span><\/span><\/p>\n<\/li>\n<li>\n<p class=\"western\"><span style=\"font-family: Tahoma, sans-serif;\"><span style=\"font-size: small;\">6 mm \u2013 siltumn\u012bcas, jumti un vitr\u0101\u017eas;<\/span><\/span><\/p>\n<\/li>\n<li>\n<p class=\"western\"><span style=\"font-family: Tahoma, sans-serif;\"><span style=\"font-size: small;\">8 mm \u2013 nojumes, starpsienas, siltumn\u012bcas un jumti;<\/span><\/span><\/p>\n<\/li>\n<li>\n<p class=\"western\"><span style=\"font-family: Tahoma, sans-serif;\"><span style=\"font-size: small;\">10 mm \u2013 tiek izmantots visp\u0101r\u012bgam stiklojumam da\u017e\u0101d\u0101s vertik\u0101l\u0101s virsm\u0101s;<\/span><\/span><\/p>\n<\/li>\n<li>\n<p class=\"western\"><span style=\"font-family: Tahoma, sans-serif;\"><span style=\"font-size: small;\">16 mm \u2013 tiek izmantots jumtiem ar lielu plat\u012bbu, kam j\u0101iztur liela slodze &#8211; \u0113ku b\u016bvniec\u012bb\u0101.<\/span><\/span><\/p>\n<\/li>\n<\/ul>\n<\/div>\n<div>\n<p class=\"western\" lang=\"lv-LV\"><b>Materi\u0101la apraksts<\/p>\n<p><\/b>Paaugstin\u0101tas iztur\u012bbas, triecieniztur\u012bgs \u0161\u016bnu polikarbon\u0101ts, kas paredz\u0113ts da\u017e\u0101da veida caursp\u012bd\u012bgu konstrukciju b\u016bvniec\u012bbai \u2013 jumtu konstrukciju, arku, siltumn\u012bcu, tera\u0161u, nojumju, u.c.. \u0160\u016bnu polikarbon\u0101ts pla\u0161i tiek izmantots b\u016bvniec\u012bb\u0101 savu \u012bpa\u0161\u012bbu d\u0113\u013c, tas ir triecieniztur\u012bgs, caursp\u012bd\u012bgs, viegls, tam piem\u012bt \u013coti laba siltumvad\u012bba, iztur\u012bba pret augstu temperat\u016bru, tas ir viegli apstr\u0101d\u0101jams,un tam ir ilgs kalpo\u0161anas laiks. Tie\u0161i \u0161o iemestu d\u0113\u013c polikarbon\u0101tu izmanto siltumn\u012bcu p\u0101rkl\u0101jumos, starpsien\u0101m, jumtu konstrukcij\u0101m, tera\u0161u un k\u0101p\u0146u marg\u0101m, u.c..<\/p>\n<\/div>\n<p><span class=\"\" lang=\"lv\"><span class=\"hps\">\u0160\u016bnu<\/span>\u00a0<span class=\"hps\">polikarbon\u0101ts<\/span>&#8211; ir\u00a0<span class=\"hps\">ide\u0101ls risin\u0101jums<\/span>\u00a0<span class=\"hps\">balkona dekor\u0113\u0161anai<\/span>.<span class=\"hps\"><br \/>\nPriek\u0161roc\u012bbas:<\/span><br \/>\n<span class=\"hps\">&#8211;<\/span>\u00a0<span class=\"hps\">Skaists<\/span>\u00a0<span class=\"hps\">un<\/span>\u00a0<span class=\"hps\">moderns izskats<\/span><br \/>\n<span class=\"hps\">&#8211;<\/span>\u00a0<span class=\"hps\">L\u0113ti<\/span><br \/>\n<span class=\"hps\">&#8211;<\/span>\u00a0<span class=\"hps\">Viegls<\/span>\u00a0<span class=\"hps\">un<\/span>\u00a0<span class=\"hps\">triecieniztur\u012bgs<\/span>\u00a0<span class=\"hps\">materi\u0101ls<\/span><br \/>\n<span class=\"hps\">&#8211;<\/span>\u00a0<span class=\"hps\">Viegli<\/span>\u00a0<span class=\"hps\">uzst\u0101d\u012bt<\/span><br \/>\n<span class=\"hps\">&#8211;<\/span>\u00a0<span class=\"hps\">R\u016bpn\u012bcas<\/span>\u00a0<span class=\"hps\">garantija<\/span>\u00a0<span class=\"hps\">&#8211;<\/span>\u00a0<span class=\"hps\">10<\/span>\u00a0<span class=\"hps\">gadi<\/span>!<br \/>\n<span class=\"hps\">&#8211;<\/span>\u00a0<span class=\"hps\">UV<\/span>\u00a0<span class=\"hps\">aizsardz\u012bba<\/span>\u00a0<span class=\"hps\">no<\/span>\u00a0<span class=\"hps\">saules stariem<\/span><\/p>\n<p><span style=\"color: #ff0000;\"><b>*Cenas p\u0113c piepras\u012bjuma!<\/b><\/span><\/p>\n<p><\/span><\/p>\n<p align=\"justify\"><strong>Materi\u0101la pielietojums<\/strong><\/p>\n<p align=\"justify\"><span style=\"font-family: Tahoma;\">\u0160\u016bnu polikarbon\u0101tu izmanto ra\u017eo\u0161anas, tirdzniec\u012bbas vietu, noliktavu telpu stiklojumam, caursp\u012bd\u012bg\u0101m balkonu marg\u0101m, autost\u0101vviet\u0101m, sporta kompleksu celtn\u0113m, \u0101ra nojum\u0113m, pieturvietu noform\u0113\u0161anai, \u0101ra rekl\u0101mai, starpsienu un piekaramo griestu izgatavo\u0161an\u0101, lape\u0146u jumta konstrukcij\u0101m, ziemas d\u0101rzu un siltumn\u012bcu stiklojum\u0101 no \u0161\u016bnu polikarbon\u0101ta.<\/p>\n<p><\/span><strong>Sazinieties ar m\u016bsu mened\u017eeri, zvanot uz\u00a0<\/strong><b>+371 29353777<\/b><\/p>\n<p align=\"justify\"><span style=\"font-family: Tahoma;\"><span style=\"color: #ff0000;\"><b><br \/>\n<\/b><\/span><\/span><b>M\u0113s pied\u0101v\u0101jam ar\u012b:<\/b>\u00a0putots lok\u0161\u0146u materi\u0101ls; triecieniztur\u012bgs materi\u0101ls; liets materi\u0101ls; \u0161\u016bnu polikarbon\u0101ts rekl\u0101mai; monopolikarbon\u0101ts; \u0161\u016bnu polikarbon\u0101ta aksesu\u0101ri; kompoz\u012btmateri\u0101ls; poliesters;\u00a0<span lang=\"en-US\">org<\/span>stikls; polietil\u0113ns; \u0161\u016bnu polipropil\u0113ns; profili lok\u0161\u0146u plastik\u0101tiem; pl\u0101nie plastik\u0101ti; iepakojuma plastik\u0101ti; kompoz\u012btpane\u013ci; kr\u0101saini plastik\u0101ti; materi\u0101li tirdzniec\u012bbas vietu noform\u0113\u0161anai; stikl\u0161\u0137iedras karogu masti; plastik\u0101tu izstr\u0101d\u0101jumi; iepakojums; rekl\u0101mas materi\u0101li; polikarbon\u0101ts siltumn\u012bc\u0101m; materi\u0101li nojum\u0113m; plastik\u0101ti starpsien\u0101m; mat\u0113ts organiskais stikls;\u00a0 PET; PETG; PP; PS; PVC; PC; PE; PMMA; ABS; plastik\u0101ti noform\u0113\u0161anai; plastik\u0101ti grav\u0113\u0161anai; plastik\u0101ti apdrukai; plastik\u0101ts balkona marg\u0101m; ton\u0113ts organiskais stikls; plastik\u0101ts digit\u0101lajai drukai; apdares materi\u0101ls; celtniec\u012bbas materi\u0101li; plastik\u0101tu grie\u0161ana; plastik\u0101tu loc\u012b\u0161ana; karogu masti; karogi; \u0161\u016bnu polikarbon\u0101ts.<\/p>\n<div><\/div>\n","protected":false},"excerpt":{"rendered":"<strong><span style=\"font-family: Tahoma, sans-serif;\"><span style=\"font-size: small;\">\u0160\u016bnu polikarbon\u0101tam<\/span><\/span><\/strong><span style=\"font-family: Tahoma, sans-serif;\"><span style=\"font-size: small;\">\u00a0nosaukums pie\u0161\u0137irts t\u0101 \u012bpa\u0161\u0101s, dob\u0101s strukt\u016bras d\u0113\u013c. \u0160is\u00a0<\/span><\/span><strong><span style=\"font-family: Tahoma, sans-serif;\"><span style=\"font-size: small;\">polikarbon\u0101ts<\/span><\/span><\/strong><span style=\"font-family: Tahoma, sans-serif;\"><span style=\"font-size: small;\">\u00a0sast\u0101v no daudz\u0101m maz\u0101m \u0161\u016bn\u0101m ar \u0161\u0137\u0113rssien\u0101m, ta\u010du \u0161\u016bnas nav herm\u0113tiski nosl\u0113gtas \u2013 abos galos dobie\u00a0<\/span><\/span><strong><span style=\"font-family: Tahoma, sans-serif;\"><span style=\"font-size: small;\">polikarbon\u0101ta lok\u0161\u0146u<\/span><\/span><\/strong><span style=\"font-family: Tahoma, sans-serif;\"><span style=\"font-size: small;\">\u00a0veidojumi ir atv\u0113rti. Gaisa kabatas starp loksnes \u0161\u016bn\u0101m, nodro\u0161ina labu siltumizol\u0101ciju, bet \u0161\u0137\u0113rssienas padara\u00a0<\/span><\/span><strong><span style=\"font-family: Tahoma, sans-serif;\"><span style=\"font-size: small;\">polikarbon\u0101ta loksni<\/span><\/span><\/strong><span style=\"font-family: Tahoma, sans-serif;\"><span style=\"font-size: small;\">\u00a0stingru un vienlaikus ar\u012b lokanu.\u00a0<\/span><\/span><strong><span style=\"font-family: Tahoma, sans-serif;\"><span style=\"font-size: small;\">Polikarbon\u0101ta loksn\u0113m<\/span><\/span><\/strong><span style=\"font-family: Tahoma, sans-serif;\"><span style=\"font-size: small;\">\u00a0var b\u016bt viena vai vair\u0101kas \u0161\u016bnu k\u0101rtas. Pl\u0101n\u0101s polikarbon\u0101ta loksnes izmanto konstrukcij\u0101s, kur ir nepiecie\u0161amas liektas konstrukcijas. Tikm\u0113r biez\u0101k\u0101s loksnes izmanto citviet, kur nepiecie\u0161ama laba siltuma un ska\u0146as izol\u0101cija, k\u0101 ar\u012b konstrukcij\u0101s, kur nepiecie\u0161ama maksim\u0101la iztur\u012bba un notur\u012bba pret lielu slodzi.\u00a0<\/span><\/span><strong><span style=\"font-family: Tahoma, sans-serif;\"><span style=\"font-size: small;\">\u0160\u016bnu polikarbon\u0101ts<\/span><\/span><\/strong><span style=\"font-family: Tahoma, sans-serif;\"><span style=\"font-size: small;\">\u00a0ir ra\u017eots no augstas kvalit\u0101tes izejviel\u0101m un p\u0113c augstas kvalit\u0101tes standartiem.\u00a0<\/span><\/span><strong><span style=\"font-family: Tahoma, sans-serif;\"><span style=\"font-size: small;\">\u0160\u016bnu polikarbon\u0101ts<\/span><\/span><\/strong><span style=\"font-family: Tahoma, sans-serif;\"><span style=\"font-size: small;\">\u00a0ir iztur\u012bgs pret UV starojumu.<\/span><\/span>","protected":false},"featured_media":1300,"comment_status":"closed","ping_status":"closed","template":"","meta":[],"product_brand":[],"product_cat":[83],"product_tag":[],"class_list":{"0":"post-1299","1":"product","2":"type-product","3":"status-publish","4":"has-post-thumbnail","6":"product_cat-uncategorized-lv","8":"first","9":"instock","10":"shipping-taxable","11":"product-type-simple"},"yoast_head":"<!-- This site is optimized with the Yoast SEO plugin v27.4 - https:\/\/yoast.com\/product\/yoast-seo-wordpress\/ -->\n<title>Plastik\u0101ts balkona margu noform\u0113\u0161anai - WMT Baltic<\/title>\n<meta name=\"robots\" content=\"index, follow, max-snippet:-1, max-image-preview:large, max-video-preview:-1\" \/>\n<link rel=\"canonical\" href=\"https:\/\/wmtbaltic.lv\/Produkts\/plastikats-balkona-margu-noformesanai\/\" \/>\n<meta property=\"og:locale\" content=\"en_US\" \/>\n<meta property=\"og:type\" content=\"article\" \/>\n<meta property=\"og:title\" content=\"Plastik\u0101ts balkona margu noform\u0113\u0161anai - WMT Baltic\" \/>\n<meta property=\"og:description\" content=\"\u0160\u016bnu polikarbon\u0101tam\u00a0nosaukums pie\u0161\u0137irts t\u0101 \u012bpa\u0161\u0101s, dob\u0101s strukt\u016bras d\u0113\u013c. \u0160is\u00a0polikarbon\u0101ts\u00a0sast\u0101v no daudz\u0101m maz\u0101m \u0161\u016bn\u0101m ar \u0161\u0137\u0113rssien\u0101m, ta\u010du \u0161\u016bnas nav herm\u0113tiski nosl\u0113gtas \u2013 abos galos dobie\u00a0polikarbon\u0101ta lok\u0161\u0146u\u00a0veidojumi ir atv\u0113rti. Gaisa kabatas starp loksnes \u0161\u016bn\u0101m, nodro\u0161ina labu siltumizol\u0101ciju, bet \u0161\u0137\u0113rssienas padara\u00a0polikarbon\u0101ta loksni\u00a0stingru un vienlaikus ar\u012b lokanu.\u00a0Polikarbon\u0101ta loksn\u0113m\u00a0var b\u016bt viena vai vair\u0101kas \u0161\u016bnu k\u0101rtas. Pl\u0101n\u0101s polikarbon\u0101ta loksnes izmanto konstrukcij\u0101s, kur ir nepiecie\u0161amas liektas konstrukcijas. Tikm\u0113r biez\u0101k\u0101s loksnes izmanto citviet, kur nepiecie\u0161ama laba siltuma un ska\u0146as izol\u0101cija, k\u0101 ar\u012b konstrukcij\u0101s, kur nepiecie\u0161ama maksim\u0101la iztur\u012bba un notur\u012bba pret lielu slodzi.\u00a0\u0160\u016bnu polikarbon\u0101ts\u00a0ir ra\u017eots no augstas kvalit\u0101tes izejviel\u0101m un p\u0113c augstas kvalit\u0101tes standartiem.\u00a0\u0160\u016bnu polikarbon\u0101ts\u00a0ir iztur\u012bgs pret UV starojumu.\" \/>\n<meta property=\"og:url\" content=\"https:\/\/wmtbaltic.lv\/Produkts\/plastikats-balkona-margu-noformesanai\/\" \/>\n<meta property=\"og:site_name\" content=\"WMT Baltic\" \/>\n<meta property=\"article:publisher\" content=\"https:\/\/www.facebook.com\/WMT.Baltic.viscom\/?locale=lv_LV\" \/>\n<meta property=\"og:image\" content=\"https:\/\/wmtbaltic.lv\/wp-content\/uploads\/2020\/07\/Plastik\u0101ts-balkona-margu-noform\u0113\u0161anai_1.jpg\" \/>\n\t<meta property=\"og:image:width\" content=\"500\" \/>\n\t<meta property=\"og:image:height\" content=\"375\" \/>\n\t<meta property=\"og:image:type\" content=\"image\/jpeg\" \/>\n<meta name=\"twitter:card\" content=\"summary_large_image\" \/>\n<meta name=\"twitter:label1\" content=\"Est. reading time\" \/>\n\t<meta name=\"twitter:data1\" content=\"3 minutes\" \/>\n<script type=\"application\/ld+json\" class=\"yoast-schema-graph\">{\"@context\":\"https:\\\/\\\/schema.org\",\"@graph\":[{\"@type\":\"WebPage\",\"@id\":\"https:\\\/\\\/wmtbaltic.lv\\\/Produkts\\\/plastikats-balkona-margu-noformesanai\\\/\",\"url\":\"https:\\\/\\\/wmtbaltic.lv\\\/Produkts\\\/plastikats-balkona-margu-noformesanai\\\/\",\"name\":\"Plastik\u0101ts balkona margu noform\u0113\u0161anai - WMT Baltic\",\"isPartOf\":{\"@id\":\"https:\\\/\\\/wmtbaltic.lv\\\/#website\"},\"primaryImageOfPage\":{\"@id\":\"https:\\\/\\\/wmtbaltic.lv\\\/Produkts\\\/plastikats-balkona-margu-noformesanai\\\/#primaryimage\"},\"image\":{\"@id\":\"https:\\\/\\\/wmtbaltic.lv\\\/Produkts\\\/plastikats-balkona-margu-noformesanai\\\/#primaryimage\"},\"thumbnailUrl\":\"https:\\\/\\\/wmtbaltic.lv\\\/wp-content\\\/uploads\\\/2020\\\/07\\\/Plastik\u0101ts-balkona-margu-noform\u0113\u0161anai_1.jpg\",\"datePublished\":\"2020-07-20T11:18:47+00:00\",\"breadcrumb\":{\"@id\":\"https:\\\/\\\/wmtbaltic.lv\\\/Produkts\\\/plastikats-balkona-margu-noformesanai\\\/#breadcrumb\"},\"inLanguage\":\"en-US\",\"potentialAction\":[{\"@type\":\"ReadAction\",\"target\":[\"https:\\\/\\\/wmtbaltic.lv\\\/Produkts\\\/plastikats-balkona-margu-noformesanai\\\/\"]}]},{\"@type\":\"ImageObject\",\"inLanguage\":\"en-US\",\"@id\":\"https:\\\/\\\/wmtbaltic.lv\\\/Produkts\\\/plastikats-balkona-margu-noformesanai\\\/#primaryimage\",\"url\":\"https:\\\/\\\/wmtbaltic.lv\\\/wp-content\\\/uploads\\\/2020\\\/07\\\/Plastik\u0101ts-balkona-margu-noform\u0113\u0161anai_1.jpg\",\"contentUrl\":\"https:\\\/\\\/wmtbaltic.lv\\\/wp-content\\\/uploads\\\/2020\\\/07\\\/Plastik\u0101ts-balkona-margu-noform\u0113\u0161anai_1.jpg\",\"width\":500,\"height\":375},{\"@type\":\"BreadcrumbList\",\"@id\":\"https:\\\/\\\/wmtbaltic.lv\\\/Produkts\\\/plastikats-balkona-margu-noformesanai\\\/#breadcrumb\",\"itemListElement\":[{\"@type\":\"ListItem\",\"position\":1,\"name\":\"Home\",\"item\":\"https:\\\/\\\/wmtbaltic.lv\\\/en\\\/\"},{\"@type\":\"ListItem\",\"position\":2,\"name\":\"Products\",\"item\":\"https:\\\/\\\/wmtbaltic.lv\\\/en\\\/shop\\\/\"},{\"@type\":\"ListItem\",\"position\":3,\"name\":\"Plastik\u0101ts balkona margu noform\u0113\u0161anai\"}]},{\"@type\":\"WebSite\",\"@id\":\"https:\\\/\\\/wmtbaltic.lv\\\/#website\",\"url\":\"https:\\\/\\\/wmtbaltic.lv\\\/\",\"name\":\"WMT Baltic\",\"description\":\"Rekl\u0101mas produkti, pl\u0113ves\",\"publisher\":{\"@id\":\"https:\\\/\\\/wmtbaltic.lv\\\/#organization\"},\"potentialAction\":[{\"@type\":\"SearchAction\",\"target\":{\"@type\":\"EntryPoint\",\"urlTemplate\":\"https:\\\/\\\/wmtbaltic.lv\\\/?s={search_term_string}\"},\"query-input\":{\"@type\":\"PropertyValueSpecification\",\"valueRequired\":true,\"valueName\":\"search_term_string\"}}],\"inLanguage\":\"en-US\"},{\"@type\":\"Organization\",\"@id\":\"https:\\\/\\\/wmtbaltic.lv\\\/#organization\",\"name\":\"WMT Baltic\",\"url\":\"https:\\\/\\\/wmtbaltic.lv\\\/\",\"logo\":{\"@type\":\"ImageObject\",\"inLanguage\":\"en-US\",\"@id\":\"https:\\\/\\\/wmtbaltic.lv\\\/#\\\/schema\\\/logo\\\/image\\\/\",\"url\":\"https:\\\/\\\/wmtbaltic.lv\\\/wp-content\\\/uploads\\\/2024\\\/12\\\/wmt-baltic-sia_107142_9_420x180.jpg\",\"contentUrl\":\"https:\\\/\\\/wmtbaltic.lv\\\/wp-content\\\/uploads\\\/2024\\\/12\\\/wmt-baltic-sia_107142_9_420x180.jpg\",\"width\":420,\"height\":180,\"caption\":\"WMT Baltic\"},\"image\":{\"@id\":\"https:\\\/\\\/wmtbaltic.lv\\\/#\\\/schema\\\/logo\\\/image\\\/\"},\"sameAs\":[\"https:\\\/\\\/www.facebook.com\\\/WMT.Baltic.viscom\\\/?locale=lv_LV\",\"https:\\\/\\\/www.instagram.com\\\/viscom_wmt\\\/\"]}]}<\/script>\n<!-- \/ Yoast SEO plugin. -->","yoast_head_json":{"title":"Plastik\u0101ts balkona margu noform\u0113\u0161anai - WMT Baltic","robots":{"index":"index","follow":"follow","max-snippet":"max-snippet:-1","max-image-preview":"max-image-preview:large","max-video-preview":"max-video-preview:-1"},"canonical":"https:\/\/wmtbaltic.lv\/Produkts\/plastikats-balkona-margu-noformesanai\/","og_locale":"en_US","og_type":"article","og_title":"Plastik\u0101ts balkona margu noform\u0113\u0161anai - WMT Baltic","og_description":"\u0160\u016bnu polikarbon\u0101tam\u00a0nosaukums pie\u0161\u0137irts t\u0101 \u012bpa\u0161\u0101s, dob\u0101s strukt\u016bras d\u0113\u013c. \u0160is\u00a0polikarbon\u0101ts\u00a0sast\u0101v no daudz\u0101m maz\u0101m \u0161\u016bn\u0101m ar \u0161\u0137\u0113rssien\u0101m, ta\u010du \u0161\u016bnas nav herm\u0113tiski nosl\u0113gtas \u2013 abos galos dobie\u00a0polikarbon\u0101ta lok\u0161\u0146u\u00a0veidojumi ir atv\u0113rti. Gaisa kabatas starp loksnes \u0161\u016bn\u0101m, nodro\u0161ina labu siltumizol\u0101ciju, bet \u0161\u0137\u0113rssienas padara\u00a0polikarbon\u0101ta loksni\u00a0stingru un vienlaikus ar\u012b lokanu.\u00a0Polikarbon\u0101ta loksn\u0113m\u00a0var b\u016bt viena vai vair\u0101kas \u0161\u016bnu k\u0101rtas. Pl\u0101n\u0101s polikarbon\u0101ta loksnes izmanto konstrukcij\u0101s, kur ir nepiecie\u0161amas liektas konstrukcijas. Tikm\u0113r biez\u0101k\u0101s loksnes izmanto citviet, kur nepiecie\u0161ama laba siltuma un ska\u0146as izol\u0101cija, k\u0101 ar\u012b konstrukcij\u0101s, kur nepiecie\u0161ama maksim\u0101la iztur\u012bba un notur\u012bba pret lielu slodzi.\u00a0\u0160\u016bnu polikarbon\u0101ts\u00a0ir ra\u017eots no augstas kvalit\u0101tes izejviel\u0101m un p\u0113c augstas kvalit\u0101tes standartiem.\u00a0\u0160\u016bnu polikarbon\u0101ts\u00a0ir iztur\u012bgs pret UV starojumu.","og_url":"https:\/\/wmtbaltic.lv\/Produkts\/plastikats-balkona-margu-noformesanai\/","og_site_name":"WMT Baltic","article_publisher":"https:\/\/www.facebook.com\/WMT.Baltic.viscom\/?locale=lv_LV","og_image":[{"width":500,"height":375,"url":"https:\/\/wmtbaltic.lv\/wp-content\/uploads\/2020\/07\/Plastik\u0101ts-balkona-margu-noform\u0113\u0161anai_1.jpg","type":"image\/jpeg"}],"twitter_card":"summary_large_image","twitter_misc":{"Est. reading time":"3 minutes"},"schema":{"@context":"https:\/\/schema.org","@graph":[{"@type":"WebPage","@id":"https:\/\/wmtbaltic.lv\/Produkts\/plastikats-balkona-margu-noformesanai\/","url":"https:\/\/wmtbaltic.lv\/Produkts\/plastikats-balkona-margu-noformesanai\/","name":"Plastik\u0101ts balkona margu noform\u0113\u0161anai - WMT Baltic","isPartOf":{"@id":"https:\/\/wmtbaltic.lv\/#website"},"primaryImageOfPage":{"@id":"https:\/\/wmtbaltic.lv\/Produkts\/plastikats-balkona-margu-noformesanai\/#primaryimage"},"image":{"@id":"https:\/\/wmtbaltic.lv\/Produkts\/plastikats-balkona-margu-noformesanai\/#primaryimage"},"thumbnailUrl":"https:\/\/wmtbaltic.lv\/wp-content\/uploads\/2020\/07\/Plastik\u0101ts-balkona-margu-noform\u0113\u0161anai_1.jpg","datePublished":"2020-07-20T11:18:47+00:00","breadcrumb":{"@id":"https:\/\/wmtbaltic.lv\/Produkts\/plastikats-balkona-margu-noformesanai\/#breadcrumb"},"inLanguage":"en-US","potentialAction":[{"@type":"ReadAction","target":["https:\/\/wmtbaltic.lv\/Produkts\/plastikats-balkona-margu-noformesanai\/"]}]},{"@type":"ImageObject","inLanguage":"en-US","@id":"https:\/\/wmtbaltic.lv\/Produkts\/plastikats-balkona-margu-noformesanai\/#primaryimage","url":"https:\/\/wmtbaltic.lv\/wp-content\/uploads\/2020\/07\/Plastik\u0101ts-balkona-margu-noform\u0113\u0161anai_1.jpg","contentUrl":"https:\/\/wmtbaltic.lv\/wp-content\/uploads\/2020\/07\/Plastik\u0101ts-balkona-margu-noform\u0113\u0161anai_1.jpg","width":500,"height":375},{"@type":"BreadcrumbList","@id":"https:\/\/wmtbaltic.lv\/Produkts\/plastikats-balkona-margu-noformesanai\/#breadcrumb","itemListElement":[{"@type":"ListItem","position":1,"name":"Home","item":"https:\/\/wmtbaltic.lv\/en\/"},{"@type":"ListItem","position":2,"name":"Products","item":"https:\/\/wmtbaltic.lv\/en\/shop\/"},{"@type":"ListItem","position":3,"name":"Plastik\u0101ts balkona margu noform\u0113\u0161anai"}]},{"@type":"WebSite","@id":"https:\/\/wmtbaltic.lv\/#website","url":"https:\/\/wmtbaltic.lv\/","name":"WMT Baltic","description":"Rekl\u0101mas produkti, pl\u0113ves","publisher":{"@id":"https:\/\/wmtbaltic.lv\/#organization"},"potentialAction":[{"@type":"SearchAction","target":{"@type":"EntryPoint","urlTemplate":"https:\/\/wmtbaltic.lv\/?s={search_term_string}"},"query-input":{"@type":"PropertyValueSpecification","valueRequired":true,"valueName":"search_term_string"}}],"inLanguage":"en-US"},{"@type":"Organization","@id":"https:\/\/wmtbaltic.lv\/#organization","name":"WMT Baltic","url":"https:\/\/wmtbaltic.lv\/","logo":{"@type":"ImageObject","inLanguage":"en-US","@id":"https:\/\/wmtbaltic.lv\/#\/schema\/logo\/image\/","url":"https:\/\/wmtbaltic.lv\/wp-content\/uploads\/2024\/12\/wmt-baltic-sia_107142_9_420x180.jpg","contentUrl":"https:\/\/wmtbaltic.lv\/wp-content\/uploads\/2024\/12\/wmt-baltic-sia_107142_9_420x180.jpg","width":420,"height":180,"caption":"WMT Baltic"},"image":{"@id":"https:\/\/wmtbaltic.lv\/#\/schema\/logo\/image\/"},"sameAs":["https:\/\/www.facebook.com\/WMT.Baltic.viscom\/?locale=lv_LV","https:\/\/www.instagram.com\/viscom_wmt\/"]}]}},"_links":{"self":[{"href":"https:\/\/wmtbaltic.lv\/en\/wp-json\/wp\/v2\/product\/1299","targetHints":{"allow":["GET"]}}],"collection":[{"href":"https:\/\/wmtbaltic.lv\/en\/wp-json\/wp\/v2\/product"}],"about":[{"href":"https:\/\/wmtbaltic.lv\/en\/wp-json\/wp\/v2\/types\/product"}],"replies":[{"embeddable":true,"href":"https:\/\/wmtbaltic.lv\/en\/wp-json\/wp\/v2\/comments?post=1299"}],"wp:featuredmedia":[{"embeddable":true,"href":"https:\/\/wmtbaltic.lv\/en\/wp-json\/wp\/v2\/media\/1300"}],"wp:attachment":[{"href":"https:\/\/wmtbaltic.lv\/en\/wp-json\/wp\/v2\/media?parent=1299"}],"wp:term":[{"taxonomy":"product_brand","embeddable":true,"href":"https:\/\/wmtbaltic.lv\/en\/wp-json\/wp\/v2\/product_brand?post=1299"},{"taxonomy":"product_cat","embeddable":true,"href":"https:\/\/wmtbaltic.lv\/en\/wp-json\/wp\/v2\/product_cat?post=1299"},{"taxonomy":"product_tag","embeddable":true,"href":"https:\/\/wmtbaltic.lv\/en\/wp-json\/wp\/v2\/product_tag?post=1299"}],"curies":[{"name":"wp","href":"https:\/\/api.w.org\/{rel}","templated":true}]}}