{"id":12831,"date":"2022-05-06T06:43:52","date_gmt":"2022-05-06T06:43:52","guid":{"rendered":"https:\/\/wmtbaltic.lv\/?post_type=product&#038;p=12831"},"modified":"2022-05-06T06:53:49","modified_gmt":"2022-05-06T06:53:49","slug":"dye-papirs-300-inkjet-dark-a4-tumsas-krasas-tekstilam","status":"publish","type":"product","link":"https:\/\/wmtbaltic.lv\/en\/product\/dye-papirs-300-inkjet-dark-a4-tumsas-krasas-tekstilam\/","title":{"rendered":"DYE Pap\u012brs 310 INKJET DARK A4, tum\u0161as kr\u0101sas tekstilam"},"content":{"rendered":"<p align=\"justify\"><strong>Pap\u012brs tum\u0161iem audumiem\u00a0<\/strong><span style=\"font-size: small;\"><strong>310 INKJET DARK A4\u00a0<\/strong><span style=\"font-size: medium;\">&#8211;\u00a0<\/span><\/span><span style=\"font-size: small;\">\u00a0pap\u012brs ar speci\u0101lu virsmu att\u0113lu p\u0101rne\u0161anai uz melna vai k\u0101das citas tum\u0161as vai gai\u0161as kr\u0101sas audumu.<\/span><\/p>\n<p align=\"justify\"><span lang=\"ru-RU\">Izm\u0113ri:\u00a0 \u04104 form\u0101ts<\/span><\/p>\n<h4 align=\"justify\"><a href=\"https:\/\/www.poli-tape.de\/fileadmin\/user_upload\/Dateblaetter_EN\/2016_NEU\/POLI_TRANS_310_INKJET_Dark_en.pdf\"><strong>Tehniskais apraksts<\/strong><\/a><\/h4>\n","protected":false},"excerpt":{"rendered":"Pap\u012brs tum\u0161iem audumiem\u00a0310 INKJET DARK A4\u00a0-\u00a0\u00a0pap\u012brs ar speci\u0101lu virsmu att\u0113lu p\u0101rne\u0161anai uz melna vai k\u0101das citas tum\u0161as vai gai\u0161as kr\u0101sas audumu. Izm\u0113ri:\u00a0 \u04104 form\u0101ts Tehniskais apraksts","protected":false},"featured_media":12829,"template":"","meta":[],"product_brand":[],"product_cat":[615],"product_tag":[468,299],"class_list":{"0":"post-12831","1":"product","2":"type-product","3":"status-publish","4":"has-post-thumbnail","6":"product_cat-papiri-sublimacijai","7":"product_tag-kreklu-apdruka","8":"product_tag-reklama","10":"first","11":"instock","12":"shipping-taxable","13":"purchasable","14":"product-type-simple"},"yoast_head":"<!-- This site is optimized with the Yoast SEO plugin v27.5 - https:\/\/yoast.com\/product\/yoast-seo-wordpress\/ -->\n<title>DYE Pap\u012brs 310 INKJET DARK A4, tum\u0161as kr\u0101sas tekstilam - WMT Baltic<\/title>\n<meta name=\"robots\" content=\"index, follow, max-snippet:-1, max-image-preview:large, max-video-preview:-1\" \/>\n<link rel=\"canonical\" href=\"https:\/\/wmtbaltic.lv\/Produkts\/dye-papirs-300-inkjet-dark-a4-tumsas-krasas-tekstilam\/\" \/>\n<meta property=\"og:locale\" content=\"en_US\" \/>\n<meta property=\"og:type\" content=\"article\" \/>\n<meta property=\"og:title\" content=\"DYE Pap\u012brs 310 INKJET DARK A4, tum\u0161as kr\u0101sas tekstilam - WMT Baltic\" \/>\n<meta property=\"og:url\" content=\"https:\/\/wmtbaltic.lv\/Produkts\/dye-papirs-300-inkjet-dark-a4-tumsas-krasas-tekstilam\/\" \/>\n<meta property=\"og:site_name\" content=\"WMT Baltic\" \/>\n<meta property=\"article:publisher\" content=\"https:\/\/www.facebook.com\/WMT.Baltic.viscom\/?locale=lv_LV\" \/>\n<meta property=\"article:modified_time\" content=\"2022-05-06T06:53:49+00:00\" \/>\n<meta property=\"og:image\" content=\"http:\/\/wmtbaltic.lv\/wp-content\/uploads\/2022\/05\/InkJet_papirs.jpg\" \/>\n\t<meta property=\"og:image:width\" content=\"246\" \/>\n\t<meta property=\"og:image:height\" content=\"200\" \/>\n\t<meta property=\"og:image:type\" content=\"image\/jpeg\" \/>\n<meta name=\"twitter:card\" content=\"summary_large_image\" \/>\n<meta name=\"twitter:label1\" content=\"Est. reading time\" \/>\n\t<meta name=\"twitter:data1\" content=\"1 minute\" \/>\n<script type=\"application\/ld+json\" class=\"yoast-schema-graph\">{\"@context\":\"https:\\\/\\\/schema.org\",\"@graph\":[{\"@type\":\"WebPage\",\"@id\":\"https:\\\/\\\/wmtbaltic.lv\\\/Produkts\\\/dye-papirs-300-inkjet-dark-a4-tumsas-krasas-tekstilam\\\/\",\"url\":\"https:\\\/\\\/wmtbaltic.lv\\\/Produkts\\\/dye-papirs-300-inkjet-dark-a4-tumsas-krasas-tekstilam\\\/\",\"name\":\"DYE Pap\u012brs 310 INKJET DARK A4, tum\u0161as kr\u0101sas tekstilam - WMT Baltic\",\"isPartOf\":{\"@id\":\"https:\\\/\\\/wmtbaltic.lv\\\/#website\"},\"primaryImageOfPage\":{\"@id\":\"https:\\\/\\\/wmtbaltic.lv\\\/Produkts\\\/dye-papirs-300-inkjet-dark-a4-tumsas-krasas-tekstilam\\\/#primaryimage\"},\"image\":{\"@id\":\"https:\\\/\\\/wmtbaltic.lv\\\/Produkts\\\/dye-papirs-300-inkjet-dark-a4-tumsas-krasas-tekstilam\\\/#primaryimage\"},\"thumbnailUrl\":\"https:\\\/\\\/wmtbaltic.lv\\\/wp-content\\\/uploads\\\/2022\\\/05\\\/InkJet_papirs.jpg\",\"datePublished\":\"2022-05-06T06:43:52+00:00\",\"dateModified\":\"2022-05-06T06:53:49+00:00\",\"breadcrumb\":{\"@id\":\"https:\\\/\\\/wmtbaltic.lv\\\/Produkts\\\/dye-papirs-300-inkjet-dark-a4-tumsas-krasas-tekstilam\\\/#breadcrumb\"},\"inLanguage\":\"en-US\",\"potentialAction\":[{\"@type\":\"ReadAction\",\"target\":[\"https:\\\/\\\/wmtbaltic.lv\\\/Produkts\\\/dye-papirs-300-inkjet-dark-a4-tumsas-krasas-tekstilam\\\/\"]}]},{\"@type\":\"ImageObject\",\"inLanguage\":\"en-US\",\"@id\":\"https:\\\/\\\/wmtbaltic.lv\\\/Produkts\\\/dye-papirs-300-inkjet-dark-a4-tumsas-krasas-tekstilam\\\/#primaryimage\",\"url\":\"https:\\\/\\\/wmtbaltic.lv\\\/wp-content\\\/uploads\\\/2022\\\/05\\\/InkJet_papirs.jpg\",\"contentUrl\":\"https:\\\/\\\/wmtbaltic.lv\\\/wp-content\\\/uploads\\\/2022\\\/05\\\/InkJet_papirs.jpg\",\"width\":246,\"height\":200},{\"@type\":\"BreadcrumbList\",\"@id\":\"https:\\\/\\\/wmtbaltic.lv\\\/Produkts\\\/dye-papirs-300-inkjet-dark-a4-tumsas-krasas-tekstilam\\\/#breadcrumb\",\"itemListElement\":[{\"@type\":\"ListItem\",\"position\":1,\"name\":\"Home\",\"item\":\"https:\\\/\\\/wmtbaltic.lv\\\/en\\\/\"},{\"@type\":\"ListItem\",\"position\":2,\"name\":\"Shop\",\"item\":\"https:\\\/\\\/wmtbaltic.lv\\\/shop\\\/\"},{\"@type\":\"ListItem\",\"position\":3,\"name\":\"DYE Pap\u012brs 310 INKJET DARK A4, tum\u0161as kr\u0101sas tekstilam\"}]},{\"@type\":\"WebSite\",\"@id\":\"https:\\\/\\\/wmtbaltic.lv\\\/#website\",\"url\":\"https:\\\/\\\/wmtbaltic.lv\\\/\",\"name\":\"WMT Baltic\",\"description\":\"Rekl\u0101mas produkti, pl\u0113ves\",\"publisher\":{\"@id\":\"https:\\\/\\\/wmtbaltic.lv\\\/#organization\"},\"potentialAction\":[{\"@type\":\"SearchAction\",\"target\":{\"@type\":\"EntryPoint\",\"urlTemplate\":\"https:\\\/\\\/wmtbaltic.lv\\\/?s={search_term_string}\"},\"query-input\":{\"@type\":\"PropertyValueSpecification\",\"valueRequired\":true,\"valueName\":\"search_term_string\"}}],\"inLanguage\":\"en-US\"},{\"@type\":\"Organization\",\"@id\":\"https:\\\/\\\/wmtbaltic.lv\\\/#organization\",\"name\":\"WMT Baltic\",\"url\":\"https:\\\/\\\/wmtbaltic.lv\\\/\",\"logo\":{\"@type\":\"ImageObject\",\"inLanguage\":\"en-US\",\"@id\":\"https:\\\/\\\/wmtbaltic.lv\\\/#\\\/schema\\\/logo\\\/image\\\/\",\"url\":\"https:\\\/\\\/wmtbaltic.lv\\\/wp-content\\\/uploads\\\/2024\\\/12\\\/wmt-baltic-sia_107142_9_420x180.jpg\",\"contentUrl\":\"https:\\\/\\\/wmtbaltic.lv\\\/wp-content\\\/uploads\\\/2024\\\/12\\\/wmt-baltic-sia_107142_9_420x180.jpg\",\"width\":420,\"height\":180,\"caption\":\"WMT Baltic\"},\"image\":{\"@id\":\"https:\\\/\\\/wmtbaltic.lv\\\/#\\\/schema\\\/logo\\\/image\\\/\"},\"sameAs\":[\"https:\\\/\\\/www.facebook.com\\\/WMT.Baltic.viscom\\\/?locale=lv_LV\",\"https:\\\/\\\/www.instagram.com\\\/viscom_wmt\\\/\"]}]}<\/script>\n<!-- \/ Yoast SEO plugin. -->","yoast_head_json":{"title":"DYE Pap\u012brs 310 INKJET DARK A4, tum\u0161as kr\u0101sas tekstilam - WMT Baltic","robots":{"index":"index","follow":"follow","max-snippet":"max-snippet:-1","max-image-preview":"max-image-preview:large","max-video-preview":"max-video-preview:-1"},"canonical":"https:\/\/wmtbaltic.lv\/Produkts\/dye-papirs-300-inkjet-dark-a4-tumsas-krasas-tekstilam\/","og_locale":"en_US","og_type":"article","og_title":"DYE Pap\u012brs 310 INKJET DARK A4, tum\u0161as kr\u0101sas tekstilam - WMT Baltic","og_url":"https:\/\/wmtbaltic.lv\/Produkts\/dye-papirs-300-inkjet-dark-a4-tumsas-krasas-tekstilam\/","og_site_name":"WMT Baltic","article_publisher":"https:\/\/www.facebook.com\/WMT.Baltic.viscom\/?locale=lv_LV","article_modified_time":"2022-05-06T06:53:49+00:00","og_image":[{"width":246,"height":200,"url":"http:\/\/wmtbaltic.lv\/wp-content\/uploads\/2022\/05\/InkJet_papirs.jpg","type":"image\/jpeg"}],"twitter_card":"summary_large_image","twitter_misc":{"Est. reading time":"1 minute"},"schema":{"@context":"https:\/\/schema.org","@graph":[{"@type":"WebPage","@id":"https:\/\/wmtbaltic.lv\/Produkts\/dye-papirs-300-inkjet-dark-a4-tumsas-krasas-tekstilam\/","url":"https:\/\/wmtbaltic.lv\/Produkts\/dye-papirs-300-inkjet-dark-a4-tumsas-krasas-tekstilam\/","name":"DYE Pap\u012brs 310 INKJET DARK A4, tum\u0161as kr\u0101sas tekstilam - WMT Baltic","isPartOf":{"@id":"https:\/\/wmtbaltic.lv\/#website"},"primaryImageOfPage":{"@id":"https:\/\/wmtbaltic.lv\/Produkts\/dye-papirs-300-inkjet-dark-a4-tumsas-krasas-tekstilam\/#primaryimage"},"image":{"@id":"https:\/\/wmtbaltic.lv\/Produkts\/dye-papirs-300-inkjet-dark-a4-tumsas-krasas-tekstilam\/#primaryimage"},"thumbnailUrl":"https:\/\/wmtbaltic.lv\/wp-content\/uploads\/2022\/05\/InkJet_papirs.jpg","datePublished":"2022-05-06T06:43:52+00:00","dateModified":"2022-05-06T06:53:49+00:00","breadcrumb":{"@id":"https:\/\/wmtbaltic.lv\/Produkts\/dye-papirs-300-inkjet-dark-a4-tumsas-krasas-tekstilam\/#breadcrumb"},"inLanguage":"en-US","potentialAction":[{"@type":"ReadAction","target":["https:\/\/wmtbaltic.lv\/Produkts\/dye-papirs-300-inkjet-dark-a4-tumsas-krasas-tekstilam\/"]}]},{"@type":"ImageObject","inLanguage":"en-US","@id":"https:\/\/wmtbaltic.lv\/Produkts\/dye-papirs-300-inkjet-dark-a4-tumsas-krasas-tekstilam\/#primaryimage","url":"https:\/\/wmtbaltic.lv\/wp-content\/uploads\/2022\/05\/InkJet_papirs.jpg","contentUrl":"https:\/\/wmtbaltic.lv\/wp-content\/uploads\/2022\/05\/InkJet_papirs.jpg","width":246,"height":200},{"@type":"BreadcrumbList","@id":"https:\/\/wmtbaltic.lv\/Produkts\/dye-papirs-300-inkjet-dark-a4-tumsas-krasas-tekstilam\/#breadcrumb","itemListElement":[{"@type":"ListItem","position":1,"name":"Home","item":"https:\/\/wmtbaltic.lv\/en\/"},{"@type":"ListItem","position":2,"name":"Shop","item":"https:\/\/wmtbaltic.lv\/shop\/"},{"@type":"ListItem","position":3,"name":"DYE Pap\u012brs 310 INKJET DARK A4, tum\u0161as kr\u0101sas tekstilam"}]},{"@type":"WebSite","@id":"https:\/\/wmtbaltic.lv\/#website","url":"https:\/\/wmtbaltic.lv\/","name":"WMT Baltic","description":"Rekl\u0101mas produkti, pl\u0113ves","publisher":{"@id":"https:\/\/wmtbaltic.lv\/#organization"},"potentialAction":[{"@type":"SearchAction","target":{"@type":"EntryPoint","urlTemplate":"https:\/\/wmtbaltic.lv\/?s={search_term_string}"},"query-input":{"@type":"PropertyValueSpecification","valueRequired":true,"valueName":"search_term_string"}}],"inLanguage":"en-US"},{"@type":"Organization","@id":"https:\/\/wmtbaltic.lv\/#organization","name":"WMT Baltic","url":"https:\/\/wmtbaltic.lv\/","logo":{"@type":"ImageObject","inLanguage":"en-US","@id":"https:\/\/wmtbaltic.lv\/#\/schema\/logo\/image\/","url":"https:\/\/wmtbaltic.lv\/wp-content\/uploads\/2024\/12\/wmt-baltic-sia_107142_9_420x180.jpg","contentUrl":"https:\/\/wmtbaltic.lv\/wp-content\/uploads\/2024\/12\/wmt-baltic-sia_107142_9_420x180.jpg","width":420,"height":180,"caption":"WMT Baltic"},"image":{"@id":"https:\/\/wmtbaltic.lv\/#\/schema\/logo\/image\/"},"sameAs":["https:\/\/www.facebook.com\/WMT.Baltic.viscom\/?locale=lv_LV","https:\/\/www.instagram.com\/viscom_wmt\/"]}]}},"_links":{"self":[{"href":"https:\/\/wmtbaltic.lv\/en\/wp-json\/wp\/v2\/product\/12831","targetHints":{"allow":["GET"]}}],"collection":[{"href":"https:\/\/wmtbaltic.lv\/en\/wp-json\/wp\/v2\/product"}],"about":[{"href":"https:\/\/wmtbaltic.lv\/en\/wp-json\/wp\/v2\/types\/product"}],"wp:featuredmedia":[{"embeddable":true,"href":"https:\/\/wmtbaltic.lv\/en\/wp-json\/wp\/v2\/media\/12829"}],"wp:attachment":[{"href":"https:\/\/wmtbaltic.lv\/en\/wp-json\/wp\/v2\/media?parent=12831"}],"wp:term":[{"taxonomy":"product_brand","embeddable":true,"href":"https:\/\/wmtbaltic.lv\/en\/wp-json\/wp\/v2\/product_brand?post=12831"},{"taxonomy":"product_cat","embeddable":true,"href":"https:\/\/wmtbaltic.lv\/en\/wp-json\/wp\/v2\/product_cat?post=12831"},{"taxonomy":"product_tag","embeddable":true,"href":"https:\/\/wmtbaltic.lv\/en\/wp-json\/wp\/v2\/product_tag?post=12831"}],"curies":[{"name":"wp","href":"https:\/\/api.w.org\/{rel}","templated":true}]}}