{"id":12740,"date":"2022-04-05T12:10:11","date_gmt":"2022-04-05T12:10:11","guid":{"rendered":"https:\/\/wmtbaltic.lv\/?post_type=product&#038;p=12740"},"modified":"2022-04-05T13:12:20","modified_gmt":"2022-04-05T13:12:20","slug":"drukas-pleve-wally-pet-white-mateta-a3-loksne-lazerdrukai","status":"publish","type":"product","link":"https:\/\/wmtbaltic.lv\/en\/product\/drukas-pleve-wally-pet-white-mateta-a3-loksne-lazerdrukai\/","title":{"rendered":"Drukas pl\u0113ve WALLY PET white, mat\u0113ta, A3 loksne laz\u0113rdrukai"},"content":{"rendered":"<p>Balta, mat\u0113ta poliest\u0113ra pl\u0113ve, bez l\u012bmsl\u0101\u0146a drukai uz laz\u0113rprinteriem. Pateicoties nano-punktiem (pies\u016bcek\u0146iem) aizmugur\u0113 paredz\u0113ta daudzkart\u0113jai lieto\u0161anai.<\/p>\n<p>Loksnes izm\u0113rs A3 (420*297mm)<\/p>\n<p>Kast\u0113 30 gab<\/p>\n<p>VIDEO \u0160EIT:\u00a0<a href=\"https:\/\/www.youtube.com\/watch?v=4jz3jWcioWg\">https:\/\/www.youtube.com\/watch?v=4jz3jWcioWg<\/a><\/p>\n<p>&nbsp;<\/p>\n","protected":false},"excerpt":{"rendered":"Balta, mat\u0113ta poliest\u0113ra pl\u0113ve, bez l\u012bmsl\u0101\u0146a drukai uz laz\u0113rprinteriem. Pateicoties nano-punktiem (pies\u016bcek\u0146iem) aizmugur\u0113 paredz\u0113ta daudzkart\u0113jai lieto\u0161anai. Loksnes izm\u0113rs A3 (420*297mm) Kast\u0113 30 gab VIDEO \u0160EIT:\u00a0https:\/\/www.youtube.com\/watch?v=4jz3jWcioWg &nbsp;","protected":false},"featured_media":12743,"template":"","meta":[],"product_brand":[],"product_cat":[136],"product_tag":[911,912,1091,936],"class_list":{"0":"post-12740","1":"product","2":"type-product","3":"status-publish","4":"has-post-thumbnail","6":"product_cat-drukas-materiali-bez-limslana","7":"product_tag-cling-pleve","8":"product_tag-drukas-pleve-bez-limslana","9":"product_tag-lazerdruka","10":"product_tag-nano-dots","12":"first","13":"instock","14":"shipping-taxable","15":"purchasable","16":"product-type-variable"},"yoast_head":"<!-- This site is optimized with the Yoast SEO plugin v27.5 - https:\/\/yoast.com\/product\/yoast-seo-wordpress\/ -->\n<title>Pl\u0113ve laz\u0113rdrukai WALLY PET white, mat\u0113ta, A3 loksne, nopirkt R\u012bg\u0101<\/title>\n<meta name=\"robots\" content=\"index, follow, max-snippet:-1, max-image-preview:large, max-video-preview:-1\" \/>\n<link rel=\"canonical\" href=\"https:\/\/wmtbaltic.lv\/Produkts\/drukas-pleve-wally-pet-white-mateta-a3-loksne-lazerdrukai\/\" \/>\n<meta property=\"og:locale\" content=\"en_US\" \/>\n<meta property=\"og:type\" content=\"article\" \/>\n<meta property=\"og:title\" content=\"Pl\u0113ve laz\u0113rdrukai WALLY PET white, mat\u0113ta, A3 loksne, nopirkt R\u012bg\u0101\" \/>\n<meta property=\"og:url\" content=\"https:\/\/wmtbaltic.lv\/Produkts\/drukas-pleve-wally-pet-white-mateta-a3-loksne-lazerdrukai\/\" \/>\n<meta property=\"og:site_name\" content=\"WMT Baltic\" \/>\n<meta property=\"article:publisher\" content=\"https:\/\/www.facebook.com\/WMT.Baltic.viscom\/?locale=lv_LV\" \/>\n<meta property=\"article:modified_time\" content=\"2022-04-05T13:12:20+00:00\" \/>\n<meta property=\"og:image\" content=\"https:\/\/wmtbaltic.lv\/wp-content\/uploads\/2022\/04\/Wally-PET-White-Matt-A3.jpg\" \/>\n\t<meta property=\"og:image:width\" content=\"708\" \/>\n\t<meta property=\"og:image:height\" content=\"650\" \/>\n\t<meta property=\"og:image:type\" content=\"image\/jpeg\" \/>\n<meta name=\"twitter:card\" content=\"summary_large_image\" \/>\n<meta name=\"twitter:label1\" content=\"Est. reading time\" \/>\n\t<meta name=\"twitter:data1\" content=\"1 minute\" \/>\n<script type=\"application\/ld+json\" class=\"yoast-schema-graph\">{\"@context\":\"https:\\\/\\\/schema.org\",\"@graph\":[{\"@type\":\"WebPage\",\"@id\":\"https:\\\/\\\/wmtbaltic.lv\\\/Produkts\\\/drukas-pleve-wally-pet-white-mateta-a3-loksne-lazerdrukai\\\/\",\"url\":\"https:\\\/\\\/wmtbaltic.lv\\\/Produkts\\\/drukas-pleve-wally-pet-white-mateta-a3-loksne-lazerdrukai\\\/\",\"name\":\"Pl\u0113ve laz\u0113rdrukai WALLY PET white, mat\u0113ta, A3 loksne, nopirkt R\u012bg\u0101\",\"isPartOf\":{\"@id\":\"https:\\\/\\\/wmtbaltic.lv\\\/#website\"},\"primaryImageOfPage\":{\"@id\":\"https:\\\/\\\/wmtbaltic.lv\\\/Produkts\\\/drukas-pleve-wally-pet-white-mateta-a3-loksne-lazerdrukai\\\/#primaryimage\"},\"image\":{\"@id\":\"https:\\\/\\\/wmtbaltic.lv\\\/Produkts\\\/drukas-pleve-wally-pet-white-mateta-a3-loksne-lazerdrukai\\\/#primaryimage\"},\"thumbnailUrl\":\"https:\\\/\\\/wmtbaltic.lv\\\/wp-content\\\/uploads\\\/2022\\\/04\\\/Wally-PET-White-Matt-A3.jpg\",\"datePublished\":\"2022-04-05T12:10:11+00:00\",\"dateModified\":\"2022-04-05T13:12:20+00:00\",\"breadcrumb\":{\"@id\":\"https:\\\/\\\/wmtbaltic.lv\\\/Produkts\\\/drukas-pleve-wally-pet-white-mateta-a3-loksne-lazerdrukai\\\/#breadcrumb\"},\"inLanguage\":\"en-US\",\"potentialAction\":[{\"@type\":\"ReadAction\",\"target\":[\"https:\\\/\\\/wmtbaltic.lv\\\/Produkts\\\/drukas-pleve-wally-pet-white-mateta-a3-loksne-lazerdrukai\\\/\"]}]},{\"@type\":\"ImageObject\",\"inLanguage\":\"en-US\",\"@id\":\"https:\\\/\\\/wmtbaltic.lv\\\/Produkts\\\/drukas-pleve-wally-pet-white-mateta-a3-loksne-lazerdrukai\\\/#primaryimage\",\"url\":\"https:\\\/\\\/wmtbaltic.lv\\\/wp-content\\\/uploads\\\/2022\\\/04\\\/Wally-PET-White-Matt-A3.jpg\",\"contentUrl\":\"https:\\\/\\\/wmtbaltic.lv\\\/wp-content\\\/uploads\\\/2022\\\/04\\\/Wally-PET-White-Matt-A3.jpg\",\"width\":708,\"height\":650},{\"@type\":\"BreadcrumbList\",\"@id\":\"https:\\\/\\\/wmtbaltic.lv\\\/Produkts\\\/drukas-pleve-wally-pet-white-mateta-a3-loksne-lazerdrukai\\\/#breadcrumb\",\"itemListElement\":[{\"@type\":\"ListItem\",\"position\":1,\"name\":\"Home\",\"item\":\"https:\\\/\\\/wmtbaltic.lv\\\/en\\\/\"},{\"@type\":\"ListItem\",\"position\":2,\"name\":\"Shop\",\"item\":\"https:\\\/\\\/wmtbaltic.lv\\\/shop\\\/\"},{\"@type\":\"ListItem\",\"position\":3,\"name\":\"Drukas pl\u0113ve WALLY PET white, mat\u0113ta, A3 loksne laz\u0113rdrukai\"}]},{\"@type\":\"WebSite\",\"@id\":\"https:\\\/\\\/wmtbaltic.lv\\\/#website\",\"url\":\"https:\\\/\\\/wmtbaltic.lv\\\/\",\"name\":\"WMT Baltic\",\"description\":\"Rekl\u0101mas produkti, pl\u0113ves\",\"publisher\":{\"@id\":\"https:\\\/\\\/wmtbaltic.lv\\\/#organization\"},\"potentialAction\":[{\"@type\":\"SearchAction\",\"target\":{\"@type\":\"EntryPoint\",\"urlTemplate\":\"https:\\\/\\\/wmtbaltic.lv\\\/?s={search_term_string}\"},\"query-input\":{\"@type\":\"PropertyValueSpecification\",\"valueRequired\":true,\"valueName\":\"search_term_string\"}}],\"inLanguage\":\"en-US\"},{\"@type\":\"Organization\",\"@id\":\"https:\\\/\\\/wmtbaltic.lv\\\/#organization\",\"name\":\"WMT Baltic\",\"url\":\"https:\\\/\\\/wmtbaltic.lv\\\/\",\"logo\":{\"@type\":\"ImageObject\",\"inLanguage\":\"en-US\",\"@id\":\"https:\\\/\\\/wmtbaltic.lv\\\/#\\\/schema\\\/logo\\\/image\\\/\",\"url\":\"https:\\\/\\\/wmtbaltic.lv\\\/wp-content\\\/uploads\\\/2024\\\/12\\\/wmt-baltic-sia_107142_9_420x180.jpg\",\"contentUrl\":\"https:\\\/\\\/wmtbaltic.lv\\\/wp-content\\\/uploads\\\/2024\\\/12\\\/wmt-baltic-sia_107142_9_420x180.jpg\",\"width\":420,\"height\":180,\"caption\":\"WMT Baltic\"},\"image\":{\"@id\":\"https:\\\/\\\/wmtbaltic.lv\\\/#\\\/schema\\\/logo\\\/image\\\/\"},\"sameAs\":[\"https:\\\/\\\/www.facebook.com\\\/WMT.Baltic.viscom\\\/?locale=lv_LV\",\"https:\\\/\\\/www.instagram.com\\\/viscom_wmt\\\/\"]}]}<\/script>\n<!-- \/ Yoast SEO plugin. -->","yoast_head_json":{"title":"Pl\u0113ve laz\u0113rdrukai WALLY PET white, mat\u0113ta, A3 loksne, nopirkt R\u012bg\u0101","robots":{"index":"index","follow":"follow","max-snippet":"max-snippet:-1","max-image-preview":"max-image-preview:large","max-video-preview":"max-video-preview:-1"},"canonical":"https:\/\/wmtbaltic.lv\/Produkts\/drukas-pleve-wally-pet-white-mateta-a3-loksne-lazerdrukai\/","og_locale":"en_US","og_type":"article","og_title":"Pl\u0113ve laz\u0113rdrukai WALLY PET white, mat\u0113ta, A3 loksne, nopirkt R\u012bg\u0101","og_url":"https:\/\/wmtbaltic.lv\/Produkts\/drukas-pleve-wally-pet-white-mateta-a3-loksne-lazerdrukai\/","og_site_name":"WMT Baltic","article_publisher":"https:\/\/www.facebook.com\/WMT.Baltic.viscom\/?locale=lv_LV","article_modified_time":"2022-04-05T13:12:20+00:00","og_image":[{"width":708,"height":650,"url":"https:\/\/wmtbaltic.lv\/wp-content\/uploads\/2022\/04\/Wally-PET-White-Matt-A3.jpg","type":"image\/jpeg"}],"twitter_card":"summary_large_image","twitter_misc":{"Est. reading time":"1 minute"},"schema":{"@context":"https:\/\/schema.org","@graph":[{"@type":"WebPage","@id":"https:\/\/wmtbaltic.lv\/Produkts\/drukas-pleve-wally-pet-white-mateta-a3-loksne-lazerdrukai\/","url":"https:\/\/wmtbaltic.lv\/Produkts\/drukas-pleve-wally-pet-white-mateta-a3-loksne-lazerdrukai\/","name":"Pl\u0113ve laz\u0113rdrukai WALLY PET white, mat\u0113ta, A3 loksne, nopirkt R\u012bg\u0101","isPartOf":{"@id":"https:\/\/wmtbaltic.lv\/#website"},"primaryImageOfPage":{"@id":"https:\/\/wmtbaltic.lv\/Produkts\/drukas-pleve-wally-pet-white-mateta-a3-loksne-lazerdrukai\/#primaryimage"},"image":{"@id":"https:\/\/wmtbaltic.lv\/Produkts\/drukas-pleve-wally-pet-white-mateta-a3-loksne-lazerdrukai\/#primaryimage"},"thumbnailUrl":"https:\/\/wmtbaltic.lv\/wp-content\/uploads\/2022\/04\/Wally-PET-White-Matt-A3.jpg","datePublished":"2022-04-05T12:10:11+00:00","dateModified":"2022-04-05T13:12:20+00:00","breadcrumb":{"@id":"https:\/\/wmtbaltic.lv\/Produkts\/drukas-pleve-wally-pet-white-mateta-a3-loksne-lazerdrukai\/#breadcrumb"},"inLanguage":"en-US","potentialAction":[{"@type":"ReadAction","target":["https:\/\/wmtbaltic.lv\/Produkts\/drukas-pleve-wally-pet-white-mateta-a3-loksne-lazerdrukai\/"]}]},{"@type":"ImageObject","inLanguage":"en-US","@id":"https:\/\/wmtbaltic.lv\/Produkts\/drukas-pleve-wally-pet-white-mateta-a3-loksne-lazerdrukai\/#primaryimage","url":"https:\/\/wmtbaltic.lv\/wp-content\/uploads\/2022\/04\/Wally-PET-White-Matt-A3.jpg","contentUrl":"https:\/\/wmtbaltic.lv\/wp-content\/uploads\/2022\/04\/Wally-PET-White-Matt-A3.jpg","width":708,"height":650},{"@type":"BreadcrumbList","@id":"https:\/\/wmtbaltic.lv\/Produkts\/drukas-pleve-wally-pet-white-mateta-a3-loksne-lazerdrukai\/#breadcrumb","itemListElement":[{"@type":"ListItem","position":1,"name":"Home","item":"https:\/\/wmtbaltic.lv\/en\/"},{"@type":"ListItem","position":2,"name":"Shop","item":"https:\/\/wmtbaltic.lv\/shop\/"},{"@type":"ListItem","position":3,"name":"Drukas pl\u0113ve WALLY PET white, mat\u0113ta, A3 loksne laz\u0113rdrukai"}]},{"@type":"WebSite","@id":"https:\/\/wmtbaltic.lv\/#website","url":"https:\/\/wmtbaltic.lv\/","name":"WMT Baltic","description":"Rekl\u0101mas produkti, pl\u0113ves","publisher":{"@id":"https:\/\/wmtbaltic.lv\/#organization"},"potentialAction":[{"@type":"SearchAction","target":{"@type":"EntryPoint","urlTemplate":"https:\/\/wmtbaltic.lv\/?s={search_term_string}"},"query-input":{"@type":"PropertyValueSpecification","valueRequired":true,"valueName":"search_term_string"}}],"inLanguage":"en-US"},{"@type":"Organization","@id":"https:\/\/wmtbaltic.lv\/#organization","name":"WMT Baltic","url":"https:\/\/wmtbaltic.lv\/","logo":{"@type":"ImageObject","inLanguage":"en-US","@id":"https:\/\/wmtbaltic.lv\/#\/schema\/logo\/image\/","url":"https:\/\/wmtbaltic.lv\/wp-content\/uploads\/2024\/12\/wmt-baltic-sia_107142_9_420x180.jpg","contentUrl":"https:\/\/wmtbaltic.lv\/wp-content\/uploads\/2024\/12\/wmt-baltic-sia_107142_9_420x180.jpg","width":420,"height":180,"caption":"WMT Baltic"},"image":{"@id":"https:\/\/wmtbaltic.lv\/#\/schema\/logo\/image\/"},"sameAs":["https:\/\/www.facebook.com\/WMT.Baltic.viscom\/?locale=lv_LV","https:\/\/www.instagram.com\/viscom_wmt\/"]}]}},"_links":{"self":[{"href":"https:\/\/wmtbaltic.lv\/en\/wp-json\/wp\/v2\/product\/12740","targetHints":{"allow":["GET"]}}],"collection":[{"href":"https:\/\/wmtbaltic.lv\/en\/wp-json\/wp\/v2\/product"}],"about":[{"href":"https:\/\/wmtbaltic.lv\/en\/wp-json\/wp\/v2\/types\/product"}],"wp:featuredmedia":[{"embeddable":true,"href":"https:\/\/wmtbaltic.lv\/en\/wp-json\/wp\/v2\/media\/12743"}],"wp:attachment":[{"href":"https:\/\/wmtbaltic.lv\/en\/wp-json\/wp\/v2\/media?parent=12740"}],"wp:term":[{"taxonomy":"product_brand","embeddable":true,"href":"https:\/\/wmtbaltic.lv\/en\/wp-json\/wp\/v2\/product_brand?post=12740"},{"taxonomy":"product_cat","embeddable":true,"href":"https:\/\/wmtbaltic.lv\/en\/wp-json\/wp\/v2\/product_cat?post=12740"},{"taxonomy":"product_tag","embeddable":true,"href":"https:\/\/wmtbaltic.lv\/en\/wp-json\/wp\/v2\/product_tag?post=12740"}],"curies":[{"name":"wp","href":"https:\/\/api.w.org\/{rel}","templated":true}]}}