{"id":12245,"date":"2022-02-04T10:02:21","date_gmt":"2022-02-04T10:02:21","guid":{"rendered":"https:\/\/wmtbaltic.lv\/?post_type=product&#038;p=12245"},"modified":"2022-02-10T08:00:23","modified_gmt":"2022-02-10T08:00:23","slug":"pvh-pleve-st-high-transparency","status":"publish","type":"product","link":"https:\/\/wmtbaltic.lv\/en\/product\/pvh-pleve-st-high-transparency\/","title":{"rendered":"PVH pl\u0113ve ST High Transparency"},"content":{"rendered":"<div><\/div>\n<p id=\"c356\" class=\"oBOnKe\"><span class=\"JLqJ4b ChMk0b\" style=\"font-size: 16px;\" data-language-for-alternatives=\"lv\" data-language-to-translate-into=\"es\" data-phrase-index=\"0\" data-number-of-phrases=\"4\">Augstas kvalit\u0101tes elast\u012bgs caursp\u012bd\u012bgs PVH\u00a0 ar izcilu, optim\u0101lu UV iztur\u012bbu&#8230;<\/span><\/p>\n<p>PVH materi\u0101ls pasargas j\u016bsu virsmu no skr\u0101p\u0113jumiem un iespiedumiem un t.t. Materi\u0101ls ide\u0101l ipiem\u0113rots ar\u012b galda\u00a0 un citu virsmu aizsardz\u012bbai.<\/p>\n<p>M\u0113s sagrie\u017eam materi\u0101lu p\u0113c J\u016bsu izm\u0113ra un formas.<\/p>\n<p>PVH pl\u0113ves biezums s\u0101kot no 200mk<\/p>\n<p>Sortiment\u0101 pieejami l\u012bdz\u012bgi materi\u0101li:<\/p>\n<ul>\n<li><a href=\"https:\/\/wmtbaltic.lv\/Produkts\/pvh-pleve-clearfol-ht\/\">PVH pl\u0113ve CLEARHOL HT<\/a><\/li>\n<li><a href=\"https:\/\/wmtbaltic.lv\/Produkts\/pvh-pleve-clearfol-fantasy-1-40m\/\">PVH pl\u0113ve CLEARFOL Fantasy, 1.40m<\/a><\/li>\n<\/ul>\n<p>&nbsp;<\/p>\n<p><span style=\"color: #ff6600;\"><strong>Ja v\u0113laties izgriezt p\u0113c J\u016bsu izm\u0113riem, l\u016bdzam sazin\u0101ties ar mums: noliktava@wmt.lv vai +371 67800830!<\/strong><\/span><\/p>\n","protected":false},"excerpt":{"rendered":"Augstas kvalit\u0101tes elast\u012bgs caursp\u012bd\u012bgs PVH\u00a0 ar izcilu, optim\u0101lu UV iztur\u012bbu... PVH materi\u0101ls pasargas j\u016bsu virsmu no skr\u0101p\u0113jumiem un iespiedumiem un t.t. Materi\u0101ls ide\u0101l ipiem\u0113rots ar\u012b galda\u00a0 un citu virsmu aizsardz\u012bbai. M\u0113s sagrie\u017eam materi\u0101lu p\u0113c J\u016bsu izm\u0113ra un formas. PVH pl\u0113ves biezums s\u0101kot no 200mk Sortiment\u0101 pieejami l\u012bdz\u012bgi materi\u0101li: PVH pl\u0113ve CLEARHOL HT PVH pl\u0113ve CLEARFOL [...]","protected":false},"featured_media":12205,"template":"","meta":[],"product_brand":[],"product_cat":[100],"product_tag":[1070,844,1069,1071],"class_list":{"0":"post-12245","1":"product","2":"type-product","3":"status-publish","4":"has-post-thumbnail","6":"product_cat-planie-plastikati","7":"product_tag-aizsargs","8":"product_tag-pvc","9":"product_tag-pvh","10":"product_tag-virsmasaizsargpleves","12":"first","13":"instock","14":"shipping-taxable","15":"purchasable","16":"product-type-variable"},"yoast_head":"<!-- This site is optimized with the Yoast SEO plugin v27.4 - https:\/\/yoast.com\/product\/yoast-seo-wordpress\/ -->\n<title>PVH pl\u0113ve CLEARFOL ST High Transparency<\/title>\n<meta name=\"description\" content=\"Caursp\u012bd\u012bgs, elast\u012bgs un iztur\u012bgs PVH materi\u0101ls pasargas j\u016bsu virsmu no skr\u0101p\u0113jumiem un iespiedumiem un t.t. Materi\u0101ls ide\u0101li piem\u0113rots galda un citu virsmu aizsardz\u012bbai. Materi\u0101ls pie\u0146em galda formu un nesl\u012bd.\" \/>\n<meta name=\"robots\" content=\"index, follow, max-snippet:-1, max-image-preview:large, max-video-preview:-1\" \/>\n<link rel=\"canonical\" href=\"https:\/\/wmtbaltic.lv\/Produkts\/pvh-pleve-st-high-transparency\/\" \/>\n<meta property=\"og:locale\" content=\"en_US\" \/>\n<meta property=\"og:type\" content=\"article\" \/>\n<meta property=\"og:title\" content=\"PVH pl\u0113ve CLEARFOL ST High Transparency\" \/>\n<meta property=\"og:description\" content=\"Caursp\u012bd\u012bgs, elast\u012bgs un iztur\u012bgs PVH materi\u0101ls pasargas j\u016bsu virsmu no skr\u0101p\u0113jumiem un iespiedumiem un t.t. Materi\u0101ls ide\u0101li piem\u0113rots galda un citu virsmu aizsardz\u012bbai. Materi\u0101ls pie\u0146em galda formu un nesl\u012bd.\" \/>\n<meta property=\"og:url\" content=\"https:\/\/wmtbaltic.lv\/Produkts\/pvh-pleve-st-high-transparency\/\" \/>\n<meta property=\"og:site_name\" content=\"WMT Baltic\" \/>\n<meta property=\"article:publisher\" content=\"https:\/\/www.facebook.com\/WMT.Baltic.viscom\/?locale=lv_LV\" \/>\n<meta property=\"article:modified_time\" content=\"2022-02-10T08:00:23+00:00\" \/>\n<meta property=\"og:image\" content=\"https:\/\/wmtbaltic.lv\/wp-content\/uploads\/2022\/02\/185001398.jpg\" \/>\n\t<meta property=\"og:image:width\" content=\"720\" \/>\n\t<meta property=\"og:image:height\" content=\"484\" \/>\n\t<meta property=\"og:image:type\" content=\"image\/jpeg\" \/>\n<meta name=\"twitter:card\" content=\"summary_large_image\" \/>\n<meta name=\"twitter:label1\" content=\"Est. reading time\" \/>\n\t<meta name=\"twitter:data1\" content=\"1 minute\" \/>\n<script type=\"application\/ld+json\" class=\"yoast-schema-graph\">{\"@context\":\"https:\\\/\\\/schema.org\",\"@graph\":[{\"@type\":\"WebPage\",\"@id\":\"https:\\\/\\\/wmtbaltic.lv\\\/Produkts\\\/pvh-pleve-st-high-transparency\\\/\",\"url\":\"https:\\\/\\\/wmtbaltic.lv\\\/Produkts\\\/pvh-pleve-st-high-transparency\\\/\",\"name\":\"PVH pl\u0113ve CLEARFOL ST High Transparency\",\"isPartOf\":{\"@id\":\"https:\\\/\\\/wmtbaltic.lv\\\/#website\"},\"primaryImageOfPage\":{\"@id\":\"https:\\\/\\\/wmtbaltic.lv\\\/Produkts\\\/pvh-pleve-st-high-transparency\\\/#primaryimage\"},\"image\":{\"@id\":\"https:\\\/\\\/wmtbaltic.lv\\\/Produkts\\\/pvh-pleve-st-high-transparency\\\/#primaryimage\"},\"thumbnailUrl\":\"https:\\\/\\\/wmtbaltic.lv\\\/wp-content\\\/uploads\\\/2022\\\/02\\\/185001398.jpg\",\"datePublished\":\"2022-02-04T10:02:21+00:00\",\"dateModified\":\"2022-02-10T08:00:23+00:00\",\"description\":\"Caursp\u012bd\u012bgs, elast\u012bgs un iztur\u012bgs PVH materi\u0101ls pasargas j\u016bsu virsmu no skr\u0101p\u0113jumiem un iespiedumiem un t.t. Materi\u0101ls ide\u0101li piem\u0113rots galda un citu virsmu aizsardz\u012bbai. Materi\u0101ls pie\u0146em galda formu un nesl\u012bd.\",\"breadcrumb\":{\"@id\":\"https:\\\/\\\/wmtbaltic.lv\\\/Produkts\\\/pvh-pleve-st-high-transparency\\\/#breadcrumb\"},\"inLanguage\":\"en-US\",\"potentialAction\":[{\"@type\":\"ReadAction\",\"target\":[\"https:\\\/\\\/wmtbaltic.lv\\\/Produkts\\\/pvh-pleve-st-high-transparency\\\/\"]}]},{\"@type\":\"ImageObject\",\"inLanguage\":\"en-US\",\"@id\":\"https:\\\/\\\/wmtbaltic.lv\\\/Produkts\\\/pvh-pleve-st-high-transparency\\\/#primaryimage\",\"url\":\"https:\\\/\\\/wmtbaltic.lv\\\/wp-content\\\/uploads\\\/2022\\\/02\\\/185001398.jpg\",\"contentUrl\":\"https:\\\/\\\/wmtbaltic.lv\\\/wp-content\\\/uploads\\\/2022\\\/02\\\/185001398.jpg\",\"width\":720,\"height\":484},{\"@type\":\"BreadcrumbList\",\"@id\":\"https:\\\/\\\/wmtbaltic.lv\\\/Produkts\\\/pvh-pleve-st-high-transparency\\\/#breadcrumb\",\"itemListElement\":[{\"@type\":\"ListItem\",\"position\":1,\"name\":\"Home\",\"item\":\"https:\\\/\\\/wmtbaltic.lv\\\/en\\\/\"},{\"@type\":\"ListItem\",\"position\":2,\"name\":\"Shop\",\"item\":\"https:\\\/\\\/wmtbaltic.lv\\\/shop\\\/\"},{\"@type\":\"ListItem\",\"position\":3,\"name\":\"PVH pl\u0113ve ST High Transparency\"}]},{\"@type\":\"WebSite\",\"@id\":\"https:\\\/\\\/wmtbaltic.lv\\\/#website\",\"url\":\"https:\\\/\\\/wmtbaltic.lv\\\/\",\"name\":\"WMT Baltic\",\"description\":\"Rekl\u0101mas produkti, pl\u0113ves\",\"publisher\":{\"@id\":\"https:\\\/\\\/wmtbaltic.lv\\\/#organization\"},\"potentialAction\":[{\"@type\":\"SearchAction\",\"target\":{\"@type\":\"EntryPoint\",\"urlTemplate\":\"https:\\\/\\\/wmtbaltic.lv\\\/?s={search_term_string}\"},\"query-input\":{\"@type\":\"PropertyValueSpecification\",\"valueRequired\":true,\"valueName\":\"search_term_string\"}}],\"inLanguage\":\"en-US\"},{\"@type\":\"Organization\",\"@id\":\"https:\\\/\\\/wmtbaltic.lv\\\/#organization\",\"name\":\"WMT Baltic\",\"url\":\"https:\\\/\\\/wmtbaltic.lv\\\/\",\"logo\":{\"@type\":\"ImageObject\",\"inLanguage\":\"en-US\",\"@id\":\"https:\\\/\\\/wmtbaltic.lv\\\/#\\\/schema\\\/logo\\\/image\\\/\",\"url\":\"https:\\\/\\\/wmtbaltic.lv\\\/wp-content\\\/uploads\\\/2024\\\/12\\\/wmt-baltic-sia_107142_9_420x180.jpg\",\"contentUrl\":\"https:\\\/\\\/wmtbaltic.lv\\\/wp-content\\\/uploads\\\/2024\\\/12\\\/wmt-baltic-sia_107142_9_420x180.jpg\",\"width\":420,\"height\":180,\"caption\":\"WMT Baltic\"},\"image\":{\"@id\":\"https:\\\/\\\/wmtbaltic.lv\\\/#\\\/schema\\\/logo\\\/image\\\/\"},\"sameAs\":[\"https:\\\/\\\/www.facebook.com\\\/WMT.Baltic.viscom\\\/?locale=lv_LV\",\"https:\\\/\\\/www.instagram.com\\\/viscom_wmt\\\/\"]}]}<\/script>\n<!-- \/ Yoast SEO plugin. -->","yoast_head_json":{"title":"PVH pl\u0113ve CLEARFOL ST High Transparency","description":"Caursp\u012bd\u012bgs, elast\u012bgs un iztur\u012bgs PVH materi\u0101ls pasargas j\u016bsu virsmu no skr\u0101p\u0113jumiem un iespiedumiem un t.t. Materi\u0101ls ide\u0101li piem\u0113rots galda un citu virsmu aizsardz\u012bbai. Materi\u0101ls pie\u0146em galda formu un nesl\u012bd.","robots":{"index":"index","follow":"follow","max-snippet":"max-snippet:-1","max-image-preview":"max-image-preview:large","max-video-preview":"max-video-preview:-1"},"canonical":"https:\/\/wmtbaltic.lv\/Produkts\/pvh-pleve-st-high-transparency\/","og_locale":"en_US","og_type":"article","og_title":"PVH pl\u0113ve CLEARFOL ST High Transparency","og_description":"Caursp\u012bd\u012bgs, elast\u012bgs un iztur\u012bgs PVH materi\u0101ls pasargas j\u016bsu virsmu no skr\u0101p\u0113jumiem un iespiedumiem un t.t. Materi\u0101ls ide\u0101li piem\u0113rots galda un citu virsmu aizsardz\u012bbai. Materi\u0101ls pie\u0146em galda formu un nesl\u012bd.","og_url":"https:\/\/wmtbaltic.lv\/Produkts\/pvh-pleve-st-high-transparency\/","og_site_name":"WMT Baltic","article_publisher":"https:\/\/www.facebook.com\/WMT.Baltic.viscom\/?locale=lv_LV","article_modified_time":"2022-02-10T08:00:23+00:00","og_image":[{"width":720,"height":484,"url":"https:\/\/wmtbaltic.lv\/wp-content\/uploads\/2022\/02\/185001398.jpg","type":"image\/jpeg"}],"twitter_card":"summary_large_image","twitter_misc":{"Est. reading time":"1 minute"},"schema":{"@context":"https:\/\/schema.org","@graph":[{"@type":"WebPage","@id":"https:\/\/wmtbaltic.lv\/Produkts\/pvh-pleve-st-high-transparency\/","url":"https:\/\/wmtbaltic.lv\/Produkts\/pvh-pleve-st-high-transparency\/","name":"PVH pl\u0113ve CLEARFOL ST High Transparency","isPartOf":{"@id":"https:\/\/wmtbaltic.lv\/#website"},"primaryImageOfPage":{"@id":"https:\/\/wmtbaltic.lv\/Produkts\/pvh-pleve-st-high-transparency\/#primaryimage"},"image":{"@id":"https:\/\/wmtbaltic.lv\/Produkts\/pvh-pleve-st-high-transparency\/#primaryimage"},"thumbnailUrl":"https:\/\/wmtbaltic.lv\/wp-content\/uploads\/2022\/02\/185001398.jpg","datePublished":"2022-02-04T10:02:21+00:00","dateModified":"2022-02-10T08:00:23+00:00","description":"Caursp\u012bd\u012bgs, elast\u012bgs un iztur\u012bgs PVH materi\u0101ls pasargas j\u016bsu virsmu no skr\u0101p\u0113jumiem un iespiedumiem un t.t. Materi\u0101ls ide\u0101li piem\u0113rots galda un citu virsmu aizsardz\u012bbai. Materi\u0101ls pie\u0146em galda formu un nesl\u012bd.","breadcrumb":{"@id":"https:\/\/wmtbaltic.lv\/Produkts\/pvh-pleve-st-high-transparency\/#breadcrumb"},"inLanguage":"en-US","potentialAction":[{"@type":"ReadAction","target":["https:\/\/wmtbaltic.lv\/Produkts\/pvh-pleve-st-high-transparency\/"]}]},{"@type":"ImageObject","inLanguage":"en-US","@id":"https:\/\/wmtbaltic.lv\/Produkts\/pvh-pleve-st-high-transparency\/#primaryimage","url":"https:\/\/wmtbaltic.lv\/wp-content\/uploads\/2022\/02\/185001398.jpg","contentUrl":"https:\/\/wmtbaltic.lv\/wp-content\/uploads\/2022\/02\/185001398.jpg","width":720,"height":484},{"@type":"BreadcrumbList","@id":"https:\/\/wmtbaltic.lv\/Produkts\/pvh-pleve-st-high-transparency\/#breadcrumb","itemListElement":[{"@type":"ListItem","position":1,"name":"Home","item":"https:\/\/wmtbaltic.lv\/en\/"},{"@type":"ListItem","position":2,"name":"Shop","item":"https:\/\/wmtbaltic.lv\/shop\/"},{"@type":"ListItem","position":3,"name":"PVH pl\u0113ve ST High Transparency"}]},{"@type":"WebSite","@id":"https:\/\/wmtbaltic.lv\/#website","url":"https:\/\/wmtbaltic.lv\/","name":"WMT Baltic","description":"Rekl\u0101mas produkti, pl\u0113ves","publisher":{"@id":"https:\/\/wmtbaltic.lv\/#organization"},"potentialAction":[{"@type":"SearchAction","target":{"@type":"EntryPoint","urlTemplate":"https:\/\/wmtbaltic.lv\/?s={search_term_string}"},"query-input":{"@type":"PropertyValueSpecification","valueRequired":true,"valueName":"search_term_string"}}],"inLanguage":"en-US"},{"@type":"Organization","@id":"https:\/\/wmtbaltic.lv\/#organization","name":"WMT Baltic","url":"https:\/\/wmtbaltic.lv\/","logo":{"@type":"ImageObject","inLanguage":"en-US","@id":"https:\/\/wmtbaltic.lv\/#\/schema\/logo\/image\/","url":"https:\/\/wmtbaltic.lv\/wp-content\/uploads\/2024\/12\/wmt-baltic-sia_107142_9_420x180.jpg","contentUrl":"https:\/\/wmtbaltic.lv\/wp-content\/uploads\/2024\/12\/wmt-baltic-sia_107142_9_420x180.jpg","width":420,"height":180,"caption":"WMT Baltic"},"image":{"@id":"https:\/\/wmtbaltic.lv\/#\/schema\/logo\/image\/"},"sameAs":["https:\/\/www.facebook.com\/WMT.Baltic.viscom\/?locale=lv_LV","https:\/\/www.instagram.com\/viscom_wmt\/"]}]}},"_links":{"self":[{"href":"https:\/\/wmtbaltic.lv\/en\/wp-json\/wp\/v2\/product\/12245","targetHints":{"allow":["GET"]}}],"collection":[{"href":"https:\/\/wmtbaltic.lv\/en\/wp-json\/wp\/v2\/product"}],"about":[{"href":"https:\/\/wmtbaltic.lv\/en\/wp-json\/wp\/v2\/types\/product"}],"wp:featuredmedia":[{"embeddable":true,"href":"https:\/\/wmtbaltic.lv\/en\/wp-json\/wp\/v2\/media\/12205"}],"wp:attachment":[{"href":"https:\/\/wmtbaltic.lv\/en\/wp-json\/wp\/v2\/media?parent=12245"}],"wp:term":[{"taxonomy":"product_brand","embeddable":true,"href":"https:\/\/wmtbaltic.lv\/en\/wp-json\/wp\/v2\/product_brand?post=12245"},{"taxonomy":"product_cat","embeddable":true,"href":"https:\/\/wmtbaltic.lv\/en\/wp-json\/wp\/v2\/product_cat?post=12245"},{"taxonomy":"product_tag","embeddable":true,"href":"https:\/\/wmtbaltic.lv\/en\/wp-json\/wp\/v2\/product_tag?post=12245"}],"curies":[{"name":"wp","href":"https:\/\/api.w.org\/{rel}","templated":true}]}}