{"id":12222,"date":"2022-02-04T08:14:07","date_gmt":"2022-02-04T08:14:07","guid":{"rendered":"https:\/\/wmtbaltic.lv\/?post_type=product&#038;p=12222"},"modified":"2022-02-10T07:59:59","modified_gmt":"2022-02-10T07:59:59","slug":"pvh-pleve-fantasy-1-40m","status":"publish","type":"product","link":"https:\/\/wmtbaltic.lv\/en\/product\/pvh-pleve-fantasy-1-40m\/","title":{"rendered":"PVH pl\u0113ve Fantasy, 1.40m"},"content":{"rendered":"<p>Elast\u012bgs un iztur\u012bgs caursp\u012bd\u012bgs PVH ar optim\u0101lu UV iztur\u012bbu. Materi\u0101ls pasargas j\u016bsu virsmu no skr\u0101p\u0113jumiem un iespiedumiem. Ide\u0101li piem\u0113rots \u012bslaic\u012bgai \u0101ra tentu celtniec\u012bbai, saules aizsardz\u012bbai, tekstila arhitekt\u016brai, modes industrijai un vis\u0101s viet\u0101s, kur redzam\u012bba ir priorit\u0101te.<\/p>\n<p>Materi\u0101ls ide\u0101li piem\u0113rots galda un citu virsmu aizsardz\u012bbai. Materi\u0101ls pie\u0146em galda formu un nesl\u012bd.<\/p>\n<p>Biezums 600mk.<\/p>\n<p>Cena par 1 tek.m.<\/p>\n<p>Rullis 1.40*20m<\/p>\n<p><span style=\"color: #ff6600;\"><strong>Ja v\u0113laties izgriezt p\u0113c J\u016bsu izm\u0113riem, l\u016bdzam sazin\u0101ties ar mums: noliktava@wmt.lv vai +371 67800830!<\/strong><\/span><\/p>\n","protected":false},"excerpt":{"rendered":"Elast\u012bgs un iztur\u012bgs caursp\u012bd\u012bgs PVH ar optim\u0101lu UV iztur\u012bbu. Materi\u0101ls pasargas j\u016bsu virsmu no skr\u0101p\u0113jumiem un iespiedumiem. Ide\u0101li piem\u0113rots \u012bslaic\u012bgai \u0101ra tentu celtniec\u012bbai, saules aizsardz\u012bbai, tekstila arhitekt\u016brai, modes industrijai un vis\u0101s viet\u0101s, kur redzam\u012bba ir priorit\u0101te. Materi\u0101ls ide\u0101li piem\u0113rots galda un citu virsmu aizsardz\u012bbai. Materi\u0101ls pie\u0146em galda formu un nesl\u012bd. Biezums 600mk. Cena par 1 [...]","protected":false},"featured_media":12229,"template":"","meta":[],"product_brand":[],"product_cat":[31,100],"product_tag":[1070,844,1069,1071],"class_list":{"0":"post-12222","1":"product","2":"type-product","3":"status-publish","4":"has-post-thumbnail","6":"product_cat-loksnu-plastikati","7":"product_cat-planie-plastikati","8":"product_tag-aizsargs","9":"product_tag-pvc","10":"product_tag-pvh","11":"product_tag-virsmasaizsargpleves","13":"first","14":"instock","15":"shipping-taxable","16":"purchasable","17":"product-type-variable"},"yoast_head":"<!-- This site is optimized with the Yoast SEO plugin v27.4 - https:\/\/yoast.com\/product\/yoast-seo-wordpress\/ -->\n<title>PVH pl\u0113ve CLEARFOL Fantasy<\/title>\n<meta name=\"description\" content=\"Elast\u012bgs un iztur\u012bgs PVH materi\u0101ls pasargas j\u016bsu virsmu no skr\u0101p\u0113jumiem un iespiedumiem un t.t. Aizaglp\u0113ves wmtbaltic\" \/>\n<meta name=\"robots\" content=\"index, follow, max-snippet:-1, max-image-preview:large, max-video-preview:-1\" \/>\n<link rel=\"canonical\" href=\"https:\/\/wmtbaltic.lv\/Produkts\/pvh-pleve-fantasy-1-40m\/\" \/>\n<meta property=\"og:locale\" content=\"en_US\" \/>\n<meta property=\"og:type\" content=\"article\" \/>\n<meta property=\"og:title\" content=\"PVH pl\u0113ve CLEARFOL Fantasy\" \/>\n<meta property=\"og:description\" content=\"Elast\u012bgs un iztur\u012bgs PVH materi\u0101ls pasargas j\u016bsu virsmu no skr\u0101p\u0113jumiem un iespiedumiem un t.t. Aizaglp\u0113ves wmtbaltic\" \/>\n<meta property=\"og:url\" content=\"https:\/\/wmtbaltic.lv\/Produkts\/pvh-pleve-fantasy-1-40m\/\" \/>\n<meta property=\"og:site_name\" content=\"WMT Baltic\" \/>\n<meta property=\"article:publisher\" content=\"https:\/\/www.facebook.com\/WMT.Baltic.viscom\/?locale=lv_LV\" \/>\n<meta property=\"article:modified_time\" content=\"2022-02-10T07:59:59+00:00\" \/>\n<meta property=\"og:image\" content=\"https:\/\/wmtbaltic.lv\/wp-content\/uploads\/2022\/02\/07.CLEARFOL-FANTASY_Smoke-380x380-1.jpg\" \/>\n\t<meta property=\"og:image:width\" content=\"380\" \/>\n\t<meta property=\"og:image:height\" content=\"380\" \/>\n\t<meta property=\"og:image:type\" content=\"image\/jpeg\" \/>\n<meta name=\"twitter:card\" content=\"summary_large_image\" \/>\n<meta name=\"twitter:label1\" content=\"Est. reading time\" \/>\n\t<meta name=\"twitter:data1\" content=\"1 minute\" \/>\n<script type=\"application\/ld+json\" class=\"yoast-schema-graph\">{\"@context\":\"https:\\\/\\\/schema.org\",\"@graph\":[{\"@type\":\"WebPage\",\"@id\":\"https:\\\/\\\/wmtbaltic.lv\\\/Produkts\\\/pvh-pleve-fantasy-1-40m\\\/\",\"url\":\"https:\\\/\\\/wmtbaltic.lv\\\/Produkts\\\/pvh-pleve-fantasy-1-40m\\\/\",\"name\":\"PVH pl\u0113ve CLEARFOL Fantasy\",\"isPartOf\":{\"@id\":\"https:\\\/\\\/wmtbaltic.lv\\\/#website\"},\"primaryImageOfPage\":{\"@id\":\"https:\\\/\\\/wmtbaltic.lv\\\/Produkts\\\/pvh-pleve-fantasy-1-40m\\\/#primaryimage\"},\"image\":{\"@id\":\"https:\\\/\\\/wmtbaltic.lv\\\/Produkts\\\/pvh-pleve-fantasy-1-40m\\\/#primaryimage\"},\"thumbnailUrl\":\"https:\\\/\\\/wmtbaltic.lv\\\/wp-content\\\/uploads\\\/2022\\\/02\\\/07.CLEARFOL-FANTASY_Smoke-380x380-1.jpg\",\"datePublished\":\"2022-02-04T08:14:07+00:00\",\"dateModified\":\"2022-02-10T07:59:59+00:00\",\"description\":\"Elast\u012bgs un iztur\u012bgs PVH materi\u0101ls pasargas j\u016bsu virsmu no skr\u0101p\u0113jumiem un iespiedumiem un t.t. Aizaglp\u0113ves wmtbaltic\",\"breadcrumb\":{\"@id\":\"https:\\\/\\\/wmtbaltic.lv\\\/Produkts\\\/pvh-pleve-fantasy-1-40m\\\/#breadcrumb\"},\"inLanguage\":\"en-US\",\"potentialAction\":[{\"@type\":\"ReadAction\",\"target\":[\"https:\\\/\\\/wmtbaltic.lv\\\/Produkts\\\/pvh-pleve-fantasy-1-40m\\\/\"]}]},{\"@type\":\"ImageObject\",\"inLanguage\":\"en-US\",\"@id\":\"https:\\\/\\\/wmtbaltic.lv\\\/Produkts\\\/pvh-pleve-fantasy-1-40m\\\/#primaryimage\",\"url\":\"https:\\\/\\\/wmtbaltic.lv\\\/wp-content\\\/uploads\\\/2022\\\/02\\\/07.CLEARFOL-FANTASY_Smoke-380x380-1.jpg\",\"contentUrl\":\"https:\\\/\\\/wmtbaltic.lv\\\/wp-content\\\/uploads\\\/2022\\\/02\\\/07.CLEARFOL-FANTASY_Smoke-380x380-1.jpg\",\"width\":380,\"height\":380},{\"@type\":\"BreadcrumbList\",\"@id\":\"https:\\\/\\\/wmtbaltic.lv\\\/Produkts\\\/pvh-pleve-fantasy-1-40m\\\/#breadcrumb\",\"itemListElement\":[{\"@type\":\"ListItem\",\"position\":1,\"name\":\"Home\",\"item\":\"https:\\\/\\\/wmtbaltic.lv\\\/en\\\/\"},{\"@type\":\"ListItem\",\"position\":2,\"name\":\"Shop\",\"item\":\"https:\\\/\\\/wmtbaltic.lv\\\/shop\\\/\"},{\"@type\":\"ListItem\",\"position\":3,\"name\":\"PVH pl\u0113ve Fantasy, 1.40m\"}]},{\"@type\":\"WebSite\",\"@id\":\"https:\\\/\\\/wmtbaltic.lv\\\/#website\",\"url\":\"https:\\\/\\\/wmtbaltic.lv\\\/\",\"name\":\"WMT Baltic\",\"description\":\"Rekl\u0101mas produkti, pl\u0113ves\",\"publisher\":{\"@id\":\"https:\\\/\\\/wmtbaltic.lv\\\/#organization\"},\"potentialAction\":[{\"@type\":\"SearchAction\",\"target\":{\"@type\":\"EntryPoint\",\"urlTemplate\":\"https:\\\/\\\/wmtbaltic.lv\\\/?s={search_term_string}\"},\"query-input\":{\"@type\":\"PropertyValueSpecification\",\"valueRequired\":true,\"valueName\":\"search_term_string\"}}],\"inLanguage\":\"en-US\"},{\"@type\":\"Organization\",\"@id\":\"https:\\\/\\\/wmtbaltic.lv\\\/#organization\",\"name\":\"WMT Baltic\",\"url\":\"https:\\\/\\\/wmtbaltic.lv\\\/\",\"logo\":{\"@type\":\"ImageObject\",\"inLanguage\":\"en-US\",\"@id\":\"https:\\\/\\\/wmtbaltic.lv\\\/#\\\/schema\\\/logo\\\/image\\\/\",\"url\":\"https:\\\/\\\/wmtbaltic.lv\\\/wp-content\\\/uploads\\\/2024\\\/12\\\/wmt-baltic-sia_107142_9_420x180.jpg\",\"contentUrl\":\"https:\\\/\\\/wmtbaltic.lv\\\/wp-content\\\/uploads\\\/2024\\\/12\\\/wmt-baltic-sia_107142_9_420x180.jpg\",\"width\":420,\"height\":180,\"caption\":\"WMT Baltic\"},\"image\":{\"@id\":\"https:\\\/\\\/wmtbaltic.lv\\\/#\\\/schema\\\/logo\\\/image\\\/\"},\"sameAs\":[\"https:\\\/\\\/www.facebook.com\\\/WMT.Baltic.viscom\\\/?locale=lv_LV\",\"https:\\\/\\\/www.instagram.com\\\/viscom_wmt\\\/\"]}]}<\/script>\n<!-- \/ Yoast SEO plugin. -->","yoast_head_json":{"title":"PVH pl\u0113ve CLEARFOL Fantasy","description":"Elast\u012bgs un iztur\u012bgs PVH materi\u0101ls pasargas j\u016bsu virsmu no skr\u0101p\u0113jumiem un iespiedumiem un t.t. Aizaglp\u0113ves wmtbaltic","robots":{"index":"index","follow":"follow","max-snippet":"max-snippet:-1","max-image-preview":"max-image-preview:large","max-video-preview":"max-video-preview:-1"},"canonical":"https:\/\/wmtbaltic.lv\/Produkts\/pvh-pleve-fantasy-1-40m\/","og_locale":"en_US","og_type":"article","og_title":"PVH pl\u0113ve CLEARFOL Fantasy","og_description":"Elast\u012bgs un iztur\u012bgs PVH materi\u0101ls pasargas j\u016bsu virsmu no skr\u0101p\u0113jumiem un iespiedumiem un t.t. Aizaglp\u0113ves wmtbaltic","og_url":"https:\/\/wmtbaltic.lv\/Produkts\/pvh-pleve-fantasy-1-40m\/","og_site_name":"WMT Baltic","article_publisher":"https:\/\/www.facebook.com\/WMT.Baltic.viscom\/?locale=lv_LV","article_modified_time":"2022-02-10T07:59:59+00:00","og_image":[{"width":380,"height":380,"url":"https:\/\/wmtbaltic.lv\/wp-content\/uploads\/2022\/02\/07.CLEARFOL-FANTASY_Smoke-380x380-1.jpg","type":"image\/jpeg"}],"twitter_card":"summary_large_image","twitter_misc":{"Est. reading time":"1 minute"},"schema":{"@context":"https:\/\/schema.org","@graph":[{"@type":"WebPage","@id":"https:\/\/wmtbaltic.lv\/Produkts\/pvh-pleve-fantasy-1-40m\/","url":"https:\/\/wmtbaltic.lv\/Produkts\/pvh-pleve-fantasy-1-40m\/","name":"PVH pl\u0113ve CLEARFOL Fantasy","isPartOf":{"@id":"https:\/\/wmtbaltic.lv\/#website"},"primaryImageOfPage":{"@id":"https:\/\/wmtbaltic.lv\/Produkts\/pvh-pleve-fantasy-1-40m\/#primaryimage"},"image":{"@id":"https:\/\/wmtbaltic.lv\/Produkts\/pvh-pleve-fantasy-1-40m\/#primaryimage"},"thumbnailUrl":"https:\/\/wmtbaltic.lv\/wp-content\/uploads\/2022\/02\/07.CLEARFOL-FANTASY_Smoke-380x380-1.jpg","datePublished":"2022-02-04T08:14:07+00:00","dateModified":"2022-02-10T07:59:59+00:00","description":"Elast\u012bgs un iztur\u012bgs PVH materi\u0101ls pasargas j\u016bsu virsmu no skr\u0101p\u0113jumiem un iespiedumiem un t.t. Aizaglp\u0113ves wmtbaltic","breadcrumb":{"@id":"https:\/\/wmtbaltic.lv\/Produkts\/pvh-pleve-fantasy-1-40m\/#breadcrumb"},"inLanguage":"en-US","potentialAction":[{"@type":"ReadAction","target":["https:\/\/wmtbaltic.lv\/Produkts\/pvh-pleve-fantasy-1-40m\/"]}]},{"@type":"ImageObject","inLanguage":"en-US","@id":"https:\/\/wmtbaltic.lv\/Produkts\/pvh-pleve-fantasy-1-40m\/#primaryimage","url":"https:\/\/wmtbaltic.lv\/wp-content\/uploads\/2022\/02\/07.CLEARFOL-FANTASY_Smoke-380x380-1.jpg","contentUrl":"https:\/\/wmtbaltic.lv\/wp-content\/uploads\/2022\/02\/07.CLEARFOL-FANTASY_Smoke-380x380-1.jpg","width":380,"height":380},{"@type":"BreadcrumbList","@id":"https:\/\/wmtbaltic.lv\/Produkts\/pvh-pleve-fantasy-1-40m\/#breadcrumb","itemListElement":[{"@type":"ListItem","position":1,"name":"Home","item":"https:\/\/wmtbaltic.lv\/en\/"},{"@type":"ListItem","position":2,"name":"Shop","item":"https:\/\/wmtbaltic.lv\/shop\/"},{"@type":"ListItem","position":3,"name":"PVH pl\u0113ve Fantasy, 1.40m"}]},{"@type":"WebSite","@id":"https:\/\/wmtbaltic.lv\/#website","url":"https:\/\/wmtbaltic.lv\/","name":"WMT Baltic","description":"Rekl\u0101mas produkti, pl\u0113ves","publisher":{"@id":"https:\/\/wmtbaltic.lv\/#organization"},"potentialAction":[{"@type":"SearchAction","target":{"@type":"EntryPoint","urlTemplate":"https:\/\/wmtbaltic.lv\/?s={search_term_string}"},"query-input":{"@type":"PropertyValueSpecification","valueRequired":true,"valueName":"search_term_string"}}],"inLanguage":"en-US"},{"@type":"Organization","@id":"https:\/\/wmtbaltic.lv\/#organization","name":"WMT Baltic","url":"https:\/\/wmtbaltic.lv\/","logo":{"@type":"ImageObject","inLanguage":"en-US","@id":"https:\/\/wmtbaltic.lv\/#\/schema\/logo\/image\/","url":"https:\/\/wmtbaltic.lv\/wp-content\/uploads\/2024\/12\/wmt-baltic-sia_107142_9_420x180.jpg","contentUrl":"https:\/\/wmtbaltic.lv\/wp-content\/uploads\/2024\/12\/wmt-baltic-sia_107142_9_420x180.jpg","width":420,"height":180,"caption":"WMT Baltic"},"image":{"@id":"https:\/\/wmtbaltic.lv\/#\/schema\/logo\/image\/"},"sameAs":["https:\/\/www.facebook.com\/WMT.Baltic.viscom\/?locale=lv_LV","https:\/\/www.instagram.com\/viscom_wmt\/"]}]}},"_links":{"self":[{"href":"https:\/\/wmtbaltic.lv\/en\/wp-json\/wp\/v2\/product\/12222","targetHints":{"allow":["GET"]}}],"collection":[{"href":"https:\/\/wmtbaltic.lv\/en\/wp-json\/wp\/v2\/product"}],"about":[{"href":"https:\/\/wmtbaltic.lv\/en\/wp-json\/wp\/v2\/types\/product"}],"wp:featuredmedia":[{"embeddable":true,"href":"https:\/\/wmtbaltic.lv\/en\/wp-json\/wp\/v2\/media\/12229"}],"wp:attachment":[{"href":"https:\/\/wmtbaltic.lv\/en\/wp-json\/wp\/v2\/media?parent=12222"}],"wp:term":[{"taxonomy":"product_brand","embeddable":true,"href":"https:\/\/wmtbaltic.lv\/en\/wp-json\/wp\/v2\/product_brand?post=12222"},{"taxonomy":"product_cat","embeddable":true,"href":"https:\/\/wmtbaltic.lv\/en\/wp-json\/wp\/v2\/product_cat?post=12222"},{"taxonomy":"product_tag","embeddable":true,"href":"https:\/\/wmtbaltic.lv\/en\/wp-json\/wp\/v2\/product_tag?post=12222"}],"curies":[{"name":"wp","href":"https:\/\/api.w.org\/{rel}","templated":true}]}}