{"id":12204,"date":"2022-02-03T14:51:56","date_gmt":"2022-02-03T14:51:56","guid":{"rendered":"https:\/\/wmtbaltic.lv\/?post_type=product&#038;p=12204"},"modified":"2022-02-10T07:44:47","modified_gmt":"2022-02-10T07:44:47","slug":"pvh-pleve-ht","status":"publish","type":"product","link":"https:\/\/wmtbaltic.lv\/en\/product\/pvh-pleve-ht\/","title":{"rendered":"Clear PVC HT"},"content":{"rendered":"<p id=\"c356\" class=\"oBOnKe\"><span class=\"JLqJ4b ChMk0b\" style=\"font-size: 16px;\" data-language-for-alternatives=\"lv\" data-language-to-translate-into=\"es\" data-phrase-index=\"0\" data-number-of-phrases=\"4\">Augstas kvalit\u0101tes elast\u012bgs caursp\u012bd\u012bgs PVC\u00a0 ar izcilu, optim\u0101lu UV iztur\u012bbu&#8230;<\/span><\/p>\n<p>Caursp\u012bd\u012bga, elast\u012bga un iztur\u012bga PVC pl\u0113ve pasargas j\u016bsu virsmu no skr\u0101p\u0113jumiem un iespiedumiem un t.t. Materi\u0101ls ide\u0101li piem\u0113rots galda un citu virsmu aizsardz\u012bbai. Materi\u0101ls pie\u0146em galda formu un nesl\u012bd.<\/p>\n<p>M\u0113s sagrie\u017eam materi\u0101lu p\u0113c J\u016bsu izm\u0113ra un formas.<\/p>\n<p>PVC pl\u0113ves biezums s\u0101kot no 500mk<\/p>\n<p>&nbsp;<\/p>\n<p><span style=\"color: #ff6600;\"><strong>Ja v\u0113laties izgriezt p\u0113c J\u016bsu izm\u0113riem, l\u016bdzam sazin\u0101ties ar mums: noliktava@wmt.lv vai +371 67800830!<\/strong><\/span><\/p>\n","protected":false},"excerpt":{"rendered":"Augstas kvalit\u0101tes elast\u012bgs caursp\u012bd\u012bgs PVC\u00a0 ar izcilu, optim\u0101lu UV iztur\u012bbu... Caursp\u012bd\u012bga, elast\u012bga un iztur\u012bga PVC pl\u0113ve pasargas j\u016bsu virsmu no skr\u0101p\u0113jumiem un iespiedumiem un t.t. Materi\u0101ls ide\u0101li piem\u0113rots galda un citu virsmu aizsardz\u012bbai. Materi\u0101ls pie\u0146em galda formu un nesl\u012bd. M\u0113s sagrie\u017eam materi\u0101lu p\u0113c J\u016bsu izm\u0113ra un formas. PVC pl\u0113ves biezums s\u0101kot no 500mk &nbsp; Ja [...]","protected":false},"featured_media":12205,"comment_status":"closed","ping_status":"closed","template":"","meta":[],"product_brand":[],"product_cat":[100],"product_tag":[1070,844,1069,1071],"class_list":{"0":"post-12204","1":"product","2":"type-product","3":"status-publish","4":"has-post-thumbnail","6":"product_cat-planie-plastikati","7":"product_tag-aizsargs","8":"product_tag-pvc","9":"product_tag-pvh","10":"product_tag-virsmasaizsargpleves","12":"first","13":"instock","14":"shipping-taxable","15":"purchasable","16":"product-type-variable"},"yoast_head":"<!-- This site is optimized with the Yoast SEO plugin v27.4 - https:\/\/yoast.com\/product\/yoast-seo-wordpress\/ -->\n<title>PVH pl\u0113ve CLEARFOL HT<\/title>\n<meta name=\"description\" content=\"Caursp\u012bd\u012bgs, elast\u012bgs un iztur\u012bgs PVH materi\u0101ls pasargas j\u016bsu virsmu no skr\u0101p\u0113jumiem un iespiedumiem un t.t. Materi\u0101ls ide\u0101li piem\u0113rots galda un citu virsmu aizsardz\u012bbai. Materi\u0101ls pie\u0146em galda formu un nesl\u012bd.\" \/>\n<meta name=\"robots\" content=\"index, follow, max-snippet:-1, max-image-preview:large, max-video-preview:-1\" \/>\n<link rel=\"canonical\" href=\"https:\/\/wmtbaltic.lv\/Produkts\/pvh-pleve-ht\/\" \/>\n<meta property=\"og:locale\" content=\"en_US\" \/>\n<meta property=\"og:type\" content=\"article\" \/>\n<meta property=\"og:title\" content=\"PVH pl\u0113ve CLEARFOL HT\" \/>\n<meta property=\"og:description\" content=\"Caursp\u012bd\u012bgs, elast\u012bgs un iztur\u012bgs PVH materi\u0101ls pasargas j\u016bsu virsmu no skr\u0101p\u0113jumiem un iespiedumiem un t.t. Materi\u0101ls ide\u0101li piem\u0113rots galda un citu virsmu aizsardz\u012bbai. Materi\u0101ls pie\u0146em galda formu un nesl\u012bd.\" \/>\n<meta property=\"og:url\" content=\"https:\/\/wmtbaltic.lv\/Produkts\/pvh-pleve-ht\/\" \/>\n<meta property=\"og:site_name\" content=\"WMT Baltic\" \/>\n<meta property=\"article:publisher\" content=\"https:\/\/www.facebook.com\/WMT.Baltic.viscom\/?locale=lv_LV\" \/>\n<meta property=\"article:modified_time\" content=\"2022-02-10T07:44:47+00:00\" \/>\n<meta property=\"og:image\" content=\"https:\/\/wmtbaltic.lv\/wp-content\/uploads\/2022\/02\/185001398.jpg\" \/>\n\t<meta property=\"og:image:width\" content=\"720\" \/>\n\t<meta property=\"og:image:height\" content=\"484\" \/>\n\t<meta property=\"og:image:type\" content=\"image\/jpeg\" \/>\n<meta name=\"twitter:card\" content=\"summary_large_image\" \/>\n<meta name=\"twitter:label1\" content=\"Est. reading time\" \/>\n\t<meta name=\"twitter:data1\" content=\"1 minute\" \/>\n<script type=\"application\/ld+json\" class=\"yoast-schema-graph\">{\"@context\":\"https:\\\/\\\/schema.org\",\"@graph\":[{\"@type\":\"WebPage\",\"@id\":\"https:\\\/\\\/wmtbaltic.lv\\\/Produkts\\\/pvh-pleve-ht\\\/\",\"url\":\"https:\\\/\\\/wmtbaltic.lv\\\/Produkts\\\/pvh-pleve-ht\\\/\",\"name\":\"PVH pl\u0113ve CLEARFOL HT\",\"isPartOf\":{\"@id\":\"https:\\\/\\\/wmtbaltic.lv\\\/#website\"},\"primaryImageOfPage\":{\"@id\":\"https:\\\/\\\/wmtbaltic.lv\\\/Produkts\\\/pvh-pleve-ht\\\/#primaryimage\"},\"image\":{\"@id\":\"https:\\\/\\\/wmtbaltic.lv\\\/Produkts\\\/pvh-pleve-ht\\\/#primaryimage\"},\"thumbnailUrl\":\"https:\\\/\\\/wmtbaltic.lv\\\/wp-content\\\/uploads\\\/2022\\\/02\\\/185001398.jpg\",\"datePublished\":\"2022-02-03T14:51:56+00:00\",\"dateModified\":\"2022-02-10T07:44:47+00:00\",\"description\":\"Caursp\u012bd\u012bgs, elast\u012bgs un iztur\u012bgs PVH materi\u0101ls pasargas j\u016bsu virsmu no skr\u0101p\u0113jumiem un iespiedumiem un t.t. Materi\u0101ls ide\u0101li piem\u0113rots galda un citu virsmu aizsardz\u012bbai. Materi\u0101ls pie\u0146em galda formu un nesl\u012bd.\",\"breadcrumb\":{\"@id\":\"https:\\\/\\\/wmtbaltic.lv\\\/Produkts\\\/pvh-pleve-ht\\\/#breadcrumb\"},\"inLanguage\":\"en-US\",\"potentialAction\":[{\"@type\":\"ReadAction\",\"target\":[\"https:\\\/\\\/wmtbaltic.lv\\\/Produkts\\\/pvh-pleve-ht\\\/\"]}]},{\"@type\":\"ImageObject\",\"inLanguage\":\"en-US\",\"@id\":\"https:\\\/\\\/wmtbaltic.lv\\\/Produkts\\\/pvh-pleve-ht\\\/#primaryimage\",\"url\":\"https:\\\/\\\/wmtbaltic.lv\\\/wp-content\\\/uploads\\\/2022\\\/02\\\/185001398.jpg\",\"contentUrl\":\"https:\\\/\\\/wmtbaltic.lv\\\/wp-content\\\/uploads\\\/2022\\\/02\\\/185001398.jpg\",\"width\":720,\"height\":484},{\"@type\":\"BreadcrumbList\",\"@id\":\"https:\\\/\\\/wmtbaltic.lv\\\/Produkts\\\/pvh-pleve-ht\\\/#breadcrumb\",\"itemListElement\":[{\"@type\":\"ListItem\",\"position\":1,\"name\":\"Home\",\"item\":\"https:\\\/\\\/wmtbaltic.lv\\\/en\\\/\"},{\"@type\":\"ListItem\",\"position\":2,\"name\":\"Products\",\"item\":\"https:\\\/\\\/wmtbaltic.lv\\\/en\\\/shop\\\/\"},{\"@type\":\"ListItem\",\"position\":3,\"name\":\"Clear PVC HT\"}]},{\"@type\":\"WebSite\",\"@id\":\"https:\\\/\\\/wmtbaltic.lv\\\/#website\",\"url\":\"https:\\\/\\\/wmtbaltic.lv\\\/\",\"name\":\"WMT Baltic\",\"description\":\"Rekl\u0101mas produkti, pl\u0113ves\",\"publisher\":{\"@id\":\"https:\\\/\\\/wmtbaltic.lv\\\/#organization\"},\"potentialAction\":[{\"@type\":\"SearchAction\",\"target\":{\"@type\":\"EntryPoint\",\"urlTemplate\":\"https:\\\/\\\/wmtbaltic.lv\\\/?s={search_term_string}\"},\"query-input\":{\"@type\":\"PropertyValueSpecification\",\"valueRequired\":true,\"valueName\":\"search_term_string\"}}],\"inLanguage\":\"en-US\"},{\"@type\":\"Organization\",\"@id\":\"https:\\\/\\\/wmtbaltic.lv\\\/#organization\",\"name\":\"WMT Baltic\",\"url\":\"https:\\\/\\\/wmtbaltic.lv\\\/\",\"logo\":{\"@type\":\"ImageObject\",\"inLanguage\":\"en-US\",\"@id\":\"https:\\\/\\\/wmtbaltic.lv\\\/#\\\/schema\\\/logo\\\/image\\\/\",\"url\":\"https:\\\/\\\/wmtbaltic.lv\\\/wp-content\\\/uploads\\\/2024\\\/12\\\/wmt-baltic-sia_107142_9_420x180.jpg\",\"contentUrl\":\"https:\\\/\\\/wmtbaltic.lv\\\/wp-content\\\/uploads\\\/2024\\\/12\\\/wmt-baltic-sia_107142_9_420x180.jpg\",\"width\":420,\"height\":180,\"caption\":\"WMT Baltic\"},\"image\":{\"@id\":\"https:\\\/\\\/wmtbaltic.lv\\\/#\\\/schema\\\/logo\\\/image\\\/\"},\"sameAs\":[\"https:\\\/\\\/www.facebook.com\\\/WMT.Baltic.viscom\\\/?locale=lv_LV\",\"https:\\\/\\\/www.instagram.com\\\/viscom_wmt\\\/\"]}]}<\/script>\n<!-- \/ Yoast SEO plugin. -->","yoast_head_json":{"title":"PVH pl\u0113ve CLEARFOL HT","description":"Caursp\u012bd\u012bgs, elast\u012bgs un iztur\u012bgs PVH materi\u0101ls pasargas j\u016bsu virsmu no skr\u0101p\u0113jumiem un iespiedumiem un t.t. Materi\u0101ls ide\u0101li piem\u0113rots galda un citu virsmu aizsardz\u012bbai. Materi\u0101ls pie\u0146em galda formu un nesl\u012bd.","robots":{"index":"index","follow":"follow","max-snippet":"max-snippet:-1","max-image-preview":"max-image-preview:large","max-video-preview":"max-video-preview:-1"},"canonical":"https:\/\/wmtbaltic.lv\/Produkts\/pvh-pleve-ht\/","og_locale":"en_US","og_type":"article","og_title":"PVH pl\u0113ve CLEARFOL HT","og_description":"Caursp\u012bd\u012bgs, elast\u012bgs un iztur\u012bgs PVH materi\u0101ls pasargas j\u016bsu virsmu no skr\u0101p\u0113jumiem un iespiedumiem un t.t. Materi\u0101ls ide\u0101li piem\u0113rots galda un citu virsmu aizsardz\u012bbai. Materi\u0101ls pie\u0146em galda formu un nesl\u012bd.","og_url":"https:\/\/wmtbaltic.lv\/Produkts\/pvh-pleve-ht\/","og_site_name":"WMT Baltic","article_publisher":"https:\/\/www.facebook.com\/WMT.Baltic.viscom\/?locale=lv_LV","article_modified_time":"2022-02-10T07:44:47+00:00","og_image":[{"width":720,"height":484,"url":"https:\/\/wmtbaltic.lv\/wp-content\/uploads\/2022\/02\/185001398.jpg","type":"image\/jpeg"}],"twitter_card":"summary_large_image","twitter_misc":{"Est. reading time":"1 minute"},"schema":{"@context":"https:\/\/schema.org","@graph":[{"@type":"WebPage","@id":"https:\/\/wmtbaltic.lv\/Produkts\/pvh-pleve-ht\/","url":"https:\/\/wmtbaltic.lv\/Produkts\/pvh-pleve-ht\/","name":"PVH pl\u0113ve CLEARFOL HT","isPartOf":{"@id":"https:\/\/wmtbaltic.lv\/#website"},"primaryImageOfPage":{"@id":"https:\/\/wmtbaltic.lv\/Produkts\/pvh-pleve-ht\/#primaryimage"},"image":{"@id":"https:\/\/wmtbaltic.lv\/Produkts\/pvh-pleve-ht\/#primaryimage"},"thumbnailUrl":"https:\/\/wmtbaltic.lv\/wp-content\/uploads\/2022\/02\/185001398.jpg","datePublished":"2022-02-03T14:51:56+00:00","dateModified":"2022-02-10T07:44:47+00:00","description":"Caursp\u012bd\u012bgs, elast\u012bgs un iztur\u012bgs PVH materi\u0101ls pasargas j\u016bsu virsmu no skr\u0101p\u0113jumiem un iespiedumiem un t.t. Materi\u0101ls ide\u0101li piem\u0113rots galda un citu virsmu aizsardz\u012bbai. Materi\u0101ls pie\u0146em galda formu un nesl\u012bd.","breadcrumb":{"@id":"https:\/\/wmtbaltic.lv\/Produkts\/pvh-pleve-ht\/#breadcrumb"},"inLanguage":"en-US","potentialAction":[{"@type":"ReadAction","target":["https:\/\/wmtbaltic.lv\/Produkts\/pvh-pleve-ht\/"]}]},{"@type":"ImageObject","inLanguage":"en-US","@id":"https:\/\/wmtbaltic.lv\/Produkts\/pvh-pleve-ht\/#primaryimage","url":"https:\/\/wmtbaltic.lv\/wp-content\/uploads\/2022\/02\/185001398.jpg","contentUrl":"https:\/\/wmtbaltic.lv\/wp-content\/uploads\/2022\/02\/185001398.jpg","width":720,"height":484},{"@type":"BreadcrumbList","@id":"https:\/\/wmtbaltic.lv\/Produkts\/pvh-pleve-ht\/#breadcrumb","itemListElement":[{"@type":"ListItem","position":1,"name":"Home","item":"https:\/\/wmtbaltic.lv\/en\/"},{"@type":"ListItem","position":2,"name":"Products","item":"https:\/\/wmtbaltic.lv\/en\/shop\/"},{"@type":"ListItem","position":3,"name":"Clear PVC HT"}]},{"@type":"WebSite","@id":"https:\/\/wmtbaltic.lv\/#website","url":"https:\/\/wmtbaltic.lv\/","name":"WMT Baltic","description":"Rekl\u0101mas produkti, pl\u0113ves","publisher":{"@id":"https:\/\/wmtbaltic.lv\/#organization"},"potentialAction":[{"@type":"SearchAction","target":{"@type":"EntryPoint","urlTemplate":"https:\/\/wmtbaltic.lv\/?s={search_term_string}"},"query-input":{"@type":"PropertyValueSpecification","valueRequired":true,"valueName":"search_term_string"}}],"inLanguage":"en-US"},{"@type":"Organization","@id":"https:\/\/wmtbaltic.lv\/#organization","name":"WMT Baltic","url":"https:\/\/wmtbaltic.lv\/","logo":{"@type":"ImageObject","inLanguage":"en-US","@id":"https:\/\/wmtbaltic.lv\/#\/schema\/logo\/image\/","url":"https:\/\/wmtbaltic.lv\/wp-content\/uploads\/2024\/12\/wmt-baltic-sia_107142_9_420x180.jpg","contentUrl":"https:\/\/wmtbaltic.lv\/wp-content\/uploads\/2024\/12\/wmt-baltic-sia_107142_9_420x180.jpg","width":420,"height":180,"caption":"WMT Baltic"},"image":{"@id":"https:\/\/wmtbaltic.lv\/#\/schema\/logo\/image\/"},"sameAs":["https:\/\/www.facebook.com\/WMT.Baltic.viscom\/?locale=lv_LV","https:\/\/www.instagram.com\/viscom_wmt\/"]}]}},"_links":{"self":[{"href":"https:\/\/wmtbaltic.lv\/en\/wp-json\/wp\/v2\/product\/12204","targetHints":{"allow":["GET"]}}],"collection":[{"href":"https:\/\/wmtbaltic.lv\/en\/wp-json\/wp\/v2\/product"}],"about":[{"href":"https:\/\/wmtbaltic.lv\/en\/wp-json\/wp\/v2\/types\/product"}],"replies":[{"embeddable":true,"href":"https:\/\/wmtbaltic.lv\/en\/wp-json\/wp\/v2\/comments?post=12204"}],"wp:featuredmedia":[{"embeddable":true,"href":"https:\/\/wmtbaltic.lv\/en\/wp-json\/wp\/v2\/media\/12205"}],"wp:attachment":[{"href":"https:\/\/wmtbaltic.lv\/en\/wp-json\/wp\/v2\/media?parent=12204"}],"wp:term":[{"taxonomy":"product_brand","embeddable":true,"href":"https:\/\/wmtbaltic.lv\/en\/wp-json\/wp\/v2\/product_brand?post=12204"},{"taxonomy":"product_cat","embeddable":true,"href":"https:\/\/wmtbaltic.lv\/en\/wp-json\/wp\/v2\/product_cat?post=12204"},{"taxonomy":"product_tag","embeddable":true,"href":"https:\/\/wmtbaltic.lv\/en\/wp-json\/wp\/v2\/product_tag?post=12204"}],"curies":[{"name":"wp","href":"https:\/\/api.w.org\/{rel}","templated":true}]}}