{"id":11994,"date":"2021-12-20T09:35:36","date_gmt":"2021-12-20T09:35:36","guid":{"rendered":"https:\/\/wmtbaltic.lv\/?post_type=product&#038;p=11994"},"modified":"2025-04-25T09:18:09","modified_gmt":"2025-04-25T09:18:09","slug":"distanceris-forfix-if02-middle","status":"publish","type":"product","link":"https:\/\/wmtbaltic.lv\/en\/product\/distanceris-forfix-if02-middle\/","title":{"rendered":"Distanceris forFIX IF02, middle"},"content":{"rendered":"<p><b>\u00a0ForFIX IF02 middle <\/b>&#8211;\u00a0 distanceris no iztur\u012bga pret laika apst\u0101k\u013ciem plastik\u0101ta \u0101tram logotipu, fas\u0101\u017eu tekstu, tr\u012bsdimensiju burtu un pl\u0101ksnes mont\u0101\u017e\u0101m.<br \/>\nElements sienas pus\u0113 tiek pieskr\u016bv\u0113ts un elements pl\u0101ksn\u012btes pus\u0113 tiek vienk\u0101r\u0161i piel\u012bmets<\/p>\n<p>Diametrs 17 mm.<\/p>\n<p>Att\u0101lums no sienas 20 mm.<\/p>\n<p>Maksim\u0101lais burtu augstums 400mm<\/p>\n","protected":false},"excerpt":{"rendered":"\u00a0ForFIX IF02 middle -\u00a0 distanceris no iztur\u012bga pret laika apst\u0101k\u013ciem plastik\u0101ta \u0101tram logotipu, fas\u0101\u017eu tekstu, tr\u012bsdimensiju burtu un pl\u0101ksnes mont\u0101\u017e\u0101m. Elements sienas pus\u0113 tiek pieskr\u016bv\u0113ts un elements pl\u0101ksn\u012btes pus\u0113 tiek vienk\u0101r\u0161i piel\u012bmets Diametrs 17 mm. Att\u0101lums no sienas 20 mm. Maksim\u0101lais burtu augstums 400mm","protected":false},"featured_media":11990,"comment_status":"closed","ping_status":"closed","template":"","meta":[],"product_brand":[],"product_cat":[949],"product_tag":[1065,1066],"class_list":{"0":"post-11994","1":"product","2":"type-product","3":"status-publish","4":"has-post-thumbnail","6":"product_cat-stiprinajums-pie-sienas","7":"product_tag-burtu-montaza","8":"product_tag-logo-montaza","10":"first","11":"instock","12":"shipping-taxable","13":"purchasable","14":"product-type-simple"},"yoast_head":"<!-- This site is optimized with the Yoast SEO plugin v27.4 - https:\/\/yoast.com\/product\/yoast-seo-wordpress\/ -->\n<title>Distanceris forFIX IF02, middle , nopirkt veikal\u0101 R\u012bg\u0101<\/title>\n<meta name=\"robots\" content=\"index, follow, max-snippet:-1, max-image-preview:large, max-video-preview:-1\" \/>\n<link rel=\"canonical\" href=\"https:\/\/wmtbaltic.lv\/product\/distanceris-forfix-if02-middle\/\" \/>\n<meta property=\"og:locale\" content=\"en_US\" \/>\n<meta property=\"og:type\" content=\"article\" \/>\n<meta property=\"og:title\" content=\"Distanceris forFIX IF02, middle , nopirkt veikal\u0101 R\u012bg\u0101\" \/>\n<meta property=\"og:url\" content=\"https:\/\/wmtbaltic.lv\/product\/distanceris-forfix-if02-middle\/\" \/>\n<meta property=\"og:site_name\" content=\"WMT Baltic\" \/>\n<meta property=\"article:publisher\" content=\"https:\/\/www.facebook.com\/WMT.Baltic.viscom\/?locale=lv_LV\" \/>\n<meta property=\"article:modified_time\" content=\"2025-04-25T09:18:09+00:00\" \/>\n<meta property=\"og:image\" content=\"http:\/\/wmtbaltic.lv\/wp-content\/uploads\/2021\/12\/IF01_0.png\" \/>\n\t<meta property=\"og:image:width\" content=\"500\" \/>\n\t<meta property=\"og:image:height\" content=\"500\" \/>\n\t<meta property=\"og:image:type\" content=\"image\/png\" \/>\n<meta name=\"twitter:card\" content=\"summary_large_image\" \/>\n<meta name=\"twitter:label1\" content=\"Est. reading time\" \/>\n\t<meta name=\"twitter:data1\" content=\"1 minute\" \/>\n<script type=\"application\/ld+json\" class=\"yoast-schema-graph\">{\"@context\":\"https:\\\/\\\/schema.org\",\"@graph\":[{\"@type\":\"WebPage\",\"@id\":\"https:\\\/\\\/wmtbaltic.lv\\\/product\\\/distanceris-forfix-if02-middle\\\/\",\"url\":\"https:\\\/\\\/wmtbaltic.lv\\\/product\\\/distanceris-forfix-if02-middle\\\/\",\"name\":\"Distanceris forFIX IF02, middle , nopirkt veikal\u0101 R\u012bg\u0101\",\"isPartOf\":{\"@id\":\"https:\\\/\\\/wmtbaltic.lv\\\/#website\"},\"primaryImageOfPage\":{\"@id\":\"https:\\\/\\\/wmtbaltic.lv\\\/product\\\/distanceris-forfix-if02-middle\\\/#primaryimage\"},\"image\":{\"@id\":\"https:\\\/\\\/wmtbaltic.lv\\\/product\\\/distanceris-forfix-if02-middle\\\/#primaryimage\"},\"thumbnailUrl\":\"https:\\\/\\\/wmtbaltic.lv\\\/wp-content\\\/uploads\\\/2021\\\/12\\\/IF01_0.png\",\"datePublished\":\"2021-12-20T09:35:36+00:00\",\"dateModified\":\"2025-04-25T09:18:09+00:00\",\"breadcrumb\":{\"@id\":\"https:\\\/\\\/wmtbaltic.lv\\\/product\\\/distanceris-forfix-if02-middle\\\/#breadcrumb\"},\"inLanguage\":\"en-US\",\"potentialAction\":[{\"@type\":\"ReadAction\",\"target\":[\"https:\\\/\\\/wmtbaltic.lv\\\/product\\\/distanceris-forfix-if02-middle\\\/\"]}]},{\"@type\":\"ImageObject\",\"inLanguage\":\"en-US\",\"@id\":\"https:\\\/\\\/wmtbaltic.lv\\\/product\\\/distanceris-forfix-if02-middle\\\/#primaryimage\",\"url\":\"https:\\\/\\\/wmtbaltic.lv\\\/wp-content\\\/uploads\\\/2021\\\/12\\\/IF01_0.png\",\"contentUrl\":\"https:\\\/\\\/wmtbaltic.lv\\\/wp-content\\\/uploads\\\/2021\\\/12\\\/IF01_0.png\",\"width\":500,\"height\":500},{\"@type\":\"BreadcrumbList\",\"@id\":\"https:\\\/\\\/wmtbaltic.lv\\\/product\\\/distanceris-forfix-if02-middle\\\/#breadcrumb\",\"itemListElement\":[{\"@type\":\"ListItem\",\"position\":1,\"name\":\"Home\",\"item\":\"https:\\\/\\\/wmtbaltic.lv\\\/en\\\/\"},{\"@type\":\"ListItem\",\"position\":2,\"name\":\"Products\",\"item\":\"https:\\\/\\\/wmtbaltic.lv\\\/en\\\/shop\\\/\"},{\"@type\":\"ListItem\",\"position\":3,\"name\":\"Distanceris forFIX IF02, middle\"}]},{\"@type\":\"WebSite\",\"@id\":\"https:\\\/\\\/wmtbaltic.lv\\\/#website\",\"url\":\"https:\\\/\\\/wmtbaltic.lv\\\/\",\"name\":\"WMT Baltic\",\"description\":\"Rekl\u0101mas produkti, pl\u0113ves\",\"publisher\":{\"@id\":\"https:\\\/\\\/wmtbaltic.lv\\\/#organization\"},\"potentialAction\":[{\"@type\":\"SearchAction\",\"target\":{\"@type\":\"EntryPoint\",\"urlTemplate\":\"https:\\\/\\\/wmtbaltic.lv\\\/?s={search_term_string}\"},\"query-input\":{\"@type\":\"PropertyValueSpecification\",\"valueRequired\":true,\"valueName\":\"search_term_string\"}}],\"inLanguage\":\"en-US\"},{\"@type\":\"Organization\",\"@id\":\"https:\\\/\\\/wmtbaltic.lv\\\/#organization\",\"name\":\"WMT Baltic\",\"url\":\"https:\\\/\\\/wmtbaltic.lv\\\/\",\"logo\":{\"@type\":\"ImageObject\",\"inLanguage\":\"en-US\",\"@id\":\"https:\\\/\\\/wmtbaltic.lv\\\/#\\\/schema\\\/logo\\\/image\\\/\",\"url\":\"https:\\\/\\\/wmtbaltic.lv\\\/wp-content\\\/uploads\\\/2024\\\/12\\\/wmt-baltic-sia_107142_9_420x180.jpg\",\"contentUrl\":\"https:\\\/\\\/wmtbaltic.lv\\\/wp-content\\\/uploads\\\/2024\\\/12\\\/wmt-baltic-sia_107142_9_420x180.jpg\",\"width\":420,\"height\":180,\"caption\":\"WMT Baltic\"},\"image\":{\"@id\":\"https:\\\/\\\/wmtbaltic.lv\\\/#\\\/schema\\\/logo\\\/image\\\/\"},\"sameAs\":[\"https:\\\/\\\/www.facebook.com\\\/WMT.Baltic.viscom\\\/?locale=lv_LV\",\"https:\\\/\\\/www.instagram.com\\\/viscom_wmt\\\/\"]}]}<\/script>\n<!-- \/ Yoast SEO plugin. -->","yoast_head_json":{"title":"Distanceris forFIX IF02, middle , nopirkt veikal\u0101 R\u012bg\u0101","robots":{"index":"index","follow":"follow","max-snippet":"max-snippet:-1","max-image-preview":"max-image-preview:large","max-video-preview":"max-video-preview:-1"},"canonical":"https:\/\/wmtbaltic.lv\/product\/distanceris-forfix-if02-middle\/","og_locale":"en_US","og_type":"article","og_title":"Distanceris forFIX IF02, middle , nopirkt veikal\u0101 R\u012bg\u0101","og_url":"https:\/\/wmtbaltic.lv\/product\/distanceris-forfix-if02-middle\/","og_site_name":"WMT Baltic","article_publisher":"https:\/\/www.facebook.com\/WMT.Baltic.viscom\/?locale=lv_LV","article_modified_time":"2025-04-25T09:18:09+00:00","og_image":[{"width":500,"height":500,"url":"http:\/\/wmtbaltic.lv\/wp-content\/uploads\/2021\/12\/IF01_0.png","type":"image\/png"}],"twitter_card":"summary_large_image","twitter_misc":{"Est. reading time":"1 minute"},"schema":{"@context":"https:\/\/schema.org","@graph":[{"@type":"WebPage","@id":"https:\/\/wmtbaltic.lv\/product\/distanceris-forfix-if02-middle\/","url":"https:\/\/wmtbaltic.lv\/product\/distanceris-forfix-if02-middle\/","name":"Distanceris forFIX IF02, middle , nopirkt veikal\u0101 R\u012bg\u0101","isPartOf":{"@id":"https:\/\/wmtbaltic.lv\/#website"},"primaryImageOfPage":{"@id":"https:\/\/wmtbaltic.lv\/product\/distanceris-forfix-if02-middle\/#primaryimage"},"image":{"@id":"https:\/\/wmtbaltic.lv\/product\/distanceris-forfix-if02-middle\/#primaryimage"},"thumbnailUrl":"https:\/\/wmtbaltic.lv\/wp-content\/uploads\/2021\/12\/IF01_0.png","datePublished":"2021-12-20T09:35:36+00:00","dateModified":"2025-04-25T09:18:09+00:00","breadcrumb":{"@id":"https:\/\/wmtbaltic.lv\/product\/distanceris-forfix-if02-middle\/#breadcrumb"},"inLanguage":"en-US","potentialAction":[{"@type":"ReadAction","target":["https:\/\/wmtbaltic.lv\/product\/distanceris-forfix-if02-middle\/"]}]},{"@type":"ImageObject","inLanguage":"en-US","@id":"https:\/\/wmtbaltic.lv\/product\/distanceris-forfix-if02-middle\/#primaryimage","url":"https:\/\/wmtbaltic.lv\/wp-content\/uploads\/2021\/12\/IF01_0.png","contentUrl":"https:\/\/wmtbaltic.lv\/wp-content\/uploads\/2021\/12\/IF01_0.png","width":500,"height":500},{"@type":"BreadcrumbList","@id":"https:\/\/wmtbaltic.lv\/product\/distanceris-forfix-if02-middle\/#breadcrumb","itemListElement":[{"@type":"ListItem","position":1,"name":"Home","item":"https:\/\/wmtbaltic.lv\/en\/"},{"@type":"ListItem","position":2,"name":"Products","item":"https:\/\/wmtbaltic.lv\/en\/shop\/"},{"@type":"ListItem","position":3,"name":"Distanceris forFIX IF02, middle"}]},{"@type":"WebSite","@id":"https:\/\/wmtbaltic.lv\/#website","url":"https:\/\/wmtbaltic.lv\/","name":"WMT Baltic","description":"Rekl\u0101mas produkti, pl\u0113ves","publisher":{"@id":"https:\/\/wmtbaltic.lv\/#organization"},"potentialAction":[{"@type":"SearchAction","target":{"@type":"EntryPoint","urlTemplate":"https:\/\/wmtbaltic.lv\/?s={search_term_string}"},"query-input":{"@type":"PropertyValueSpecification","valueRequired":true,"valueName":"search_term_string"}}],"inLanguage":"en-US"},{"@type":"Organization","@id":"https:\/\/wmtbaltic.lv\/#organization","name":"WMT Baltic","url":"https:\/\/wmtbaltic.lv\/","logo":{"@type":"ImageObject","inLanguage":"en-US","@id":"https:\/\/wmtbaltic.lv\/#\/schema\/logo\/image\/","url":"https:\/\/wmtbaltic.lv\/wp-content\/uploads\/2024\/12\/wmt-baltic-sia_107142_9_420x180.jpg","contentUrl":"https:\/\/wmtbaltic.lv\/wp-content\/uploads\/2024\/12\/wmt-baltic-sia_107142_9_420x180.jpg","width":420,"height":180,"caption":"WMT Baltic"},"image":{"@id":"https:\/\/wmtbaltic.lv\/#\/schema\/logo\/image\/"},"sameAs":["https:\/\/www.facebook.com\/WMT.Baltic.viscom\/?locale=lv_LV","https:\/\/www.instagram.com\/viscom_wmt\/"]}]}},"_links":{"self":[{"href":"https:\/\/wmtbaltic.lv\/en\/wp-json\/wp\/v2\/product\/11994","targetHints":{"allow":["GET"]}}],"collection":[{"href":"https:\/\/wmtbaltic.lv\/en\/wp-json\/wp\/v2\/product"}],"about":[{"href":"https:\/\/wmtbaltic.lv\/en\/wp-json\/wp\/v2\/types\/product"}],"replies":[{"embeddable":true,"href":"https:\/\/wmtbaltic.lv\/en\/wp-json\/wp\/v2\/comments?post=11994"}],"wp:featuredmedia":[{"embeddable":true,"href":"https:\/\/wmtbaltic.lv\/en\/wp-json\/wp\/v2\/media\/11990"}],"wp:attachment":[{"href":"https:\/\/wmtbaltic.lv\/en\/wp-json\/wp\/v2\/media?parent=11994"}],"wp:term":[{"taxonomy":"product_brand","embeddable":true,"href":"https:\/\/wmtbaltic.lv\/en\/wp-json\/wp\/v2\/product_brand?post=11994"},{"taxonomy":"product_cat","embeddable":true,"href":"https:\/\/wmtbaltic.lv\/en\/wp-json\/wp\/v2\/product_cat?post=11994"},{"taxonomy":"product_tag","embeddable":true,"href":"https:\/\/wmtbaltic.lv\/en\/wp-json\/wp\/v2\/product_tag?post=11994"}],"curies":[{"name":"wp","href":"https:\/\/api.w.org\/{rel}","templated":true}]}}