{"id":11884,"date":"2021-12-10T09:44:08","date_gmt":"2021-12-10T09:44:08","guid":{"rendered":"https:\/\/wmtbaltic.lv\/?post_type=product&#038;p=11884"},"modified":"2021-12-13T10:21:42","modified_gmt":"2021-12-13T10:21:42","slug":"distanceris-wien-1-8-mm-biezumam","status":"publish","type":"product","link":"https:\/\/wmtbaltic.lv\/en\/product\/distanceris-wien-1-8-mm-biezumam\/","title":{"rendered":"Distanceris Wien (1-8 mm biezumam)"},"content":{"rendered":"<p><strong>Wien<\/strong> &#8211; distanceris no ner\u016bs\u0113jo\u0161a t\u0113rauda 1-8 mm biezu pl\u0101ksn\u012b\u0161u piestiprin\u0101\u0161anai pie sienas. Kreisa v\u012btne aizsarg\u0101 no nesankcion\u0113tas izmanto\u0161anas.<\/p>\n<p>Diametrs &#8211; 12 mm.<\/p>\n<p>Att\u0101lums no sienas 10 mm.<\/p>\n<p>Cauruma diametrs &#8211; 9 mm.<\/p>\n<p>&nbsp;<\/p>\n","protected":false},"excerpt":{"rendered":"Wien - distanceris no ner\u016bs\u0113jo\u0161a t\u0113rauda 1-8 mm biezu pl\u0101ksn\u012b\u0161u piestiprin\u0101\u0161anai pie sienas. Kreisa v\u012btne aizsarg\u0101 no nesankcion\u0113tas izmanto\u0161anas. Diametrs - 12 mm. Att\u0101lums no sienas 10 mm. Cauruma diametrs - 9 mm. &nbsp;","protected":false},"featured_media":11887,"comment_status":"closed","ping_status":"closed","template":"","meta":[],"product_brand":[],"product_cat":[949],"product_tag":[],"class_list":{"0":"post-11884","1":"product","2":"type-product","3":"status-publish","4":"has-post-thumbnail","6":"product_cat-stiprinajums-pie-sienas","8":"first","9":"instock","10":"shipping-taxable","11":"purchasable","12":"product-type-variable"},"yoast_head":"<!-- This site is optimized with the Yoast SEO plugin v27.4 - https:\/\/yoast.com\/product\/yoast-seo-wordpress\/ -->\n<title>Distanceris Wien, nopirkt veikal\u0101 R\u012bg\u0101<\/title>\n<meta name=\"robots\" content=\"index, follow, max-snippet:-1, max-image-preview:large, max-video-preview:-1\" \/>\n<link rel=\"canonical\" href=\"https:\/\/wmtbaltic.lv\/Produkts\/distanceris-wien-1-8-mm-biezumam\/\" \/>\n<meta property=\"og:locale\" content=\"en_US\" \/>\n<meta property=\"og:type\" content=\"article\" \/>\n<meta property=\"og:title\" content=\"Distanceris Wien, nopirkt veikal\u0101 R\u012bg\u0101\" \/>\n<meta property=\"og:url\" content=\"https:\/\/wmtbaltic.lv\/Produkts\/distanceris-wien-1-8-mm-biezumam\/\" \/>\n<meta property=\"og:site_name\" content=\"WMT Baltic\" \/>\n<meta property=\"article:publisher\" content=\"https:\/\/www.facebook.com\/WMT.Baltic.viscom\/?locale=lv_LV\" \/>\n<meta property=\"article:modified_time\" content=\"2021-12-13T10:21:42+00:00\" \/>\n<meta property=\"og:image\" content=\"https:\/\/wmtbaltic.lv\/wp-content\/uploads\/2021\/12\/Distanceris-Wien.png\" \/>\n\t<meta property=\"og:image:width\" content=\"768\" \/>\n\t<meta property=\"og:image:height\" content=\"768\" \/>\n\t<meta property=\"og:image:type\" content=\"image\/png\" \/>\n<meta name=\"twitter:card\" content=\"summary_large_image\" \/>\n<meta name=\"twitter:label1\" content=\"Est. reading time\" \/>\n\t<meta name=\"twitter:data1\" content=\"1 minute\" \/>\n<script type=\"application\/ld+json\" class=\"yoast-schema-graph\">{\"@context\":\"https:\\\/\\\/schema.org\",\"@graph\":[{\"@type\":\"WebPage\",\"@id\":\"https:\\\/\\\/wmtbaltic.lv\\\/Produkts\\\/distanceris-wien-1-8-mm-biezumam\\\/\",\"url\":\"https:\\\/\\\/wmtbaltic.lv\\\/Produkts\\\/distanceris-wien-1-8-mm-biezumam\\\/\",\"name\":\"Distanceris Wien, nopirkt veikal\u0101 R\u012bg\u0101\",\"isPartOf\":{\"@id\":\"https:\\\/\\\/wmtbaltic.lv\\\/#website\"},\"primaryImageOfPage\":{\"@id\":\"https:\\\/\\\/wmtbaltic.lv\\\/Produkts\\\/distanceris-wien-1-8-mm-biezumam\\\/#primaryimage\"},\"image\":{\"@id\":\"https:\\\/\\\/wmtbaltic.lv\\\/Produkts\\\/distanceris-wien-1-8-mm-biezumam\\\/#primaryimage\"},\"thumbnailUrl\":\"https:\\\/\\\/wmtbaltic.lv\\\/wp-content\\\/uploads\\\/2021\\\/12\\\/Distanceris-Wien.png\",\"datePublished\":\"2021-12-10T09:44:08+00:00\",\"dateModified\":\"2021-12-13T10:21:42+00:00\",\"breadcrumb\":{\"@id\":\"https:\\\/\\\/wmtbaltic.lv\\\/Produkts\\\/distanceris-wien-1-8-mm-biezumam\\\/#breadcrumb\"},\"inLanguage\":\"en-US\",\"potentialAction\":[{\"@type\":\"ReadAction\",\"target\":[\"https:\\\/\\\/wmtbaltic.lv\\\/Produkts\\\/distanceris-wien-1-8-mm-biezumam\\\/\"]}]},{\"@type\":\"ImageObject\",\"inLanguage\":\"en-US\",\"@id\":\"https:\\\/\\\/wmtbaltic.lv\\\/Produkts\\\/distanceris-wien-1-8-mm-biezumam\\\/#primaryimage\",\"url\":\"https:\\\/\\\/wmtbaltic.lv\\\/wp-content\\\/uploads\\\/2021\\\/12\\\/Distanceris-Wien.png\",\"contentUrl\":\"https:\\\/\\\/wmtbaltic.lv\\\/wp-content\\\/uploads\\\/2021\\\/12\\\/Distanceris-Wien.png\",\"width\":768,\"height\":768},{\"@type\":\"BreadcrumbList\",\"@id\":\"https:\\\/\\\/wmtbaltic.lv\\\/Produkts\\\/distanceris-wien-1-8-mm-biezumam\\\/#breadcrumb\",\"itemListElement\":[{\"@type\":\"ListItem\",\"position\":1,\"name\":\"Home\",\"item\":\"https:\\\/\\\/wmtbaltic.lv\\\/en\\\/\"},{\"@type\":\"ListItem\",\"position\":2,\"name\":\"Products\",\"item\":\"https:\\\/\\\/wmtbaltic.lv\\\/en\\\/shop\\\/\"},{\"@type\":\"ListItem\",\"position\":3,\"name\":\"Distanceris Wien (1-8 mm biezumam)\"}]},{\"@type\":\"WebSite\",\"@id\":\"https:\\\/\\\/wmtbaltic.lv\\\/#website\",\"url\":\"https:\\\/\\\/wmtbaltic.lv\\\/\",\"name\":\"WMT Baltic\",\"description\":\"Rekl\u0101mas produkti, pl\u0113ves\",\"publisher\":{\"@id\":\"https:\\\/\\\/wmtbaltic.lv\\\/#organization\"},\"potentialAction\":[{\"@type\":\"SearchAction\",\"target\":{\"@type\":\"EntryPoint\",\"urlTemplate\":\"https:\\\/\\\/wmtbaltic.lv\\\/?s={search_term_string}\"},\"query-input\":{\"@type\":\"PropertyValueSpecification\",\"valueRequired\":true,\"valueName\":\"search_term_string\"}}],\"inLanguage\":\"en-US\"},{\"@type\":\"Organization\",\"@id\":\"https:\\\/\\\/wmtbaltic.lv\\\/#organization\",\"name\":\"WMT Baltic\",\"url\":\"https:\\\/\\\/wmtbaltic.lv\\\/\",\"logo\":{\"@type\":\"ImageObject\",\"inLanguage\":\"en-US\",\"@id\":\"https:\\\/\\\/wmtbaltic.lv\\\/#\\\/schema\\\/logo\\\/image\\\/\",\"url\":\"https:\\\/\\\/wmtbaltic.lv\\\/wp-content\\\/uploads\\\/2024\\\/12\\\/wmt-baltic-sia_107142_9_420x180.jpg\",\"contentUrl\":\"https:\\\/\\\/wmtbaltic.lv\\\/wp-content\\\/uploads\\\/2024\\\/12\\\/wmt-baltic-sia_107142_9_420x180.jpg\",\"width\":420,\"height\":180,\"caption\":\"WMT Baltic\"},\"image\":{\"@id\":\"https:\\\/\\\/wmtbaltic.lv\\\/#\\\/schema\\\/logo\\\/image\\\/\"},\"sameAs\":[\"https:\\\/\\\/www.facebook.com\\\/WMT.Baltic.viscom\\\/?locale=lv_LV\",\"https:\\\/\\\/www.instagram.com\\\/viscom_wmt\\\/\"]}]}<\/script>\n<!-- \/ Yoast SEO plugin. -->","yoast_head_json":{"title":"Distanceris Wien, nopirkt veikal\u0101 R\u012bg\u0101","robots":{"index":"index","follow":"follow","max-snippet":"max-snippet:-1","max-image-preview":"max-image-preview:large","max-video-preview":"max-video-preview:-1"},"canonical":"https:\/\/wmtbaltic.lv\/Produkts\/distanceris-wien-1-8-mm-biezumam\/","og_locale":"en_US","og_type":"article","og_title":"Distanceris Wien, nopirkt veikal\u0101 R\u012bg\u0101","og_url":"https:\/\/wmtbaltic.lv\/Produkts\/distanceris-wien-1-8-mm-biezumam\/","og_site_name":"WMT Baltic","article_publisher":"https:\/\/www.facebook.com\/WMT.Baltic.viscom\/?locale=lv_LV","article_modified_time":"2021-12-13T10:21:42+00:00","og_image":[{"width":768,"height":768,"url":"https:\/\/wmtbaltic.lv\/wp-content\/uploads\/2021\/12\/Distanceris-Wien.png","type":"image\/png"}],"twitter_card":"summary_large_image","twitter_misc":{"Est. reading time":"1 minute"},"schema":{"@context":"https:\/\/schema.org","@graph":[{"@type":"WebPage","@id":"https:\/\/wmtbaltic.lv\/Produkts\/distanceris-wien-1-8-mm-biezumam\/","url":"https:\/\/wmtbaltic.lv\/Produkts\/distanceris-wien-1-8-mm-biezumam\/","name":"Distanceris Wien, nopirkt veikal\u0101 R\u012bg\u0101","isPartOf":{"@id":"https:\/\/wmtbaltic.lv\/#website"},"primaryImageOfPage":{"@id":"https:\/\/wmtbaltic.lv\/Produkts\/distanceris-wien-1-8-mm-biezumam\/#primaryimage"},"image":{"@id":"https:\/\/wmtbaltic.lv\/Produkts\/distanceris-wien-1-8-mm-biezumam\/#primaryimage"},"thumbnailUrl":"https:\/\/wmtbaltic.lv\/wp-content\/uploads\/2021\/12\/Distanceris-Wien.png","datePublished":"2021-12-10T09:44:08+00:00","dateModified":"2021-12-13T10:21:42+00:00","breadcrumb":{"@id":"https:\/\/wmtbaltic.lv\/Produkts\/distanceris-wien-1-8-mm-biezumam\/#breadcrumb"},"inLanguage":"en-US","potentialAction":[{"@type":"ReadAction","target":["https:\/\/wmtbaltic.lv\/Produkts\/distanceris-wien-1-8-mm-biezumam\/"]}]},{"@type":"ImageObject","inLanguage":"en-US","@id":"https:\/\/wmtbaltic.lv\/Produkts\/distanceris-wien-1-8-mm-biezumam\/#primaryimage","url":"https:\/\/wmtbaltic.lv\/wp-content\/uploads\/2021\/12\/Distanceris-Wien.png","contentUrl":"https:\/\/wmtbaltic.lv\/wp-content\/uploads\/2021\/12\/Distanceris-Wien.png","width":768,"height":768},{"@type":"BreadcrumbList","@id":"https:\/\/wmtbaltic.lv\/Produkts\/distanceris-wien-1-8-mm-biezumam\/#breadcrumb","itemListElement":[{"@type":"ListItem","position":1,"name":"Home","item":"https:\/\/wmtbaltic.lv\/en\/"},{"@type":"ListItem","position":2,"name":"Products","item":"https:\/\/wmtbaltic.lv\/en\/shop\/"},{"@type":"ListItem","position":3,"name":"Distanceris Wien (1-8 mm biezumam)"}]},{"@type":"WebSite","@id":"https:\/\/wmtbaltic.lv\/#website","url":"https:\/\/wmtbaltic.lv\/","name":"WMT Baltic","description":"Rekl\u0101mas produkti, pl\u0113ves","publisher":{"@id":"https:\/\/wmtbaltic.lv\/#organization"},"potentialAction":[{"@type":"SearchAction","target":{"@type":"EntryPoint","urlTemplate":"https:\/\/wmtbaltic.lv\/?s={search_term_string}"},"query-input":{"@type":"PropertyValueSpecification","valueRequired":true,"valueName":"search_term_string"}}],"inLanguage":"en-US"},{"@type":"Organization","@id":"https:\/\/wmtbaltic.lv\/#organization","name":"WMT Baltic","url":"https:\/\/wmtbaltic.lv\/","logo":{"@type":"ImageObject","inLanguage":"en-US","@id":"https:\/\/wmtbaltic.lv\/#\/schema\/logo\/image\/","url":"https:\/\/wmtbaltic.lv\/wp-content\/uploads\/2024\/12\/wmt-baltic-sia_107142_9_420x180.jpg","contentUrl":"https:\/\/wmtbaltic.lv\/wp-content\/uploads\/2024\/12\/wmt-baltic-sia_107142_9_420x180.jpg","width":420,"height":180,"caption":"WMT Baltic"},"image":{"@id":"https:\/\/wmtbaltic.lv\/#\/schema\/logo\/image\/"},"sameAs":["https:\/\/www.facebook.com\/WMT.Baltic.viscom\/?locale=lv_LV","https:\/\/www.instagram.com\/viscom_wmt\/"]}]}},"_links":{"self":[{"href":"https:\/\/wmtbaltic.lv\/en\/wp-json\/wp\/v2\/product\/11884","targetHints":{"allow":["GET"]}}],"collection":[{"href":"https:\/\/wmtbaltic.lv\/en\/wp-json\/wp\/v2\/product"}],"about":[{"href":"https:\/\/wmtbaltic.lv\/en\/wp-json\/wp\/v2\/types\/product"}],"replies":[{"embeddable":true,"href":"https:\/\/wmtbaltic.lv\/en\/wp-json\/wp\/v2\/comments?post=11884"}],"wp:featuredmedia":[{"embeddable":true,"href":"https:\/\/wmtbaltic.lv\/en\/wp-json\/wp\/v2\/media\/11887"}],"wp:attachment":[{"href":"https:\/\/wmtbaltic.lv\/en\/wp-json\/wp\/v2\/media?parent=11884"}],"wp:term":[{"taxonomy":"product_brand","embeddable":true,"href":"https:\/\/wmtbaltic.lv\/en\/wp-json\/wp\/v2\/product_brand?post=11884"},{"taxonomy":"product_cat","embeddable":true,"href":"https:\/\/wmtbaltic.lv\/en\/wp-json\/wp\/v2\/product_cat?post=11884"},{"taxonomy":"product_tag","embeddable":true,"href":"https:\/\/wmtbaltic.lv\/en\/wp-json\/wp\/v2\/product_tag?post=11884"}],"curies":[{"name":"wp","href":"https:\/\/api.w.org\/{rel}","templated":true}]}}