{"id":1180,"date":"2020-07-17T12:47:31","date_gmt":"2020-07-17T12:47:31","guid":{"rendered":"http:\/\/wmtbaltic.lv\/\/?post_type=product&#038;p=1180"},"modified":"2020-07-17T12:47:31","modified_gmt":"2020-07-17T12:47:31","slug":"loksnu-plastikatu-griezejs-olfa-%d1%80-800","status":"publish","type":"product","link":"https:\/\/wmtbaltic.lv\/en\/product\/loksnu-plastikatu-griezejs-olfa-%d1%80-800\/","title":{"rendered":"Lok\u0161\u0146u plastik\u0101tu griez\u0113js OLFA \u0420-800"},"content":{"rendered":"<p align=\"justify\"><strong>Pielietojums:\u00a0<\/strong>Lamin\u0101ta un lok\u0161\u0146u plastik\u0101ta grie\u0161ana<\/p>\n<p align=\"justify\">\n<p align=\"justify\"><img decoding=\"async\" src=\"http:\/\/adv24.lv\/rtfe_images\/olfa-logo.gif\" \/><\/p>\n","protected":false},"excerpt":{"rendered":"<strong>Lok\u0161\u0146u plastik\u0101tu griez\u0113js OLFA \u0420-800<\/strong>\r\n\r\n&nbsp;\r\n<p align=\"justify\">Iztur\u012bgs griez\u0113js ar divpus\u0113jo volframa asmeni ir paredz\u0113ts lamin\u0101ta un lok\u0161\u0146u plastik\u0101tu sagrie\u0161anai. Rokturis ar\u00a0izliekto formu\u00a0un papildus \u0161\u0137autnes\u00a0nofro\u0161ina komfortablu darbu un samazina plaukstu nogurumu. Plastik\u0101tu grie\u0161anai ir nepiecie\u0161ams iegriezt virssl\u0101ni un uz iegriezt\u0101s da\u013cas uzspie\u017eot\u00a0j\u0101salauz. Komplekt\u0101 ietilpst roktur\u012b ievietoti 2 asme\u0146i.<\/p>\r\n<p align=\"justify\"><\/p>","protected":false},"featured_media":1181,"comment_status":"closed","ping_status":"closed","template":"","meta":[],"product_brand":[],"product_cat":[83],"product_tag":[],"class_list":{"0":"post-1180","1":"product","2":"type-product","3":"status-publish","4":"has-post-thumbnail","6":"product_cat-uncategorized-lv","8":"first","9":"instock","10":"shipping-taxable","11":"product-type-simple"},"yoast_head":"<!-- This site is optimized with the Yoast SEO plugin v27.4 - https:\/\/yoast.com\/product\/yoast-seo-wordpress\/ -->\n<title>Lok\u0161\u0146u plastik\u0101tu griez\u0113js OLFA \u0420-800 - WMT Baltic<\/title>\n<meta name=\"robots\" content=\"index, follow, max-snippet:-1, max-image-preview:large, max-video-preview:-1\" \/>\n<link rel=\"canonical\" href=\"https:\/\/wmtbaltic.lv\/Produkts\/loksnu-plastikatu-griezejs-olfa-\u0440-800\/\" \/>\n<meta property=\"og:locale\" content=\"en_US\" \/>\n<meta property=\"og:type\" content=\"article\" \/>\n<meta property=\"og:title\" content=\"Lok\u0161\u0146u plastik\u0101tu griez\u0113js OLFA \u0420-800 - WMT Baltic\" \/>\n<meta property=\"og:description\" content=\"Lok\u0161\u0146u plastik\u0101tu griez\u0113js OLFA \u0420-800  &nbsp; Iztur\u012bgs griez\u0113js ar divpus\u0113jo volframa asmeni ir paredz\u0113ts lamin\u0101ta un lok\u0161\u0146u plastik\u0101tu sagrie\u0161anai. Rokturis ar\u00a0izliekto formu\u00a0un papildus \u0161\u0137autnes\u00a0nofro\u0161ina komfortablu darbu un samazina plaukstu nogurumu. Plastik\u0101tu grie\u0161anai ir nepiecie\u0161ams iegriezt virssl\u0101ni un uz iegriezt\u0101s da\u013cas uzspie\u017eot\u00a0j\u0101salauz. Komplekt\u0101 ietilpst roktur\u012b ievietoti 2 asme\u0146i.\" \/>\n<meta property=\"og:url\" content=\"https:\/\/wmtbaltic.lv\/Produkts\/loksnu-plastikatu-griezejs-olfa-\u0440-800\/\" \/>\n<meta property=\"og:site_name\" content=\"WMT Baltic\" \/>\n<meta property=\"article:publisher\" content=\"https:\/\/www.facebook.com\/WMT.Baltic.viscom\/?locale=lv_LV\" \/>\n<meta property=\"og:image\" content=\"https:\/\/wmtbaltic.lv\/wp-content\/uploads\/2020\/07\/Lok\u0161\u0146u-plastik\u0101tu-griez\u0113js-OLFA-\u0420-800.1.jpg\" \/>\n\t<meta property=\"og:image:width\" content=\"200\" \/>\n\t<meta property=\"og:image:height\" content=\"150\" \/>\n\t<meta property=\"og:image:type\" content=\"image\/jpeg\" \/>\n<meta name=\"twitter:card\" content=\"summary_large_image\" \/>\n<script type=\"application\/ld+json\" class=\"yoast-schema-graph\">{\"@context\":\"https:\\\/\\\/schema.org\",\"@graph\":[{\"@type\":\"WebPage\",\"@id\":\"https:\\\/\\\/wmtbaltic.lv\\\/Produkts\\\/loksnu-plastikatu-griezejs-olfa-%d1%80-800\\\/\",\"url\":\"https:\\\/\\\/wmtbaltic.lv\\\/Produkts\\\/loksnu-plastikatu-griezejs-olfa-%d1%80-800\\\/\",\"name\":\"Lok\u0161\u0146u plastik\u0101tu griez\u0113js OLFA \u0420-800 - WMT Baltic\",\"isPartOf\":{\"@id\":\"https:\\\/\\\/wmtbaltic.lv\\\/#website\"},\"primaryImageOfPage\":{\"@id\":\"https:\\\/\\\/wmtbaltic.lv\\\/Produkts\\\/loksnu-plastikatu-griezejs-olfa-%d1%80-800\\\/#primaryimage\"},\"image\":{\"@id\":\"https:\\\/\\\/wmtbaltic.lv\\\/Produkts\\\/loksnu-plastikatu-griezejs-olfa-%d1%80-800\\\/#primaryimage\"},\"thumbnailUrl\":\"https:\\\/\\\/wmtbaltic.lv\\\/wp-content\\\/uploads\\\/2020\\\/07\\\/Lok\u0161\u0146u-plastik\u0101tu-griez\u0113js-OLFA-\u0420-800.1.jpg\",\"datePublished\":\"2020-07-17T12:47:31+00:00\",\"breadcrumb\":{\"@id\":\"https:\\\/\\\/wmtbaltic.lv\\\/Produkts\\\/loksnu-plastikatu-griezejs-olfa-%d1%80-800\\\/#breadcrumb\"},\"inLanguage\":\"en-US\",\"potentialAction\":[{\"@type\":\"ReadAction\",\"target\":[\"https:\\\/\\\/wmtbaltic.lv\\\/Produkts\\\/loksnu-plastikatu-griezejs-olfa-%d1%80-800\\\/\"]}]},{\"@type\":\"ImageObject\",\"inLanguage\":\"en-US\",\"@id\":\"https:\\\/\\\/wmtbaltic.lv\\\/Produkts\\\/loksnu-plastikatu-griezejs-olfa-%d1%80-800\\\/#primaryimage\",\"url\":\"https:\\\/\\\/wmtbaltic.lv\\\/wp-content\\\/uploads\\\/2020\\\/07\\\/Lok\u0161\u0146u-plastik\u0101tu-griez\u0113js-OLFA-\u0420-800.1.jpg\",\"contentUrl\":\"https:\\\/\\\/wmtbaltic.lv\\\/wp-content\\\/uploads\\\/2020\\\/07\\\/Lok\u0161\u0146u-plastik\u0101tu-griez\u0113js-OLFA-\u0420-800.1.jpg\",\"width\":200,\"height\":150},{\"@type\":\"BreadcrumbList\",\"@id\":\"https:\\\/\\\/wmtbaltic.lv\\\/Produkts\\\/loksnu-plastikatu-griezejs-olfa-%d1%80-800\\\/#breadcrumb\",\"itemListElement\":[{\"@type\":\"ListItem\",\"position\":1,\"name\":\"Home\",\"item\":\"https:\\\/\\\/wmtbaltic.lv\\\/en\\\/\"},{\"@type\":\"ListItem\",\"position\":2,\"name\":\"Products\",\"item\":\"https:\\\/\\\/wmtbaltic.lv\\\/en\\\/shop\\\/\"},{\"@type\":\"ListItem\",\"position\":3,\"name\":\"Lok\u0161\u0146u plastik\u0101tu griez\u0113js OLFA \u0420-800\"}]},{\"@type\":\"WebSite\",\"@id\":\"https:\\\/\\\/wmtbaltic.lv\\\/#website\",\"url\":\"https:\\\/\\\/wmtbaltic.lv\\\/\",\"name\":\"WMT Baltic\",\"description\":\"Rekl\u0101mas produkti, pl\u0113ves\",\"publisher\":{\"@id\":\"https:\\\/\\\/wmtbaltic.lv\\\/#organization\"},\"potentialAction\":[{\"@type\":\"SearchAction\",\"target\":{\"@type\":\"EntryPoint\",\"urlTemplate\":\"https:\\\/\\\/wmtbaltic.lv\\\/?s={search_term_string}\"},\"query-input\":{\"@type\":\"PropertyValueSpecification\",\"valueRequired\":true,\"valueName\":\"search_term_string\"}}],\"inLanguage\":\"en-US\"},{\"@type\":\"Organization\",\"@id\":\"https:\\\/\\\/wmtbaltic.lv\\\/#organization\",\"name\":\"WMT Baltic\",\"url\":\"https:\\\/\\\/wmtbaltic.lv\\\/\",\"logo\":{\"@type\":\"ImageObject\",\"inLanguage\":\"en-US\",\"@id\":\"https:\\\/\\\/wmtbaltic.lv\\\/#\\\/schema\\\/logo\\\/image\\\/\",\"url\":\"https:\\\/\\\/wmtbaltic.lv\\\/wp-content\\\/uploads\\\/2024\\\/12\\\/wmt-baltic-sia_107142_9_420x180.jpg\",\"contentUrl\":\"https:\\\/\\\/wmtbaltic.lv\\\/wp-content\\\/uploads\\\/2024\\\/12\\\/wmt-baltic-sia_107142_9_420x180.jpg\",\"width\":420,\"height\":180,\"caption\":\"WMT Baltic\"},\"image\":{\"@id\":\"https:\\\/\\\/wmtbaltic.lv\\\/#\\\/schema\\\/logo\\\/image\\\/\"},\"sameAs\":[\"https:\\\/\\\/www.facebook.com\\\/WMT.Baltic.viscom\\\/?locale=lv_LV\",\"https:\\\/\\\/www.instagram.com\\\/viscom_wmt\\\/\"]}]}<\/script>\n<!-- \/ Yoast SEO plugin. -->","yoast_head_json":{"title":"Lok\u0161\u0146u plastik\u0101tu griez\u0113js OLFA \u0420-800 - WMT Baltic","robots":{"index":"index","follow":"follow","max-snippet":"max-snippet:-1","max-image-preview":"max-image-preview:large","max-video-preview":"max-video-preview:-1"},"canonical":"https:\/\/wmtbaltic.lv\/Produkts\/loksnu-plastikatu-griezejs-olfa-\u0440-800\/","og_locale":"en_US","og_type":"article","og_title":"Lok\u0161\u0146u plastik\u0101tu griez\u0113js OLFA \u0420-800 - WMT Baltic","og_description":"Lok\u0161\u0146u plastik\u0101tu griez\u0113js OLFA \u0420-800  &nbsp; Iztur\u012bgs griez\u0113js ar divpus\u0113jo volframa asmeni ir paredz\u0113ts lamin\u0101ta un lok\u0161\u0146u plastik\u0101tu sagrie\u0161anai. Rokturis ar\u00a0izliekto formu\u00a0un papildus \u0161\u0137autnes\u00a0nofro\u0161ina komfortablu darbu un samazina plaukstu nogurumu. Plastik\u0101tu grie\u0161anai ir nepiecie\u0161ams iegriezt virssl\u0101ni un uz iegriezt\u0101s da\u013cas uzspie\u017eot\u00a0j\u0101salauz. Komplekt\u0101 ietilpst roktur\u012b ievietoti 2 asme\u0146i.","og_url":"https:\/\/wmtbaltic.lv\/Produkts\/loksnu-plastikatu-griezejs-olfa-\u0440-800\/","og_site_name":"WMT Baltic","article_publisher":"https:\/\/www.facebook.com\/WMT.Baltic.viscom\/?locale=lv_LV","og_image":[{"width":200,"height":150,"url":"https:\/\/wmtbaltic.lv\/wp-content\/uploads\/2020\/07\/Lok\u0161\u0146u-plastik\u0101tu-griez\u0113js-OLFA-\u0420-800.1.jpg","type":"image\/jpeg"}],"twitter_card":"summary_large_image","schema":{"@context":"https:\/\/schema.org","@graph":[{"@type":"WebPage","@id":"https:\/\/wmtbaltic.lv\/Produkts\/loksnu-plastikatu-griezejs-olfa-%d1%80-800\/","url":"https:\/\/wmtbaltic.lv\/Produkts\/loksnu-plastikatu-griezejs-olfa-%d1%80-800\/","name":"Lok\u0161\u0146u plastik\u0101tu griez\u0113js OLFA \u0420-800 - WMT Baltic","isPartOf":{"@id":"https:\/\/wmtbaltic.lv\/#website"},"primaryImageOfPage":{"@id":"https:\/\/wmtbaltic.lv\/Produkts\/loksnu-plastikatu-griezejs-olfa-%d1%80-800\/#primaryimage"},"image":{"@id":"https:\/\/wmtbaltic.lv\/Produkts\/loksnu-plastikatu-griezejs-olfa-%d1%80-800\/#primaryimage"},"thumbnailUrl":"https:\/\/wmtbaltic.lv\/wp-content\/uploads\/2020\/07\/Lok\u0161\u0146u-plastik\u0101tu-griez\u0113js-OLFA-\u0420-800.1.jpg","datePublished":"2020-07-17T12:47:31+00:00","breadcrumb":{"@id":"https:\/\/wmtbaltic.lv\/Produkts\/loksnu-plastikatu-griezejs-olfa-%d1%80-800\/#breadcrumb"},"inLanguage":"en-US","potentialAction":[{"@type":"ReadAction","target":["https:\/\/wmtbaltic.lv\/Produkts\/loksnu-plastikatu-griezejs-olfa-%d1%80-800\/"]}]},{"@type":"ImageObject","inLanguage":"en-US","@id":"https:\/\/wmtbaltic.lv\/Produkts\/loksnu-plastikatu-griezejs-olfa-%d1%80-800\/#primaryimage","url":"https:\/\/wmtbaltic.lv\/wp-content\/uploads\/2020\/07\/Lok\u0161\u0146u-plastik\u0101tu-griez\u0113js-OLFA-\u0420-800.1.jpg","contentUrl":"https:\/\/wmtbaltic.lv\/wp-content\/uploads\/2020\/07\/Lok\u0161\u0146u-plastik\u0101tu-griez\u0113js-OLFA-\u0420-800.1.jpg","width":200,"height":150},{"@type":"BreadcrumbList","@id":"https:\/\/wmtbaltic.lv\/Produkts\/loksnu-plastikatu-griezejs-olfa-%d1%80-800\/#breadcrumb","itemListElement":[{"@type":"ListItem","position":1,"name":"Home","item":"https:\/\/wmtbaltic.lv\/en\/"},{"@type":"ListItem","position":2,"name":"Products","item":"https:\/\/wmtbaltic.lv\/en\/shop\/"},{"@type":"ListItem","position":3,"name":"Lok\u0161\u0146u plastik\u0101tu griez\u0113js OLFA \u0420-800"}]},{"@type":"WebSite","@id":"https:\/\/wmtbaltic.lv\/#website","url":"https:\/\/wmtbaltic.lv\/","name":"WMT Baltic","description":"Rekl\u0101mas produkti, pl\u0113ves","publisher":{"@id":"https:\/\/wmtbaltic.lv\/#organization"},"potentialAction":[{"@type":"SearchAction","target":{"@type":"EntryPoint","urlTemplate":"https:\/\/wmtbaltic.lv\/?s={search_term_string}"},"query-input":{"@type":"PropertyValueSpecification","valueRequired":true,"valueName":"search_term_string"}}],"inLanguage":"en-US"},{"@type":"Organization","@id":"https:\/\/wmtbaltic.lv\/#organization","name":"WMT Baltic","url":"https:\/\/wmtbaltic.lv\/","logo":{"@type":"ImageObject","inLanguage":"en-US","@id":"https:\/\/wmtbaltic.lv\/#\/schema\/logo\/image\/","url":"https:\/\/wmtbaltic.lv\/wp-content\/uploads\/2024\/12\/wmt-baltic-sia_107142_9_420x180.jpg","contentUrl":"https:\/\/wmtbaltic.lv\/wp-content\/uploads\/2024\/12\/wmt-baltic-sia_107142_9_420x180.jpg","width":420,"height":180,"caption":"WMT Baltic"},"image":{"@id":"https:\/\/wmtbaltic.lv\/#\/schema\/logo\/image\/"},"sameAs":["https:\/\/www.facebook.com\/WMT.Baltic.viscom\/?locale=lv_LV","https:\/\/www.instagram.com\/viscom_wmt\/"]}]}},"_links":{"self":[{"href":"https:\/\/wmtbaltic.lv\/en\/wp-json\/wp\/v2\/product\/1180","targetHints":{"allow":["GET"]}}],"collection":[{"href":"https:\/\/wmtbaltic.lv\/en\/wp-json\/wp\/v2\/product"}],"about":[{"href":"https:\/\/wmtbaltic.lv\/en\/wp-json\/wp\/v2\/types\/product"}],"replies":[{"embeddable":true,"href":"https:\/\/wmtbaltic.lv\/en\/wp-json\/wp\/v2\/comments?post=1180"}],"wp:featuredmedia":[{"embeddable":true,"href":"https:\/\/wmtbaltic.lv\/en\/wp-json\/wp\/v2\/media\/1181"}],"wp:attachment":[{"href":"https:\/\/wmtbaltic.lv\/en\/wp-json\/wp\/v2\/media?parent=1180"}],"wp:term":[{"taxonomy":"product_brand","embeddable":true,"href":"https:\/\/wmtbaltic.lv\/en\/wp-json\/wp\/v2\/product_brand?post=1180"},{"taxonomy":"product_cat","embeddable":true,"href":"https:\/\/wmtbaltic.lv\/en\/wp-json\/wp\/v2\/product_cat?post=1180"},{"taxonomy":"product_tag","embeddable":true,"href":"https:\/\/wmtbaltic.lv\/en\/wp-json\/wp\/v2\/product_tag?post=1180"}],"curies":[{"name":"wp","href":"https:\/\/api.w.org\/{rel}","templated":true}]}}