{"id":11717,"date":"2021-12-03T07:43:26","date_gmt":"2021-12-03T07:43:26","guid":{"rendered":"https:\/\/wmtbaltic.lv\/?post_type=product&#038;p=11717"},"modified":"2024-04-03T08:32:45","modified_gmt":"2024-04-03T08:32:45","slug":"limpleve-cover-styl-b6-brio-light-aragon-1-22m","status":"publish","type":"product","link":"https:\/\/wmtbaltic.lv\/en\/product\/limpleve-cover-styl-b6-brio-light-aragon-1-22m\/","title":{"rendered":"L\u012bmpl\u0113ve Cover Styl B6 Cashew Beech 1.22m"},"content":{"rendered":"<p>L\u012bmpl\u0113ve pal\u012bdz atjaunot virsmu un aizsarg\u0101t to no skrap\u0113jumiem, sniedzot re\u0101l\u0101s tekst\u016bras saj\u016btu. L\u012bmpl\u0113ves paredz\u0113tas vis\u0101m dz\u012bvojam\u0101m un publiskaj\u0101m telp\u0101m: viesn\u012bc\u0101m, dz\u012bvojam\u0101m istab\u0101m, virtuv\u0113m, birojiem, konferen\u010du z\u0101l\u0113m, p\u0101rdo\u0161anas viet\u0101m, kafejn\u012bc\u0101m un restor\u0101niem.<\/p>\n<p>Pl\u0113ves platums 1.22m | Rullis 50m<\/p>\n<p>Tehnisk\u0101 inform\u0101cija: <a href=\"http:\/\/wmtbaltic.lv\/wp-content\/uploads\/2021\/12\/coverstyl_b6_brio-light-aragon-.pdf\">coverstyl_b6_brio-light-aragon-<\/a><\/p>\n<p><span style=\"color: #99cc00;\"><strong>Ir noliktav\u0101! <\/strong><\/span><\/p>\n<p><span style=\"color: #99cc00;\"><strong>Pilniem ru\u013c\u013ciem atlaide l\u012bdz 25%<\/strong><\/span><\/p>\n<p>&nbsp;<\/p>\n<p><strong>DEKORAT\u012aVA L\u012aMPL\u0112VE + APL\u012aM\u0112\u0160ANAS SERVISS + DRUKA + GRIE\u0160ANA<\/strong><\/p>\n<p><strong>KONSULT\u0100CIJAS PIE SERTIFIC\u0112TIEM SPECI\u0100LISTIEM<\/strong><\/p>\n<p><strong>BEZMAKSAS MATERI\u0100LU PARAUGI: +371 67800830 | <a href=\"mailto:INFO@ADV24.LV\">INFO@ADV24.LV<\/a> <\/strong><\/p>\n<p>Sniedzam pla\u0161u servisa kl\u0101stu dekorat\u012bv\u0101m l\u012bmpl\u0113v\u0113m:<\/p>\n<p>Pied\u0101v\u0101jam drukas pakalpojumus uz dekorat\u012bv\u0101m l\u012bmpl\u0113v\u0113m (UV druka, eko-solventa druka), grie\u017eam materi\u0101lu da\u017e\u0101dos form\u0101tos, sniedzam kont\u016brgrie\u0161anas pakalpojumus, lamin\u0113jam un apl\u012bm\u0113jam m\u0113be\u013cu virsmas ar l\u012bmpl\u0113vi, k\u0101 ar\u012b fr\u0113z\u0113jam m\u0113be\u013cu deta\u013cas. M\u016bsu komand\u0101 ir tr\u012bs sertific\u0113ti speci\u0101listi, kuri sniedz konsult\u0101cijas par j\u016bsu projektiem<\/p>\n<p>&nbsp;<\/p>\n<p><strong>Jei norite \u012fsigyti Cover Styl\u00a0 prek\u0119\u00a0 m\u016bs\u0173 ofise Lietuvoje,Vilniuje \u201dWMT Vilnius\u201dkambinkite: +37065562119, ra\u0161ykite:<\/strong> <a href=\"mailto:info@wmt.lt\">info@wmt.lt<\/a><\/p>\n<p><strong>Bendravimui su ofisu Rygoje WMT Baltic SIA, Skambinkite: +371 67800830,ra\u0161ykite<\/strong>: <a href=\"mailto:info@adv24.lv\">info@adv24.lv<\/a><\/p>\n<p>&nbsp;<\/p>\n<p>&nbsp;<\/p>\n","protected":false},"excerpt":{"rendered":"L\u012bmpl\u0113ve pal\u012bdz atjaunot virsmu un aizsarg\u0101t to no skrap\u0113jumiem, sniedzot re\u0101l\u0101s tekst\u016bras saj\u016btu. L\u012bmpl\u0113ves paredz\u0113tas vis\u0101m dz\u012bvojam\u0101m un publiskaj\u0101m telp\u0101m: viesn\u012bc\u0101m, dz\u012bvojam\u0101m istab\u0101m, virtuv\u0113m, birojiem, konferen\u010du z\u0101l\u0113m, p\u0101rdo\u0161anas viet\u0101m, kafejn\u012bc\u0101m un restor\u0101niem. Pl\u0113ves platums 1.22m | Rullis 50m Tehnisk\u0101 inform\u0101cija: coverstyl_b6_brio-light-aragon- Ir noliktav\u0101! Pilniem ru\u013c\u013ciem atlaide l\u012bdz 25% &nbsp; DEKORAT\u012aVA L\u012aMPL\u0112VE + APL\u012aM\u0112\u0160ANAS SERVISS + [...]","protected":false},"featured_media":11720,"comment_status":"closed","ping_status":"closed","template":"","meta":[],"product_brand":[],"product_cat":[607,417],"product_tag":[1061,1060],"class_list":{"0":"post-11717","1":"product","2":"type-product","3":"status-publish","4":"has-post-thumbnail","6":"product_cat-cover-styl","7":"product_cat-limpleves-mebelem","8":"product_tag-interjers","9":"product_tag-mebelu-aplimesana","11":"first","12":"instock","13":"shipping-taxable","14":"purchasable","15":"product-type-simple"},"yoast_head":"<!-- This site is optimized with the Yoast SEO plugin v27.4 - https:\/\/yoast.com\/product\/yoast-seo-wordpress\/ -->\n<title>L\u012bmpl\u0113ve Cover Styl B6 Brio Light Aragon, nopirkt veikal\u0101 R\u012bg\u0101<\/title>\n<meta name=\"robots\" content=\"index, follow, max-snippet:-1, max-image-preview:large, max-video-preview:-1\" \/>\n<link rel=\"canonical\" href=\"https:\/\/wmtbaltic.lv\/Produkts\/limpleve-cover-styl-b6-brio-light-aragon-1-22m\/\" \/>\n<meta property=\"og:locale\" content=\"en_US\" \/>\n<meta property=\"og:type\" content=\"article\" \/>\n<meta property=\"og:title\" content=\"L\u012bmpl\u0113ve Cover Styl B6 Brio Light Aragon, nopirkt veikal\u0101 R\u012bg\u0101\" \/>\n<meta property=\"og:url\" content=\"https:\/\/wmtbaltic.lv\/Produkts\/limpleve-cover-styl-b6-brio-light-aragon-1-22m\/\" \/>\n<meta property=\"og:site_name\" content=\"WMT Baltic\" \/>\n<meta property=\"article:publisher\" content=\"https:\/\/www.facebook.com\/WMT.Baltic.viscom\/?locale=lv_LV\" \/>\n<meta property=\"article:modified_time\" content=\"2024-04-03T08:32:45+00:00\" \/>\n<meta property=\"og:image\" content=\"http:\/\/wmtbaltic.lv\/wp-content\/uploads\/2021\/12\/B6_brio-light-aragon-scaled.jpg\" \/>\n\t<meta property=\"og:image:width\" content=\"2560\" \/>\n\t<meta property=\"og:image:height\" content=\"2560\" \/>\n\t<meta property=\"og:image:type\" content=\"image\/jpeg\" \/>\n<meta name=\"twitter:card\" content=\"summary_large_image\" \/>\n<meta name=\"twitter:label1\" content=\"Est. reading time\" \/>\n\t<meta name=\"twitter:data1\" content=\"1 minute\" \/>\n<script type=\"application\/ld+json\" class=\"yoast-schema-graph\">{\"@context\":\"https:\\\/\\\/schema.org\",\"@graph\":[{\"@type\":\"WebPage\",\"@id\":\"https:\\\/\\\/wmtbaltic.lv\\\/Produkts\\\/limpleve-cover-styl-b6-brio-light-aragon-1-22m\\\/\",\"url\":\"https:\\\/\\\/wmtbaltic.lv\\\/Produkts\\\/limpleve-cover-styl-b6-brio-light-aragon-1-22m\\\/\",\"name\":\"L\u012bmpl\u0113ve Cover Styl B6 Brio Light Aragon, nopirkt veikal\u0101 R\u012bg\u0101\",\"isPartOf\":{\"@id\":\"https:\\\/\\\/wmtbaltic.lv\\\/#website\"},\"primaryImageOfPage\":{\"@id\":\"https:\\\/\\\/wmtbaltic.lv\\\/Produkts\\\/limpleve-cover-styl-b6-brio-light-aragon-1-22m\\\/#primaryimage\"},\"image\":{\"@id\":\"https:\\\/\\\/wmtbaltic.lv\\\/Produkts\\\/limpleve-cover-styl-b6-brio-light-aragon-1-22m\\\/#primaryimage\"},\"thumbnailUrl\":\"https:\\\/\\\/wmtbaltic.lv\\\/wp-content\\\/uploads\\\/2021\\\/12\\\/B6_brio-light-aragon-scaled.jpg\",\"datePublished\":\"2021-12-03T07:43:26+00:00\",\"dateModified\":\"2024-04-03T08:32:45+00:00\",\"breadcrumb\":{\"@id\":\"https:\\\/\\\/wmtbaltic.lv\\\/Produkts\\\/limpleve-cover-styl-b6-brio-light-aragon-1-22m\\\/#breadcrumb\"},\"inLanguage\":\"en-US\",\"potentialAction\":[{\"@type\":\"ReadAction\",\"target\":[\"https:\\\/\\\/wmtbaltic.lv\\\/Produkts\\\/limpleve-cover-styl-b6-brio-light-aragon-1-22m\\\/\"]}]},{\"@type\":\"ImageObject\",\"inLanguage\":\"en-US\",\"@id\":\"https:\\\/\\\/wmtbaltic.lv\\\/Produkts\\\/limpleve-cover-styl-b6-brio-light-aragon-1-22m\\\/#primaryimage\",\"url\":\"https:\\\/\\\/wmtbaltic.lv\\\/wp-content\\\/uploads\\\/2021\\\/12\\\/B6_brio-light-aragon-scaled.jpg\",\"contentUrl\":\"https:\\\/\\\/wmtbaltic.lv\\\/wp-content\\\/uploads\\\/2021\\\/12\\\/B6_brio-light-aragon-scaled.jpg\",\"width\":2560,\"height\":2560},{\"@type\":\"BreadcrumbList\",\"@id\":\"https:\\\/\\\/wmtbaltic.lv\\\/Produkts\\\/limpleve-cover-styl-b6-brio-light-aragon-1-22m\\\/#breadcrumb\",\"itemListElement\":[{\"@type\":\"ListItem\",\"position\":1,\"name\":\"Home\",\"item\":\"https:\\\/\\\/wmtbaltic.lv\\\/en\\\/\"},{\"@type\":\"ListItem\",\"position\":2,\"name\":\"Products\",\"item\":\"https:\\\/\\\/wmtbaltic.lv\\\/en\\\/shop\\\/\"},{\"@type\":\"ListItem\",\"position\":3,\"name\":\"L\u012bmpl\u0113ve Cover Styl B6 Cashew Beech 1.22m\"}]},{\"@type\":\"WebSite\",\"@id\":\"https:\\\/\\\/wmtbaltic.lv\\\/#website\",\"url\":\"https:\\\/\\\/wmtbaltic.lv\\\/\",\"name\":\"WMT Baltic\",\"description\":\"Rekl\u0101mas produkti, pl\u0113ves\",\"publisher\":{\"@id\":\"https:\\\/\\\/wmtbaltic.lv\\\/#organization\"},\"potentialAction\":[{\"@type\":\"SearchAction\",\"target\":{\"@type\":\"EntryPoint\",\"urlTemplate\":\"https:\\\/\\\/wmtbaltic.lv\\\/?s={search_term_string}\"},\"query-input\":{\"@type\":\"PropertyValueSpecification\",\"valueRequired\":true,\"valueName\":\"search_term_string\"}}],\"inLanguage\":\"en-US\"},{\"@type\":\"Organization\",\"@id\":\"https:\\\/\\\/wmtbaltic.lv\\\/#organization\",\"name\":\"WMT Baltic\",\"url\":\"https:\\\/\\\/wmtbaltic.lv\\\/\",\"logo\":{\"@type\":\"ImageObject\",\"inLanguage\":\"en-US\",\"@id\":\"https:\\\/\\\/wmtbaltic.lv\\\/#\\\/schema\\\/logo\\\/image\\\/\",\"url\":\"https:\\\/\\\/wmtbaltic.lv\\\/wp-content\\\/uploads\\\/2024\\\/12\\\/wmt-baltic-sia_107142_9_420x180.jpg\",\"contentUrl\":\"https:\\\/\\\/wmtbaltic.lv\\\/wp-content\\\/uploads\\\/2024\\\/12\\\/wmt-baltic-sia_107142_9_420x180.jpg\",\"width\":420,\"height\":180,\"caption\":\"WMT Baltic\"},\"image\":{\"@id\":\"https:\\\/\\\/wmtbaltic.lv\\\/#\\\/schema\\\/logo\\\/image\\\/\"},\"sameAs\":[\"https:\\\/\\\/www.facebook.com\\\/WMT.Baltic.viscom\\\/?locale=lv_LV\",\"https:\\\/\\\/www.instagram.com\\\/viscom_wmt\\\/\"]}]}<\/script>\n<!-- \/ Yoast SEO plugin. -->","yoast_head_json":{"title":"L\u012bmpl\u0113ve Cover Styl B6 Brio Light Aragon, nopirkt veikal\u0101 R\u012bg\u0101","robots":{"index":"index","follow":"follow","max-snippet":"max-snippet:-1","max-image-preview":"max-image-preview:large","max-video-preview":"max-video-preview:-1"},"canonical":"https:\/\/wmtbaltic.lv\/Produkts\/limpleve-cover-styl-b6-brio-light-aragon-1-22m\/","og_locale":"en_US","og_type":"article","og_title":"L\u012bmpl\u0113ve Cover Styl B6 Brio Light Aragon, nopirkt veikal\u0101 R\u012bg\u0101","og_url":"https:\/\/wmtbaltic.lv\/Produkts\/limpleve-cover-styl-b6-brio-light-aragon-1-22m\/","og_site_name":"WMT Baltic","article_publisher":"https:\/\/www.facebook.com\/WMT.Baltic.viscom\/?locale=lv_LV","article_modified_time":"2024-04-03T08:32:45+00:00","og_image":[{"width":2560,"height":2560,"url":"http:\/\/wmtbaltic.lv\/wp-content\/uploads\/2021\/12\/B6_brio-light-aragon-scaled.jpg","type":"image\/jpeg"}],"twitter_card":"summary_large_image","twitter_misc":{"Est. reading time":"1 minute"},"schema":{"@context":"https:\/\/schema.org","@graph":[{"@type":"WebPage","@id":"https:\/\/wmtbaltic.lv\/Produkts\/limpleve-cover-styl-b6-brio-light-aragon-1-22m\/","url":"https:\/\/wmtbaltic.lv\/Produkts\/limpleve-cover-styl-b6-brio-light-aragon-1-22m\/","name":"L\u012bmpl\u0113ve Cover Styl B6 Brio Light Aragon, nopirkt veikal\u0101 R\u012bg\u0101","isPartOf":{"@id":"https:\/\/wmtbaltic.lv\/#website"},"primaryImageOfPage":{"@id":"https:\/\/wmtbaltic.lv\/Produkts\/limpleve-cover-styl-b6-brio-light-aragon-1-22m\/#primaryimage"},"image":{"@id":"https:\/\/wmtbaltic.lv\/Produkts\/limpleve-cover-styl-b6-brio-light-aragon-1-22m\/#primaryimage"},"thumbnailUrl":"https:\/\/wmtbaltic.lv\/wp-content\/uploads\/2021\/12\/B6_brio-light-aragon-scaled.jpg","datePublished":"2021-12-03T07:43:26+00:00","dateModified":"2024-04-03T08:32:45+00:00","breadcrumb":{"@id":"https:\/\/wmtbaltic.lv\/Produkts\/limpleve-cover-styl-b6-brio-light-aragon-1-22m\/#breadcrumb"},"inLanguage":"en-US","potentialAction":[{"@type":"ReadAction","target":["https:\/\/wmtbaltic.lv\/Produkts\/limpleve-cover-styl-b6-brio-light-aragon-1-22m\/"]}]},{"@type":"ImageObject","inLanguage":"en-US","@id":"https:\/\/wmtbaltic.lv\/Produkts\/limpleve-cover-styl-b6-brio-light-aragon-1-22m\/#primaryimage","url":"https:\/\/wmtbaltic.lv\/wp-content\/uploads\/2021\/12\/B6_brio-light-aragon-scaled.jpg","contentUrl":"https:\/\/wmtbaltic.lv\/wp-content\/uploads\/2021\/12\/B6_brio-light-aragon-scaled.jpg","width":2560,"height":2560},{"@type":"BreadcrumbList","@id":"https:\/\/wmtbaltic.lv\/Produkts\/limpleve-cover-styl-b6-brio-light-aragon-1-22m\/#breadcrumb","itemListElement":[{"@type":"ListItem","position":1,"name":"Home","item":"https:\/\/wmtbaltic.lv\/en\/"},{"@type":"ListItem","position":2,"name":"Products","item":"https:\/\/wmtbaltic.lv\/en\/shop\/"},{"@type":"ListItem","position":3,"name":"L\u012bmpl\u0113ve Cover Styl B6 Cashew Beech 1.22m"}]},{"@type":"WebSite","@id":"https:\/\/wmtbaltic.lv\/#website","url":"https:\/\/wmtbaltic.lv\/","name":"WMT Baltic","description":"Rekl\u0101mas produkti, pl\u0113ves","publisher":{"@id":"https:\/\/wmtbaltic.lv\/#organization"},"potentialAction":[{"@type":"SearchAction","target":{"@type":"EntryPoint","urlTemplate":"https:\/\/wmtbaltic.lv\/?s={search_term_string}"},"query-input":{"@type":"PropertyValueSpecification","valueRequired":true,"valueName":"search_term_string"}}],"inLanguage":"en-US"},{"@type":"Organization","@id":"https:\/\/wmtbaltic.lv\/#organization","name":"WMT Baltic","url":"https:\/\/wmtbaltic.lv\/","logo":{"@type":"ImageObject","inLanguage":"en-US","@id":"https:\/\/wmtbaltic.lv\/#\/schema\/logo\/image\/","url":"https:\/\/wmtbaltic.lv\/wp-content\/uploads\/2024\/12\/wmt-baltic-sia_107142_9_420x180.jpg","contentUrl":"https:\/\/wmtbaltic.lv\/wp-content\/uploads\/2024\/12\/wmt-baltic-sia_107142_9_420x180.jpg","width":420,"height":180,"caption":"WMT Baltic"},"image":{"@id":"https:\/\/wmtbaltic.lv\/#\/schema\/logo\/image\/"},"sameAs":["https:\/\/www.facebook.com\/WMT.Baltic.viscom\/?locale=lv_LV","https:\/\/www.instagram.com\/viscom_wmt\/"]}]}},"_links":{"self":[{"href":"https:\/\/wmtbaltic.lv\/en\/wp-json\/wp\/v2\/product\/11717","targetHints":{"allow":["GET"]}}],"collection":[{"href":"https:\/\/wmtbaltic.lv\/en\/wp-json\/wp\/v2\/product"}],"about":[{"href":"https:\/\/wmtbaltic.lv\/en\/wp-json\/wp\/v2\/types\/product"}],"replies":[{"embeddable":true,"href":"https:\/\/wmtbaltic.lv\/en\/wp-json\/wp\/v2\/comments?post=11717"}],"wp:featuredmedia":[{"embeddable":true,"href":"https:\/\/wmtbaltic.lv\/en\/wp-json\/wp\/v2\/media\/11720"}],"wp:attachment":[{"href":"https:\/\/wmtbaltic.lv\/en\/wp-json\/wp\/v2\/media?parent=11717"}],"wp:term":[{"taxonomy":"product_brand","embeddable":true,"href":"https:\/\/wmtbaltic.lv\/en\/wp-json\/wp\/v2\/product_brand?post=11717"},{"taxonomy":"product_cat","embeddable":true,"href":"https:\/\/wmtbaltic.lv\/en\/wp-json\/wp\/v2\/product_cat?post=11717"},{"taxonomy":"product_tag","embeddable":true,"href":"https:\/\/wmtbaltic.lv\/en\/wp-json\/wp\/v2\/product_tag?post=11717"}],"curies":[{"name":"wp","href":"https:\/\/api.w.org\/{rel}","templated":true}]}}