{"id":1171,"date":"2020-07-17T12:42:02","date_gmt":"2020-07-17T12:42:02","guid":{"rendered":"http:\/\/wmtbaltic.lv\/\/?post_type=product&#038;p=1171"},"modified":"2020-07-17T12:42:02","modified_gmt":"2020-07-17T12:42:02","slug":"nazis-olfa-svr-2-ar-nerusejosa-terauda-korpusu","status":"publish","type":"product","link":"https:\/\/wmtbaltic.lv\/en\/product\/nazis-olfa-svr-2-ar-nerusejosa-terauda-korpusu\/","title":{"rendered":"Nazis OLFA SVR-2 ar ner\u016bs\u0113jo\u0161\u0101 t\u0113rauda korpusu"},"content":{"rendered":"<p><strong>Pielietojums:\u00a0<\/strong>L\u012bmpl\u0113ves galu nogrie\u0161ana, veicot stiklu ton\u0113\u0161anu. Pap\u012bra, kartona, tape\u0161u,\u00a0putu\u00a0nogrie\u0161anai.<\/p>\n<p>&nbsp;<\/p>\n<p align=\"justify\"><img decoding=\"async\" src=\"http:\/\/adv24.lv\/rtfe_images\/olfa-logo.gif\" \/><\/p>\n","protected":false},"excerpt":{"rendered":"<strong><span style=\"font-size: small;\">Nazis OLFA SVR-2 ar ner\u016bs\u0113jo\u0161\u0101 t\u0113rauda korpusu<\/span><\/strong>\r\n\r\n&nbsp;\r\n<p align=\"justify\">Nazis ar autom\u0101tisko asme\u0146a\u00a0fiks\u0101ciju. Rokturis un asme\u0146i izgatavoti no ner\u016bs\u0113jo\u0161\u0101 t\u0113rauda, t\u0101d\u0113\u013c instruments izmantojams vid\u0113 ar paaugstin\u0101tu mitrumu. Veicot parasto vai automa\u0161\u012bnu stiklu\u00a0ton\u0113\u0161anu, nerus\u0113jo\u0161\u0101 t\u0113rauda asmenis neatst\u0101j uz stikla\u00a0ieskr\u0101p\u0113jumus. Nazim ir speci\u0101ls tur\u0113t\u0101js stiprin\u0101\u0161anai pie bik\u0161u kabatas, kuram ir izveidots\u00a0izgriezums izlietotu na\u017ea segmentu nolau\u0161anai. Nazis ir \u0113rts darbam gan ar labo, gan ar kreiso roku.<\/p>\r\n&nbsp;","protected":false},"featured_media":1172,"comment_status":"closed","ping_status":"closed","template":"","meta":[],"product_brand":[],"product_cat":[83],"product_tag":[],"class_list":{"0":"post-1171","1":"product","2":"type-product","3":"status-publish","4":"has-post-thumbnail","6":"product_cat-uncategorized-lv","8":"first","9":"instock","10":"shipping-taxable","11":"product-type-simple"},"yoast_head":"<!-- This site is optimized with the Yoast SEO plugin v27.4 - https:\/\/yoast.com\/product\/yoast-seo-wordpress\/ -->\n<title>Nazis OLFA SVR-2 ar ner\u016bs\u0113jo\u0161\u0101 t\u0113rauda korpusu - WMT Baltic<\/title>\n<meta name=\"robots\" content=\"index, follow, max-snippet:-1, max-image-preview:large, max-video-preview:-1\" \/>\n<link rel=\"canonical\" href=\"https:\/\/wmtbaltic.lv\/Produkts\/nazis-olfa-svr-2-ar-nerusejosa-terauda-korpusu\/\" \/>\n<meta property=\"og:locale\" content=\"en_US\" \/>\n<meta property=\"og:type\" content=\"article\" \/>\n<meta property=\"og:title\" content=\"Nazis OLFA SVR-2 ar ner\u016bs\u0113jo\u0161\u0101 t\u0113rauda korpusu - WMT Baltic\" \/>\n<meta property=\"og:description\" content=\"Nazis OLFA SVR-2 ar ner\u016bs\u0113jo\u0161\u0101 t\u0113rauda korpusu  &nbsp; Nazis ar autom\u0101tisko asme\u0146a\u00a0fiks\u0101ciju. Rokturis un asme\u0146i izgatavoti no ner\u016bs\u0113jo\u0161\u0101 t\u0113rauda, t\u0101d\u0113\u013c instruments izmantojams vid\u0113 ar paaugstin\u0101tu mitrumu. Veicot parasto vai automa\u0161\u012bnu stiklu\u00a0ton\u0113\u0161anu, nerus\u0113jo\u0161\u0101 t\u0113rauda asmenis neatst\u0101j uz stikla\u00a0ieskr\u0101p\u0113jumus. Nazim ir speci\u0101ls tur\u0113t\u0101js stiprin\u0101\u0161anai pie bik\u0161u kabatas, kuram ir izveidots\u00a0izgriezums izlietotu na\u017ea segmentu nolau\u0161anai. Nazis ir \u0113rts darbam gan ar labo, gan ar kreiso roku. &nbsp;\" \/>\n<meta property=\"og:url\" content=\"https:\/\/wmtbaltic.lv\/Produkts\/nazis-olfa-svr-2-ar-nerusejosa-terauda-korpusu\/\" \/>\n<meta property=\"og:site_name\" content=\"WMT Baltic\" \/>\n<meta property=\"article:publisher\" content=\"https:\/\/www.facebook.com\/WMT.Baltic.viscom\/?locale=lv_LV\" \/>\n<meta property=\"og:image\" content=\"https:\/\/wmtbaltic.lv\/wp-content\/uploads\/2020\/07\/Nazis-OLFA-SVR-2-ar-ner\u016bs\u0113jo\u0161\u0101-t\u0113rauda-korpusu.1.jpg\" \/>\n\t<meta property=\"og:image:width\" content=\"446\" \/>\n\t<meta property=\"og:image:height\" content=\"157\" \/>\n\t<meta property=\"og:image:type\" content=\"image\/jpeg\" \/>\n<meta name=\"twitter:card\" content=\"summary_large_image\" \/>\n<script type=\"application\/ld+json\" class=\"yoast-schema-graph\">{\"@context\":\"https:\\\/\\\/schema.org\",\"@graph\":[{\"@type\":\"WebPage\",\"@id\":\"https:\\\/\\\/wmtbaltic.lv\\\/Produkts\\\/nazis-olfa-svr-2-ar-nerusejosa-terauda-korpusu\\\/\",\"url\":\"https:\\\/\\\/wmtbaltic.lv\\\/Produkts\\\/nazis-olfa-svr-2-ar-nerusejosa-terauda-korpusu\\\/\",\"name\":\"Nazis OLFA SVR-2 ar ner\u016bs\u0113jo\u0161\u0101 t\u0113rauda korpusu - WMT Baltic\",\"isPartOf\":{\"@id\":\"https:\\\/\\\/wmtbaltic.lv\\\/#website\"},\"primaryImageOfPage\":{\"@id\":\"https:\\\/\\\/wmtbaltic.lv\\\/Produkts\\\/nazis-olfa-svr-2-ar-nerusejosa-terauda-korpusu\\\/#primaryimage\"},\"image\":{\"@id\":\"https:\\\/\\\/wmtbaltic.lv\\\/Produkts\\\/nazis-olfa-svr-2-ar-nerusejosa-terauda-korpusu\\\/#primaryimage\"},\"thumbnailUrl\":\"https:\\\/\\\/wmtbaltic.lv\\\/wp-content\\\/uploads\\\/2020\\\/07\\\/Nazis-OLFA-SVR-2-ar-ner\u016bs\u0113jo\u0161\u0101-t\u0113rauda-korpusu.1.jpg\",\"datePublished\":\"2020-07-17T12:42:02+00:00\",\"breadcrumb\":{\"@id\":\"https:\\\/\\\/wmtbaltic.lv\\\/Produkts\\\/nazis-olfa-svr-2-ar-nerusejosa-terauda-korpusu\\\/#breadcrumb\"},\"inLanguage\":\"en-US\",\"potentialAction\":[{\"@type\":\"ReadAction\",\"target\":[\"https:\\\/\\\/wmtbaltic.lv\\\/Produkts\\\/nazis-olfa-svr-2-ar-nerusejosa-terauda-korpusu\\\/\"]}]},{\"@type\":\"ImageObject\",\"inLanguage\":\"en-US\",\"@id\":\"https:\\\/\\\/wmtbaltic.lv\\\/Produkts\\\/nazis-olfa-svr-2-ar-nerusejosa-terauda-korpusu\\\/#primaryimage\",\"url\":\"https:\\\/\\\/wmtbaltic.lv\\\/wp-content\\\/uploads\\\/2020\\\/07\\\/Nazis-OLFA-SVR-2-ar-ner\u016bs\u0113jo\u0161\u0101-t\u0113rauda-korpusu.1.jpg\",\"contentUrl\":\"https:\\\/\\\/wmtbaltic.lv\\\/wp-content\\\/uploads\\\/2020\\\/07\\\/Nazis-OLFA-SVR-2-ar-ner\u016bs\u0113jo\u0161\u0101-t\u0113rauda-korpusu.1.jpg\",\"width\":446,\"height\":157},{\"@type\":\"BreadcrumbList\",\"@id\":\"https:\\\/\\\/wmtbaltic.lv\\\/Produkts\\\/nazis-olfa-svr-2-ar-nerusejosa-terauda-korpusu\\\/#breadcrumb\",\"itemListElement\":[{\"@type\":\"ListItem\",\"position\":1,\"name\":\"Home\",\"item\":\"https:\\\/\\\/wmtbaltic.lv\\\/en\\\/\"},{\"@type\":\"ListItem\",\"position\":2,\"name\":\"Products\",\"item\":\"https:\\\/\\\/wmtbaltic.lv\\\/en\\\/shop\\\/\"},{\"@type\":\"ListItem\",\"position\":3,\"name\":\"Nazis OLFA SVR-2 ar ner\u016bs\u0113jo\u0161\u0101 t\u0113rauda korpusu\"}]},{\"@type\":\"WebSite\",\"@id\":\"https:\\\/\\\/wmtbaltic.lv\\\/#website\",\"url\":\"https:\\\/\\\/wmtbaltic.lv\\\/\",\"name\":\"WMT Baltic\",\"description\":\"Rekl\u0101mas produkti, pl\u0113ves\",\"publisher\":{\"@id\":\"https:\\\/\\\/wmtbaltic.lv\\\/#organization\"},\"potentialAction\":[{\"@type\":\"SearchAction\",\"target\":{\"@type\":\"EntryPoint\",\"urlTemplate\":\"https:\\\/\\\/wmtbaltic.lv\\\/?s={search_term_string}\"},\"query-input\":{\"@type\":\"PropertyValueSpecification\",\"valueRequired\":true,\"valueName\":\"search_term_string\"}}],\"inLanguage\":\"en-US\"},{\"@type\":\"Organization\",\"@id\":\"https:\\\/\\\/wmtbaltic.lv\\\/#organization\",\"name\":\"WMT Baltic\",\"url\":\"https:\\\/\\\/wmtbaltic.lv\\\/\",\"logo\":{\"@type\":\"ImageObject\",\"inLanguage\":\"en-US\",\"@id\":\"https:\\\/\\\/wmtbaltic.lv\\\/#\\\/schema\\\/logo\\\/image\\\/\",\"url\":\"https:\\\/\\\/wmtbaltic.lv\\\/wp-content\\\/uploads\\\/2024\\\/12\\\/wmt-baltic-sia_107142_9_420x180.jpg\",\"contentUrl\":\"https:\\\/\\\/wmtbaltic.lv\\\/wp-content\\\/uploads\\\/2024\\\/12\\\/wmt-baltic-sia_107142_9_420x180.jpg\",\"width\":420,\"height\":180,\"caption\":\"WMT Baltic\"},\"image\":{\"@id\":\"https:\\\/\\\/wmtbaltic.lv\\\/#\\\/schema\\\/logo\\\/image\\\/\"},\"sameAs\":[\"https:\\\/\\\/www.facebook.com\\\/WMT.Baltic.viscom\\\/?locale=lv_LV\",\"https:\\\/\\\/www.instagram.com\\\/viscom_wmt\\\/\"]}]}<\/script>\n<!-- \/ Yoast SEO plugin. -->","yoast_head_json":{"title":"Nazis OLFA SVR-2 ar ner\u016bs\u0113jo\u0161\u0101 t\u0113rauda korpusu - WMT Baltic","robots":{"index":"index","follow":"follow","max-snippet":"max-snippet:-1","max-image-preview":"max-image-preview:large","max-video-preview":"max-video-preview:-1"},"canonical":"https:\/\/wmtbaltic.lv\/Produkts\/nazis-olfa-svr-2-ar-nerusejosa-terauda-korpusu\/","og_locale":"en_US","og_type":"article","og_title":"Nazis OLFA SVR-2 ar ner\u016bs\u0113jo\u0161\u0101 t\u0113rauda korpusu - WMT Baltic","og_description":"Nazis OLFA SVR-2 ar ner\u016bs\u0113jo\u0161\u0101 t\u0113rauda korpusu  &nbsp; Nazis ar autom\u0101tisko asme\u0146a\u00a0fiks\u0101ciju. Rokturis un asme\u0146i izgatavoti no ner\u016bs\u0113jo\u0161\u0101 t\u0113rauda, t\u0101d\u0113\u013c instruments izmantojams vid\u0113 ar paaugstin\u0101tu mitrumu. Veicot parasto vai automa\u0161\u012bnu stiklu\u00a0ton\u0113\u0161anu, nerus\u0113jo\u0161\u0101 t\u0113rauda asmenis neatst\u0101j uz stikla\u00a0ieskr\u0101p\u0113jumus. Nazim ir speci\u0101ls tur\u0113t\u0101js stiprin\u0101\u0161anai pie bik\u0161u kabatas, kuram ir izveidots\u00a0izgriezums izlietotu na\u017ea segmentu nolau\u0161anai. Nazis ir \u0113rts darbam gan ar labo, gan ar kreiso roku. &nbsp;","og_url":"https:\/\/wmtbaltic.lv\/Produkts\/nazis-olfa-svr-2-ar-nerusejosa-terauda-korpusu\/","og_site_name":"WMT Baltic","article_publisher":"https:\/\/www.facebook.com\/WMT.Baltic.viscom\/?locale=lv_LV","og_image":[{"width":446,"height":157,"url":"https:\/\/wmtbaltic.lv\/wp-content\/uploads\/2020\/07\/Nazis-OLFA-SVR-2-ar-ner\u016bs\u0113jo\u0161\u0101-t\u0113rauda-korpusu.1.jpg","type":"image\/jpeg"}],"twitter_card":"summary_large_image","schema":{"@context":"https:\/\/schema.org","@graph":[{"@type":"WebPage","@id":"https:\/\/wmtbaltic.lv\/Produkts\/nazis-olfa-svr-2-ar-nerusejosa-terauda-korpusu\/","url":"https:\/\/wmtbaltic.lv\/Produkts\/nazis-olfa-svr-2-ar-nerusejosa-terauda-korpusu\/","name":"Nazis OLFA SVR-2 ar ner\u016bs\u0113jo\u0161\u0101 t\u0113rauda korpusu - WMT Baltic","isPartOf":{"@id":"https:\/\/wmtbaltic.lv\/#website"},"primaryImageOfPage":{"@id":"https:\/\/wmtbaltic.lv\/Produkts\/nazis-olfa-svr-2-ar-nerusejosa-terauda-korpusu\/#primaryimage"},"image":{"@id":"https:\/\/wmtbaltic.lv\/Produkts\/nazis-olfa-svr-2-ar-nerusejosa-terauda-korpusu\/#primaryimage"},"thumbnailUrl":"https:\/\/wmtbaltic.lv\/wp-content\/uploads\/2020\/07\/Nazis-OLFA-SVR-2-ar-ner\u016bs\u0113jo\u0161\u0101-t\u0113rauda-korpusu.1.jpg","datePublished":"2020-07-17T12:42:02+00:00","breadcrumb":{"@id":"https:\/\/wmtbaltic.lv\/Produkts\/nazis-olfa-svr-2-ar-nerusejosa-terauda-korpusu\/#breadcrumb"},"inLanguage":"en-US","potentialAction":[{"@type":"ReadAction","target":["https:\/\/wmtbaltic.lv\/Produkts\/nazis-olfa-svr-2-ar-nerusejosa-terauda-korpusu\/"]}]},{"@type":"ImageObject","inLanguage":"en-US","@id":"https:\/\/wmtbaltic.lv\/Produkts\/nazis-olfa-svr-2-ar-nerusejosa-terauda-korpusu\/#primaryimage","url":"https:\/\/wmtbaltic.lv\/wp-content\/uploads\/2020\/07\/Nazis-OLFA-SVR-2-ar-ner\u016bs\u0113jo\u0161\u0101-t\u0113rauda-korpusu.1.jpg","contentUrl":"https:\/\/wmtbaltic.lv\/wp-content\/uploads\/2020\/07\/Nazis-OLFA-SVR-2-ar-ner\u016bs\u0113jo\u0161\u0101-t\u0113rauda-korpusu.1.jpg","width":446,"height":157},{"@type":"BreadcrumbList","@id":"https:\/\/wmtbaltic.lv\/Produkts\/nazis-olfa-svr-2-ar-nerusejosa-terauda-korpusu\/#breadcrumb","itemListElement":[{"@type":"ListItem","position":1,"name":"Home","item":"https:\/\/wmtbaltic.lv\/en\/"},{"@type":"ListItem","position":2,"name":"Products","item":"https:\/\/wmtbaltic.lv\/en\/shop\/"},{"@type":"ListItem","position":3,"name":"Nazis OLFA SVR-2 ar ner\u016bs\u0113jo\u0161\u0101 t\u0113rauda korpusu"}]},{"@type":"WebSite","@id":"https:\/\/wmtbaltic.lv\/#website","url":"https:\/\/wmtbaltic.lv\/","name":"WMT Baltic","description":"Rekl\u0101mas produkti, pl\u0113ves","publisher":{"@id":"https:\/\/wmtbaltic.lv\/#organization"},"potentialAction":[{"@type":"SearchAction","target":{"@type":"EntryPoint","urlTemplate":"https:\/\/wmtbaltic.lv\/?s={search_term_string}"},"query-input":{"@type":"PropertyValueSpecification","valueRequired":true,"valueName":"search_term_string"}}],"inLanguage":"en-US"},{"@type":"Organization","@id":"https:\/\/wmtbaltic.lv\/#organization","name":"WMT Baltic","url":"https:\/\/wmtbaltic.lv\/","logo":{"@type":"ImageObject","inLanguage":"en-US","@id":"https:\/\/wmtbaltic.lv\/#\/schema\/logo\/image\/","url":"https:\/\/wmtbaltic.lv\/wp-content\/uploads\/2024\/12\/wmt-baltic-sia_107142_9_420x180.jpg","contentUrl":"https:\/\/wmtbaltic.lv\/wp-content\/uploads\/2024\/12\/wmt-baltic-sia_107142_9_420x180.jpg","width":420,"height":180,"caption":"WMT Baltic"},"image":{"@id":"https:\/\/wmtbaltic.lv\/#\/schema\/logo\/image\/"},"sameAs":["https:\/\/www.facebook.com\/WMT.Baltic.viscom\/?locale=lv_LV","https:\/\/www.instagram.com\/viscom_wmt\/"]}]}},"_links":{"self":[{"href":"https:\/\/wmtbaltic.lv\/en\/wp-json\/wp\/v2\/product\/1171","targetHints":{"allow":["GET"]}}],"collection":[{"href":"https:\/\/wmtbaltic.lv\/en\/wp-json\/wp\/v2\/product"}],"about":[{"href":"https:\/\/wmtbaltic.lv\/en\/wp-json\/wp\/v2\/types\/product"}],"replies":[{"embeddable":true,"href":"https:\/\/wmtbaltic.lv\/en\/wp-json\/wp\/v2\/comments?post=1171"}],"wp:featuredmedia":[{"embeddable":true,"href":"https:\/\/wmtbaltic.lv\/en\/wp-json\/wp\/v2\/media\/1172"}],"wp:attachment":[{"href":"https:\/\/wmtbaltic.lv\/en\/wp-json\/wp\/v2\/media?parent=1171"}],"wp:term":[{"taxonomy":"product_brand","embeddable":true,"href":"https:\/\/wmtbaltic.lv\/en\/wp-json\/wp\/v2\/product_brand?post=1171"},{"taxonomy":"product_cat","embeddable":true,"href":"https:\/\/wmtbaltic.lv\/en\/wp-json\/wp\/v2\/product_cat?post=1171"},{"taxonomy":"product_tag","embeddable":true,"href":"https:\/\/wmtbaltic.lv\/en\/wp-json\/wp\/v2\/product_tag?post=1171"}],"curies":[{"name":"wp","href":"https:\/\/api.w.org\/{rel}","templated":true}]}}