{"id":1168,"date":"2020-07-17T12:38:50","date_gmt":"2020-07-17T12:38:50","guid":{"rendered":"http:\/\/wmtbaltic.lv\/\/?post_type=product&#038;p=1168"},"modified":"2020-07-17T12:38:51","modified_gmt":"2020-07-17T12:38:51","slug":"griezejs-olfa-nol-1-remontdarbiem","status":"publish","type":"product","link":"https:\/\/wmtbaltic.lv\/en\/product\/griezejs-olfa-nol-1-remontdarbiem\/","title":{"rendered":"Griez\u0113js OLFA NOL-1 remontdarbiem"},"content":{"rendered":"<p><span style=\"font-size: small;\"><strong>Pielietojums:\u00a0<\/strong><\/span><span style=\"font-size: small;\">Tape\u0161u, kartona, \u0101das izstr\u0101d\u0101jumu sagrie\u0161ana, remonta darbiem, r\u016bpniecisk\u0101m vajadz\u012bb\u0101m.<\/span><\/p>\n<p>&nbsp;<\/p>\n<p><img decoding=\"async\" src=\"http:\/\/adv24.lv\/rtfe_images\/olfa-logo.gif\" \/><\/p>\n","protected":false},"excerpt":{"rendered":"<span style=\"font-size: small;\"><strong>Griez\u0113js\u00a0OLFA NOL-1 remontdarbiem<\/strong><\/span>\r\n\r\n&nbsp;\r\n<table>\r\n<tbody>\r\n<tr>\r\n<td>\r\n<p align=\"justify\"><span style=\"font-size: small;\">Griez\u0113js\u00a0ar ner\u016bs\u0113jo\u0161\u0101 t\u0113rauda vadn\u0113m un \u012bpa\u0161i iztur\u012bgu asmeni.<\/span><\/p>\r\n<p align=\"justify\"><span style=\"font-size: small;\">Asme\u0146a fiks\u0101cijas meh\u0101nisms - skr\u016bvveida ar\u00a0ritenti\u0146u, kur\u0161 regul\u0113\u00a0fiks\u0101cijas sp\u0113ku.\u00a0<\/span><span style=\"font-size: small;\">Griez\u0113ja rokturis \"Comfort Grip\" izgatavots no speci\u0101la materi\u0101la, tam ir \u0113rta forma.\u00a0Izveidoti robi un balsts roktura gal\u0101 nov\u0113r\u0161 rokas sl\u012bdi grie\u0161anas virzien\u0101. Griez\u0113js ir notur\u012bgs pret \u0161\u0137\u012bdin\u0101t\u0101ju un acetona iedarb\u012bbu.<\/span><\/p>\r\n&nbsp;<\/td>\r\n<\/tr>\r\n<\/tbody>\r\n<\/table>","protected":false},"featured_media":1169,"comment_status":"closed","ping_status":"closed","template":"","meta":[],"product_brand":[],"product_cat":[83],"product_tag":[],"class_list":{"0":"post-1168","1":"product","2":"type-product","3":"status-publish","4":"has-post-thumbnail","6":"product_cat-uncategorized-lv","8":"first","9":"instock","10":"shipping-taxable","11":"product-type-simple"},"yoast_head":"<!-- This site is optimized with the Yoast SEO plugin v27.4 - https:\/\/yoast.com\/product\/yoast-seo-wordpress\/ -->\n<title>Griez\u0113js OLFA NOL-1 remontdarbiem - WMT Baltic<\/title>\n<meta name=\"robots\" content=\"index, follow, max-snippet:-1, max-image-preview:large, max-video-preview:-1\" \/>\n<link rel=\"canonical\" href=\"https:\/\/wmtbaltic.lv\/Produkts\/griezejs-olfa-nol-1-remontdarbiem\/\" \/>\n<meta property=\"og:locale\" content=\"en_US\" \/>\n<meta property=\"og:type\" content=\"article\" \/>\n<meta property=\"og:title\" content=\"Griez\u0113js OLFA NOL-1 remontdarbiem - WMT Baltic\" \/>\n<meta property=\"og:description\" content=\"Griez\u0113js\u00a0OLFA NOL-1 remontdarbiem  &nbsp;     Griez\u0113js\u00a0ar ner\u016bs\u0113jo\u0161\u0101 t\u0113rauda vadn\u0113m un \u012bpa\u0161i iztur\u012bgu asmeni. Asme\u0146a fiks\u0101cijas meh\u0101nisms - skr\u016bvveida ar\u00a0ritenti\u0146u, kur\u0161 regul\u0113\u00a0fiks\u0101cijas sp\u0113ku.\u00a0Griez\u0113ja rokturis &quot;Comfort Grip&quot; izgatavots no speci\u0101la materi\u0101la, tam ir \u0113rta forma.\u00a0Izveidoti robi un balsts roktura gal\u0101 nov\u0113r\u0161 rokas sl\u012bdi grie\u0161anas virzien\u0101. Griez\u0113js ir notur\u012bgs pret \u0161\u0137\u012bdin\u0101t\u0101ju un acetona iedarb\u012bbu. &nbsp;\" \/>\n<meta property=\"og:url\" content=\"https:\/\/wmtbaltic.lv\/Produkts\/griezejs-olfa-nol-1-remontdarbiem\/\" \/>\n<meta property=\"og:site_name\" content=\"WMT Baltic\" \/>\n<meta property=\"article:publisher\" content=\"https:\/\/www.facebook.com\/WMT.Baltic.viscom\/?locale=lv_LV\" \/>\n<meta property=\"article:modified_time\" content=\"2020-07-17T12:38:51+00:00\" \/>\n<meta property=\"og:image\" content=\"https:\/\/wmtbaltic.lv\/wp-content\/uploads\/2020\/07\/Griez\u0113js-OLFA-NOL-1-remontdarbiem.1.jpg\" \/>\n\t<meta property=\"og:image:width\" content=\"446\" \/>\n\t<meta property=\"og:image:height\" content=\"264\" \/>\n\t<meta property=\"og:image:type\" content=\"image\/jpeg\" \/>\n<meta name=\"twitter:card\" content=\"summary_large_image\" \/>\n<script type=\"application\/ld+json\" class=\"yoast-schema-graph\">{\"@context\":\"https:\\\/\\\/schema.org\",\"@graph\":[{\"@type\":\"WebPage\",\"@id\":\"https:\\\/\\\/wmtbaltic.lv\\\/Produkts\\\/griezejs-olfa-nol-1-remontdarbiem\\\/\",\"url\":\"https:\\\/\\\/wmtbaltic.lv\\\/Produkts\\\/griezejs-olfa-nol-1-remontdarbiem\\\/\",\"name\":\"Griez\u0113js OLFA NOL-1 remontdarbiem - WMT Baltic\",\"isPartOf\":{\"@id\":\"https:\\\/\\\/wmtbaltic.lv\\\/#website\"},\"primaryImageOfPage\":{\"@id\":\"https:\\\/\\\/wmtbaltic.lv\\\/Produkts\\\/griezejs-olfa-nol-1-remontdarbiem\\\/#primaryimage\"},\"image\":{\"@id\":\"https:\\\/\\\/wmtbaltic.lv\\\/Produkts\\\/griezejs-olfa-nol-1-remontdarbiem\\\/#primaryimage\"},\"thumbnailUrl\":\"https:\\\/\\\/wmtbaltic.lv\\\/wp-content\\\/uploads\\\/2020\\\/07\\\/Griez\u0113js-OLFA-NOL-1-remontdarbiem.1.jpg\",\"datePublished\":\"2020-07-17T12:38:50+00:00\",\"dateModified\":\"2020-07-17T12:38:51+00:00\",\"breadcrumb\":{\"@id\":\"https:\\\/\\\/wmtbaltic.lv\\\/Produkts\\\/griezejs-olfa-nol-1-remontdarbiem\\\/#breadcrumb\"},\"inLanguage\":\"en-US\",\"potentialAction\":[{\"@type\":\"ReadAction\",\"target\":[\"https:\\\/\\\/wmtbaltic.lv\\\/Produkts\\\/griezejs-olfa-nol-1-remontdarbiem\\\/\"]}]},{\"@type\":\"ImageObject\",\"inLanguage\":\"en-US\",\"@id\":\"https:\\\/\\\/wmtbaltic.lv\\\/Produkts\\\/griezejs-olfa-nol-1-remontdarbiem\\\/#primaryimage\",\"url\":\"https:\\\/\\\/wmtbaltic.lv\\\/wp-content\\\/uploads\\\/2020\\\/07\\\/Griez\u0113js-OLFA-NOL-1-remontdarbiem.1.jpg\",\"contentUrl\":\"https:\\\/\\\/wmtbaltic.lv\\\/wp-content\\\/uploads\\\/2020\\\/07\\\/Griez\u0113js-OLFA-NOL-1-remontdarbiem.1.jpg\",\"width\":446,\"height\":264},{\"@type\":\"BreadcrumbList\",\"@id\":\"https:\\\/\\\/wmtbaltic.lv\\\/Produkts\\\/griezejs-olfa-nol-1-remontdarbiem\\\/#breadcrumb\",\"itemListElement\":[{\"@type\":\"ListItem\",\"position\":1,\"name\":\"Home\",\"item\":\"https:\\\/\\\/wmtbaltic.lv\\\/en\\\/\"},{\"@type\":\"ListItem\",\"position\":2,\"name\":\"Products\",\"item\":\"https:\\\/\\\/wmtbaltic.lv\\\/en\\\/shop\\\/\"},{\"@type\":\"ListItem\",\"position\":3,\"name\":\"Griez\u0113js OLFA NOL-1 remontdarbiem\"}]},{\"@type\":\"WebSite\",\"@id\":\"https:\\\/\\\/wmtbaltic.lv\\\/#website\",\"url\":\"https:\\\/\\\/wmtbaltic.lv\\\/\",\"name\":\"WMT Baltic\",\"description\":\"Rekl\u0101mas produkti, pl\u0113ves\",\"publisher\":{\"@id\":\"https:\\\/\\\/wmtbaltic.lv\\\/#organization\"},\"potentialAction\":[{\"@type\":\"SearchAction\",\"target\":{\"@type\":\"EntryPoint\",\"urlTemplate\":\"https:\\\/\\\/wmtbaltic.lv\\\/?s={search_term_string}\"},\"query-input\":{\"@type\":\"PropertyValueSpecification\",\"valueRequired\":true,\"valueName\":\"search_term_string\"}}],\"inLanguage\":\"en-US\"},{\"@type\":\"Organization\",\"@id\":\"https:\\\/\\\/wmtbaltic.lv\\\/#organization\",\"name\":\"WMT Baltic\",\"url\":\"https:\\\/\\\/wmtbaltic.lv\\\/\",\"logo\":{\"@type\":\"ImageObject\",\"inLanguage\":\"en-US\",\"@id\":\"https:\\\/\\\/wmtbaltic.lv\\\/#\\\/schema\\\/logo\\\/image\\\/\",\"url\":\"https:\\\/\\\/wmtbaltic.lv\\\/wp-content\\\/uploads\\\/2024\\\/12\\\/wmt-baltic-sia_107142_9_420x180.jpg\",\"contentUrl\":\"https:\\\/\\\/wmtbaltic.lv\\\/wp-content\\\/uploads\\\/2024\\\/12\\\/wmt-baltic-sia_107142_9_420x180.jpg\",\"width\":420,\"height\":180,\"caption\":\"WMT Baltic\"},\"image\":{\"@id\":\"https:\\\/\\\/wmtbaltic.lv\\\/#\\\/schema\\\/logo\\\/image\\\/\"},\"sameAs\":[\"https:\\\/\\\/www.facebook.com\\\/WMT.Baltic.viscom\\\/?locale=lv_LV\",\"https:\\\/\\\/www.instagram.com\\\/viscom_wmt\\\/\"]}]}<\/script>\n<!-- \/ Yoast SEO plugin. -->","yoast_head_json":{"title":"Griez\u0113js OLFA NOL-1 remontdarbiem - WMT Baltic","robots":{"index":"index","follow":"follow","max-snippet":"max-snippet:-1","max-image-preview":"max-image-preview:large","max-video-preview":"max-video-preview:-1"},"canonical":"https:\/\/wmtbaltic.lv\/Produkts\/griezejs-olfa-nol-1-remontdarbiem\/","og_locale":"en_US","og_type":"article","og_title":"Griez\u0113js OLFA NOL-1 remontdarbiem - WMT Baltic","og_description":"Griez\u0113js\u00a0OLFA NOL-1 remontdarbiem  &nbsp;     Griez\u0113js\u00a0ar ner\u016bs\u0113jo\u0161\u0101 t\u0113rauda vadn\u0113m un \u012bpa\u0161i iztur\u012bgu asmeni. Asme\u0146a fiks\u0101cijas meh\u0101nisms - skr\u016bvveida ar\u00a0ritenti\u0146u, kur\u0161 regul\u0113\u00a0fiks\u0101cijas sp\u0113ku.\u00a0Griez\u0113ja rokturis \"Comfort Grip\" izgatavots no speci\u0101la materi\u0101la, tam ir \u0113rta forma.\u00a0Izveidoti robi un balsts roktura gal\u0101 nov\u0113r\u0161 rokas sl\u012bdi grie\u0161anas virzien\u0101. Griez\u0113js ir notur\u012bgs pret \u0161\u0137\u012bdin\u0101t\u0101ju un acetona iedarb\u012bbu. &nbsp;","og_url":"https:\/\/wmtbaltic.lv\/Produkts\/griezejs-olfa-nol-1-remontdarbiem\/","og_site_name":"WMT Baltic","article_publisher":"https:\/\/www.facebook.com\/WMT.Baltic.viscom\/?locale=lv_LV","article_modified_time":"2020-07-17T12:38:51+00:00","og_image":[{"width":446,"height":264,"url":"https:\/\/wmtbaltic.lv\/wp-content\/uploads\/2020\/07\/Griez\u0113js-OLFA-NOL-1-remontdarbiem.1.jpg","type":"image\/jpeg"}],"twitter_card":"summary_large_image","schema":{"@context":"https:\/\/schema.org","@graph":[{"@type":"WebPage","@id":"https:\/\/wmtbaltic.lv\/Produkts\/griezejs-olfa-nol-1-remontdarbiem\/","url":"https:\/\/wmtbaltic.lv\/Produkts\/griezejs-olfa-nol-1-remontdarbiem\/","name":"Griez\u0113js OLFA NOL-1 remontdarbiem - WMT Baltic","isPartOf":{"@id":"https:\/\/wmtbaltic.lv\/#website"},"primaryImageOfPage":{"@id":"https:\/\/wmtbaltic.lv\/Produkts\/griezejs-olfa-nol-1-remontdarbiem\/#primaryimage"},"image":{"@id":"https:\/\/wmtbaltic.lv\/Produkts\/griezejs-olfa-nol-1-remontdarbiem\/#primaryimage"},"thumbnailUrl":"https:\/\/wmtbaltic.lv\/wp-content\/uploads\/2020\/07\/Griez\u0113js-OLFA-NOL-1-remontdarbiem.1.jpg","datePublished":"2020-07-17T12:38:50+00:00","dateModified":"2020-07-17T12:38:51+00:00","breadcrumb":{"@id":"https:\/\/wmtbaltic.lv\/Produkts\/griezejs-olfa-nol-1-remontdarbiem\/#breadcrumb"},"inLanguage":"en-US","potentialAction":[{"@type":"ReadAction","target":["https:\/\/wmtbaltic.lv\/Produkts\/griezejs-olfa-nol-1-remontdarbiem\/"]}]},{"@type":"ImageObject","inLanguage":"en-US","@id":"https:\/\/wmtbaltic.lv\/Produkts\/griezejs-olfa-nol-1-remontdarbiem\/#primaryimage","url":"https:\/\/wmtbaltic.lv\/wp-content\/uploads\/2020\/07\/Griez\u0113js-OLFA-NOL-1-remontdarbiem.1.jpg","contentUrl":"https:\/\/wmtbaltic.lv\/wp-content\/uploads\/2020\/07\/Griez\u0113js-OLFA-NOL-1-remontdarbiem.1.jpg","width":446,"height":264},{"@type":"BreadcrumbList","@id":"https:\/\/wmtbaltic.lv\/Produkts\/griezejs-olfa-nol-1-remontdarbiem\/#breadcrumb","itemListElement":[{"@type":"ListItem","position":1,"name":"Home","item":"https:\/\/wmtbaltic.lv\/en\/"},{"@type":"ListItem","position":2,"name":"Products","item":"https:\/\/wmtbaltic.lv\/en\/shop\/"},{"@type":"ListItem","position":3,"name":"Griez\u0113js OLFA NOL-1 remontdarbiem"}]},{"@type":"WebSite","@id":"https:\/\/wmtbaltic.lv\/#website","url":"https:\/\/wmtbaltic.lv\/","name":"WMT Baltic","description":"Rekl\u0101mas produkti, pl\u0113ves","publisher":{"@id":"https:\/\/wmtbaltic.lv\/#organization"},"potentialAction":[{"@type":"SearchAction","target":{"@type":"EntryPoint","urlTemplate":"https:\/\/wmtbaltic.lv\/?s={search_term_string}"},"query-input":{"@type":"PropertyValueSpecification","valueRequired":true,"valueName":"search_term_string"}}],"inLanguage":"en-US"},{"@type":"Organization","@id":"https:\/\/wmtbaltic.lv\/#organization","name":"WMT Baltic","url":"https:\/\/wmtbaltic.lv\/","logo":{"@type":"ImageObject","inLanguage":"en-US","@id":"https:\/\/wmtbaltic.lv\/#\/schema\/logo\/image\/","url":"https:\/\/wmtbaltic.lv\/wp-content\/uploads\/2024\/12\/wmt-baltic-sia_107142_9_420x180.jpg","contentUrl":"https:\/\/wmtbaltic.lv\/wp-content\/uploads\/2024\/12\/wmt-baltic-sia_107142_9_420x180.jpg","width":420,"height":180,"caption":"WMT Baltic"},"image":{"@id":"https:\/\/wmtbaltic.lv\/#\/schema\/logo\/image\/"},"sameAs":["https:\/\/www.facebook.com\/WMT.Baltic.viscom\/?locale=lv_LV","https:\/\/www.instagram.com\/viscom_wmt\/"]}]}},"_links":{"self":[{"href":"https:\/\/wmtbaltic.lv\/en\/wp-json\/wp\/v2\/product\/1168","targetHints":{"allow":["GET"]}}],"collection":[{"href":"https:\/\/wmtbaltic.lv\/en\/wp-json\/wp\/v2\/product"}],"about":[{"href":"https:\/\/wmtbaltic.lv\/en\/wp-json\/wp\/v2\/types\/product"}],"replies":[{"embeddable":true,"href":"https:\/\/wmtbaltic.lv\/en\/wp-json\/wp\/v2\/comments?post=1168"}],"wp:featuredmedia":[{"embeddable":true,"href":"https:\/\/wmtbaltic.lv\/en\/wp-json\/wp\/v2\/media\/1169"}],"wp:attachment":[{"href":"https:\/\/wmtbaltic.lv\/en\/wp-json\/wp\/v2\/media?parent=1168"}],"wp:term":[{"taxonomy":"product_brand","embeddable":true,"href":"https:\/\/wmtbaltic.lv\/en\/wp-json\/wp\/v2\/product_brand?post=1168"},{"taxonomy":"product_cat","embeddable":true,"href":"https:\/\/wmtbaltic.lv\/en\/wp-json\/wp\/v2\/product_cat?post=1168"},{"taxonomy":"product_tag","embeddable":true,"href":"https:\/\/wmtbaltic.lv\/en\/wp-json\/wp\/v2\/product_tag?post=1168"}],"curies":[{"name":"wp","href":"https:\/\/api.w.org\/{rel}","templated":true}]}}