{"id":1159,"date":"2020-07-17T12:33:54","date_gmt":"2020-07-17T12:33:54","guid":{"rendered":"http:\/\/wmtbaltic.lv\/\/?post_type=product&#038;p=1159"},"modified":"2020-07-17T12:34:41","modified_gmt":"2020-07-17T12:34:41","slug":"1159","status":"publish","type":"product","link":"https:\/\/wmtbaltic.lv\/en\/product\/1159\/","title":{"rendered":"Paroc\u012bgs nazis OLFA XA-1"},"content":{"rendered":"<p><a href=\"http:\/\/wmtbaltic.lv\/\/wp-content\/uploads\/2020\/07\/olfa-logo.gif\"><img loading=\"lazy\" decoding=\"async\" class=\"alignnone size-full wp-image-1160\" src=\"http:\/\/wmtbaltic.lv\/\/wp-content\/uploads\/2020\/07\/olfa-logo.gif\" alt=\"\" width=\"87\" height=\"21\" \/><\/a><\/p>\n","protected":false},"excerpt":{"rendered":"Paroc\u012bgs nazis OLFA XA-1\r\n\r\nDivkomponentu pretsl\u012bdes ergonomisks formas rokturis ir izgatavots no pastiprin\u0101ta polipropil\u0113na un elastom\u0113ra .. Nazis XA-1 ir notur\u012bgs pret benz\u012bna, acetona un citu organisko \u0161\u0137\u012bdin\u0101t\u0101ju iedarb\u012bbu. XA-1 na\u017ea fizik\u0101las \u012bpa\u0161\u012bbas, padara vi\u0146u par \u013coti praktisku un nodro\u0161ina maksim\u0101lu kontroli un komfortu, samazina iesp\u0113jamo kait\u0113jumu j\u016bsu rok\u0101m grie\u0161anas proces\u0101. Nazis apr\u012bkots ar labi paz\u012bstamu asme\u0146u autom\u0101tisk\u0101s blo\u0137\u0113\u0161anas sist\u0113mu.","protected":false},"featured_media":1162,"template":"","meta":[],"product_brand":[],"product_cat":[83],"product_tag":[],"class_list":{"0":"post-1159","1":"product","2":"type-product","3":"status-publish","4":"has-post-thumbnail","6":"product_cat-uncategorized-lv","8":"first","9":"instock","10":"shipping-taxable","11":"product-type-simple"},"yoast_head":"<!-- This site is optimized with the Yoast SEO plugin v27.4 - https:\/\/yoast.com\/product\/yoast-seo-wordpress\/ -->\n<title>Paroc\u012bgs nazis OLFA XA-1 - WMT Baltic<\/title>\n<meta name=\"robots\" content=\"index, follow, max-snippet:-1, max-image-preview:large, max-video-preview:-1\" \/>\n<link rel=\"canonical\" href=\"https:\/\/wmtbaltic.lv\/Produkts\/1159\/\" \/>\n<meta property=\"og:locale\" content=\"en_US\" \/>\n<meta property=\"og:type\" content=\"article\" \/>\n<meta property=\"og:title\" content=\"Paroc\u012bgs nazis OLFA XA-1 - WMT Baltic\" \/>\n<meta property=\"og:description\" content=\"Paroc\u012bgs nazis OLFA XA-1  Divkomponentu pretsl\u012bdes ergonomisks formas rokturis ir izgatavots no pastiprin\u0101ta polipropil\u0113na un elastom\u0113ra .. Nazis XA-1 ir notur\u012bgs pret benz\u012bna, acetona un citu organisko \u0161\u0137\u012bdin\u0101t\u0101ju iedarb\u012bbu. XA-1 na\u017ea fizik\u0101las \u012bpa\u0161\u012bbas, padara vi\u0146u par \u013coti praktisku un nodro\u0161ina maksim\u0101lu kontroli un komfortu, samazina iesp\u0113jamo kait\u0113jumu j\u016bsu rok\u0101m grie\u0161anas proces\u0101. Nazis apr\u012bkots ar labi paz\u012bstamu asme\u0146u autom\u0101tisk\u0101s blo\u0137\u0113\u0161anas sist\u0113mu.\" \/>\n<meta property=\"og:url\" content=\"https:\/\/wmtbaltic.lv\/Produkts\/1159\/\" \/>\n<meta property=\"og:site_name\" content=\"WMT Baltic\" \/>\n<meta property=\"article:publisher\" content=\"https:\/\/www.facebook.com\/WMT.Baltic.viscom\/?locale=lv_LV\" \/>\n<meta property=\"article:modified_time\" content=\"2020-07-17T12:34:41+00:00\" \/>\n<meta property=\"og:image\" content=\"https:\/\/wmtbaltic.lv\/wp-content\/uploads\/2020\/07\/Paroc\u012bgs-nazis-OLFA-XA-1.1.jpg\" \/>\n\t<meta property=\"og:image:width\" content=\"500\" \/>\n\t<meta property=\"og:image:height\" content=\"201\" \/>\n\t<meta property=\"og:image:type\" content=\"image\/jpeg\" \/>\n<meta name=\"twitter:card\" content=\"summary_large_image\" \/>\n<script type=\"application\/ld+json\" class=\"yoast-schema-graph\">{\"@context\":\"https:\\\/\\\/schema.org\",\"@graph\":[{\"@type\":\"WebPage\",\"@id\":\"https:\\\/\\\/wmtbaltic.lv\\\/Produkts\\\/1159\\\/\",\"url\":\"https:\\\/\\\/wmtbaltic.lv\\\/Produkts\\\/1159\\\/\",\"name\":\"Paroc\u012bgs nazis OLFA XA-1 - WMT Baltic\",\"isPartOf\":{\"@id\":\"https:\\\/\\\/wmtbaltic.lv\\\/#website\"},\"primaryImageOfPage\":{\"@id\":\"https:\\\/\\\/wmtbaltic.lv\\\/Produkts\\\/1159\\\/#primaryimage\"},\"image\":{\"@id\":\"https:\\\/\\\/wmtbaltic.lv\\\/Produkts\\\/1159\\\/#primaryimage\"},\"thumbnailUrl\":\"https:\\\/\\\/wmtbaltic.lv\\\/wp-content\\\/uploads\\\/2020\\\/07\\\/Paroc\u012bgs-nazis-OLFA-XA-1.1.jpg\",\"datePublished\":\"2020-07-17T12:33:54+00:00\",\"dateModified\":\"2020-07-17T12:34:41+00:00\",\"breadcrumb\":{\"@id\":\"https:\\\/\\\/wmtbaltic.lv\\\/Produkts\\\/1159\\\/#breadcrumb\"},\"inLanguage\":\"en-US\",\"potentialAction\":[{\"@type\":\"ReadAction\",\"target\":[\"https:\\\/\\\/wmtbaltic.lv\\\/Produkts\\\/1159\\\/\"]}]},{\"@type\":\"ImageObject\",\"inLanguage\":\"en-US\",\"@id\":\"https:\\\/\\\/wmtbaltic.lv\\\/Produkts\\\/1159\\\/#primaryimage\",\"url\":\"https:\\\/\\\/wmtbaltic.lv\\\/wp-content\\\/uploads\\\/2020\\\/07\\\/Paroc\u012bgs-nazis-OLFA-XA-1.1.jpg\",\"contentUrl\":\"https:\\\/\\\/wmtbaltic.lv\\\/wp-content\\\/uploads\\\/2020\\\/07\\\/Paroc\u012bgs-nazis-OLFA-XA-1.1.jpg\",\"width\":500,\"height\":201},{\"@type\":\"BreadcrumbList\",\"@id\":\"https:\\\/\\\/wmtbaltic.lv\\\/Produkts\\\/1159\\\/#breadcrumb\",\"itemListElement\":[{\"@type\":\"ListItem\",\"position\":1,\"name\":\"Home\",\"item\":\"https:\\\/\\\/wmtbaltic.lv\\\/en\\\/\"},{\"@type\":\"ListItem\",\"position\":2,\"name\":\"Shop\",\"item\":\"https:\\\/\\\/wmtbaltic.lv\\\/shop\\\/\"},{\"@type\":\"ListItem\",\"position\":3,\"name\":\"Paroc\u012bgs nazis OLFA XA-1\"}]},{\"@type\":\"WebSite\",\"@id\":\"https:\\\/\\\/wmtbaltic.lv\\\/#website\",\"url\":\"https:\\\/\\\/wmtbaltic.lv\\\/\",\"name\":\"WMT Baltic\",\"description\":\"Rekl\u0101mas produkti, pl\u0113ves\",\"publisher\":{\"@id\":\"https:\\\/\\\/wmtbaltic.lv\\\/#organization\"},\"potentialAction\":[{\"@type\":\"SearchAction\",\"target\":{\"@type\":\"EntryPoint\",\"urlTemplate\":\"https:\\\/\\\/wmtbaltic.lv\\\/?s={search_term_string}\"},\"query-input\":{\"@type\":\"PropertyValueSpecification\",\"valueRequired\":true,\"valueName\":\"search_term_string\"}}],\"inLanguage\":\"en-US\"},{\"@type\":\"Organization\",\"@id\":\"https:\\\/\\\/wmtbaltic.lv\\\/#organization\",\"name\":\"WMT Baltic\",\"url\":\"https:\\\/\\\/wmtbaltic.lv\\\/\",\"logo\":{\"@type\":\"ImageObject\",\"inLanguage\":\"en-US\",\"@id\":\"https:\\\/\\\/wmtbaltic.lv\\\/#\\\/schema\\\/logo\\\/image\\\/\",\"url\":\"https:\\\/\\\/wmtbaltic.lv\\\/wp-content\\\/uploads\\\/2024\\\/12\\\/wmt-baltic-sia_107142_9_420x180.jpg\",\"contentUrl\":\"https:\\\/\\\/wmtbaltic.lv\\\/wp-content\\\/uploads\\\/2024\\\/12\\\/wmt-baltic-sia_107142_9_420x180.jpg\",\"width\":420,\"height\":180,\"caption\":\"WMT Baltic\"},\"image\":{\"@id\":\"https:\\\/\\\/wmtbaltic.lv\\\/#\\\/schema\\\/logo\\\/image\\\/\"},\"sameAs\":[\"https:\\\/\\\/www.facebook.com\\\/WMT.Baltic.viscom\\\/?locale=lv_LV\",\"https:\\\/\\\/www.instagram.com\\\/viscom_wmt\\\/\"]}]}<\/script>\n<!-- \/ Yoast SEO plugin. -->","yoast_head_json":{"title":"Paroc\u012bgs nazis OLFA XA-1 - WMT Baltic","robots":{"index":"index","follow":"follow","max-snippet":"max-snippet:-1","max-image-preview":"max-image-preview:large","max-video-preview":"max-video-preview:-1"},"canonical":"https:\/\/wmtbaltic.lv\/Produkts\/1159\/","og_locale":"en_US","og_type":"article","og_title":"Paroc\u012bgs nazis OLFA XA-1 - WMT Baltic","og_description":"Paroc\u012bgs nazis OLFA XA-1  Divkomponentu pretsl\u012bdes ergonomisks formas rokturis ir izgatavots no pastiprin\u0101ta polipropil\u0113na un elastom\u0113ra .. Nazis XA-1 ir notur\u012bgs pret benz\u012bna, acetona un citu organisko \u0161\u0137\u012bdin\u0101t\u0101ju iedarb\u012bbu. XA-1 na\u017ea fizik\u0101las \u012bpa\u0161\u012bbas, padara vi\u0146u par \u013coti praktisku un nodro\u0161ina maksim\u0101lu kontroli un komfortu, samazina iesp\u0113jamo kait\u0113jumu j\u016bsu rok\u0101m grie\u0161anas proces\u0101. Nazis apr\u012bkots ar labi paz\u012bstamu asme\u0146u autom\u0101tisk\u0101s blo\u0137\u0113\u0161anas sist\u0113mu.","og_url":"https:\/\/wmtbaltic.lv\/Produkts\/1159\/","og_site_name":"WMT Baltic","article_publisher":"https:\/\/www.facebook.com\/WMT.Baltic.viscom\/?locale=lv_LV","article_modified_time":"2020-07-17T12:34:41+00:00","og_image":[{"width":500,"height":201,"url":"https:\/\/wmtbaltic.lv\/wp-content\/uploads\/2020\/07\/Paroc\u012bgs-nazis-OLFA-XA-1.1.jpg","type":"image\/jpeg"}],"twitter_card":"summary_large_image","schema":{"@context":"https:\/\/schema.org","@graph":[{"@type":"WebPage","@id":"https:\/\/wmtbaltic.lv\/Produkts\/1159\/","url":"https:\/\/wmtbaltic.lv\/Produkts\/1159\/","name":"Paroc\u012bgs nazis OLFA XA-1 - WMT Baltic","isPartOf":{"@id":"https:\/\/wmtbaltic.lv\/#website"},"primaryImageOfPage":{"@id":"https:\/\/wmtbaltic.lv\/Produkts\/1159\/#primaryimage"},"image":{"@id":"https:\/\/wmtbaltic.lv\/Produkts\/1159\/#primaryimage"},"thumbnailUrl":"https:\/\/wmtbaltic.lv\/wp-content\/uploads\/2020\/07\/Paroc\u012bgs-nazis-OLFA-XA-1.1.jpg","datePublished":"2020-07-17T12:33:54+00:00","dateModified":"2020-07-17T12:34:41+00:00","breadcrumb":{"@id":"https:\/\/wmtbaltic.lv\/Produkts\/1159\/#breadcrumb"},"inLanguage":"en-US","potentialAction":[{"@type":"ReadAction","target":["https:\/\/wmtbaltic.lv\/Produkts\/1159\/"]}]},{"@type":"ImageObject","inLanguage":"en-US","@id":"https:\/\/wmtbaltic.lv\/Produkts\/1159\/#primaryimage","url":"https:\/\/wmtbaltic.lv\/wp-content\/uploads\/2020\/07\/Paroc\u012bgs-nazis-OLFA-XA-1.1.jpg","contentUrl":"https:\/\/wmtbaltic.lv\/wp-content\/uploads\/2020\/07\/Paroc\u012bgs-nazis-OLFA-XA-1.1.jpg","width":500,"height":201},{"@type":"BreadcrumbList","@id":"https:\/\/wmtbaltic.lv\/Produkts\/1159\/#breadcrumb","itemListElement":[{"@type":"ListItem","position":1,"name":"Home","item":"https:\/\/wmtbaltic.lv\/en\/"},{"@type":"ListItem","position":2,"name":"Shop","item":"https:\/\/wmtbaltic.lv\/shop\/"},{"@type":"ListItem","position":3,"name":"Paroc\u012bgs nazis OLFA XA-1"}]},{"@type":"WebSite","@id":"https:\/\/wmtbaltic.lv\/#website","url":"https:\/\/wmtbaltic.lv\/","name":"WMT Baltic","description":"Rekl\u0101mas produkti, pl\u0113ves","publisher":{"@id":"https:\/\/wmtbaltic.lv\/#organization"},"potentialAction":[{"@type":"SearchAction","target":{"@type":"EntryPoint","urlTemplate":"https:\/\/wmtbaltic.lv\/?s={search_term_string}"},"query-input":{"@type":"PropertyValueSpecification","valueRequired":true,"valueName":"search_term_string"}}],"inLanguage":"en-US"},{"@type":"Organization","@id":"https:\/\/wmtbaltic.lv\/#organization","name":"WMT Baltic","url":"https:\/\/wmtbaltic.lv\/","logo":{"@type":"ImageObject","inLanguage":"en-US","@id":"https:\/\/wmtbaltic.lv\/#\/schema\/logo\/image\/","url":"https:\/\/wmtbaltic.lv\/wp-content\/uploads\/2024\/12\/wmt-baltic-sia_107142_9_420x180.jpg","contentUrl":"https:\/\/wmtbaltic.lv\/wp-content\/uploads\/2024\/12\/wmt-baltic-sia_107142_9_420x180.jpg","width":420,"height":180,"caption":"WMT Baltic"},"image":{"@id":"https:\/\/wmtbaltic.lv\/#\/schema\/logo\/image\/"},"sameAs":["https:\/\/www.facebook.com\/WMT.Baltic.viscom\/?locale=lv_LV","https:\/\/www.instagram.com\/viscom_wmt\/"]}]}},"_links":{"self":[{"href":"https:\/\/wmtbaltic.lv\/en\/wp-json\/wp\/v2\/product\/1159","targetHints":{"allow":["GET"]}}],"collection":[{"href":"https:\/\/wmtbaltic.lv\/en\/wp-json\/wp\/v2\/product"}],"about":[{"href":"https:\/\/wmtbaltic.lv\/en\/wp-json\/wp\/v2\/types\/product"}],"wp:featuredmedia":[{"embeddable":true,"href":"https:\/\/wmtbaltic.lv\/en\/wp-json\/wp\/v2\/media\/1162"}],"wp:attachment":[{"href":"https:\/\/wmtbaltic.lv\/en\/wp-json\/wp\/v2\/media?parent=1159"}],"wp:term":[{"taxonomy":"product_brand","embeddable":true,"href":"https:\/\/wmtbaltic.lv\/en\/wp-json\/wp\/v2\/product_brand?post=1159"},{"taxonomy":"product_cat","embeddable":true,"href":"https:\/\/wmtbaltic.lv\/en\/wp-json\/wp\/v2\/product_cat?post=1159"},{"taxonomy":"product_tag","embeddable":true,"href":"https:\/\/wmtbaltic.lv\/en\/wp-json\/wp\/v2\/product_tag?post=1159"}],"curies":[{"name":"wp","href":"https:\/\/api.w.org\/{rel}","templated":true}]}}