{"id":11357,"date":"2021-11-16T14:37:15","date_gmt":"2021-11-16T14:37:15","guid":{"rendered":"https:\/\/wmtbaltic.lv\/?post_type=product&#038;p=11357"},"modified":"2022-01-18T13:55:02","modified_gmt":"2022-01-18T13:55:02","slug":"uzlex-paligriks-limpleves-griesanai-105","status":"publish","type":"product","link":"https:\/\/wmtbaltic.lv\/en\/product\/uzlex-paligriks-limpleves-griesanai-105\/","title":{"rendered":"UZLEX Pal\u012bgr\u012bks l\u012bmpl\u0113ves grie\u0161anai 105\u00b0"},"content":{"rendered":"<p>UZLEX Pal\u012bgr\u012bks l\u012bmpl\u0113ves grie\u0161anai 105\u00b0, ar kura pal\u012bdz\u012bbu J\u016bs varat taisni nogriezt l\u012bmpl\u0113vi no malas.<\/p>\n<p>Sortiment\u0101 v\u0113l pieejams ar\u012b :<\/p>\n<p>\u2013 <a href=\"https:\/\/wmtbaltic.lv\/Produkts\/uzlex-paligriks-limpleves-griesanai-90\/\">Pal\u012bgr\u012bks l\u012bmpl\u0113ves grie\u0161anai 90\u00b0<\/a><\/p>\n<p>\u2013 <a href=\"https:\/\/wmtbaltic.lv\/Produkts\/uzlex-paligriks-limpleves-griesanai-105-2\/\">Pal\u012bgr\u012bks l\u012bmpl\u0113ves grie\u0161anai 120\u00b0<\/a><\/p>\n<p>&nbsp;<\/p>\n<p><img loading=\"lazy\" decoding=\"async\" class=\"alignnone wp-image-11341\" src=\"http:\/\/wmtbaltic.lv\/wp-content\/uploads\/2021\/11\/687a53e1-acbe-4470-8b39-81899a1a12dc-1024x1024.jpg\" sizes=\"auto, (max-width: 458px) 100vw, 458px\" srcset=\"https:\/\/wmtbaltic.lv\/wp-content\/uploads\/2021\/11\/687a53e1-acbe-4470-8b39-81899a1a12dc-1024x1024.jpg 1024w, https:\/\/wmtbaltic.lv\/wp-content\/uploads\/2021\/11\/687a53e1-acbe-4470-8b39-81899a1a12dc-300x300.jpg 300w, https:\/\/wmtbaltic.lv\/wp-content\/uploads\/2021\/11\/687a53e1-acbe-4470-8b39-81899a1a12dc-360x360.jpg 360w, https:\/\/wmtbaltic.lv\/wp-content\/uploads\/2021\/11\/687a53e1-acbe-4470-8b39-81899a1a12dc-768x768.jpg 768w, https:\/\/wmtbaltic.lv\/wp-content\/uploads\/2021\/11\/687a53e1-acbe-4470-8b39-81899a1a12dc-1536x1536.jpg 1536w, https:\/\/wmtbaltic.lv\/wp-content\/uploads\/2021\/11\/687a53e1-acbe-4470-8b39-81899a1a12dc-600x600.jpg 600w, https:\/\/wmtbaltic.lv\/wp-content\/uploads\/2021\/11\/687a53e1-acbe-4470-8b39-81899a1a12dc-100x100.jpg 100w, https:\/\/wmtbaltic.lv\/wp-content\/uploads\/2021\/11\/687a53e1-acbe-4470-8b39-81899a1a12dc.jpg 1599w\" alt=\"\" width=\"458\" height=\"458\" \/><\/p>\n<p>&nbsp;<\/p>\n<p>Visus UZLEX instrumentus ra\u017eojam Latvij\u0101. M\u0113s ra\u017eojam:<\/p>\n<ul>\n<li>\u2013\u00a0<a href=\"https:\/\/wmtbaltic.lv\/product-category\/instrumenti-aksesuari\/aksesuari-aplimesanai\/instrumenti-aplimesanai\/\">instrumentus apl\u012bm\u0113\u0161anai<\/a>\u00a0(auto, rekl\u0101mai, interjeram);<\/li>\n<li><a href=\"https:\/\/wmtbaltic.lv\/product-category\/instrumenti-aksesuari\/aksesuari-aplimesanai\/instrumenti-aplimesanai\/\">\u2013 ra\u0137e\u013cu apvalkus<\/a>\u00a0(fibras, filca, teflona);<\/li>\n<li><a href=\"https:\/\/wmtbaltic.lv\/product-category\/instrumenti-aksesuari\/aksesuari-aplimesanai\/instrumenti-materialu-nonemsanai\/\">\u2013 skr\u0101p\u012b\u0161us materi\u0101la no\u0146em\u0161anai<\/a>;<\/li>\n<li><a href=\"https:\/\/wmtbaltic.lv\/product-category\/instrumenti-aksesuari\/nazi-un-lineali\/griezeji-nazi-un-lineali\/\">\u2013 griez\u0113jus<\/a>;<\/li>\n<li><a href=\"https:\/\/wmtbaltic.lv\/product-category\/instrumenti-aksesuari\/nazi-un-lineali\/lineali\/\">\u2013 line\u0101lus<\/a>;<\/li>\n<li><a href=\"https:\/\/wmtbaltic.lv\/product-category\/instrumenti-aksesuari\/darbavietas-organizacija\/\">\u2013 pal\u012bgr\u012bkus darba\u00a0 vietas organiz\u0101cijai<\/a>;<\/li>\n<\/ul>\n<p>&nbsp;<\/p>\n<p><strong>S\u0113kojiet visiem jaunumiem un pas\u0101kumiem instrumentu industrij\u0101 m\u016bsu Instagram profil\u0101:\u00a0<a href=\"https:\/\/www.instagram.com\/tools.uzlex.eu\/\">www.instagram.com\/tools.uzlex.eu\/\u00a0\u00a0<\/a><\/strong><\/p>\n<p>&nbsp;<\/p>\n<p><strong>Aicin\u0101m iepaz\u012bties ar instrumentu katalogu m\u016bsu m\u0101jaslap\u0101:\u00a0<\/strong><\/p>\n<p><a href=\"https:\/\/downloads.wmt.lv\/uzlex\/\"><img loading=\"lazy\" decoding=\"async\" class=\"alignnone size-large wp-image-10907\" src=\"http:\/\/wmtbaltic.lv\/wp-content\/uploads\/2020\/08\/tools.uzlex_.eu_new.catalogue-1024x355.jpg\" sizes=\"auto, (max-width: 780px) 100vw, 780px\" srcset=\"https:\/\/wmtbaltic.lv\/wp-content\/uploads\/2020\/08\/tools.uzlex_.eu_new.catalogue-1024x355.jpg 1024w, https:\/\/wmtbaltic.lv\/wp-content\/uploads\/2020\/08\/tools.uzlex_.eu_new.catalogue-300x104.jpg 300w, https:\/\/wmtbaltic.lv\/wp-content\/uploads\/2020\/08\/tools.uzlex_.eu_new.catalogue-768x266.jpg 768w, https:\/\/wmtbaltic.lv\/wp-content\/uploads\/2020\/08\/tools.uzlex_.eu_new.catalogue-600x208.jpg 600w, https:\/\/wmtbaltic.lv\/wp-content\/uploads\/2020\/08\/tools.uzlex_.eu_new.catalogue.jpg 1438w\" alt=\"\" width=\"780\" height=\"270\" \/><\/a><\/p>\n","protected":false},"excerpt":{"rendered":"UZLEX Pal\u012bgr\u012bks l\u012bmpl\u0113ves grie\u0161anai 105\u00b0, ar kura pal\u012bdz\u012bbu J\u016bs varat taisni nogriezt l\u012bmpl\u0113vi no malas.","protected":false},"featured_media":11358,"comment_status":"closed","ping_status":"closed","template":"","meta":[],"product_brand":[],"product_cat":[200,307,61,306,309,314],"product_tag":[1033,1050,290],"class_list":{"0":"post-11357","1":"product","2":"type-product","3":"status-publish","4":"has-post-thumbnail","6":"product_cat-aksesuari-aplimesanai","7":"product_cat-griezeji-nazi-un-lineali","8":"product_cat-instrumenti-aksesuari","9":"product_cat-lineali","10":"product_cat-nazi-un-lineali","11":"product_cat-paligriki","12":"product_tag-griezejs","13":"product_tag-paligriks","14":"product_tag-uzlex","16":"first","17":"instock","18":"shipping-taxable","19":"purchasable","20":"product-type-simple"},"yoast_head":"<!-- This site is optimized with the Yoast SEO plugin v27.4 - https:\/\/yoast.com\/product\/yoast-seo-wordpress\/ -->\n<title>UZLEX Pal\u012bgr\u012bks l\u012bmpl\u0113ves grie\u0161anai 105\u00b0, ra\u017eots Latvij\u0101<\/title>\n<meta name=\"description\" content=\"UZLEX Pal\u012bgr\u012bks l\u012bmpl\u0113ves grie\u0161anai 105\u00b0, ar kura pal\u012bdz\u012bbu J\u016bs varat taisni nogriezt l\u012bmpl\u0113vi no malas. Ra\u017eots Latvij\u0101.\" \/>\n<meta name=\"robots\" content=\"index, follow, max-snippet:-1, max-image-preview:large, max-video-preview:-1\" \/>\n<link rel=\"canonical\" href=\"https:\/\/wmtbaltic.lv\/Produkts\/uzlex-paligriks-limpleves-griesanai-105\/\" \/>\n<meta property=\"og:locale\" content=\"en_US\" \/>\n<meta property=\"og:type\" content=\"article\" \/>\n<meta property=\"og:title\" content=\"UZLEX Pal\u012bgr\u012bks l\u012bmpl\u0113ves grie\u0161anai 105\u00b0, ra\u017eots Latvij\u0101\" \/>\n<meta property=\"og:description\" content=\"UZLEX Pal\u012bgr\u012bks l\u012bmpl\u0113ves grie\u0161anai 105\u00b0, ar kura pal\u012bdz\u012bbu J\u016bs varat taisni nogriezt l\u012bmpl\u0113vi no malas. Ra\u017eots Latvij\u0101.\" \/>\n<meta property=\"og:url\" content=\"https:\/\/wmtbaltic.lv\/Produkts\/uzlex-paligriks-limpleves-griesanai-105\/\" \/>\n<meta property=\"og:site_name\" content=\"WMT Baltic\" \/>\n<meta property=\"article:publisher\" content=\"https:\/\/www.facebook.com\/WMT.Baltic.viscom\/?locale=lv_LV\" \/>\n<meta property=\"article:modified_time\" content=\"2022-01-18T13:55:02+00:00\" \/>\n<meta property=\"og:image\" content=\"https:\/\/wmtbaltic.lv\/wp-content\/uploads\/2021\/11\/105.jpg\" \/>\n\t<meta property=\"og:image:width\" content=\"461\" \/>\n\t<meta property=\"og:image:height\" content=\"428\" \/>\n\t<meta property=\"og:image:type\" content=\"image\/jpeg\" \/>\n<meta name=\"twitter:card\" content=\"summary_large_image\" \/>\n<meta name=\"twitter:label1\" content=\"Est. reading time\" \/>\n\t<meta name=\"twitter:data1\" content=\"1 minute\" \/>\n<script type=\"application\/ld+json\" class=\"yoast-schema-graph\">{\"@context\":\"https:\\\/\\\/schema.org\",\"@graph\":[{\"@type\":\"WebPage\",\"@id\":\"https:\\\/\\\/wmtbaltic.lv\\\/Produkts\\\/uzlex-paligriks-limpleves-griesanai-105\\\/\",\"url\":\"https:\\\/\\\/wmtbaltic.lv\\\/Produkts\\\/uzlex-paligriks-limpleves-griesanai-105\\\/\",\"name\":\"UZLEX Pal\u012bgr\u012bks l\u012bmpl\u0113ves grie\u0161anai 105\u00b0, ra\u017eots Latvij\u0101\",\"isPartOf\":{\"@id\":\"https:\\\/\\\/wmtbaltic.lv\\\/#website\"},\"primaryImageOfPage\":{\"@id\":\"https:\\\/\\\/wmtbaltic.lv\\\/Produkts\\\/uzlex-paligriks-limpleves-griesanai-105\\\/#primaryimage\"},\"image\":{\"@id\":\"https:\\\/\\\/wmtbaltic.lv\\\/Produkts\\\/uzlex-paligriks-limpleves-griesanai-105\\\/#primaryimage\"},\"thumbnailUrl\":\"https:\\\/\\\/wmtbaltic.lv\\\/wp-content\\\/uploads\\\/2021\\\/11\\\/105.jpg\",\"datePublished\":\"2021-11-16T14:37:15+00:00\",\"dateModified\":\"2022-01-18T13:55:02+00:00\",\"description\":\"UZLEX Pal\u012bgr\u012bks l\u012bmpl\u0113ves grie\u0161anai 105\u00b0, ar kura pal\u012bdz\u012bbu J\u016bs varat taisni nogriezt l\u012bmpl\u0113vi no malas. Ra\u017eots Latvij\u0101.\",\"breadcrumb\":{\"@id\":\"https:\\\/\\\/wmtbaltic.lv\\\/Produkts\\\/uzlex-paligriks-limpleves-griesanai-105\\\/#breadcrumb\"},\"inLanguage\":\"en-US\",\"potentialAction\":[{\"@type\":\"ReadAction\",\"target\":[\"https:\\\/\\\/wmtbaltic.lv\\\/Produkts\\\/uzlex-paligriks-limpleves-griesanai-105\\\/\"]}]},{\"@type\":\"ImageObject\",\"inLanguage\":\"en-US\",\"@id\":\"https:\\\/\\\/wmtbaltic.lv\\\/Produkts\\\/uzlex-paligriks-limpleves-griesanai-105\\\/#primaryimage\",\"url\":\"https:\\\/\\\/wmtbaltic.lv\\\/wp-content\\\/uploads\\\/2021\\\/11\\\/105.jpg\",\"contentUrl\":\"https:\\\/\\\/wmtbaltic.lv\\\/wp-content\\\/uploads\\\/2021\\\/11\\\/105.jpg\",\"width\":461,\"height\":428},{\"@type\":\"BreadcrumbList\",\"@id\":\"https:\\\/\\\/wmtbaltic.lv\\\/Produkts\\\/uzlex-paligriks-limpleves-griesanai-105\\\/#breadcrumb\",\"itemListElement\":[{\"@type\":\"ListItem\",\"position\":1,\"name\":\"Home\",\"item\":\"https:\\\/\\\/wmtbaltic.lv\\\/en\\\/\"},{\"@type\":\"ListItem\",\"position\":2,\"name\":\"Products\",\"item\":\"https:\\\/\\\/wmtbaltic.lv\\\/en\\\/shop\\\/\"},{\"@type\":\"ListItem\",\"position\":3,\"name\":\"UZLEX Pal\u012bgr\u012bks l\u012bmpl\u0113ves grie\u0161anai 105\u00b0\"}]},{\"@type\":\"WebSite\",\"@id\":\"https:\\\/\\\/wmtbaltic.lv\\\/#website\",\"url\":\"https:\\\/\\\/wmtbaltic.lv\\\/\",\"name\":\"WMT Baltic\",\"description\":\"Rekl\u0101mas produkti, pl\u0113ves\",\"publisher\":{\"@id\":\"https:\\\/\\\/wmtbaltic.lv\\\/#organization\"},\"potentialAction\":[{\"@type\":\"SearchAction\",\"target\":{\"@type\":\"EntryPoint\",\"urlTemplate\":\"https:\\\/\\\/wmtbaltic.lv\\\/?s={search_term_string}\"},\"query-input\":{\"@type\":\"PropertyValueSpecification\",\"valueRequired\":true,\"valueName\":\"search_term_string\"}}],\"inLanguage\":\"en-US\"},{\"@type\":\"Organization\",\"@id\":\"https:\\\/\\\/wmtbaltic.lv\\\/#organization\",\"name\":\"WMT Baltic\",\"url\":\"https:\\\/\\\/wmtbaltic.lv\\\/\",\"logo\":{\"@type\":\"ImageObject\",\"inLanguage\":\"en-US\",\"@id\":\"https:\\\/\\\/wmtbaltic.lv\\\/#\\\/schema\\\/logo\\\/image\\\/\",\"url\":\"https:\\\/\\\/wmtbaltic.lv\\\/wp-content\\\/uploads\\\/2024\\\/12\\\/wmt-baltic-sia_107142_9_420x180.jpg\",\"contentUrl\":\"https:\\\/\\\/wmtbaltic.lv\\\/wp-content\\\/uploads\\\/2024\\\/12\\\/wmt-baltic-sia_107142_9_420x180.jpg\",\"width\":420,\"height\":180,\"caption\":\"WMT Baltic\"},\"image\":{\"@id\":\"https:\\\/\\\/wmtbaltic.lv\\\/#\\\/schema\\\/logo\\\/image\\\/\"},\"sameAs\":[\"https:\\\/\\\/www.facebook.com\\\/WMT.Baltic.viscom\\\/?locale=lv_LV\",\"https:\\\/\\\/www.instagram.com\\\/viscom_wmt\\\/\"]}]}<\/script>\n<!-- \/ Yoast SEO plugin. -->","yoast_head_json":{"title":"UZLEX Pal\u012bgr\u012bks l\u012bmpl\u0113ves grie\u0161anai 105\u00b0, ra\u017eots Latvij\u0101","description":"UZLEX Pal\u012bgr\u012bks l\u012bmpl\u0113ves grie\u0161anai 105\u00b0, ar kura pal\u012bdz\u012bbu J\u016bs varat taisni nogriezt l\u012bmpl\u0113vi no malas. Ra\u017eots Latvij\u0101.","robots":{"index":"index","follow":"follow","max-snippet":"max-snippet:-1","max-image-preview":"max-image-preview:large","max-video-preview":"max-video-preview:-1"},"canonical":"https:\/\/wmtbaltic.lv\/Produkts\/uzlex-paligriks-limpleves-griesanai-105\/","og_locale":"en_US","og_type":"article","og_title":"UZLEX Pal\u012bgr\u012bks l\u012bmpl\u0113ves grie\u0161anai 105\u00b0, ra\u017eots Latvij\u0101","og_description":"UZLEX Pal\u012bgr\u012bks l\u012bmpl\u0113ves grie\u0161anai 105\u00b0, ar kura pal\u012bdz\u012bbu J\u016bs varat taisni nogriezt l\u012bmpl\u0113vi no malas. Ra\u017eots Latvij\u0101.","og_url":"https:\/\/wmtbaltic.lv\/Produkts\/uzlex-paligriks-limpleves-griesanai-105\/","og_site_name":"WMT Baltic","article_publisher":"https:\/\/www.facebook.com\/WMT.Baltic.viscom\/?locale=lv_LV","article_modified_time":"2022-01-18T13:55:02+00:00","og_image":[{"width":461,"height":428,"url":"https:\/\/wmtbaltic.lv\/wp-content\/uploads\/2021\/11\/105.jpg","type":"image\/jpeg"}],"twitter_card":"summary_large_image","twitter_misc":{"Est. reading time":"1 minute"},"schema":{"@context":"https:\/\/schema.org","@graph":[{"@type":"WebPage","@id":"https:\/\/wmtbaltic.lv\/Produkts\/uzlex-paligriks-limpleves-griesanai-105\/","url":"https:\/\/wmtbaltic.lv\/Produkts\/uzlex-paligriks-limpleves-griesanai-105\/","name":"UZLEX Pal\u012bgr\u012bks l\u012bmpl\u0113ves grie\u0161anai 105\u00b0, ra\u017eots Latvij\u0101","isPartOf":{"@id":"https:\/\/wmtbaltic.lv\/#website"},"primaryImageOfPage":{"@id":"https:\/\/wmtbaltic.lv\/Produkts\/uzlex-paligriks-limpleves-griesanai-105\/#primaryimage"},"image":{"@id":"https:\/\/wmtbaltic.lv\/Produkts\/uzlex-paligriks-limpleves-griesanai-105\/#primaryimage"},"thumbnailUrl":"https:\/\/wmtbaltic.lv\/wp-content\/uploads\/2021\/11\/105.jpg","datePublished":"2021-11-16T14:37:15+00:00","dateModified":"2022-01-18T13:55:02+00:00","description":"UZLEX Pal\u012bgr\u012bks l\u012bmpl\u0113ves grie\u0161anai 105\u00b0, ar kura pal\u012bdz\u012bbu J\u016bs varat taisni nogriezt l\u012bmpl\u0113vi no malas. Ra\u017eots Latvij\u0101.","breadcrumb":{"@id":"https:\/\/wmtbaltic.lv\/Produkts\/uzlex-paligriks-limpleves-griesanai-105\/#breadcrumb"},"inLanguage":"en-US","potentialAction":[{"@type":"ReadAction","target":["https:\/\/wmtbaltic.lv\/Produkts\/uzlex-paligriks-limpleves-griesanai-105\/"]}]},{"@type":"ImageObject","inLanguage":"en-US","@id":"https:\/\/wmtbaltic.lv\/Produkts\/uzlex-paligriks-limpleves-griesanai-105\/#primaryimage","url":"https:\/\/wmtbaltic.lv\/wp-content\/uploads\/2021\/11\/105.jpg","contentUrl":"https:\/\/wmtbaltic.lv\/wp-content\/uploads\/2021\/11\/105.jpg","width":461,"height":428},{"@type":"BreadcrumbList","@id":"https:\/\/wmtbaltic.lv\/Produkts\/uzlex-paligriks-limpleves-griesanai-105\/#breadcrumb","itemListElement":[{"@type":"ListItem","position":1,"name":"Home","item":"https:\/\/wmtbaltic.lv\/en\/"},{"@type":"ListItem","position":2,"name":"Products","item":"https:\/\/wmtbaltic.lv\/en\/shop\/"},{"@type":"ListItem","position":3,"name":"UZLEX Pal\u012bgr\u012bks l\u012bmpl\u0113ves grie\u0161anai 105\u00b0"}]},{"@type":"WebSite","@id":"https:\/\/wmtbaltic.lv\/#website","url":"https:\/\/wmtbaltic.lv\/","name":"WMT Baltic","description":"Rekl\u0101mas produkti, pl\u0113ves","publisher":{"@id":"https:\/\/wmtbaltic.lv\/#organization"},"potentialAction":[{"@type":"SearchAction","target":{"@type":"EntryPoint","urlTemplate":"https:\/\/wmtbaltic.lv\/?s={search_term_string}"},"query-input":{"@type":"PropertyValueSpecification","valueRequired":true,"valueName":"search_term_string"}}],"inLanguage":"en-US"},{"@type":"Organization","@id":"https:\/\/wmtbaltic.lv\/#organization","name":"WMT Baltic","url":"https:\/\/wmtbaltic.lv\/","logo":{"@type":"ImageObject","inLanguage":"en-US","@id":"https:\/\/wmtbaltic.lv\/#\/schema\/logo\/image\/","url":"https:\/\/wmtbaltic.lv\/wp-content\/uploads\/2024\/12\/wmt-baltic-sia_107142_9_420x180.jpg","contentUrl":"https:\/\/wmtbaltic.lv\/wp-content\/uploads\/2024\/12\/wmt-baltic-sia_107142_9_420x180.jpg","width":420,"height":180,"caption":"WMT Baltic"},"image":{"@id":"https:\/\/wmtbaltic.lv\/#\/schema\/logo\/image\/"},"sameAs":["https:\/\/www.facebook.com\/WMT.Baltic.viscom\/?locale=lv_LV","https:\/\/www.instagram.com\/viscom_wmt\/"]}]}},"_links":{"self":[{"href":"https:\/\/wmtbaltic.lv\/en\/wp-json\/wp\/v2\/product\/11357","targetHints":{"allow":["GET"]}}],"collection":[{"href":"https:\/\/wmtbaltic.lv\/en\/wp-json\/wp\/v2\/product"}],"about":[{"href":"https:\/\/wmtbaltic.lv\/en\/wp-json\/wp\/v2\/types\/product"}],"replies":[{"embeddable":true,"href":"https:\/\/wmtbaltic.lv\/en\/wp-json\/wp\/v2\/comments?post=11357"}],"wp:featuredmedia":[{"embeddable":true,"href":"https:\/\/wmtbaltic.lv\/en\/wp-json\/wp\/v2\/media\/11358"}],"wp:attachment":[{"href":"https:\/\/wmtbaltic.lv\/en\/wp-json\/wp\/v2\/media?parent=11357"}],"wp:term":[{"taxonomy":"product_brand","embeddable":true,"href":"https:\/\/wmtbaltic.lv\/en\/wp-json\/wp\/v2\/product_brand?post=11357"},{"taxonomy":"product_cat","embeddable":true,"href":"https:\/\/wmtbaltic.lv\/en\/wp-json\/wp\/v2\/product_cat?post=11357"},{"taxonomy":"product_tag","embeddable":true,"href":"https:\/\/wmtbaltic.lv\/en\/wp-json\/wp\/v2\/product_tag?post=11357"}],"curies":[{"name":"wp","href":"https:\/\/api.w.org\/{rel}","templated":true}]}}