{"id":11213,"date":"2021-11-15T10:01:22","date_gmt":"2021-11-15T10:01:22","guid":{"rendered":"https:\/\/wmtbaltic.lv\/?post_type=product&#038;p=11213"},"modified":"2021-11-15T10:01:23","modified_gmt":"2021-11-15T10:01:23","slug":"asmeni-multisharp-9mm-30-gradi-10gab","status":"publish","type":"product","link":"https:\/\/wmtbaltic.lv\/en\/product\/asmeni-multisharp-9mm-30-gradi-10gab\/","title":{"rendered":"Asme\u0146i Multisharp 9mm, 30 gr\u0101di  (10gab)"},"content":{"rendered":"<p>Asme\u0146i Multisharp Blade 9mm, 30 gr\u0101di (10gab). \u012apa\u0161i asi asme\u0146i. V\u0101cijas kvalit\u0101te.<\/p>\n<p>M\u016bsu veikal\u0101 ir pla\u0161s asme\u0146u sortiments, k\u0101 ar\u012b pied\u0101v\u0101jam na\u017eus un griez\u0113jus no Eiropas ra\u017eot\u0101jiem.<\/p>\n<p>&nbsp;<\/p>\n<p>M\u0113s ra\u017eojam da\u017e\u0101dus instrumentus (UZLEX z\u012bmols) rekl\u0101mas darbiem, auto apl\u012bm\u0113\u0161anai, rokdarbiem.<\/p>\n<p>Visus UZLEX instrumentus ra\u017eojam Latvij\u0101. M\u0113s ra\u017eojam:<\/p>\n<ul>\n<li>\u2013\u00a0<a href=\"https:\/\/wmtbaltic.lv\/product-category\/instrumenti-aksesuari\/aksesuari-aplimesanai\/instrumenti-aplimesanai\/\">rake\u013cus apl\u012bm\u0113\u0161anai<\/a>\u00a0(auto, rekl\u0101mai, interjeram);<\/li>\n<li><a href=\"https:\/\/wmtbaltic.lv\/product-category\/instrumenti-aksesuari\/aksesuari-aplimesanai\/instrumenti-aplimesanai\/\">\u2013 rake\u013cu apvalkus<\/a>\u00a0(fibras, filca, teflona);<\/li>\n<li><a href=\"https:\/\/wmtbaltic.lv\/product-category\/instrumenti-aksesuari\/aksesuari-aplimesanai\/instrumenti-materialu-nonemsanai\/\">\u2013 skr\u0101p\u012b\u0161us materi\u0101la no\u0146em\u0161anai<\/a>;<\/li>\n<li><a href=\"https:\/\/wmtbaltic.lv\/product-category\/instrumenti-aksesuari\/nazi-un-lineali\/griezeji-nazi-un-lineali\/\">\u2013 griez\u0113jus<\/a>;<\/li>\n<li><a href=\"https:\/\/wmtbaltic.lv\/product-category\/instrumenti-aksesuari\/nazi-un-lineali\/lineali\/\">\u2013 line\u0101lus<\/a>;<\/li>\n<li><a href=\"https:\/\/wmtbaltic.lv\/product-category\/instrumenti-aksesuari\/darbavietas-organizacija\/\">\u2013 pal\u012bgr\u012bkus darba\u00a0 vietas organiz\u0101cijai<\/a>;<\/li>\n<\/ul>\n<p>&nbsp;<\/p>\n<p><strong>S\u0113kojiet visiem jaunumiem un pas\u0101kumiem instrumentu industrij\u0101 m\u016bsu Instagram profil\u0101:\u00a0<a href=\"https:\/\/www.instagram.com\/tools.uzlex.eu\/\">www.instagram.com\/tools.uzlex.eu\/\u00a0\u00a0<\/a><\/strong><\/p>\n<p>&nbsp;<\/p>\n<p><strong>Aicin\u0101m iepaz\u012bties ar instrumentu katalogu m\u016bsu m\u0101jaslap\u0101:\u00a0<\/strong><\/p>\n<p><a href=\"https:\/\/downloads.wmt.lv\/uzlex\/\"><img loading=\"lazy\" decoding=\"async\" class=\"alignnone size-large wp-image-10907\" src=\"http:\/\/wmtbaltic.lv\/wp-content\/uploads\/2020\/08\/tools.uzlex_.eu_new.catalogue-1024x355.jpg\" sizes=\"auto, (max-width: 780px) 100vw, 780px\" srcset=\"https:\/\/wmtbaltic.lv\/wp-content\/uploads\/2020\/08\/tools.uzlex_.eu_new.catalogue-1024x355.jpg 1024w, https:\/\/wmtbaltic.lv\/wp-content\/uploads\/2020\/08\/tools.uzlex_.eu_new.catalogue-300x104.jpg 300w, https:\/\/wmtbaltic.lv\/wp-content\/uploads\/2020\/08\/tools.uzlex_.eu_new.catalogue-768x266.jpg 768w, https:\/\/wmtbaltic.lv\/wp-content\/uploads\/2020\/08\/tools.uzlex_.eu_new.catalogue-600x208.jpg 600w, https:\/\/wmtbaltic.lv\/wp-content\/uploads\/2020\/08\/tools.uzlex_.eu_new.catalogue.jpg 1438w\" alt=\"\" width=\"780\" height=\"270\" \/><\/a><\/p>\n","protected":false},"excerpt":{"rendered":"Asme\u0146i Multisharp Blade 9mm, 30 gr\u0101di (10gab). \u012apa\u0161i asi asme\u0146i. V\u0101cijas kvalit\u0101te.","protected":false},"featured_media":11220,"comment_status":"closed","ping_status":"closed","template":"","meta":[],"product_brand":[],"product_cat":[213,61,309],"product_tag":[1039,1038,678,502,462],"class_list":{"0":"post-11213","1":"product","2":"type-product","3":"status-publish","4":"has-post-thumbnail","6":"product_cat-asmeni","7":"product_cat-instrumenti-aksesuari","8":"product_cat-nazi-un-lineali","9":"product_tag-30-gradi","10":"product_tag-9mm","11":"product_tag-asmeni","12":"product_tag-griesana","13":"product_tag-pleves-griesana","15":"first","16":"instock","17":"shipping-taxable","18":"purchasable","19":"product-type-simple"},"yoast_head":"<!-- This site is optimized with the Yoast SEO plugin v27.4 - https:\/\/yoast.com\/product\/yoast-seo-wordpress\/ -->\n<title>Asme\u0146i Multisharp Blade 9mm, 30 gr\u0101di (10gab). V\u0101cijas kvalit\u0101te.\u00a0<\/title>\n<meta name=\"description\" content=\"Asme\u0146i Multisharp Blade 9mm, 30 gr\u0101di (10gab). \u012apa\u0161i asi asme\u0146i. V\u0101cijas kvalit\u0101te.\u00a0Pla\u0161s na\u017eu un griez\u0113ju sortiments.\" \/>\n<meta name=\"robots\" content=\"index, follow, max-snippet:-1, max-image-preview:large, max-video-preview:-1\" \/>\n<link rel=\"canonical\" href=\"https:\/\/wmtbaltic.lv\/Produkts\/asmeni-multisharp-9mm-30-gradi-10gab\/\" \/>\n<meta property=\"og:locale\" content=\"en_US\" \/>\n<meta property=\"og:type\" content=\"article\" \/>\n<meta property=\"og:title\" content=\"Asme\u0146i Multisharp Blade 9mm, 30 gr\u0101di (10gab). V\u0101cijas kvalit\u0101te.\u00a0\" \/>\n<meta property=\"og:description\" content=\"Asme\u0146i Multisharp Blade 9mm, 30 gr\u0101di (10gab). \u012apa\u0161i asi asme\u0146i. V\u0101cijas kvalit\u0101te.\u00a0Pla\u0161s na\u017eu un griez\u0113ju sortiments.\" \/>\n<meta property=\"og:url\" content=\"https:\/\/wmtbaltic.lv\/Produkts\/asmeni-multisharp-9mm-30-gradi-10gab\/\" \/>\n<meta property=\"og:site_name\" content=\"WMT Baltic\" \/>\n<meta property=\"article:publisher\" content=\"https:\/\/www.facebook.com\/WMT.Baltic.viscom\/?locale=lv_LV\" \/>\n<meta property=\"article:modified_time\" content=\"2021-11-15T10:01:23+00:00\" \/>\n<meta property=\"og:image\" content=\"https:\/\/wmtbaltic.lv\/wp-content\/uploads\/2021\/11\/8bda3992-a011-4db5-b20e-7214b468c23d.jpg\" \/>\n\t<meta property=\"og:image:width\" content=\"1600\" \/>\n\t<meta property=\"og:image:height\" content=\"1200\" \/>\n\t<meta property=\"og:image:type\" content=\"image\/jpeg\" \/>\n<meta name=\"twitter:card\" content=\"summary_large_image\" \/>\n<meta name=\"twitter:label1\" content=\"Est. reading time\" \/>\n\t<meta name=\"twitter:data1\" content=\"1 minute\" \/>\n<script type=\"application\/ld+json\" class=\"yoast-schema-graph\">{\"@context\":\"https:\\\/\\\/schema.org\",\"@graph\":[{\"@type\":\"WebPage\",\"@id\":\"https:\\\/\\\/wmtbaltic.lv\\\/Produkts\\\/asmeni-multisharp-9mm-30-gradi-10gab\\\/\",\"url\":\"https:\\\/\\\/wmtbaltic.lv\\\/Produkts\\\/asmeni-multisharp-9mm-30-gradi-10gab\\\/\",\"name\":\"Asme\u0146i Multisharp Blade 9mm, 30 gr\u0101di (10gab). V\u0101cijas kvalit\u0101te.\u00a0\",\"isPartOf\":{\"@id\":\"https:\\\/\\\/wmtbaltic.lv\\\/#website\"},\"primaryImageOfPage\":{\"@id\":\"https:\\\/\\\/wmtbaltic.lv\\\/Produkts\\\/asmeni-multisharp-9mm-30-gradi-10gab\\\/#primaryimage\"},\"image\":{\"@id\":\"https:\\\/\\\/wmtbaltic.lv\\\/Produkts\\\/asmeni-multisharp-9mm-30-gradi-10gab\\\/#primaryimage\"},\"thumbnailUrl\":\"https:\\\/\\\/wmtbaltic.lv\\\/wp-content\\\/uploads\\\/2021\\\/11\\\/8bda3992-a011-4db5-b20e-7214b468c23d.jpg\",\"datePublished\":\"2021-11-15T10:01:22+00:00\",\"dateModified\":\"2021-11-15T10:01:23+00:00\",\"description\":\"Asme\u0146i Multisharp Blade 9mm, 30 gr\u0101di (10gab). \u012apa\u0161i asi asme\u0146i. V\u0101cijas kvalit\u0101te.\u00a0Pla\u0161s na\u017eu un griez\u0113ju sortiments.\",\"breadcrumb\":{\"@id\":\"https:\\\/\\\/wmtbaltic.lv\\\/Produkts\\\/asmeni-multisharp-9mm-30-gradi-10gab\\\/#breadcrumb\"},\"inLanguage\":\"en-US\",\"potentialAction\":[{\"@type\":\"ReadAction\",\"target\":[\"https:\\\/\\\/wmtbaltic.lv\\\/Produkts\\\/asmeni-multisharp-9mm-30-gradi-10gab\\\/\"]}]},{\"@type\":\"ImageObject\",\"inLanguage\":\"en-US\",\"@id\":\"https:\\\/\\\/wmtbaltic.lv\\\/Produkts\\\/asmeni-multisharp-9mm-30-gradi-10gab\\\/#primaryimage\",\"url\":\"https:\\\/\\\/wmtbaltic.lv\\\/wp-content\\\/uploads\\\/2021\\\/11\\\/8bda3992-a011-4db5-b20e-7214b468c23d.jpg\",\"contentUrl\":\"https:\\\/\\\/wmtbaltic.lv\\\/wp-content\\\/uploads\\\/2021\\\/11\\\/8bda3992-a011-4db5-b20e-7214b468c23d.jpg\",\"width\":1600,\"height\":1200},{\"@type\":\"BreadcrumbList\",\"@id\":\"https:\\\/\\\/wmtbaltic.lv\\\/Produkts\\\/asmeni-multisharp-9mm-30-gradi-10gab\\\/#breadcrumb\",\"itemListElement\":[{\"@type\":\"ListItem\",\"position\":1,\"name\":\"Home\",\"item\":\"https:\\\/\\\/wmtbaltic.lv\\\/en\\\/\"},{\"@type\":\"ListItem\",\"position\":2,\"name\":\"Products\",\"item\":\"https:\\\/\\\/wmtbaltic.lv\\\/en\\\/shop\\\/\"},{\"@type\":\"ListItem\",\"position\":3,\"name\":\"Asme\u0146i Multisharp 9mm, 30 gr\u0101di (10gab)\"}]},{\"@type\":\"WebSite\",\"@id\":\"https:\\\/\\\/wmtbaltic.lv\\\/#website\",\"url\":\"https:\\\/\\\/wmtbaltic.lv\\\/\",\"name\":\"WMT Baltic\",\"description\":\"Rekl\u0101mas produkti, pl\u0113ves\",\"publisher\":{\"@id\":\"https:\\\/\\\/wmtbaltic.lv\\\/#organization\"},\"potentialAction\":[{\"@type\":\"SearchAction\",\"target\":{\"@type\":\"EntryPoint\",\"urlTemplate\":\"https:\\\/\\\/wmtbaltic.lv\\\/?s={search_term_string}\"},\"query-input\":{\"@type\":\"PropertyValueSpecification\",\"valueRequired\":true,\"valueName\":\"search_term_string\"}}],\"inLanguage\":\"en-US\"},{\"@type\":\"Organization\",\"@id\":\"https:\\\/\\\/wmtbaltic.lv\\\/#organization\",\"name\":\"WMT Baltic\",\"url\":\"https:\\\/\\\/wmtbaltic.lv\\\/\",\"logo\":{\"@type\":\"ImageObject\",\"inLanguage\":\"en-US\",\"@id\":\"https:\\\/\\\/wmtbaltic.lv\\\/#\\\/schema\\\/logo\\\/image\\\/\",\"url\":\"https:\\\/\\\/wmtbaltic.lv\\\/wp-content\\\/uploads\\\/2024\\\/12\\\/wmt-baltic-sia_107142_9_420x180.jpg\",\"contentUrl\":\"https:\\\/\\\/wmtbaltic.lv\\\/wp-content\\\/uploads\\\/2024\\\/12\\\/wmt-baltic-sia_107142_9_420x180.jpg\",\"width\":420,\"height\":180,\"caption\":\"WMT Baltic\"},\"image\":{\"@id\":\"https:\\\/\\\/wmtbaltic.lv\\\/#\\\/schema\\\/logo\\\/image\\\/\"},\"sameAs\":[\"https:\\\/\\\/www.facebook.com\\\/WMT.Baltic.viscom\\\/?locale=lv_LV\",\"https:\\\/\\\/www.instagram.com\\\/viscom_wmt\\\/\"]}]}<\/script>\n<!-- \/ Yoast SEO plugin. -->","yoast_head_json":{"title":"Asme\u0146i Multisharp Blade 9mm, 30 gr\u0101di (10gab). V\u0101cijas kvalit\u0101te.\u00a0","description":"Asme\u0146i Multisharp Blade 9mm, 30 gr\u0101di (10gab). \u012apa\u0161i asi asme\u0146i. V\u0101cijas kvalit\u0101te.\u00a0Pla\u0161s na\u017eu un griez\u0113ju sortiments.","robots":{"index":"index","follow":"follow","max-snippet":"max-snippet:-1","max-image-preview":"max-image-preview:large","max-video-preview":"max-video-preview:-1"},"canonical":"https:\/\/wmtbaltic.lv\/Produkts\/asmeni-multisharp-9mm-30-gradi-10gab\/","og_locale":"en_US","og_type":"article","og_title":"Asme\u0146i Multisharp Blade 9mm, 30 gr\u0101di (10gab). V\u0101cijas kvalit\u0101te.\u00a0","og_description":"Asme\u0146i Multisharp Blade 9mm, 30 gr\u0101di (10gab). \u012apa\u0161i asi asme\u0146i. V\u0101cijas kvalit\u0101te.\u00a0Pla\u0161s na\u017eu un griez\u0113ju sortiments.","og_url":"https:\/\/wmtbaltic.lv\/Produkts\/asmeni-multisharp-9mm-30-gradi-10gab\/","og_site_name":"WMT Baltic","article_publisher":"https:\/\/www.facebook.com\/WMT.Baltic.viscom\/?locale=lv_LV","article_modified_time":"2021-11-15T10:01:23+00:00","og_image":[{"width":1600,"height":1200,"url":"https:\/\/wmtbaltic.lv\/wp-content\/uploads\/2021\/11\/8bda3992-a011-4db5-b20e-7214b468c23d.jpg","type":"image\/jpeg"}],"twitter_card":"summary_large_image","twitter_misc":{"Est. reading time":"1 minute"},"schema":{"@context":"https:\/\/schema.org","@graph":[{"@type":"WebPage","@id":"https:\/\/wmtbaltic.lv\/Produkts\/asmeni-multisharp-9mm-30-gradi-10gab\/","url":"https:\/\/wmtbaltic.lv\/Produkts\/asmeni-multisharp-9mm-30-gradi-10gab\/","name":"Asme\u0146i Multisharp Blade 9mm, 30 gr\u0101di (10gab). V\u0101cijas kvalit\u0101te.\u00a0","isPartOf":{"@id":"https:\/\/wmtbaltic.lv\/#website"},"primaryImageOfPage":{"@id":"https:\/\/wmtbaltic.lv\/Produkts\/asmeni-multisharp-9mm-30-gradi-10gab\/#primaryimage"},"image":{"@id":"https:\/\/wmtbaltic.lv\/Produkts\/asmeni-multisharp-9mm-30-gradi-10gab\/#primaryimage"},"thumbnailUrl":"https:\/\/wmtbaltic.lv\/wp-content\/uploads\/2021\/11\/8bda3992-a011-4db5-b20e-7214b468c23d.jpg","datePublished":"2021-11-15T10:01:22+00:00","dateModified":"2021-11-15T10:01:23+00:00","description":"Asme\u0146i Multisharp Blade 9mm, 30 gr\u0101di (10gab). \u012apa\u0161i asi asme\u0146i. V\u0101cijas kvalit\u0101te.\u00a0Pla\u0161s na\u017eu un griez\u0113ju sortiments.","breadcrumb":{"@id":"https:\/\/wmtbaltic.lv\/Produkts\/asmeni-multisharp-9mm-30-gradi-10gab\/#breadcrumb"},"inLanguage":"en-US","potentialAction":[{"@type":"ReadAction","target":["https:\/\/wmtbaltic.lv\/Produkts\/asmeni-multisharp-9mm-30-gradi-10gab\/"]}]},{"@type":"ImageObject","inLanguage":"en-US","@id":"https:\/\/wmtbaltic.lv\/Produkts\/asmeni-multisharp-9mm-30-gradi-10gab\/#primaryimage","url":"https:\/\/wmtbaltic.lv\/wp-content\/uploads\/2021\/11\/8bda3992-a011-4db5-b20e-7214b468c23d.jpg","contentUrl":"https:\/\/wmtbaltic.lv\/wp-content\/uploads\/2021\/11\/8bda3992-a011-4db5-b20e-7214b468c23d.jpg","width":1600,"height":1200},{"@type":"BreadcrumbList","@id":"https:\/\/wmtbaltic.lv\/Produkts\/asmeni-multisharp-9mm-30-gradi-10gab\/#breadcrumb","itemListElement":[{"@type":"ListItem","position":1,"name":"Home","item":"https:\/\/wmtbaltic.lv\/en\/"},{"@type":"ListItem","position":2,"name":"Products","item":"https:\/\/wmtbaltic.lv\/en\/shop\/"},{"@type":"ListItem","position":3,"name":"Asme\u0146i Multisharp 9mm, 30 gr\u0101di (10gab)"}]},{"@type":"WebSite","@id":"https:\/\/wmtbaltic.lv\/#website","url":"https:\/\/wmtbaltic.lv\/","name":"WMT Baltic","description":"Rekl\u0101mas produkti, pl\u0113ves","publisher":{"@id":"https:\/\/wmtbaltic.lv\/#organization"},"potentialAction":[{"@type":"SearchAction","target":{"@type":"EntryPoint","urlTemplate":"https:\/\/wmtbaltic.lv\/?s={search_term_string}"},"query-input":{"@type":"PropertyValueSpecification","valueRequired":true,"valueName":"search_term_string"}}],"inLanguage":"en-US"},{"@type":"Organization","@id":"https:\/\/wmtbaltic.lv\/#organization","name":"WMT Baltic","url":"https:\/\/wmtbaltic.lv\/","logo":{"@type":"ImageObject","inLanguage":"en-US","@id":"https:\/\/wmtbaltic.lv\/#\/schema\/logo\/image\/","url":"https:\/\/wmtbaltic.lv\/wp-content\/uploads\/2024\/12\/wmt-baltic-sia_107142_9_420x180.jpg","contentUrl":"https:\/\/wmtbaltic.lv\/wp-content\/uploads\/2024\/12\/wmt-baltic-sia_107142_9_420x180.jpg","width":420,"height":180,"caption":"WMT Baltic"},"image":{"@id":"https:\/\/wmtbaltic.lv\/#\/schema\/logo\/image\/"},"sameAs":["https:\/\/www.facebook.com\/WMT.Baltic.viscom\/?locale=lv_LV","https:\/\/www.instagram.com\/viscom_wmt\/"]}]}},"_links":{"self":[{"href":"https:\/\/wmtbaltic.lv\/en\/wp-json\/wp\/v2\/product\/11213","targetHints":{"allow":["GET"]}}],"collection":[{"href":"https:\/\/wmtbaltic.lv\/en\/wp-json\/wp\/v2\/product"}],"about":[{"href":"https:\/\/wmtbaltic.lv\/en\/wp-json\/wp\/v2\/types\/product"}],"replies":[{"embeddable":true,"href":"https:\/\/wmtbaltic.lv\/en\/wp-json\/wp\/v2\/comments?post=11213"}],"wp:featuredmedia":[{"embeddable":true,"href":"https:\/\/wmtbaltic.lv\/en\/wp-json\/wp\/v2\/media\/11220"}],"wp:attachment":[{"href":"https:\/\/wmtbaltic.lv\/en\/wp-json\/wp\/v2\/media?parent=11213"}],"wp:term":[{"taxonomy":"product_brand","embeddable":true,"href":"https:\/\/wmtbaltic.lv\/en\/wp-json\/wp\/v2\/product_brand?post=11213"},{"taxonomy":"product_cat","embeddable":true,"href":"https:\/\/wmtbaltic.lv\/en\/wp-json\/wp\/v2\/product_cat?post=11213"},{"taxonomy":"product_tag","embeddable":true,"href":"https:\/\/wmtbaltic.lv\/en\/wp-json\/wp\/v2\/product_tag?post=11213"}],"curies":[{"name":"wp","href":"https:\/\/api.w.org\/{rel}","templated":true}]}}