{"id":11199,"date":"2021-11-15T09:17:28","date_gmt":"2021-11-15T09:17:28","guid":{"rendered":"https:\/\/wmtbaltic.lv\/?post_type=product&#038;p=11199"},"modified":"2021-11-15T09:17:29","modified_gmt":"2021-11-15T09:17:29","slug":"uzlex-griezejs-ar-nemainamo-asmeni","status":"publish","type":"product","link":"https:\/\/wmtbaltic.lv\/en\/product\/uzlex-griezejs-ar-nemainamo-asmeni\/","title":{"rendered":"Uzlex griez\u0113js ar nemain\u0101mo asmeni"},"content":{"rendered":"<p>Uzlex griez\u0113js ar nemain\u0101mo asmeni ide\u0101li piem\u0113rots dro\u0161ai grie\u0161anai uz virsmas.<\/p>\n<p><img loading=\"lazy\" decoding=\"async\" class=\"alignnone  wp-image-11200\" src=\"http:\/\/wmtbaltic.lv\/wp-content\/uploads\/2021\/11\/IMG_20211111_135542-768x1024.jpg\" alt=\"\" width=\"255\" height=\"340\" srcset=\"https:\/\/wmtbaltic.lv\/wp-content\/uploads\/2021\/11\/IMG_20211111_135542-768x1024.jpg 768w, https:\/\/wmtbaltic.lv\/wp-content\/uploads\/2021\/11\/IMG_20211111_135542-225x300.jpg 225w, https:\/\/wmtbaltic.lv\/wp-content\/uploads\/2021\/11\/IMG_20211111_135542-1152x1536.jpg 1152w, https:\/\/wmtbaltic.lv\/wp-content\/uploads\/2021\/11\/IMG_20211111_135542-1536x2048.jpg 1536w, https:\/\/wmtbaltic.lv\/wp-content\/uploads\/2021\/11\/IMG_20211111_135542-600x800.jpg 600w, https:\/\/wmtbaltic.lv\/wp-content\/uploads\/2021\/11\/IMG_20211111_135542-scaled.jpg 1920w\" sizes=\"auto, (max-width: 255px) 100vw, 255px\" \/><\/p>\n<p>Visus UZLEX instrumentus ra\u017eojam Latvij\u0101. M\u0113s ra\u017eojam:<\/p>\n<ul>\n<li>\u2013\u00a0<a href=\"https:\/\/wmtbaltic.lv\/product-category\/instrumenti-aksesuari\/aksesuari-aplimesanai\/instrumenti-aplimesanai\/\">rake\u013cus apl\u012bm\u0113\u0161anai<\/a>\u00a0(auto, rekl\u0101mai, interjeram);<\/li>\n<li><a href=\"https:\/\/wmtbaltic.lv\/product-category\/instrumenti-aksesuari\/aksesuari-aplimesanai\/instrumenti-aplimesanai\/\">\u2013 rake\u013cu apvalkus<\/a>\u00a0(fibras, filca, teflona);<\/li>\n<li><a href=\"https:\/\/wmtbaltic.lv\/product-category\/instrumenti-aksesuari\/aksesuari-aplimesanai\/instrumenti-materialu-nonemsanai\/\">\u2013 skr\u0101p\u012b\u0161us materi\u0101la no\u0146em\u0161anai<\/a>;<\/li>\n<li><a href=\"https:\/\/wmtbaltic.lv\/product-category\/instrumenti-aksesuari\/nazi-un-lineali\/griezeji-nazi-un-lineali\/\">\u2013 griez\u0113jus<\/a>;<\/li>\n<li><a href=\"https:\/\/wmtbaltic.lv\/product-category\/instrumenti-aksesuari\/nazi-un-lineali\/lineali\/\">\u2013 line\u0101lus<\/a>;<\/li>\n<li><a href=\"https:\/\/wmtbaltic.lv\/product-category\/instrumenti-aksesuari\/darbavietas-organizacija\/\">\u2013 pal\u012bgr\u012bkus darba\u00a0 vietas organiz\u0101cijai<\/a>;<\/li>\n<\/ul>\n<p>&nbsp;<\/p>\n<p><strong>S\u0113kojiet visiem jaunumiem un pas\u0101kumiem instrumentu industrij\u0101 m\u016bsu Instagram profil\u0101:\u00a0<a href=\"https:\/\/www.instagram.com\/tools.uzlex.eu\/\">www.instagram.com\/tools.uzlex.eu\/\u00a0\u00a0<\/a><\/strong><\/p>\n<p>&nbsp;<\/p>\n<p><strong>Aicin\u0101m iepaz\u012bties ar instrumentu katalogu m\u016bsu m\u0101jaslap\u0101:\u00a0<\/strong><\/p>\n<p><a href=\"https:\/\/downloads.wmt.lv\/uzlex\/\"><img loading=\"lazy\" decoding=\"async\" class=\"alignnone size-large wp-image-10907\" src=\"http:\/\/wmtbaltic.lv\/wp-content\/uploads\/2020\/08\/tools.uzlex_.eu_new.catalogue-1024x355.jpg\" sizes=\"auto, (max-width: 780px) 100vw, 780px\" srcset=\"https:\/\/wmtbaltic.lv\/wp-content\/uploads\/2020\/08\/tools.uzlex_.eu_new.catalogue-1024x355.jpg 1024w, https:\/\/wmtbaltic.lv\/wp-content\/uploads\/2020\/08\/tools.uzlex_.eu_new.catalogue-300x104.jpg 300w, https:\/\/wmtbaltic.lv\/wp-content\/uploads\/2020\/08\/tools.uzlex_.eu_new.catalogue-768x266.jpg 768w, https:\/\/wmtbaltic.lv\/wp-content\/uploads\/2020\/08\/tools.uzlex_.eu_new.catalogue-600x208.jpg 600w, https:\/\/wmtbaltic.lv\/wp-content\/uploads\/2020\/08\/tools.uzlex_.eu_new.catalogue.jpg 1438w\" alt=\"\" width=\"780\" height=\"270\" \/><\/a><\/p>\n","protected":false},"excerpt":{"rendered":"Uzlex griez\u0113js ar nemain\u0101mo asmeni, ide\u0101li piem\u0113rots dro\u0161ai grie\u0161anai uz virsmas.","protected":false},"featured_media":11202,"comment_status":"closed","ping_status":"closed","template":"","meta":[],"product_brand":[],"product_cat":[307,61,309],"product_tag":[1035,502,1034,1033,461,290],"class_list":{"0":"post-11199","1":"product","2":"type-product","3":"status-publish","4":"has-post-thumbnail","6":"product_cat-griezeji-nazi-un-lineali","7":"product_cat-instrumenti-aksesuari","8":"product_cat-nazi-un-lineali","9":"product_tag-ar-nemainamo-asmeni","10":"product_tag-griesana","11":"product_tag-griesanas-instruments","12":"product_tag-griezejs","13":"product_tag-nazis","14":"product_tag-uzlex","16":"first","17":"instock","18":"shipping-taxable","19":"purchasable","20":"product-type-simple"},"yoast_head":"<!-- This site is optimized with the Yoast SEO plugin v27.4 - https:\/\/yoast.com\/product\/yoast-seo-wordpress\/ -->\n<title>UZLEX griez\u0113js ar nemain\u0101mo asmeni, ra\u017eots Latvij\u0101<\/title>\n<meta name=\"description\" content=\"Uzlex griez\u0113js ar nemain\u0101mo asmeni, ide\u0101li piem\u0113rots dro\u0161ai grie\u0161anai uz virsmas. Ra\u017eots Latvij\u0101. Augstas kvalit\u0101tes asmenis.\" \/>\n<meta name=\"robots\" content=\"index, follow, max-snippet:-1, max-image-preview:large, max-video-preview:-1\" \/>\n<link rel=\"canonical\" href=\"https:\/\/wmtbaltic.lv\/Produkts\/uzlex-griezejs-ar-nemainamo-asmeni\/\" \/>\n<meta property=\"og:locale\" content=\"en_US\" \/>\n<meta property=\"og:type\" content=\"article\" \/>\n<meta property=\"og:title\" content=\"UZLEX griez\u0113js ar nemain\u0101mo asmeni, ra\u017eots Latvij\u0101\" \/>\n<meta property=\"og:description\" content=\"Uzlex griez\u0113js ar nemain\u0101mo asmeni, ide\u0101li piem\u0113rots dro\u0161ai grie\u0161anai uz virsmas. Ra\u017eots Latvij\u0101. Augstas kvalit\u0101tes asmenis.\" \/>\n<meta property=\"og:url\" content=\"https:\/\/wmtbaltic.lv\/Produkts\/uzlex-griezejs-ar-nemainamo-asmeni\/\" \/>\n<meta property=\"og:site_name\" content=\"WMT Baltic\" \/>\n<meta property=\"article:publisher\" content=\"https:\/\/www.facebook.com\/WMT.Baltic.viscom\/?locale=lv_LV\" \/>\n<meta property=\"article:modified_time\" content=\"2021-11-15T09:17:29+00:00\" \/>\n<meta property=\"og:image\" content=\"https:\/\/wmtbaltic.lv\/wp-content\/uploads\/2021\/11\/UZLEX-griezejs2.jpg\" \/>\n\t<meta property=\"og:image:width\" content=\"470\" \/>\n\t<meta property=\"og:image:height\" content=\"417\" \/>\n\t<meta property=\"og:image:type\" content=\"image\/jpeg\" \/>\n<meta name=\"twitter:card\" content=\"summary_large_image\" \/>\n<script type=\"application\/ld+json\" class=\"yoast-schema-graph\">{\"@context\":\"https:\\\/\\\/schema.org\",\"@graph\":[{\"@type\":\"WebPage\",\"@id\":\"https:\\\/\\\/wmtbaltic.lv\\\/Produkts\\\/uzlex-griezejs-ar-nemainamo-asmeni\\\/\",\"url\":\"https:\\\/\\\/wmtbaltic.lv\\\/Produkts\\\/uzlex-griezejs-ar-nemainamo-asmeni\\\/\",\"name\":\"UZLEX griez\u0113js ar nemain\u0101mo asmeni, ra\u017eots Latvij\u0101\",\"isPartOf\":{\"@id\":\"https:\\\/\\\/wmtbaltic.lv\\\/#website\"},\"primaryImageOfPage\":{\"@id\":\"https:\\\/\\\/wmtbaltic.lv\\\/Produkts\\\/uzlex-griezejs-ar-nemainamo-asmeni\\\/#primaryimage\"},\"image\":{\"@id\":\"https:\\\/\\\/wmtbaltic.lv\\\/Produkts\\\/uzlex-griezejs-ar-nemainamo-asmeni\\\/#primaryimage\"},\"thumbnailUrl\":\"https:\\\/\\\/wmtbaltic.lv\\\/wp-content\\\/uploads\\\/2021\\\/11\\\/UZLEX-griezejs2.jpg\",\"datePublished\":\"2021-11-15T09:17:28+00:00\",\"dateModified\":\"2021-11-15T09:17:29+00:00\",\"description\":\"Uzlex griez\u0113js ar nemain\u0101mo asmeni, ide\u0101li piem\u0113rots dro\u0161ai grie\u0161anai uz virsmas. Ra\u017eots Latvij\u0101. Augstas kvalit\u0101tes asmenis.\",\"breadcrumb\":{\"@id\":\"https:\\\/\\\/wmtbaltic.lv\\\/Produkts\\\/uzlex-griezejs-ar-nemainamo-asmeni\\\/#breadcrumb\"},\"inLanguage\":\"en-US\",\"potentialAction\":[{\"@type\":\"ReadAction\",\"target\":[\"https:\\\/\\\/wmtbaltic.lv\\\/Produkts\\\/uzlex-griezejs-ar-nemainamo-asmeni\\\/\"]}]},{\"@type\":\"ImageObject\",\"inLanguage\":\"en-US\",\"@id\":\"https:\\\/\\\/wmtbaltic.lv\\\/Produkts\\\/uzlex-griezejs-ar-nemainamo-asmeni\\\/#primaryimage\",\"url\":\"https:\\\/\\\/wmtbaltic.lv\\\/wp-content\\\/uploads\\\/2021\\\/11\\\/UZLEX-griezejs2.jpg\",\"contentUrl\":\"https:\\\/\\\/wmtbaltic.lv\\\/wp-content\\\/uploads\\\/2021\\\/11\\\/UZLEX-griezejs2.jpg\",\"width\":470,\"height\":417},{\"@type\":\"BreadcrumbList\",\"@id\":\"https:\\\/\\\/wmtbaltic.lv\\\/Produkts\\\/uzlex-griezejs-ar-nemainamo-asmeni\\\/#breadcrumb\",\"itemListElement\":[{\"@type\":\"ListItem\",\"position\":1,\"name\":\"Home\",\"item\":\"https:\\\/\\\/wmtbaltic.lv\\\/en\\\/\"},{\"@type\":\"ListItem\",\"position\":2,\"name\":\"Products\",\"item\":\"https:\\\/\\\/wmtbaltic.lv\\\/en\\\/shop\\\/\"},{\"@type\":\"ListItem\",\"position\":3,\"name\":\"Uzlex griez\u0113js ar nemain\u0101mo asmeni\"}]},{\"@type\":\"WebSite\",\"@id\":\"https:\\\/\\\/wmtbaltic.lv\\\/#website\",\"url\":\"https:\\\/\\\/wmtbaltic.lv\\\/\",\"name\":\"WMT Baltic\",\"description\":\"Rekl\u0101mas produkti, pl\u0113ves\",\"publisher\":{\"@id\":\"https:\\\/\\\/wmtbaltic.lv\\\/#organization\"},\"potentialAction\":[{\"@type\":\"SearchAction\",\"target\":{\"@type\":\"EntryPoint\",\"urlTemplate\":\"https:\\\/\\\/wmtbaltic.lv\\\/?s={search_term_string}\"},\"query-input\":{\"@type\":\"PropertyValueSpecification\",\"valueRequired\":true,\"valueName\":\"search_term_string\"}}],\"inLanguage\":\"en-US\"},{\"@type\":\"Organization\",\"@id\":\"https:\\\/\\\/wmtbaltic.lv\\\/#organization\",\"name\":\"WMT Baltic\",\"url\":\"https:\\\/\\\/wmtbaltic.lv\\\/\",\"logo\":{\"@type\":\"ImageObject\",\"inLanguage\":\"en-US\",\"@id\":\"https:\\\/\\\/wmtbaltic.lv\\\/#\\\/schema\\\/logo\\\/image\\\/\",\"url\":\"https:\\\/\\\/wmtbaltic.lv\\\/wp-content\\\/uploads\\\/2024\\\/12\\\/wmt-baltic-sia_107142_9_420x180.jpg\",\"contentUrl\":\"https:\\\/\\\/wmtbaltic.lv\\\/wp-content\\\/uploads\\\/2024\\\/12\\\/wmt-baltic-sia_107142_9_420x180.jpg\",\"width\":420,\"height\":180,\"caption\":\"WMT Baltic\"},\"image\":{\"@id\":\"https:\\\/\\\/wmtbaltic.lv\\\/#\\\/schema\\\/logo\\\/image\\\/\"},\"sameAs\":[\"https:\\\/\\\/www.facebook.com\\\/WMT.Baltic.viscom\\\/?locale=lv_LV\",\"https:\\\/\\\/www.instagram.com\\\/viscom_wmt\\\/\"]}]}<\/script>\n<!-- \/ Yoast SEO plugin. -->","yoast_head_json":{"title":"UZLEX griez\u0113js ar nemain\u0101mo asmeni, ra\u017eots Latvij\u0101","description":"Uzlex griez\u0113js ar nemain\u0101mo asmeni, ide\u0101li piem\u0113rots dro\u0161ai grie\u0161anai uz virsmas. Ra\u017eots Latvij\u0101. Augstas kvalit\u0101tes asmenis.","robots":{"index":"index","follow":"follow","max-snippet":"max-snippet:-1","max-image-preview":"max-image-preview:large","max-video-preview":"max-video-preview:-1"},"canonical":"https:\/\/wmtbaltic.lv\/Produkts\/uzlex-griezejs-ar-nemainamo-asmeni\/","og_locale":"en_US","og_type":"article","og_title":"UZLEX griez\u0113js ar nemain\u0101mo asmeni, ra\u017eots Latvij\u0101","og_description":"Uzlex griez\u0113js ar nemain\u0101mo asmeni, ide\u0101li piem\u0113rots dro\u0161ai grie\u0161anai uz virsmas. Ra\u017eots Latvij\u0101. Augstas kvalit\u0101tes asmenis.","og_url":"https:\/\/wmtbaltic.lv\/Produkts\/uzlex-griezejs-ar-nemainamo-asmeni\/","og_site_name":"WMT Baltic","article_publisher":"https:\/\/www.facebook.com\/WMT.Baltic.viscom\/?locale=lv_LV","article_modified_time":"2021-11-15T09:17:29+00:00","og_image":[{"width":470,"height":417,"url":"https:\/\/wmtbaltic.lv\/wp-content\/uploads\/2021\/11\/UZLEX-griezejs2.jpg","type":"image\/jpeg"}],"twitter_card":"summary_large_image","schema":{"@context":"https:\/\/schema.org","@graph":[{"@type":"WebPage","@id":"https:\/\/wmtbaltic.lv\/Produkts\/uzlex-griezejs-ar-nemainamo-asmeni\/","url":"https:\/\/wmtbaltic.lv\/Produkts\/uzlex-griezejs-ar-nemainamo-asmeni\/","name":"UZLEX griez\u0113js ar nemain\u0101mo asmeni, ra\u017eots Latvij\u0101","isPartOf":{"@id":"https:\/\/wmtbaltic.lv\/#website"},"primaryImageOfPage":{"@id":"https:\/\/wmtbaltic.lv\/Produkts\/uzlex-griezejs-ar-nemainamo-asmeni\/#primaryimage"},"image":{"@id":"https:\/\/wmtbaltic.lv\/Produkts\/uzlex-griezejs-ar-nemainamo-asmeni\/#primaryimage"},"thumbnailUrl":"https:\/\/wmtbaltic.lv\/wp-content\/uploads\/2021\/11\/UZLEX-griezejs2.jpg","datePublished":"2021-11-15T09:17:28+00:00","dateModified":"2021-11-15T09:17:29+00:00","description":"Uzlex griez\u0113js ar nemain\u0101mo asmeni, ide\u0101li piem\u0113rots dro\u0161ai grie\u0161anai uz virsmas. Ra\u017eots Latvij\u0101. Augstas kvalit\u0101tes asmenis.","breadcrumb":{"@id":"https:\/\/wmtbaltic.lv\/Produkts\/uzlex-griezejs-ar-nemainamo-asmeni\/#breadcrumb"},"inLanguage":"en-US","potentialAction":[{"@type":"ReadAction","target":["https:\/\/wmtbaltic.lv\/Produkts\/uzlex-griezejs-ar-nemainamo-asmeni\/"]}]},{"@type":"ImageObject","inLanguage":"en-US","@id":"https:\/\/wmtbaltic.lv\/Produkts\/uzlex-griezejs-ar-nemainamo-asmeni\/#primaryimage","url":"https:\/\/wmtbaltic.lv\/wp-content\/uploads\/2021\/11\/UZLEX-griezejs2.jpg","contentUrl":"https:\/\/wmtbaltic.lv\/wp-content\/uploads\/2021\/11\/UZLEX-griezejs2.jpg","width":470,"height":417},{"@type":"BreadcrumbList","@id":"https:\/\/wmtbaltic.lv\/Produkts\/uzlex-griezejs-ar-nemainamo-asmeni\/#breadcrumb","itemListElement":[{"@type":"ListItem","position":1,"name":"Home","item":"https:\/\/wmtbaltic.lv\/en\/"},{"@type":"ListItem","position":2,"name":"Products","item":"https:\/\/wmtbaltic.lv\/en\/shop\/"},{"@type":"ListItem","position":3,"name":"Uzlex griez\u0113js ar nemain\u0101mo asmeni"}]},{"@type":"WebSite","@id":"https:\/\/wmtbaltic.lv\/#website","url":"https:\/\/wmtbaltic.lv\/","name":"WMT Baltic","description":"Rekl\u0101mas produkti, pl\u0113ves","publisher":{"@id":"https:\/\/wmtbaltic.lv\/#organization"},"potentialAction":[{"@type":"SearchAction","target":{"@type":"EntryPoint","urlTemplate":"https:\/\/wmtbaltic.lv\/?s={search_term_string}"},"query-input":{"@type":"PropertyValueSpecification","valueRequired":true,"valueName":"search_term_string"}}],"inLanguage":"en-US"},{"@type":"Organization","@id":"https:\/\/wmtbaltic.lv\/#organization","name":"WMT Baltic","url":"https:\/\/wmtbaltic.lv\/","logo":{"@type":"ImageObject","inLanguage":"en-US","@id":"https:\/\/wmtbaltic.lv\/#\/schema\/logo\/image\/","url":"https:\/\/wmtbaltic.lv\/wp-content\/uploads\/2024\/12\/wmt-baltic-sia_107142_9_420x180.jpg","contentUrl":"https:\/\/wmtbaltic.lv\/wp-content\/uploads\/2024\/12\/wmt-baltic-sia_107142_9_420x180.jpg","width":420,"height":180,"caption":"WMT Baltic"},"image":{"@id":"https:\/\/wmtbaltic.lv\/#\/schema\/logo\/image\/"},"sameAs":["https:\/\/www.facebook.com\/WMT.Baltic.viscom\/?locale=lv_LV","https:\/\/www.instagram.com\/viscom_wmt\/"]}]}},"_links":{"self":[{"href":"https:\/\/wmtbaltic.lv\/en\/wp-json\/wp\/v2\/product\/11199","targetHints":{"allow":["GET"]}}],"collection":[{"href":"https:\/\/wmtbaltic.lv\/en\/wp-json\/wp\/v2\/product"}],"about":[{"href":"https:\/\/wmtbaltic.lv\/en\/wp-json\/wp\/v2\/types\/product"}],"replies":[{"embeddable":true,"href":"https:\/\/wmtbaltic.lv\/en\/wp-json\/wp\/v2\/comments?post=11199"}],"wp:featuredmedia":[{"embeddable":true,"href":"https:\/\/wmtbaltic.lv\/en\/wp-json\/wp\/v2\/media\/11202"}],"wp:attachment":[{"href":"https:\/\/wmtbaltic.lv\/en\/wp-json\/wp\/v2\/media?parent=11199"}],"wp:term":[{"taxonomy":"product_brand","embeddable":true,"href":"https:\/\/wmtbaltic.lv\/en\/wp-json\/wp\/v2\/product_brand?post=11199"},{"taxonomy":"product_cat","embeddable":true,"href":"https:\/\/wmtbaltic.lv\/en\/wp-json\/wp\/v2\/product_cat?post=11199"},{"taxonomy":"product_tag","embeddable":true,"href":"https:\/\/wmtbaltic.lv\/en\/wp-json\/wp\/v2\/product_tag?post=11199"}],"curies":[{"name":"wp","href":"https:\/\/api.w.org\/{rel}","templated":true}]}}