{"id":11166,"date":"2021-11-13T13:25:41","date_gmt":"2021-11-13T13:25:41","guid":{"rendered":"https:\/\/wmtbaltic.lv\/?post_type=product&#038;p=11166"},"modified":"2021-11-13T14:52:15","modified_gmt":"2021-11-13T14:52:15","slug":"divpuseja-limpleve-gudy-803-power-tack","status":"publish","type":"product","link":"https:\/\/wmtbaltic.lv\/en\/product\/divpuseja-limpleve-gudy-803-power-tack\/","title":{"rendered":"Divpus\u0113ja l\u012bmpl\u0113ve Gudy 803 Power-Tack"},"content":{"rendered":"<p>Caursp\u012bd\u012bga divpus\u0113j\u0101 PET l\u012bmpl\u0113ve ar aizsargpamatni no vienas puses, ar \u012bpa\u0161i iztur\u012bgu permanentu l\u012bmsl\u0101ni. Paredz\u0113ta baneru, tekstilu un m\u0101ksl\u012bgas \u0101das materi\u0101lu sal\u012bm\u0113sanai, da\u017e\u0101du materi\u0101lu piel\u012bm\u0113\u0161anai uz OSB pl\u0101ksn\u0113m un betona virsm\u0101m. Lieto\u0161anai iek\u0161telp\u0101s un \u0101r\u0101.<\/p>\n<p>Cena par rulli.<\/p>\n<p>Ru\u013c\u013ca platums 1,04 un 1,30m.<\/p>\n<p>Rulli 50m<\/p>\n<p>Tehnisk\u0101 inform\u0101cija: <a href=\"http:\/\/wmtbaltic.lv\/wp-content\/uploads\/2021\/11\/TI_05805_201912_gudy_803_power_tack.pdf\">gudy_803_power_tack<\/a><\/p>\n","protected":false},"excerpt":{"rendered":"Caursp\u012bd\u012bga divpus\u0113j\u0101 PET l\u012bmpl\u0113ve ar aizsargpamatni no vienas puses, ar \u012bpa\u0161i iztur\u012bgu permanentu l\u012bmsl\u0101ni. Paredz\u0113ta baneru, tekstilu un m\u0101ksl\u012bgas \u0101das materi\u0101lu sal\u012bm\u0113sanai, da\u017e\u0101du materi\u0101lu piel\u012bm\u0113\u0161anai uz OSB pl\u0101ksn\u0113m un betona virsm\u0101m. Lieto\u0161anai iek\u0161telp\u0101s un \u0101r\u0101. Cena par rulli. Ru\u013c\u013ca platums 1,04 un 1,30m. Rulli 50m Tehnisk\u0101 inform\u0101cija: gudy_803_power_tack","protected":false},"featured_media":11182,"comment_status":"closed","ping_status":"closed","template":"","meta":[],"product_brand":[],"product_cat":[422,600],"product_tag":[1030],"class_list":{"0":"post-11166","1":"product","2":"type-product","3":"status-publish","4":"has-post-thumbnail","6":"product_cat-divpusejas-limpleves","7":"product_cat-neschen","8":"product_tag-divpuseja-limpleve","10":"first","11":"instock","12":"shipping-taxable","13":"purchasable","14":"product-type-variable"},"yoast_head":"<!-- This site is optimized with the Yoast SEO plugin v27.4 - https:\/\/yoast.com\/product\/yoast-seo-wordpress\/ -->\n<title>Divpus\u0113ja l\u012bmpl\u0113ve Gudy 803 Power-Tack nopirkt veikal\u0101 R\u012bg\u0101<\/title>\n<meta name=\"robots\" content=\"index, follow, max-snippet:-1, max-image-preview:large, max-video-preview:-1\" \/>\n<link rel=\"canonical\" href=\"https:\/\/wmtbaltic.lv\/Produkts\/divpuseja-limpleve-gudy-803-power-tack\/\" \/>\n<meta property=\"og:locale\" content=\"en_US\" \/>\n<meta property=\"og:type\" content=\"article\" \/>\n<meta property=\"og:title\" content=\"Divpus\u0113ja l\u012bmpl\u0113ve Gudy 803 Power-Tack nopirkt veikal\u0101 R\u012bg\u0101\" \/>\n<meta property=\"og:url\" content=\"https:\/\/wmtbaltic.lv\/Produkts\/divpuseja-limpleve-gudy-803-power-tack\/\" \/>\n<meta property=\"og:site_name\" content=\"WMT Baltic\" \/>\n<meta property=\"article:publisher\" content=\"https:\/\/www.facebook.com\/WMT.Baltic.viscom\/?locale=lv_LV\" \/>\n<meta property=\"article:modified_time\" content=\"2021-11-13T14:52:15+00:00\" \/>\n<meta property=\"og:image\" content=\"https:\/\/wmtbaltic.lv\/wp-content\/uploads\/2021\/11\/63723a031339671b1d8b51fe618b27a8.jpg\" \/>\n\t<meta property=\"og:image:width\" content=\"800\" \/>\n\t<meta property=\"og:image:height\" content=\"585\" \/>\n\t<meta property=\"og:image:type\" content=\"image\/jpeg\" \/>\n<meta name=\"twitter:card\" content=\"summary_large_image\" \/>\n<meta name=\"twitter:label1\" content=\"Est. reading time\" \/>\n\t<meta name=\"twitter:data1\" content=\"1 minute\" \/>\n<script type=\"application\/ld+json\" class=\"yoast-schema-graph\">{\"@context\":\"https:\\\/\\\/schema.org\",\"@graph\":[{\"@type\":\"WebPage\",\"@id\":\"https:\\\/\\\/wmtbaltic.lv\\\/Produkts\\\/divpuseja-limpleve-gudy-803-power-tack\\\/\",\"url\":\"https:\\\/\\\/wmtbaltic.lv\\\/Produkts\\\/divpuseja-limpleve-gudy-803-power-tack\\\/\",\"name\":\"Divpus\u0113ja l\u012bmpl\u0113ve Gudy 803 Power-Tack nopirkt veikal\u0101 R\u012bg\u0101\",\"isPartOf\":{\"@id\":\"https:\\\/\\\/wmtbaltic.lv\\\/#website\"},\"primaryImageOfPage\":{\"@id\":\"https:\\\/\\\/wmtbaltic.lv\\\/Produkts\\\/divpuseja-limpleve-gudy-803-power-tack\\\/#primaryimage\"},\"image\":{\"@id\":\"https:\\\/\\\/wmtbaltic.lv\\\/Produkts\\\/divpuseja-limpleve-gudy-803-power-tack\\\/#primaryimage\"},\"thumbnailUrl\":\"https:\\\/\\\/wmtbaltic.lv\\\/wp-content\\\/uploads\\\/2021\\\/11\\\/63723a031339671b1d8b51fe618b27a8.jpg\",\"datePublished\":\"2021-11-13T13:25:41+00:00\",\"dateModified\":\"2021-11-13T14:52:15+00:00\",\"breadcrumb\":{\"@id\":\"https:\\\/\\\/wmtbaltic.lv\\\/Produkts\\\/divpuseja-limpleve-gudy-803-power-tack\\\/#breadcrumb\"},\"inLanguage\":\"en-US\",\"potentialAction\":[{\"@type\":\"ReadAction\",\"target\":[\"https:\\\/\\\/wmtbaltic.lv\\\/Produkts\\\/divpuseja-limpleve-gudy-803-power-tack\\\/\"]}]},{\"@type\":\"ImageObject\",\"inLanguage\":\"en-US\",\"@id\":\"https:\\\/\\\/wmtbaltic.lv\\\/Produkts\\\/divpuseja-limpleve-gudy-803-power-tack\\\/#primaryimage\",\"url\":\"https:\\\/\\\/wmtbaltic.lv\\\/wp-content\\\/uploads\\\/2021\\\/11\\\/63723a031339671b1d8b51fe618b27a8.jpg\",\"contentUrl\":\"https:\\\/\\\/wmtbaltic.lv\\\/wp-content\\\/uploads\\\/2021\\\/11\\\/63723a031339671b1d8b51fe618b27a8.jpg\",\"width\":800,\"height\":585},{\"@type\":\"BreadcrumbList\",\"@id\":\"https:\\\/\\\/wmtbaltic.lv\\\/Produkts\\\/divpuseja-limpleve-gudy-803-power-tack\\\/#breadcrumb\",\"itemListElement\":[{\"@type\":\"ListItem\",\"position\":1,\"name\":\"Home\",\"item\":\"https:\\\/\\\/wmtbaltic.lv\\\/en\\\/\"},{\"@type\":\"ListItem\",\"position\":2,\"name\":\"Products\",\"item\":\"https:\\\/\\\/wmtbaltic.lv\\\/en\\\/shop\\\/\"},{\"@type\":\"ListItem\",\"position\":3,\"name\":\"Divpus\u0113ja l\u012bmpl\u0113ve Gudy 803 Power-Tack\"}]},{\"@type\":\"WebSite\",\"@id\":\"https:\\\/\\\/wmtbaltic.lv\\\/#website\",\"url\":\"https:\\\/\\\/wmtbaltic.lv\\\/\",\"name\":\"WMT Baltic\",\"description\":\"Rekl\u0101mas produkti, pl\u0113ves\",\"publisher\":{\"@id\":\"https:\\\/\\\/wmtbaltic.lv\\\/#organization\"},\"potentialAction\":[{\"@type\":\"SearchAction\",\"target\":{\"@type\":\"EntryPoint\",\"urlTemplate\":\"https:\\\/\\\/wmtbaltic.lv\\\/?s={search_term_string}\"},\"query-input\":{\"@type\":\"PropertyValueSpecification\",\"valueRequired\":true,\"valueName\":\"search_term_string\"}}],\"inLanguage\":\"en-US\"},{\"@type\":\"Organization\",\"@id\":\"https:\\\/\\\/wmtbaltic.lv\\\/#organization\",\"name\":\"WMT Baltic\",\"url\":\"https:\\\/\\\/wmtbaltic.lv\\\/\",\"logo\":{\"@type\":\"ImageObject\",\"inLanguage\":\"en-US\",\"@id\":\"https:\\\/\\\/wmtbaltic.lv\\\/#\\\/schema\\\/logo\\\/image\\\/\",\"url\":\"https:\\\/\\\/wmtbaltic.lv\\\/wp-content\\\/uploads\\\/2024\\\/12\\\/wmt-baltic-sia_107142_9_420x180.jpg\",\"contentUrl\":\"https:\\\/\\\/wmtbaltic.lv\\\/wp-content\\\/uploads\\\/2024\\\/12\\\/wmt-baltic-sia_107142_9_420x180.jpg\",\"width\":420,\"height\":180,\"caption\":\"WMT Baltic\"},\"image\":{\"@id\":\"https:\\\/\\\/wmtbaltic.lv\\\/#\\\/schema\\\/logo\\\/image\\\/\"},\"sameAs\":[\"https:\\\/\\\/www.facebook.com\\\/WMT.Baltic.viscom\\\/?locale=lv_LV\",\"https:\\\/\\\/www.instagram.com\\\/viscom_wmt\\\/\"]}]}<\/script>\n<!-- \/ Yoast SEO plugin. -->","yoast_head_json":{"title":"Divpus\u0113ja l\u012bmpl\u0113ve Gudy 803 Power-Tack nopirkt veikal\u0101 R\u012bg\u0101","robots":{"index":"index","follow":"follow","max-snippet":"max-snippet:-1","max-image-preview":"max-image-preview:large","max-video-preview":"max-video-preview:-1"},"canonical":"https:\/\/wmtbaltic.lv\/Produkts\/divpuseja-limpleve-gudy-803-power-tack\/","og_locale":"en_US","og_type":"article","og_title":"Divpus\u0113ja l\u012bmpl\u0113ve Gudy 803 Power-Tack nopirkt veikal\u0101 R\u012bg\u0101","og_url":"https:\/\/wmtbaltic.lv\/Produkts\/divpuseja-limpleve-gudy-803-power-tack\/","og_site_name":"WMT Baltic","article_publisher":"https:\/\/www.facebook.com\/WMT.Baltic.viscom\/?locale=lv_LV","article_modified_time":"2021-11-13T14:52:15+00:00","og_image":[{"width":800,"height":585,"url":"https:\/\/wmtbaltic.lv\/wp-content\/uploads\/2021\/11\/63723a031339671b1d8b51fe618b27a8.jpg","type":"image\/jpeg"}],"twitter_card":"summary_large_image","twitter_misc":{"Est. reading time":"1 minute"},"schema":{"@context":"https:\/\/schema.org","@graph":[{"@type":"WebPage","@id":"https:\/\/wmtbaltic.lv\/Produkts\/divpuseja-limpleve-gudy-803-power-tack\/","url":"https:\/\/wmtbaltic.lv\/Produkts\/divpuseja-limpleve-gudy-803-power-tack\/","name":"Divpus\u0113ja l\u012bmpl\u0113ve Gudy 803 Power-Tack nopirkt veikal\u0101 R\u012bg\u0101","isPartOf":{"@id":"https:\/\/wmtbaltic.lv\/#website"},"primaryImageOfPage":{"@id":"https:\/\/wmtbaltic.lv\/Produkts\/divpuseja-limpleve-gudy-803-power-tack\/#primaryimage"},"image":{"@id":"https:\/\/wmtbaltic.lv\/Produkts\/divpuseja-limpleve-gudy-803-power-tack\/#primaryimage"},"thumbnailUrl":"https:\/\/wmtbaltic.lv\/wp-content\/uploads\/2021\/11\/63723a031339671b1d8b51fe618b27a8.jpg","datePublished":"2021-11-13T13:25:41+00:00","dateModified":"2021-11-13T14:52:15+00:00","breadcrumb":{"@id":"https:\/\/wmtbaltic.lv\/Produkts\/divpuseja-limpleve-gudy-803-power-tack\/#breadcrumb"},"inLanguage":"en-US","potentialAction":[{"@type":"ReadAction","target":["https:\/\/wmtbaltic.lv\/Produkts\/divpuseja-limpleve-gudy-803-power-tack\/"]}]},{"@type":"ImageObject","inLanguage":"en-US","@id":"https:\/\/wmtbaltic.lv\/Produkts\/divpuseja-limpleve-gudy-803-power-tack\/#primaryimage","url":"https:\/\/wmtbaltic.lv\/wp-content\/uploads\/2021\/11\/63723a031339671b1d8b51fe618b27a8.jpg","contentUrl":"https:\/\/wmtbaltic.lv\/wp-content\/uploads\/2021\/11\/63723a031339671b1d8b51fe618b27a8.jpg","width":800,"height":585},{"@type":"BreadcrumbList","@id":"https:\/\/wmtbaltic.lv\/Produkts\/divpuseja-limpleve-gudy-803-power-tack\/#breadcrumb","itemListElement":[{"@type":"ListItem","position":1,"name":"Home","item":"https:\/\/wmtbaltic.lv\/en\/"},{"@type":"ListItem","position":2,"name":"Products","item":"https:\/\/wmtbaltic.lv\/en\/shop\/"},{"@type":"ListItem","position":3,"name":"Divpus\u0113ja l\u012bmpl\u0113ve Gudy 803 Power-Tack"}]},{"@type":"WebSite","@id":"https:\/\/wmtbaltic.lv\/#website","url":"https:\/\/wmtbaltic.lv\/","name":"WMT Baltic","description":"Rekl\u0101mas produkti, pl\u0113ves","publisher":{"@id":"https:\/\/wmtbaltic.lv\/#organization"},"potentialAction":[{"@type":"SearchAction","target":{"@type":"EntryPoint","urlTemplate":"https:\/\/wmtbaltic.lv\/?s={search_term_string}"},"query-input":{"@type":"PropertyValueSpecification","valueRequired":true,"valueName":"search_term_string"}}],"inLanguage":"en-US"},{"@type":"Organization","@id":"https:\/\/wmtbaltic.lv\/#organization","name":"WMT Baltic","url":"https:\/\/wmtbaltic.lv\/","logo":{"@type":"ImageObject","inLanguage":"en-US","@id":"https:\/\/wmtbaltic.lv\/#\/schema\/logo\/image\/","url":"https:\/\/wmtbaltic.lv\/wp-content\/uploads\/2024\/12\/wmt-baltic-sia_107142_9_420x180.jpg","contentUrl":"https:\/\/wmtbaltic.lv\/wp-content\/uploads\/2024\/12\/wmt-baltic-sia_107142_9_420x180.jpg","width":420,"height":180,"caption":"WMT Baltic"},"image":{"@id":"https:\/\/wmtbaltic.lv\/#\/schema\/logo\/image\/"},"sameAs":["https:\/\/www.facebook.com\/WMT.Baltic.viscom\/?locale=lv_LV","https:\/\/www.instagram.com\/viscom_wmt\/"]}]}},"_links":{"self":[{"href":"https:\/\/wmtbaltic.lv\/en\/wp-json\/wp\/v2\/product\/11166","targetHints":{"allow":["GET"]}}],"collection":[{"href":"https:\/\/wmtbaltic.lv\/en\/wp-json\/wp\/v2\/product"}],"about":[{"href":"https:\/\/wmtbaltic.lv\/en\/wp-json\/wp\/v2\/types\/product"}],"replies":[{"embeddable":true,"href":"https:\/\/wmtbaltic.lv\/en\/wp-json\/wp\/v2\/comments?post=11166"}],"wp:featuredmedia":[{"embeddable":true,"href":"https:\/\/wmtbaltic.lv\/en\/wp-json\/wp\/v2\/media\/11182"}],"wp:attachment":[{"href":"https:\/\/wmtbaltic.lv\/en\/wp-json\/wp\/v2\/media?parent=11166"}],"wp:term":[{"taxonomy":"product_brand","embeddable":true,"href":"https:\/\/wmtbaltic.lv\/en\/wp-json\/wp\/v2\/product_brand?post=11166"},{"taxonomy":"product_cat","embeddable":true,"href":"https:\/\/wmtbaltic.lv\/en\/wp-json\/wp\/v2\/product_cat?post=11166"},{"taxonomy":"product_tag","embeddable":true,"href":"https:\/\/wmtbaltic.lv\/en\/wp-json\/wp\/v2\/product_tag?post=11166"}],"curies":[{"name":"wp","href":"https:\/\/api.w.org\/{rel}","templated":true}]}}