{"id":11085,"date":"2021-11-12T14:27:33","date_gmt":"2021-11-12T14:27:33","guid":{"rendered":"https:\/\/wmtbaltic.lv\/?post_type=product&#038;p=11085"},"modified":"2022-12-07T08:06:08","modified_gmt":"2022-12-07T08:06:08","slug":"divpuseja-limpleve-gudy-802-twin","status":"publish","type":"product","link":"https:\/\/wmtbaltic.lv\/en\/product\/divpuseja-limpleve-gudy-802-twin\/","title":{"rendered":"Divpus\u0113ja l\u012bmpl\u0113ve Gudy 802 TWIN"},"content":{"rendered":"<p>Divpus\u0113j\u0101 l\u012bmpl\u0113ve ar aizsargpamatn\u0113m no ab\u0101m pus\u0113m, univers\u0101lai pielieto\u0161anai. Par\u0113dzeta da\u017e\u0101du materi\u0101lu mont\u0101\u017eai uz taisn\u0101m un viegli\u00a0 izliekt\u0101m virsm\u0101m.<\/p>\n<p>Cena par teko\u0161o metru.<\/p>\n<p>Ru\u013cla platums 1.04 un 1.30m<\/p>\n<p>Rull\u012b 50m<\/p>\n<p>Tehnisk\u0101 inform\u0101cija:\u00a0<a href=\"http:\/\/wmtbaltic.lv\/wp-content\/uploads\/2021\/11\/TI_05800_201823_gudy_802_twin.pdf\">gudy_802_twin<\/a><\/p>\n","protected":false},"excerpt":{"rendered":"Divpus\u0113j\u0101 l\u012bmpl\u0113ve ar aizsargpamatn\u0113m no ab\u0101m pus\u0113m, univers\u0101lai pielieto\u0161anai. Par\u0113dzeta da\u017e\u0101du materi\u0101lu mont\u0101\u017eai uz taisn\u0101m un viegli\u00a0 izliekt\u0101m virsm\u0101m. Cena par teko\u0161o metru. Ru\u013cla platums 1.04 un 1.30m Rull\u012b 50m Tehnisk\u0101 inform\u0101cija:\u00a0gudy_802_twin","protected":false},"featured_media":11047,"comment_status":"closed","ping_status":"closed","template":"","meta":[],"product_brand":[],"product_cat":[422,600],"product_tag":[1030,1031],"class_list":{"0":"post-11085","1":"product","2":"type-product","3":"status-publish","4":"has-post-thumbnail","6":"product_cat-divpusejas-limpleves","7":"product_cat-neschen","8":"product_tag-divpuseja-limpleve","9":"product_tag-foto-pielimesana","11":"first","12":"instock","13":"shipping-taxable","14":"purchasable","15":"product-type-variable"},"yoast_head":"<!-- This site is optimized with the Yoast SEO plugin v27.4 - https:\/\/yoast.com\/product\/yoast-seo-wordpress\/ -->\n<title>Divpus\u0113ja l\u012bmpl\u0113ve Gudy 802 TWIN nopirkt veikal\u0101 R\u012bg\u0101<\/title>\n<meta name=\"robots\" content=\"index, follow, max-snippet:-1, max-image-preview:large, max-video-preview:-1\" \/>\n<link rel=\"canonical\" href=\"https:\/\/wmtbaltic.lv\/Produkts\/divpuseja-limpleve-gudy-802-twin\/\" \/>\n<meta property=\"og:locale\" content=\"en_US\" \/>\n<meta property=\"og:type\" content=\"article\" \/>\n<meta property=\"og:title\" content=\"Divpus\u0113ja l\u012bmpl\u0113ve Gudy 802 TWIN nopirkt veikal\u0101 R\u012bg\u0101\" \/>\n<meta property=\"og:url\" content=\"https:\/\/wmtbaltic.lv\/Produkts\/divpuseja-limpleve-gudy-802-twin\/\" \/>\n<meta property=\"og:site_name\" content=\"WMT Baltic\" \/>\n<meta property=\"article:publisher\" content=\"https:\/\/www.facebook.com\/WMT.Baltic.viscom\/?locale=lv_LV\" \/>\n<meta property=\"article:modified_time\" content=\"2022-12-07T08:06:08+00:00\" \/>\n<meta property=\"og:image\" content=\"http:\/\/wmtbaltic.lv\/wp-content\/uploads\/2021\/11\/21_38dx.jpg\" \/>\n\t<meta property=\"og:image:width\" content=\"1000\" \/>\n\t<meta property=\"og:image:height\" content=\"667\" \/>\n\t<meta property=\"og:image:type\" content=\"image\/jpeg\" \/>\n<meta name=\"twitter:card\" content=\"summary_large_image\" \/>\n<meta name=\"twitter:label1\" content=\"Est. reading time\" \/>\n\t<meta name=\"twitter:data1\" content=\"1 minute\" \/>\n<script type=\"application\/ld+json\" class=\"yoast-schema-graph\">{\"@context\":\"https:\\\/\\\/schema.org\",\"@graph\":[{\"@type\":\"WebPage\",\"@id\":\"https:\\\/\\\/wmtbaltic.lv\\\/Produkts\\\/divpuseja-limpleve-gudy-802-twin\\\/\",\"url\":\"https:\\\/\\\/wmtbaltic.lv\\\/Produkts\\\/divpuseja-limpleve-gudy-802-twin\\\/\",\"name\":\"Divpus\u0113ja l\u012bmpl\u0113ve Gudy 802 TWIN nopirkt veikal\u0101 R\u012bg\u0101\",\"isPartOf\":{\"@id\":\"https:\\\/\\\/wmtbaltic.lv\\\/#website\"},\"primaryImageOfPage\":{\"@id\":\"https:\\\/\\\/wmtbaltic.lv\\\/Produkts\\\/divpuseja-limpleve-gudy-802-twin\\\/#primaryimage\"},\"image\":{\"@id\":\"https:\\\/\\\/wmtbaltic.lv\\\/Produkts\\\/divpuseja-limpleve-gudy-802-twin\\\/#primaryimage\"},\"thumbnailUrl\":\"https:\\\/\\\/wmtbaltic.lv\\\/wp-content\\\/uploads\\\/2021\\\/11\\\/21_38dx.jpg\",\"datePublished\":\"2021-11-12T14:27:33+00:00\",\"dateModified\":\"2022-12-07T08:06:08+00:00\",\"breadcrumb\":{\"@id\":\"https:\\\/\\\/wmtbaltic.lv\\\/Produkts\\\/divpuseja-limpleve-gudy-802-twin\\\/#breadcrumb\"},\"inLanguage\":\"en-US\",\"potentialAction\":[{\"@type\":\"ReadAction\",\"target\":[\"https:\\\/\\\/wmtbaltic.lv\\\/Produkts\\\/divpuseja-limpleve-gudy-802-twin\\\/\"]}]},{\"@type\":\"ImageObject\",\"inLanguage\":\"en-US\",\"@id\":\"https:\\\/\\\/wmtbaltic.lv\\\/Produkts\\\/divpuseja-limpleve-gudy-802-twin\\\/#primaryimage\",\"url\":\"https:\\\/\\\/wmtbaltic.lv\\\/wp-content\\\/uploads\\\/2021\\\/11\\\/21_38dx.jpg\",\"contentUrl\":\"https:\\\/\\\/wmtbaltic.lv\\\/wp-content\\\/uploads\\\/2021\\\/11\\\/21_38dx.jpg\",\"width\":1000,\"height\":667},{\"@type\":\"BreadcrumbList\",\"@id\":\"https:\\\/\\\/wmtbaltic.lv\\\/Produkts\\\/divpuseja-limpleve-gudy-802-twin\\\/#breadcrumb\",\"itemListElement\":[{\"@type\":\"ListItem\",\"position\":1,\"name\":\"Home\",\"item\":\"https:\\\/\\\/wmtbaltic.lv\\\/en\\\/\"},{\"@type\":\"ListItem\",\"position\":2,\"name\":\"Products\",\"item\":\"https:\\\/\\\/wmtbaltic.lv\\\/en\\\/shop\\\/\"},{\"@type\":\"ListItem\",\"position\":3,\"name\":\"Divpus\u0113ja l\u012bmpl\u0113ve Gudy 802 TWIN\"}]},{\"@type\":\"WebSite\",\"@id\":\"https:\\\/\\\/wmtbaltic.lv\\\/#website\",\"url\":\"https:\\\/\\\/wmtbaltic.lv\\\/\",\"name\":\"WMT Baltic\",\"description\":\"Rekl\u0101mas produkti, pl\u0113ves\",\"publisher\":{\"@id\":\"https:\\\/\\\/wmtbaltic.lv\\\/#organization\"},\"potentialAction\":[{\"@type\":\"SearchAction\",\"target\":{\"@type\":\"EntryPoint\",\"urlTemplate\":\"https:\\\/\\\/wmtbaltic.lv\\\/?s={search_term_string}\"},\"query-input\":{\"@type\":\"PropertyValueSpecification\",\"valueRequired\":true,\"valueName\":\"search_term_string\"}}],\"inLanguage\":\"en-US\"},{\"@type\":\"Organization\",\"@id\":\"https:\\\/\\\/wmtbaltic.lv\\\/#organization\",\"name\":\"WMT Baltic\",\"url\":\"https:\\\/\\\/wmtbaltic.lv\\\/\",\"logo\":{\"@type\":\"ImageObject\",\"inLanguage\":\"en-US\",\"@id\":\"https:\\\/\\\/wmtbaltic.lv\\\/#\\\/schema\\\/logo\\\/image\\\/\",\"url\":\"https:\\\/\\\/wmtbaltic.lv\\\/wp-content\\\/uploads\\\/2024\\\/12\\\/wmt-baltic-sia_107142_9_420x180.jpg\",\"contentUrl\":\"https:\\\/\\\/wmtbaltic.lv\\\/wp-content\\\/uploads\\\/2024\\\/12\\\/wmt-baltic-sia_107142_9_420x180.jpg\",\"width\":420,\"height\":180,\"caption\":\"WMT Baltic\"},\"image\":{\"@id\":\"https:\\\/\\\/wmtbaltic.lv\\\/#\\\/schema\\\/logo\\\/image\\\/\"},\"sameAs\":[\"https:\\\/\\\/www.facebook.com\\\/WMT.Baltic.viscom\\\/?locale=lv_LV\",\"https:\\\/\\\/www.instagram.com\\\/viscom_wmt\\\/\"]}]}<\/script>\n<!-- \/ Yoast SEO plugin. -->","yoast_head_json":{"title":"Divpus\u0113ja l\u012bmpl\u0113ve Gudy 802 TWIN nopirkt veikal\u0101 R\u012bg\u0101","robots":{"index":"index","follow":"follow","max-snippet":"max-snippet:-1","max-image-preview":"max-image-preview:large","max-video-preview":"max-video-preview:-1"},"canonical":"https:\/\/wmtbaltic.lv\/Produkts\/divpuseja-limpleve-gudy-802-twin\/","og_locale":"en_US","og_type":"article","og_title":"Divpus\u0113ja l\u012bmpl\u0113ve Gudy 802 TWIN nopirkt veikal\u0101 R\u012bg\u0101","og_url":"https:\/\/wmtbaltic.lv\/Produkts\/divpuseja-limpleve-gudy-802-twin\/","og_site_name":"WMT Baltic","article_publisher":"https:\/\/www.facebook.com\/WMT.Baltic.viscom\/?locale=lv_LV","article_modified_time":"2022-12-07T08:06:08+00:00","og_image":[{"width":1000,"height":667,"url":"http:\/\/wmtbaltic.lv\/wp-content\/uploads\/2021\/11\/21_38dx.jpg","type":"image\/jpeg"}],"twitter_card":"summary_large_image","twitter_misc":{"Est. reading time":"1 minute"},"schema":{"@context":"https:\/\/schema.org","@graph":[{"@type":"WebPage","@id":"https:\/\/wmtbaltic.lv\/Produkts\/divpuseja-limpleve-gudy-802-twin\/","url":"https:\/\/wmtbaltic.lv\/Produkts\/divpuseja-limpleve-gudy-802-twin\/","name":"Divpus\u0113ja l\u012bmpl\u0113ve Gudy 802 TWIN nopirkt veikal\u0101 R\u012bg\u0101","isPartOf":{"@id":"https:\/\/wmtbaltic.lv\/#website"},"primaryImageOfPage":{"@id":"https:\/\/wmtbaltic.lv\/Produkts\/divpuseja-limpleve-gudy-802-twin\/#primaryimage"},"image":{"@id":"https:\/\/wmtbaltic.lv\/Produkts\/divpuseja-limpleve-gudy-802-twin\/#primaryimage"},"thumbnailUrl":"https:\/\/wmtbaltic.lv\/wp-content\/uploads\/2021\/11\/21_38dx.jpg","datePublished":"2021-11-12T14:27:33+00:00","dateModified":"2022-12-07T08:06:08+00:00","breadcrumb":{"@id":"https:\/\/wmtbaltic.lv\/Produkts\/divpuseja-limpleve-gudy-802-twin\/#breadcrumb"},"inLanguage":"en-US","potentialAction":[{"@type":"ReadAction","target":["https:\/\/wmtbaltic.lv\/Produkts\/divpuseja-limpleve-gudy-802-twin\/"]}]},{"@type":"ImageObject","inLanguage":"en-US","@id":"https:\/\/wmtbaltic.lv\/Produkts\/divpuseja-limpleve-gudy-802-twin\/#primaryimage","url":"https:\/\/wmtbaltic.lv\/wp-content\/uploads\/2021\/11\/21_38dx.jpg","contentUrl":"https:\/\/wmtbaltic.lv\/wp-content\/uploads\/2021\/11\/21_38dx.jpg","width":1000,"height":667},{"@type":"BreadcrumbList","@id":"https:\/\/wmtbaltic.lv\/Produkts\/divpuseja-limpleve-gudy-802-twin\/#breadcrumb","itemListElement":[{"@type":"ListItem","position":1,"name":"Home","item":"https:\/\/wmtbaltic.lv\/en\/"},{"@type":"ListItem","position":2,"name":"Products","item":"https:\/\/wmtbaltic.lv\/en\/shop\/"},{"@type":"ListItem","position":3,"name":"Divpus\u0113ja l\u012bmpl\u0113ve Gudy 802 TWIN"}]},{"@type":"WebSite","@id":"https:\/\/wmtbaltic.lv\/#website","url":"https:\/\/wmtbaltic.lv\/","name":"WMT Baltic","description":"Rekl\u0101mas produkti, pl\u0113ves","publisher":{"@id":"https:\/\/wmtbaltic.lv\/#organization"},"potentialAction":[{"@type":"SearchAction","target":{"@type":"EntryPoint","urlTemplate":"https:\/\/wmtbaltic.lv\/?s={search_term_string}"},"query-input":{"@type":"PropertyValueSpecification","valueRequired":true,"valueName":"search_term_string"}}],"inLanguage":"en-US"},{"@type":"Organization","@id":"https:\/\/wmtbaltic.lv\/#organization","name":"WMT Baltic","url":"https:\/\/wmtbaltic.lv\/","logo":{"@type":"ImageObject","inLanguage":"en-US","@id":"https:\/\/wmtbaltic.lv\/#\/schema\/logo\/image\/","url":"https:\/\/wmtbaltic.lv\/wp-content\/uploads\/2024\/12\/wmt-baltic-sia_107142_9_420x180.jpg","contentUrl":"https:\/\/wmtbaltic.lv\/wp-content\/uploads\/2024\/12\/wmt-baltic-sia_107142_9_420x180.jpg","width":420,"height":180,"caption":"WMT Baltic"},"image":{"@id":"https:\/\/wmtbaltic.lv\/#\/schema\/logo\/image\/"},"sameAs":["https:\/\/www.facebook.com\/WMT.Baltic.viscom\/?locale=lv_LV","https:\/\/www.instagram.com\/viscom_wmt\/"]}]}},"_links":{"self":[{"href":"https:\/\/wmtbaltic.lv\/en\/wp-json\/wp\/v2\/product\/11085","targetHints":{"allow":["GET"]}}],"collection":[{"href":"https:\/\/wmtbaltic.lv\/en\/wp-json\/wp\/v2\/product"}],"about":[{"href":"https:\/\/wmtbaltic.lv\/en\/wp-json\/wp\/v2\/types\/product"}],"replies":[{"embeddable":true,"href":"https:\/\/wmtbaltic.lv\/en\/wp-json\/wp\/v2\/comments?post=11085"}],"wp:featuredmedia":[{"embeddable":true,"href":"https:\/\/wmtbaltic.lv\/en\/wp-json\/wp\/v2\/media\/11047"}],"wp:attachment":[{"href":"https:\/\/wmtbaltic.lv\/en\/wp-json\/wp\/v2\/media?parent=11085"}],"wp:term":[{"taxonomy":"product_brand","embeddable":true,"href":"https:\/\/wmtbaltic.lv\/en\/wp-json\/wp\/v2\/product_brand?post=11085"},{"taxonomy":"product_cat","embeddable":true,"href":"https:\/\/wmtbaltic.lv\/en\/wp-json\/wp\/v2\/product_cat?post=11085"},{"taxonomy":"product_tag","embeddable":true,"href":"https:\/\/wmtbaltic.lv\/en\/wp-json\/wp\/v2\/product_tag?post=11085"}],"curies":[{"name":"wp","href":"https:\/\/api.w.org\/{rel}","templated":true}]}}