{"id":11046,"date":"2021-11-12T12:56:57","date_gmt":"2021-11-12T12:56:57","guid":{"rendered":"https:\/\/wmtbaltic.lv\/?post_type=product&#038;p=11046"},"modified":"2022-07-18T09:28:18","modified_gmt":"2022-07-18T09:28:18","slug":"profils-texframe-16","status":"publish","type":"product","link":"https:\/\/wmtbaltic.lv\/en\/product\/profils-texframe-16\/","title":{"rendered":"Profils TexFrame 16"},"content":{"rendered":"<h3><strong>Profils TexFrame 16<\/strong><\/h3>\n<p>tekstila spriegojuma profils no anod\u0113ta alum\u012bnija paredz\u0113ts neliela izm\u0113ra tekstila att\u0113lu spriegojumam, mont\u0101\u017eai pie sienas. Tekstils stiprin\u0101s ar kordu vai PVH lenti.<\/p>\n<p>Ieteicams ekspluat\u0101cijai iek\u0161telp\u0101s.<\/p>\n<p>Profilu iesp\u0113jams ieg\u0101d\u0101ties:<\/p>\n<p>\u2013 Teko\u0161ajos metros;<\/p>\n<p>\u2013 Saz\u0101\u0123\u0113tu Jums nepieci\u0161amajos izm\u0113ros (savienojuma st\u016bri 45\u00b0) + aksesu\u0101ri, nesalikt\u0101 veid\u0101;<\/p>\n<p>\u2013 Gatavu profila r\u0101mi.<\/p>\n<p>&nbsp;<\/p>\n<p><strong>Druku uz tekstila nepied\u0101v\u0101jam.<\/strong><\/p>\n<p>&nbsp;<\/p>\n<p>Lai sa\u0146emtu prec\u012bzu cenu apr\u0113\u0137inu rakstiet vai zvaniet:<\/p>\n<p>e-pasts:\u00a0<strong>support@wmt.lv<\/strong><\/p>\n<p>Talr.:\u00a0<strong>+ 371 67 800 829,\u00a0 +371 26 596 474<\/strong><\/p>\n<p><strong><a href=\"http:\/\/wmtbaltic.lv\/wp-content\/uploads\/2021\/11\/tex_frame_16_tehniskais.pdf\">Tehnisk\u0101 inform\u0101cija<\/a><\/strong><\/p>\n","protected":false},"excerpt":{"rendered":"Profils TexFrame 16 tekstila spriegojuma profils no anod\u0113ta alum\u012bnija paredz\u0113ts neliela izm\u0113ra tekstila att\u0113lu spriegojumam, mont\u0101\u017eai pie sienas. Tekstils stiprin\u0101s ar kordu vai PVH lenti. Ieteicams ekspluat\u0101cijai iek\u0161telp\u0101s. Profilu iesp\u0113jams ieg\u0101d\u0101ties: \u2013 Teko\u0161ajos metros; \u2013 Saz\u0101\u0123\u0113tu Jums nepieci\u0161amajos izm\u0113ros (savienojuma st\u016bri 45\u00b0) + aksesu\u0101ri, nesalikt\u0101 veid\u0101; \u2013 Gatavu profila r\u0101mi. &nbsp; Druku uz tekstila nepied\u0101v\u0101jam. [...]","protected":false},"featured_media":11049,"template":"","meta":[],"product_brand":[],"product_cat":[866],"product_tag":[299,1028,1029],"class_list":{"0":"post-11046","1":"product","2":"type-product","3":"status-publish","4":"has-post-thumbnail","6":"product_cat-tekstila-ramji-bez-apgaismojuma","7":"product_tag-reklama","8":"product_tag-tekstila-kastes","9":"product_tag-tekstila-ramis","11":"first","12":"instock","13":"shipping-taxable","14":"purchasable","15":"product-type-simple"},"yoast_head":"<!-- This site is optimized with the Yoast SEO plugin v27.5 - https:\/\/yoast.com\/product\/yoast-seo-wordpress\/ -->\n<title>Profils TexFrame 16 - WMT Baltic<\/title>\n<meta name=\"robots\" content=\"index, follow, max-snippet:-1, max-image-preview:large, max-video-preview:-1\" \/>\n<link rel=\"canonical\" href=\"https:\/\/wmtbaltic.lv\/Produkts\/profils-texframe-16\/\" \/>\n<meta property=\"og:locale\" content=\"en_US\" \/>\n<meta property=\"og:type\" content=\"article\" \/>\n<meta property=\"og:title\" content=\"Profils TexFrame 16 - WMT Baltic\" \/>\n<meta property=\"og:url\" content=\"https:\/\/wmtbaltic.lv\/Produkts\/profils-texframe-16\/\" \/>\n<meta property=\"og:site_name\" content=\"WMT Baltic\" \/>\n<meta property=\"article:publisher\" content=\"https:\/\/www.facebook.com\/WMT.Baltic.viscom\/?locale=lv_LV\" \/>\n<meta property=\"article:modified_time\" content=\"2022-07-18T09:28:18+00:00\" \/>\n<meta property=\"og:image\" content=\"http:\/\/wmtbaltic.lv\/wp-content\/uploads\/2021\/11\/tex_frame_16.jpg\" \/>\n\t<meta property=\"og:image:width\" content=\"884\" \/>\n\t<meta property=\"og:image:height\" content=\"884\" \/>\n\t<meta property=\"og:image:type\" content=\"image\/jpeg\" \/>\n<meta name=\"twitter:card\" content=\"summary_large_image\" \/>\n<meta name=\"twitter:label1\" content=\"Est. reading time\" \/>\n\t<meta name=\"twitter:data1\" content=\"1 minute\" \/>\n<script type=\"application\/ld+json\" class=\"yoast-schema-graph\">{\"@context\":\"https:\\\/\\\/schema.org\",\"@graph\":[{\"@type\":\"WebPage\",\"@id\":\"https:\\\/\\\/wmtbaltic.lv\\\/Produkts\\\/profils-texframe-16\\\/\",\"url\":\"https:\\\/\\\/wmtbaltic.lv\\\/Produkts\\\/profils-texframe-16\\\/\",\"name\":\"Profils TexFrame 16 - WMT Baltic\",\"isPartOf\":{\"@id\":\"https:\\\/\\\/wmtbaltic.lv\\\/#website\"},\"primaryImageOfPage\":{\"@id\":\"https:\\\/\\\/wmtbaltic.lv\\\/Produkts\\\/profils-texframe-16\\\/#primaryimage\"},\"image\":{\"@id\":\"https:\\\/\\\/wmtbaltic.lv\\\/Produkts\\\/profils-texframe-16\\\/#primaryimage\"},\"thumbnailUrl\":\"https:\\\/\\\/wmtbaltic.lv\\\/wp-content\\\/uploads\\\/2021\\\/11\\\/tex_frame_16.jpg\",\"datePublished\":\"2021-11-12T12:56:57+00:00\",\"dateModified\":\"2022-07-18T09:28:18+00:00\",\"breadcrumb\":{\"@id\":\"https:\\\/\\\/wmtbaltic.lv\\\/Produkts\\\/profils-texframe-16\\\/#breadcrumb\"},\"inLanguage\":\"en-US\",\"potentialAction\":[{\"@type\":\"ReadAction\",\"target\":[\"https:\\\/\\\/wmtbaltic.lv\\\/Produkts\\\/profils-texframe-16\\\/\"]}]},{\"@type\":\"ImageObject\",\"inLanguage\":\"en-US\",\"@id\":\"https:\\\/\\\/wmtbaltic.lv\\\/Produkts\\\/profils-texframe-16\\\/#primaryimage\",\"url\":\"https:\\\/\\\/wmtbaltic.lv\\\/wp-content\\\/uploads\\\/2021\\\/11\\\/tex_frame_16.jpg\",\"contentUrl\":\"https:\\\/\\\/wmtbaltic.lv\\\/wp-content\\\/uploads\\\/2021\\\/11\\\/tex_frame_16.jpg\",\"width\":884,\"height\":884},{\"@type\":\"BreadcrumbList\",\"@id\":\"https:\\\/\\\/wmtbaltic.lv\\\/Produkts\\\/profils-texframe-16\\\/#breadcrumb\",\"itemListElement\":[{\"@type\":\"ListItem\",\"position\":1,\"name\":\"Home\",\"item\":\"https:\\\/\\\/wmtbaltic.lv\\\/en\\\/\"},{\"@type\":\"ListItem\",\"position\":2,\"name\":\"Shop\",\"item\":\"https:\\\/\\\/wmtbaltic.lv\\\/shop\\\/\"},{\"@type\":\"ListItem\",\"position\":3,\"name\":\"Profils TexFrame 16\"}]},{\"@type\":\"WebSite\",\"@id\":\"https:\\\/\\\/wmtbaltic.lv\\\/#website\",\"url\":\"https:\\\/\\\/wmtbaltic.lv\\\/\",\"name\":\"WMT Baltic\",\"description\":\"Rekl\u0101mas produkti, pl\u0113ves\",\"publisher\":{\"@id\":\"https:\\\/\\\/wmtbaltic.lv\\\/#organization\"},\"potentialAction\":[{\"@type\":\"SearchAction\",\"target\":{\"@type\":\"EntryPoint\",\"urlTemplate\":\"https:\\\/\\\/wmtbaltic.lv\\\/?s={search_term_string}\"},\"query-input\":{\"@type\":\"PropertyValueSpecification\",\"valueRequired\":true,\"valueName\":\"search_term_string\"}}],\"inLanguage\":\"en-US\"},{\"@type\":\"Organization\",\"@id\":\"https:\\\/\\\/wmtbaltic.lv\\\/#organization\",\"name\":\"WMT Baltic\",\"url\":\"https:\\\/\\\/wmtbaltic.lv\\\/\",\"logo\":{\"@type\":\"ImageObject\",\"inLanguage\":\"en-US\",\"@id\":\"https:\\\/\\\/wmtbaltic.lv\\\/#\\\/schema\\\/logo\\\/image\\\/\",\"url\":\"https:\\\/\\\/wmtbaltic.lv\\\/wp-content\\\/uploads\\\/2024\\\/12\\\/wmt-baltic-sia_107142_9_420x180.jpg\",\"contentUrl\":\"https:\\\/\\\/wmtbaltic.lv\\\/wp-content\\\/uploads\\\/2024\\\/12\\\/wmt-baltic-sia_107142_9_420x180.jpg\",\"width\":420,\"height\":180,\"caption\":\"WMT Baltic\"},\"image\":{\"@id\":\"https:\\\/\\\/wmtbaltic.lv\\\/#\\\/schema\\\/logo\\\/image\\\/\"},\"sameAs\":[\"https:\\\/\\\/www.facebook.com\\\/WMT.Baltic.viscom\\\/?locale=lv_LV\",\"https:\\\/\\\/www.instagram.com\\\/viscom_wmt\\\/\"]}]}<\/script>\n<!-- \/ Yoast SEO plugin. -->","yoast_head_json":{"title":"Profils TexFrame 16 - WMT Baltic","robots":{"index":"index","follow":"follow","max-snippet":"max-snippet:-1","max-image-preview":"max-image-preview:large","max-video-preview":"max-video-preview:-1"},"canonical":"https:\/\/wmtbaltic.lv\/Produkts\/profils-texframe-16\/","og_locale":"en_US","og_type":"article","og_title":"Profils TexFrame 16 - WMT Baltic","og_url":"https:\/\/wmtbaltic.lv\/Produkts\/profils-texframe-16\/","og_site_name":"WMT Baltic","article_publisher":"https:\/\/www.facebook.com\/WMT.Baltic.viscom\/?locale=lv_LV","article_modified_time":"2022-07-18T09:28:18+00:00","og_image":[{"width":884,"height":884,"url":"http:\/\/wmtbaltic.lv\/wp-content\/uploads\/2021\/11\/tex_frame_16.jpg","type":"image\/jpeg"}],"twitter_card":"summary_large_image","twitter_misc":{"Est. reading time":"1 minute"},"schema":{"@context":"https:\/\/schema.org","@graph":[{"@type":"WebPage","@id":"https:\/\/wmtbaltic.lv\/Produkts\/profils-texframe-16\/","url":"https:\/\/wmtbaltic.lv\/Produkts\/profils-texframe-16\/","name":"Profils TexFrame 16 - WMT Baltic","isPartOf":{"@id":"https:\/\/wmtbaltic.lv\/#website"},"primaryImageOfPage":{"@id":"https:\/\/wmtbaltic.lv\/Produkts\/profils-texframe-16\/#primaryimage"},"image":{"@id":"https:\/\/wmtbaltic.lv\/Produkts\/profils-texframe-16\/#primaryimage"},"thumbnailUrl":"https:\/\/wmtbaltic.lv\/wp-content\/uploads\/2021\/11\/tex_frame_16.jpg","datePublished":"2021-11-12T12:56:57+00:00","dateModified":"2022-07-18T09:28:18+00:00","breadcrumb":{"@id":"https:\/\/wmtbaltic.lv\/Produkts\/profils-texframe-16\/#breadcrumb"},"inLanguage":"en-US","potentialAction":[{"@type":"ReadAction","target":["https:\/\/wmtbaltic.lv\/Produkts\/profils-texframe-16\/"]}]},{"@type":"ImageObject","inLanguage":"en-US","@id":"https:\/\/wmtbaltic.lv\/Produkts\/profils-texframe-16\/#primaryimage","url":"https:\/\/wmtbaltic.lv\/wp-content\/uploads\/2021\/11\/tex_frame_16.jpg","contentUrl":"https:\/\/wmtbaltic.lv\/wp-content\/uploads\/2021\/11\/tex_frame_16.jpg","width":884,"height":884},{"@type":"BreadcrumbList","@id":"https:\/\/wmtbaltic.lv\/Produkts\/profils-texframe-16\/#breadcrumb","itemListElement":[{"@type":"ListItem","position":1,"name":"Home","item":"https:\/\/wmtbaltic.lv\/en\/"},{"@type":"ListItem","position":2,"name":"Shop","item":"https:\/\/wmtbaltic.lv\/shop\/"},{"@type":"ListItem","position":3,"name":"Profils TexFrame 16"}]},{"@type":"WebSite","@id":"https:\/\/wmtbaltic.lv\/#website","url":"https:\/\/wmtbaltic.lv\/","name":"WMT Baltic","description":"Rekl\u0101mas produkti, pl\u0113ves","publisher":{"@id":"https:\/\/wmtbaltic.lv\/#organization"},"potentialAction":[{"@type":"SearchAction","target":{"@type":"EntryPoint","urlTemplate":"https:\/\/wmtbaltic.lv\/?s={search_term_string}"},"query-input":{"@type":"PropertyValueSpecification","valueRequired":true,"valueName":"search_term_string"}}],"inLanguage":"en-US"},{"@type":"Organization","@id":"https:\/\/wmtbaltic.lv\/#organization","name":"WMT Baltic","url":"https:\/\/wmtbaltic.lv\/","logo":{"@type":"ImageObject","inLanguage":"en-US","@id":"https:\/\/wmtbaltic.lv\/#\/schema\/logo\/image\/","url":"https:\/\/wmtbaltic.lv\/wp-content\/uploads\/2024\/12\/wmt-baltic-sia_107142_9_420x180.jpg","contentUrl":"https:\/\/wmtbaltic.lv\/wp-content\/uploads\/2024\/12\/wmt-baltic-sia_107142_9_420x180.jpg","width":420,"height":180,"caption":"WMT Baltic"},"image":{"@id":"https:\/\/wmtbaltic.lv\/#\/schema\/logo\/image\/"},"sameAs":["https:\/\/www.facebook.com\/WMT.Baltic.viscom\/?locale=lv_LV","https:\/\/www.instagram.com\/viscom_wmt\/"]}]}},"_links":{"self":[{"href":"https:\/\/wmtbaltic.lv\/en\/wp-json\/wp\/v2\/product\/11046","targetHints":{"allow":["GET"]}}],"collection":[{"href":"https:\/\/wmtbaltic.lv\/en\/wp-json\/wp\/v2\/product"}],"about":[{"href":"https:\/\/wmtbaltic.lv\/en\/wp-json\/wp\/v2\/types\/product"}],"wp:featuredmedia":[{"embeddable":true,"href":"https:\/\/wmtbaltic.lv\/en\/wp-json\/wp\/v2\/media\/11049"}],"wp:attachment":[{"href":"https:\/\/wmtbaltic.lv\/en\/wp-json\/wp\/v2\/media?parent=11046"}],"wp:term":[{"taxonomy":"product_brand","embeddable":true,"href":"https:\/\/wmtbaltic.lv\/en\/wp-json\/wp\/v2\/product_brand?post=11046"},{"taxonomy":"product_cat","embeddable":true,"href":"https:\/\/wmtbaltic.lv\/en\/wp-json\/wp\/v2\/product_cat?post=11046"},{"taxonomy":"product_tag","embeddable":true,"href":"https:\/\/wmtbaltic.lv\/en\/wp-json\/wp\/v2\/product_tag?post=11046"}],"curies":[{"name":"wp","href":"https:\/\/api.w.org\/{rel}","templated":true}]}}