{"id":10845,"date":"2021-11-09T14:47:42","date_gmt":"2021-11-09T14:47:42","guid":{"rendered":"https:\/\/wmtbaltic.lv\/?post_type=product&#038;p=10845"},"modified":"2021-11-10T09:01:55","modified_gmt":"2021-11-10T09:01:55","slug":"uzlex-aprikojuma-komplektspolidispensers-mikseris","status":"publish","type":"product","link":"https:\/\/wmtbaltic.lv\/en\/product\/uzlex-aprikojuma-komplektspolidispensers-mikseris\/","title":{"rendered":"Uzlex apr\u012bkojuma komplekts(polidispensers + mikseris)"},"content":{"rendered":"<p><strong>Spaeci\u0101lais pied\u0101v\u0101jums!<\/strong><\/p>\n<p>Komplekt\u0101 ietilpst:<\/p>\n<ul>\n<li><b><b>Polidispencers UZLEX<\/b><\/b>Polidispencers UZLEX paredz\u0113ts sve\u0137u uzkl\u0101\u0161anai uz att\u0113la, k\u0101 ar\u012b var tikt izmantots daudzu citu mais\u012bjumu doz\u0113\u0161anai. P\u0101rdom\u0101tais dizains un aksesu\u0101ri, ne tikai atvieglina darbu ar iek\u0101rt\u0101m, bet ar\u012b nodro\u0161ina izpild\u0101mo darbu kvalit\u0101ti.<\/li>\n<li><strong>Mikseris polim\u0113riem UZLEX<\/strong> .Lai izveidotu pareizu divkomponentu sve\u0137u mais\u012bjumu, nepiecie\u0161ams bezgaiss un kvalitat\u012bva sajauk\u0161ana. To visu nodro\u0161ina vakuuma mikseris. Poliuret\u0101na sve\u0137u sajauk\u0161ana vakuum\u0101 ne tikai nodro\u0161ina pareizu \u0137\u012bmisko reakciju procesu, bet ar\u012b nov\u0113r\u0161 gaisa burbul\u012b\u0161u nok\u013c\u016b\u0161anu ieg\u016btaj\u0101 mais\u012bjum\u0101 \u2013 galvenais apjom\u012bgo l\u012bmlen\u0161u un uzrakstu ienaidnieks. Tas ir \u013coti vienk\u0101r\u0161i \u2013 iesl\u0113gt vakuumu, p\u0113c tam pagriezt rokturi un mikseris s\u0101ks vienlaic\u012bgi darboties un veidot vakuumu.<\/li>\n<\/ul>\n<p><a href=\"http:\/\/site-494600.mozfiles.com\/files\/494600\/Uzlex_Doming_Brochure_EN_Preview.pdf?1492585118\">Tehniskais apraksts<\/a><\/p>\n<iframe loading=\"lazy\"  id=\"_ytid_57637\"  width=\"780\" height=\"439\"  data-origwidth=\"780\" data-origheight=\"439\" src=\"https:\/\/www.youtube.com\/embed\/_eyrzyCfdI8?enablejsapi=1&autoplay=0&cc_load_policy=0&cc_lang_pref=&iv_load_policy=1&loop=0&rel=1&fs=1&playsinline=0&autohide=2&theme=dark&color=red&controls=1&disablekb=0&\" class=\"__youtube_prefs__  no-lazyload\" title=\"YouTube player\"  allow=\"fullscreen; accelerometer; autoplay; clipboard-write; encrypted-media; gyroscope; picture-in-picture; web-share\" referrerpolicy=\"strict-origin-when-cross-origin\" allowfullscreen data-no-lazy=\"1\" data-skipgform_ajax_framebjll=\"\"><\/iframe>\n","protected":false},"excerpt":{"rendered":"Spaeci\u0101lais pied\u0101v\u0101jums! Komplekt\u0101 ietilpst: Polidispencers UZLEXPolidispencers UZLEX paredz\u0113ts sve\u0137u uzkl\u0101\u0161anai uz att\u0113la, k\u0101 ar\u012b var tikt izmantots daudzu citu mais\u012bjumu doz\u0113\u0161anai. P\u0101rdom\u0101tais dizains un aksesu\u0101ri, ne tikai atvieglina darbu ar iek\u0101rt\u0101m, bet ar\u012b nodro\u0161ina izpild\u0101mo darbu kvalit\u0101ti. Mikseris polim\u0113riem UZLEX .Lai izveidotu pareizu divkomponentu sve\u0137u mais\u012bjumu, nepiecie\u0161ams bezgaiss un kvalitat\u012bva sajauk\u0161ana. To visu nodro\u0161ina vakuuma [...]","protected":false},"featured_media":10848,"template":"","meta":[],"product_brand":[],"product_cat":[962,261,258],"product_tag":[1019,1021,971,290],"class_list":{"0":"post-10845","1":"product","2":"type-product","3":"status-publish","4":"has-post-thumbnail","6":"product_cat-aprikojums","7":"product_cat-iekartas-3d-polimera-uzlimem","8":"product_cat-iekartas-un-izejmateriali","9":"product_tag-komplekts","10":"product_tag-mikseris-polimeriem","11":"product_tag-polidispencers","12":"product_tag-uzlex","14":"first","15":"instock","16":"shipping-taxable","17":"purchasable","18":"product-type-simple"},"yoast_head":"<!-- This site is optimized with the Yoast SEO plugin v27.4 - https:\/\/yoast.com\/product\/yoast-seo-wordpress\/ -->\n<title>Uzlex apr\u012bkojuma komplekts(polidispensers + mikseris) - WMT Baltic<\/title>\n<meta name=\"description\" content=\"Spaeci\u0101lais pied\u0101v\u0101jums! Komplekta ietilpst: Polidispencers UZLEX\u00a0 + Elektropneimatiskais polidispensers UZLEX\" \/>\n<meta name=\"robots\" content=\"index, follow, max-snippet:-1, max-image-preview:large, max-video-preview:-1\" \/>\n<link rel=\"canonical\" href=\"https:\/\/wmtbaltic.lv\/Produkts\/uzlex-aprikojuma-komplektspolidispensers-mikseris\/\" \/>\n<meta property=\"og:locale\" content=\"en_US\" \/>\n<meta property=\"og:type\" content=\"article\" \/>\n<meta property=\"og:title\" content=\"Uzlex apr\u012bkojuma komplekts(polidispensers + mikseris) - WMT Baltic\" \/>\n<meta property=\"og:description\" content=\"Spaeci\u0101lais pied\u0101v\u0101jums! Komplekta ietilpst: Polidispencers UZLEX\u00a0 + Elektropneimatiskais polidispensers UZLEX\" \/>\n<meta property=\"og:url\" content=\"https:\/\/wmtbaltic.lv\/Produkts\/uzlex-aprikojuma-komplektspolidispensers-mikseris\/\" \/>\n<meta property=\"og:site_name\" content=\"WMT Baltic\" \/>\n<meta property=\"article:publisher\" content=\"https:\/\/www.facebook.com\/WMT.Baltic.viscom\/?locale=lv_LV\" \/>\n<meta property=\"article:modified_time\" content=\"2021-11-10T09:01:55+00:00\" \/>\n<meta property=\"og:image\" content=\"https:\/\/wmtbaltic.lv\/wp-content\/uploads\/2021\/11\/Untitled-4.jpg\" \/>\n\t<meta property=\"og:image:width\" content=\"997\" \/>\n\t<meta property=\"og:image:height\" content=\"588\" \/>\n\t<meta property=\"og:image:type\" content=\"image\/jpeg\" \/>\n<meta name=\"twitter:card\" content=\"summary_large_image\" \/>\n<meta name=\"twitter:label1\" content=\"Est. reading time\" \/>\n\t<meta name=\"twitter:data1\" content=\"1 minute\" \/>\n<script type=\"application\/ld+json\" class=\"yoast-schema-graph\">{\"@context\":\"https:\\\/\\\/schema.org\",\"@graph\":[{\"@type\":\"WebPage\",\"@id\":\"https:\\\/\\\/wmtbaltic.lv\\\/Produkts\\\/uzlex-aprikojuma-komplektspolidispensers-mikseris\\\/\",\"url\":\"https:\\\/\\\/wmtbaltic.lv\\\/Produkts\\\/uzlex-aprikojuma-komplektspolidispensers-mikseris\\\/\",\"name\":\"Uzlex apr\u012bkojuma komplekts(polidispensers + mikseris) - WMT Baltic\",\"isPartOf\":{\"@id\":\"https:\\\/\\\/wmtbaltic.lv\\\/#website\"},\"primaryImageOfPage\":{\"@id\":\"https:\\\/\\\/wmtbaltic.lv\\\/Produkts\\\/uzlex-aprikojuma-komplektspolidispensers-mikseris\\\/#primaryimage\"},\"image\":{\"@id\":\"https:\\\/\\\/wmtbaltic.lv\\\/Produkts\\\/uzlex-aprikojuma-komplektspolidispensers-mikseris\\\/#primaryimage\"},\"thumbnailUrl\":\"https:\\\/\\\/wmtbaltic.lv\\\/wp-content\\\/uploads\\\/2021\\\/11\\\/Untitled-4.jpg\",\"datePublished\":\"2021-11-09T14:47:42+00:00\",\"dateModified\":\"2021-11-10T09:01:55+00:00\",\"description\":\"Spaeci\u0101lais pied\u0101v\u0101jums! Komplekta ietilpst: Polidispencers UZLEX\u00a0 + Elektropneimatiskais polidispensers UZLEX\",\"breadcrumb\":{\"@id\":\"https:\\\/\\\/wmtbaltic.lv\\\/Produkts\\\/uzlex-aprikojuma-komplektspolidispensers-mikseris\\\/#breadcrumb\"},\"inLanguage\":\"en-US\",\"potentialAction\":[{\"@type\":\"ReadAction\",\"target\":[\"https:\\\/\\\/wmtbaltic.lv\\\/Produkts\\\/uzlex-aprikojuma-komplektspolidispensers-mikseris\\\/\"]}]},{\"@type\":\"ImageObject\",\"inLanguage\":\"en-US\",\"@id\":\"https:\\\/\\\/wmtbaltic.lv\\\/Produkts\\\/uzlex-aprikojuma-komplektspolidispensers-mikseris\\\/#primaryimage\",\"url\":\"https:\\\/\\\/wmtbaltic.lv\\\/wp-content\\\/uploads\\\/2021\\\/11\\\/Untitled-4.jpg\",\"contentUrl\":\"https:\\\/\\\/wmtbaltic.lv\\\/wp-content\\\/uploads\\\/2021\\\/11\\\/Untitled-4.jpg\",\"width\":997,\"height\":588},{\"@type\":\"BreadcrumbList\",\"@id\":\"https:\\\/\\\/wmtbaltic.lv\\\/Produkts\\\/uzlex-aprikojuma-komplektspolidispensers-mikseris\\\/#breadcrumb\",\"itemListElement\":[{\"@type\":\"ListItem\",\"position\":1,\"name\":\"Home\",\"item\":\"https:\\\/\\\/wmtbaltic.lv\\\/en\\\/\"},{\"@type\":\"ListItem\",\"position\":2,\"name\":\"Shop\",\"item\":\"https:\\\/\\\/wmtbaltic.lv\\\/shop\\\/\"},{\"@type\":\"ListItem\",\"position\":3,\"name\":\"Uzlex apr\u012bkojuma komplekts(polidispensers + mikseris)\"}]},{\"@type\":\"WebSite\",\"@id\":\"https:\\\/\\\/wmtbaltic.lv\\\/#website\",\"url\":\"https:\\\/\\\/wmtbaltic.lv\\\/\",\"name\":\"WMT Baltic\",\"description\":\"Rekl\u0101mas produkti, pl\u0113ves\",\"publisher\":{\"@id\":\"https:\\\/\\\/wmtbaltic.lv\\\/#organization\"},\"potentialAction\":[{\"@type\":\"SearchAction\",\"target\":{\"@type\":\"EntryPoint\",\"urlTemplate\":\"https:\\\/\\\/wmtbaltic.lv\\\/?s={search_term_string}\"},\"query-input\":{\"@type\":\"PropertyValueSpecification\",\"valueRequired\":true,\"valueName\":\"search_term_string\"}}],\"inLanguage\":\"en-US\"},{\"@type\":\"Organization\",\"@id\":\"https:\\\/\\\/wmtbaltic.lv\\\/#organization\",\"name\":\"WMT Baltic\",\"url\":\"https:\\\/\\\/wmtbaltic.lv\\\/\",\"logo\":{\"@type\":\"ImageObject\",\"inLanguage\":\"en-US\",\"@id\":\"https:\\\/\\\/wmtbaltic.lv\\\/#\\\/schema\\\/logo\\\/image\\\/\",\"url\":\"https:\\\/\\\/wmtbaltic.lv\\\/wp-content\\\/uploads\\\/2024\\\/12\\\/wmt-baltic-sia_107142_9_420x180.jpg\",\"contentUrl\":\"https:\\\/\\\/wmtbaltic.lv\\\/wp-content\\\/uploads\\\/2024\\\/12\\\/wmt-baltic-sia_107142_9_420x180.jpg\",\"width\":420,\"height\":180,\"caption\":\"WMT Baltic\"},\"image\":{\"@id\":\"https:\\\/\\\/wmtbaltic.lv\\\/#\\\/schema\\\/logo\\\/image\\\/\"},\"sameAs\":[\"https:\\\/\\\/www.facebook.com\\\/WMT.Baltic.viscom\\\/?locale=lv_LV\",\"https:\\\/\\\/www.instagram.com\\\/viscom_wmt\\\/\"]}]}<\/script>\n<!-- \/ Yoast SEO plugin. -->","yoast_head_json":{"title":"Uzlex apr\u012bkojuma komplekts(polidispensers + mikseris) - WMT Baltic","description":"Spaeci\u0101lais pied\u0101v\u0101jums! Komplekta ietilpst: Polidispencers UZLEX\u00a0 + Elektropneimatiskais polidispensers UZLEX","robots":{"index":"index","follow":"follow","max-snippet":"max-snippet:-1","max-image-preview":"max-image-preview:large","max-video-preview":"max-video-preview:-1"},"canonical":"https:\/\/wmtbaltic.lv\/Produkts\/uzlex-aprikojuma-komplektspolidispensers-mikseris\/","og_locale":"en_US","og_type":"article","og_title":"Uzlex apr\u012bkojuma komplekts(polidispensers + mikseris) - WMT Baltic","og_description":"Spaeci\u0101lais pied\u0101v\u0101jums! Komplekta ietilpst: Polidispencers UZLEX\u00a0 + Elektropneimatiskais polidispensers UZLEX","og_url":"https:\/\/wmtbaltic.lv\/Produkts\/uzlex-aprikojuma-komplektspolidispensers-mikseris\/","og_site_name":"WMT Baltic","article_publisher":"https:\/\/www.facebook.com\/WMT.Baltic.viscom\/?locale=lv_LV","article_modified_time":"2021-11-10T09:01:55+00:00","og_image":[{"width":997,"height":588,"url":"https:\/\/wmtbaltic.lv\/wp-content\/uploads\/2021\/11\/Untitled-4.jpg","type":"image\/jpeg"}],"twitter_card":"summary_large_image","twitter_misc":{"Est. reading time":"1 minute"},"schema":{"@context":"https:\/\/schema.org","@graph":[{"@type":"WebPage","@id":"https:\/\/wmtbaltic.lv\/Produkts\/uzlex-aprikojuma-komplektspolidispensers-mikseris\/","url":"https:\/\/wmtbaltic.lv\/Produkts\/uzlex-aprikojuma-komplektspolidispensers-mikseris\/","name":"Uzlex apr\u012bkojuma komplekts(polidispensers + mikseris) - WMT Baltic","isPartOf":{"@id":"https:\/\/wmtbaltic.lv\/#website"},"primaryImageOfPage":{"@id":"https:\/\/wmtbaltic.lv\/Produkts\/uzlex-aprikojuma-komplektspolidispensers-mikseris\/#primaryimage"},"image":{"@id":"https:\/\/wmtbaltic.lv\/Produkts\/uzlex-aprikojuma-komplektspolidispensers-mikseris\/#primaryimage"},"thumbnailUrl":"https:\/\/wmtbaltic.lv\/wp-content\/uploads\/2021\/11\/Untitled-4.jpg","datePublished":"2021-11-09T14:47:42+00:00","dateModified":"2021-11-10T09:01:55+00:00","description":"Spaeci\u0101lais pied\u0101v\u0101jums! Komplekta ietilpst: Polidispencers UZLEX\u00a0 + Elektropneimatiskais polidispensers UZLEX","breadcrumb":{"@id":"https:\/\/wmtbaltic.lv\/Produkts\/uzlex-aprikojuma-komplektspolidispensers-mikseris\/#breadcrumb"},"inLanguage":"en-US","potentialAction":[{"@type":"ReadAction","target":["https:\/\/wmtbaltic.lv\/Produkts\/uzlex-aprikojuma-komplektspolidispensers-mikseris\/"]}]},{"@type":"ImageObject","inLanguage":"en-US","@id":"https:\/\/wmtbaltic.lv\/Produkts\/uzlex-aprikojuma-komplektspolidispensers-mikseris\/#primaryimage","url":"https:\/\/wmtbaltic.lv\/wp-content\/uploads\/2021\/11\/Untitled-4.jpg","contentUrl":"https:\/\/wmtbaltic.lv\/wp-content\/uploads\/2021\/11\/Untitled-4.jpg","width":997,"height":588},{"@type":"BreadcrumbList","@id":"https:\/\/wmtbaltic.lv\/Produkts\/uzlex-aprikojuma-komplektspolidispensers-mikseris\/#breadcrumb","itemListElement":[{"@type":"ListItem","position":1,"name":"Home","item":"https:\/\/wmtbaltic.lv\/en\/"},{"@type":"ListItem","position":2,"name":"Shop","item":"https:\/\/wmtbaltic.lv\/shop\/"},{"@type":"ListItem","position":3,"name":"Uzlex apr\u012bkojuma komplekts(polidispensers + mikseris)"}]},{"@type":"WebSite","@id":"https:\/\/wmtbaltic.lv\/#website","url":"https:\/\/wmtbaltic.lv\/","name":"WMT Baltic","description":"Rekl\u0101mas produkti, pl\u0113ves","publisher":{"@id":"https:\/\/wmtbaltic.lv\/#organization"},"potentialAction":[{"@type":"SearchAction","target":{"@type":"EntryPoint","urlTemplate":"https:\/\/wmtbaltic.lv\/?s={search_term_string}"},"query-input":{"@type":"PropertyValueSpecification","valueRequired":true,"valueName":"search_term_string"}}],"inLanguage":"en-US"},{"@type":"Organization","@id":"https:\/\/wmtbaltic.lv\/#organization","name":"WMT Baltic","url":"https:\/\/wmtbaltic.lv\/","logo":{"@type":"ImageObject","inLanguage":"en-US","@id":"https:\/\/wmtbaltic.lv\/#\/schema\/logo\/image\/","url":"https:\/\/wmtbaltic.lv\/wp-content\/uploads\/2024\/12\/wmt-baltic-sia_107142_9_420x180.jpg","contentUrl":"https:\/\/wmtbaltic.lv\/wp-content\/uploads\/2024\/12\/wmt-baltic-sia_107142_9_420x180.jpg","width":420,"height":180,"caption":"WMT Baltic"},"image":{"@id":"https:\/\/wmtbaltic.lv\/#\/schema\/logo\/image\/"},"sameAs":["https:\/\/www.facebook.com\/WMT.Baltic.viscom\/?locale=lv_LV","https:\/\/www.instagram.com\/viscom_wmt\/"]}]}},"_links":{"self":[{"href":"https:\/\/wmtbaltic.lv\/en\/wp-json\/wp\/v2\/product\/10845","targetHints":{"allow":["GET"]}}],"collection":[{"href":"https:\/\/wmtbaltic.lv\/en\/wp-json\/wp\/v2\/product"}],"about":[{"href":"https:\/\/wmtbaltic.lv\/en\/wp-json\/wp\/v2\/types\/product"}],"wp:featuredmedia":[{"embeddable":true,"href":"https:\/\/wmtbaltic.lv\/en\/wp-json\/wp\/v2\/media\/10848"}],"wp:attachment":[{"href":"https:\/\/wmtbaltic.lv\/en\/wp-json\/wp\/v2\/media?parent=10845"}],"wp:term":[{"taxonomy":"product_brand","embeddable":true,"href":"https:\/\/wmtbaltic.lv\/en\/wp-json\/wp\/v2\/product_brand?post=10845"},{"taxonomy":"product_cat","embeddable":true,"href":"https:\/\/wmtbaltic.lv\/en\/wp-json\/wp\/v2\/product_cat?post=10845"},{"taxonomy":"product_tag","embeddable":true,"href":"https:\/\/wmtbaltic.lv\/en\/wp-json\/wp\/v2\/product_tag?post=10845"}],"curies":[{"name":"wp","href":"https:\/\/api.w.org\/{rel}","templated":true}]}}