{"id":10828,"date":"2021-11-09T14:34:11","date_gmt":"2021-11-09T14:34:11","guid":{"rendered":"https:\/\/wmtbaltic.lv\/?post_type=product&#038;p=10828"},"modified":"2021-11-10T09:10:33","modified_gmt":"2021-11-10T09:10:33","slug":"uzlex-aprikojuma-komplekts-polidispensersmikseris-krasns","status":"publish","type":"product","link":"https:\/\/wmtbaltic.lv\/en\/product\/uzlex-aprikojuma-komplekts-polidispensersmikseris-krasns\/","title":{"rendered":"Apr\u012bkojuma komplekts (polidispensers+mikseris + kr\u0101sns)"},"content":{"rendered":"<p><strong>Uzlex speci\u0101lais pied\u0101v\u0101jums!<\/strong><\/p>\n<p><strong> Komplekt\u0101 ietilpst :<\/strong><\/p>\n<ul>\n<li style=\"list-style-type: none;\">\n<ul>\n<li><b>Polidispencers UZLEX<\/b>Polidispencers UZLEX paredz\u0113ts sve\u0137u uzkl\u0101\u0161anai uz att\u0113la, k\u0101 ar\u012b var tikt izmantots daudzu citu mais\u012bjumu doz\u0113\u0161anai. P\u0101rdom\u0101tais dizains un aksesu\u0101ri, ne tikai atvieglina darbu ar iek\u0101rt\u0101m, bet ar\u012b nodro\u0161ina izpild\u0101mo darbu kvalit\u0101ti.<\/li>\n<\/ul>\n<\/li>\n<\/ul>\n<p>&nbsp;<\/p>\n<ul>\n<li style=\"list-style-type: none;\">\n<ul>\n<li><strong>Mikseris polim\u0113riem UZLEX<\/strong>\u00a0.Lai izveidotu pareizu divkomponentu sve\u0137u mais\u012bjumu, nepiecie\u0161ams bezgaiss un kvalitat\u012bva sajauk\u0161ana. To visu nodro\u0161ina vakuuma mikseris. Poliuret\u0101na sve\u0137u sajauk\u0161ana vakuum\u0101 ne tikai nodro\u0161ina pareizu \u0137\u012bmisko reakciju procesu, bet ar\u012b nov\u0113r\u0161 gaisa burbul\u012b\u0161u nok\u013c\u016b\u0161anu ieg\u016btaj\u0101 mais\u012bjum\u0101 \u2013 galvenais apjom\u012bgo l\u012bmlen\u0161u un uzrakstu ienaidnieks. Tas ir \u013coti vienk\u0101r\u0161i \u2013 iesl\u0113gt vakuumu, p\u0113c tam pagriezt rokturi un mikseris s\u0101ks vienlaic\u012bgi darboties un veidot vakuumu.<\/li>\n<\/ul>\n<\/li>\n<\/ul>\n<p>&nbsp;<\/p>\n<ul>\n<li style=\"list-style-type: none;\">\n<ul>\n<li><strong>Kr\u0101sns \u0101tr\u0101kai polim\u0113ra materi\u0101la no\u017e\u016b\u0161anai- <\/strong>\u017e\u0101v\u0113\u0161anas skapis samazina saciet\u0113\u0161anas laiku gandr\u012bz vai divas reizes. Turkl\u0101t papildus straujam ra\u017eo\u0161anas tempam, aizv\u0113rtais skapis \u013caus nov\u0113rst putek\u013cu iek\u013c\u016b\u0161anu uz saciet\u0113jo\u0161\u0101m uzl\u012bm\u0113m un l\u012bdz ar to tas nov\u0113rs\u012bs br\u0101\u0137a iesp\u0113jam\u012bbu.<\/li>\n<\/ul>\n<\/li>\n<\/ul>\n<p><a href=\"http:\/\/site-494600.mozfiles.com\/files\/494600\/Uzlex_Doming_Brochure_EN_Preview.pdf?1492585118\">Tehniskais apraksts<\/a><\/p>\n<iframe loading=\"lazy\"  id=\"_ytid_72058\"  width=\"780\" height=\"439\"  data-origwidth=\"780\" data-origheight=\"439\" src=\"https:\/\/www.youtube.com\/embed\/_eyrzyCfdI8?enablejsapi=1&autoplay=0&cc_load_policy=0&cc_lang_pref=&iv_load_policy=1&loop=0&rel=1&fs=1&playsinline=0&autohide=2&theme=dark&color=red&controls=1&disablekb=0&\" class=\"__youtube_prefs__  no-lazyload\" title=\"YouTube player\"  allow=\"fullscreen; accelerometer; autoplay; clipboard-write; encrypted-media; gyroscope; picture-in-picture; web-share\" referrerpolicy=\"strict-origin-when-cross-origin\" allowfullscreen data-no-lazy=\"1\" data-skipgform_ajax_framebjll=\"\"><\/iframe>\n<p>&nbsp;<\/p>\n","protected":false},"excerpt":{"rendered":"Uzlex speci\u0101lais pied\u0101v\u0101jums! Komplekt\u0101 ietilpst : Polidispencers UZLEXPolidispencers UZLEX paredz\u0113ts sve\u0137u uzkl\u0101\u0161anai uz att\u0113la, k\u0101 ar\u012b var tikt izmantots daudzu citu mais\u012bjumu doz\u0113\u0161anai. P\u0101rdom\u0101tais dizains un aksesu\u0101ri, ne tikai atvieglina darbu ar iek\u0101rt\u0101m, bet ar\u012b nodro\u0161ina izpild\u0101mo darbu kvalit\u0101ti. &nbsp; Mikseris polim\u0113riem UZLEX\u00a0.Lai izveidotu pareizu divkomponentu sve\u0137u mais\u012bjumu, nepiecie\u0161ams bezgaiss un kvalitat\u012bva sajauk\u0161ana. To visu [...]","protected":false},"featured_media":10856,"comment_status":"closed","ping_status":"closed","template":"","meta":[],"product_brand":[],"product_cat":[962,261,258],"product_tag":[967,1018,1019,966,290],"class_list":{"0":"post-10828","1":"product","2":"type-product","3":"status-publish","4":"has-post-thumbnail","6":"product_cat-aprikojums","7":"product_cat-iekartas-3d-polimera-uzlimem","8":"product_cat-iekartas-un-izejmateriali","9":"product_tag-doming","10":"product_tag-ikartas","11":"product_tag-komplekts","12":"product_tag-polimers","13":"product_tag-uzlex","15":"first","16":"instock","17":"shipping-taxable","18":"purchasable","19":"product-type-simple"},"yoast_head":"<!-- This site is optimized with the Yoast SEO plugin v27.4 - https:\/\/yoast.com\/product\/yoast-seo-wordpress\/ -->\n<title>Apr\u012bkojuma komplekts (polidispensers+mikseris + kr\u0101sns) - WMT Baltic<\/title>\n<meta name=\"description\" content=\"Uzlex speci\u0101lais pied\u0101v\u0101jums! Komplekt\u0101 ietilpst : Polidispencers UZLEX, Mikseris polim\u0113riem UZLEX, \u017dav\u0113\u0161anas kr\u0101sns UZLEX\" \/>\n<meta name=\"robots\" content=\"index, follow, max-snippet:-1, max-image-preview:large, max-video-preview:-1\" \/>\n<link rel=\"canonical\" href=\"https:\/\/wmtbaltic.lv\/Produkts\/uzlex-aprikojuma-komplekts-polidispensersmikseris-krasns\/\" \/>\n<meta property=\"og:locale\" content=\"en_US\" \/>\n<meta property=\"og:type\" content=\"article\" \/>\n<meta property=\"og:title\" content=\"Apr\u012bkojuma komplekts (polidispensers+mikseris + kr\u0101sns) - WMT Baltic\" \/>\n<meta property=\"og:description\" content=\"Uzlex speci\u0101lais pied\u0101v\u0101jums! Komplekt\u0101 ietilpst : Polidispencers UZLEX, Mikseris polim\u0113riem UZLEX, \u017dav\u0113\u0161anas kr\u0101sns UZLEX\" \/>\n<meta property=\"og:url\" content=\"https:\/\/wmtbaltic.lv\/Produkts\/uzlex-aprikojuma-komplekts-polidispensersmikseris-krasns\/\" \/>\n<meta property=\"og:site_name\" content=\"WMT Baltic\" \/>\n<meta property=\"article:publisher\" content=\"https:\/\/www.facebook.com\/WMT.Baltic.viscom\/?locale=lv_LV\" \/>\n<meta property=\"article:modified_time\" content=\"2021-11-10T09:10:33+00:00\" \/>\n<meta property=\"og:image\" content=\"https:\/\/wmtbaltic.lv\/wp-content\/uploads\/2021\/11\/a3f5f0de-04b2-45c0-bc72-db246ab40eb0-2.jpg\" \/>\n\t<meta property=\"og:image:width\" content=\"1976\" \/>\n\t<meta property=\"og:image:height\" content=\"1462\" \/>\n\t<meta property=\"og:image:type\" content=\"image\/jpeg\" \/>\n<meta name=\"twitter:card\" content=\"summary_large_image\" \/>\n<meta name=\"twitter:label1\" content=\"Est. reading time\" \/>\n\t<meta name=\"twitter:data1\" content=\"1 minute\" \/>\n<script type=\"application\/ld+json\" class=\"yoast-schema-graph\">{\"@context\":\"https:\\\/\\\/schema.org\",\"@graph\":[{\"@type\":\"WebPage\",\"@id\":\"https:\\\/\\\/wmtbaltic.lv\\\/Produkts\\\/uzlex-aprikojuma-komplekts-polidispensersmikseris-krasns\\\/\",\"url\":\"https:\\\/\\\/wmtbaltic.lv\\\/Produkts\\\/uzlex-aprikojuma-komplekts-polidispensersmikseris-krasns\\\/\",\"name\":\"Apr\u012bkojuma komplekts (polidispensers+mikseris + kr\u0101sns) - WMT Baltic\",\"isPartOf\":{\"@id\":\"https:\\\/\\\/wmtbaltic.lv\\\/#website\"},\"primaryImageOfPage\":{\"@id\":\"https:\\\/\\\/wmtbaltic.lv\\\/Produkts\\\/uzlex-aprikojuma-komplekts-polidispensersmikseris-krasns\\\/#primaryimage\"},\"image\":{\"@id\":\"https:\\\/\\\/wmtbaltic.lv\\\/Produkts\\\/uzlex-aprikojuma-komplekts-polidispensersmikseris-krasns\\\/#primaryimage\"},\"thumbnailUrl\":\"https:\\\/\\\/wmtbaltic.lv\\\/wp-content\\\/uploads\\\/2021\\\/11\\\/a3f5f0de-04b2-45c0-bc72-db246ab40eb0-2.jpg\",\"datePublished\":\"2021-11-09T14:34:11+00:00\",\"dateModified\":\"2021-11-10T09:10:33+00:00\",\"description\":\"Uzlex speci\u0101lais pied\u0101v\u0101jums! Komplekt\u0101 ietilpst : Polidispencers UZLEX, Mikseris polim\u0113riem UZLEX, \u017dav\u0113\u0161anas kr\u0101sns UZLEX\",\"breadcrumb\":{\"@id\":\"https:\\\/\\\/wmtbaltic.lv\\\/Produkts\\\/uzlex-aprikojuma-komplekts-polidispensersmikseris-krasns\\\/#breadcrumb\"},\"inLanguage\":\"en-US\",\"potentialAction\":[{\"@type\":\"ReadAction\",\"target\":[\"https:\\\/\\\/wmtbaltic.lv\\\/Produkts\\\/uzlex-aprikojuma-komplekts-polidispensersmikseris-krasns\\\/\"]}]},{\"@type\":\"ImageObject\",\"inLanguage\":\"en-US\",\"@id\":\"https:\\\/\\\/wmtbaltic.lv\\\/Produkts\\\/uzlex-aprikojuma-komplekts-polidispensersmikseris-krasns\\\/#primaryimage\",\"url\":\"https:\\\/\\\/wmtbaltic.lv\\\/wp-content\\\/uploads\\\/2021\\\/11\\\/a3f5f0de-04b2-45c0-bc72-db246ab40eb0-2.jpg\",\"contentUrl\":\"https:\\\/\\\/wmtbaltic.lv\\\/wp-content\\\/uploads\\\/2021\\\/11\\\/a3f5f0de-04b2-45c0-bc72-db246ab40eb0-2.jpg\",\"width\":1976,\"height\":1462},{\"@type\":\"BreadcrumbList\",\"@id\":\"https:\\\/\\\/wmtbaltic.lv\\\/Produkts\\\/uzlex-aprikojuma-komplekts-polidispensersmikseris-krasns\\\/#breadcrumb\",\"itemListElement\":[{\"@type\":\"ListItem\",\"position\":1,\"name\":\"Home\",\"item\":\"https:\\\/\\\/wmtbaltic.lv\\\/en\\\/\"},{\"@type\":\"ListItem\",\"position\":2,\"name\":\"Products\",\"item\":\"https:\\\/\\\/wmtbaltic.lv\\\/en\\\/shop\\\/\"},{\"@type\":\"ListItem\",\"position\":3,\"name\":\"Apr\u012bkojuma komplekts (polidispensers+mikseris + kr\u0101sns)\"}]},{\"@type\":\"WebSite\",\"@id\":\"https:\\\/\\\/wmtbaltic.lv\\\/#website\",\"url\":\"https:\\\/\\\/wmtbaltic.lv\\\/\",\"name\":\"WMT Baltic\",\"description\":\"Rekl\u0101mas produkti, pl\u0113ves\",\"publisher\":{\"@id\":\"https:\\\/\\\/wmtbaltic.lv\\\/#organization\"},\"potentialAction\":[{\"@type\":\"SearchAction\",\"target\":{\"@type\":\"EntryPoint\",\"urlTemplate\":\"https:\\\/\\\/wmtbaltic.lv\\\/?s={search_term_string}\"},\"query-input\":{\"@type\":\"PropertyValueSpecification\",\"valueRequired\":true,\"valueName\":\"search_term_string\"}}],\"inLanguage\":\"en-US\"},{\"@type\":\"Organization\",\"@id\":\"https:\\\/\\\/wmtbaltic.lv\\\/#organization\",\"name\":\"WMT Baltic\",\"url\":\"https:\\\/\\\/wmtbaltic.lv\\\/\",\"logo\":{\"@type\":\"ImageObject\",\"inLanguage\":\"en-US\",\"@id\":\"https:\\\/\\\/wmtbaltic.lv\\\/#\\\/schema\\\/logo\\\/image\\\/\",\"url\":\"https:\\\/\\\/wmtbaltic.lv\\\/wp-content\\\/uploads\\\/2024\\\/12\\\/wmt-baltic-sia_107142_9_420x180.jpg\",\"contentUrl\":\"https:\\\/\\\/wmtbaltic.lv\\\/wp-content\\\/uploads\\\/2024\\\/12\\\/wmt-baltic-sia_107142_9_420x180.jpg\",\"width\":420,\"height\":180,\"caption\":\"WMT Baltic\"},\"image\":{\"@id\":\"https:\\\/\\\/wmtbaltic.lv\\\/#\\\/schema\\\/logo\\\/image\\\/\"},\"sameAs\":[\"https:\\\/\\\/www.facebook.com\\\/WMT.Baltic.viscom\\\/?locale=lv_LV\",\"https:\\\/\\\/www.instagram.com\\\/viscom_wmt\\\/\"]}]}<\/script>\n<!-- \/ Yoast SEO plugin. -->","yoast_head_json":{"title":"Apr\u012bkojuma komplekts (polidispensers+mikseris + kr\u0101sns) - WMT Baltic","description":"Uzlex speci\u0101lais pied\u0101v\u0101jums! Komplekt\u0101 ietilpst : Polidispencers UZLEX, Mikseris polim\u0113riem UZLEX, \u017dav\u0113\u0161anas kr\u0101sns UZLEX","robots":{"index":"index","follow":"follow","max-snippet":"max-snippet:-1","max-image-preview":"max-image-preview:large","max-video-preview":"max-video-preview:-1"},"canonical":"https:\/\/wmtbaltic.lv\/Produkts\/uzlex-aprikojuma-komplekts-polidispensersmikseris-krasns\/","og_locale":"en_US","og_type":"article","og_title":"Apr\u012bkojuma komplekts (polidispensers+mikseris + kr\u0101sns) - WMT Baltic","og_description":"Uzlex speci\u0101lais pied\u0101v\u0101jums! Komplekt\u0101 ietilpst : Polidispencers UZLEX, Mikseris polim\u0113riem UZLEX, \u017dav\u0113\u0161anas kr\u0101sns UZLEX","og_url":"https:\/\/wmtbaltic.lv\/Produkts\/uzlex-aprikojuma-komplekts-polidispensersmikseris-krasns\/","og_site_name":"WMT Baltic","article_publisher":"https:\/\/www.facebook.com\/WMT.Baltic.viscom\/?locale=lv_LV","article_modified_time":"2021-11-10T09:10:33+00:00","og_image":[{"width":1976,"height":1462,"url":"https:\/\/wmtbaltic.lv\/wp-content\/uploads\/2021\/11\/a3f5f0de-04b2-45c0-bc72-db246ab40eb0-2.jpg","type":"image\/jpeg"}],"twitter_card":"summary_large_image","twitter_misc":{"Est. reading time":"1 minute"},"schema":{"@context":"https:\/\/schema.org","@graph":[{"@type":"WebPage","@id":"https:\/\/wmtbaltic.lv\/Produkts\/uzlex-aprikojuma-komplekts-polidispensersmikseris-krasns\/","url":"https:\/\/wmtbaltic.lv\/Produkts\/uzlex-aprikojuma-komplekts-polidispensersmikseris-krasns\/","name":"Apr\u012bkojuma komplekts (polidispensers+mikseris + kr\u0101sns) - WMT Baltic","isPartOf":{"@id":"https:\/\/wmtbaltic.lv\/#website"},"primaryImageOfPage":{"@id":"https:\/\/wmtbaltic.lv\/Produkts\/uzlex-aprikojuma-komplekts-polidispensersmikseris-krasns\/#primaryimage"},"image":{"@id":"https:\/\/wmtbaltic.lv\/Produkts\/uzlex-aprikojuma-komplekts-polidispensersmikseris-krasns\/#primaryimage"},"thumbnailUrl":"https:\/\/wmtbaltic.lv\/wp-content\/uploads\/2021\/11\/a3f5f0de-04b2-45c0-bc72-db246ab40eb0-2.jpg","datePublished":"2021-11-09T14:34:11+00:00","dateModified":"2021-11-10T09:10:33+00:00","description":"Uzlex speci\u0101lais pied\u0101v\u0101jums! Komplekt\u0101 ietilpst : Polidispencers UZLEX, Mikseris polim\u0113riem UZLEX, \u017dav\u0113\u0161anas kr\u0101sns UZLEX","breadcrumb":{"@id":"https:\/\/wmtbaltic.lv\/Produkts\/uzlex-aprikojuma-komplekts-polidispensersmikseris-krasns\/#breadcrumb"},"inLanguage":"en-US","potentialAction":[{"@type":"ReadAction","target":["https:\/\/wmtbaltic.lv\/Produkts\/uzlex-aprikojuma-komplekts-polidispensersmikseris-krasns\/"]}]},{"@type":"ImageObject","inLanguage":"en-US","@id":"https:\/\/wmtbaltic.lv\/Produkts\/uzlex-aprikojuma-komplekts-polidispensersmikseris-krasns\/#primaryimage","url":"https:\/\/wmtbaltic.lv\/wp-content\/uploads\/2021\/11\/a3f5f0de-04b2-45c0-bc72-db246ab40eb0-2.jpg","contentUrl":"https:\/\/wmtbaltic.lv\/wp-content\/uploads\/2021\/11\/a3f5f0de-04b2-45c0-bc72-db246ab40eb0-2.jpg","width":1976,"height":1462},{"@type":"BreadcrumbList","@id":"https:\/\/wmtbaltic.lv\/Produkts\/uzlex-aprikojuma-komplekts-polidispensersmikseris-krasns\/#breadcrumb","itemListElement":[{"@type":"ListItem","position":1,"name":"Home","item":"https:\/\/wmtbaltic.lv\/en\/"},{"@type":"ListItem","position":2,"name":"Products","item":"https:\/\/wmtbaltic.lv\/en\/shop\/"},{"@type":"ListItem","position":3,"name":"Apr\u012bkojuma komplekts (polidispensers+mikseris + kr\u0101sns)"}]},{"@type":"WebSite","@id":"https:\/\/wmtbaltic.lv\/#website","url":"https:\/\/wmtbaltic.lv\/","name":"WMT Baltic","description":"Rekl\u0101mas produkti, pl\u0113ves","publisher":{"@id":"https:\/\/wmtbaltic.lv\/#organization"},"potentialAction":[{"@type":"SearchAction","target":{"@type":"EntryPoint","urlTemplate":"https:\/\/wmtbaltic.lv\/?s={search_term_string}"},"query-input":{"@type":"PropertyValueSpecification","valueRequired":true,"valueName":"search_term_string"}}],"inLanguage":"en-US"},{"@type":"Organization","@id":"https:\/\/wmtbaltic.lv\/#organization","name":"WMT Baltic","url":"https:\/\/wmtbaltic.lv\/","logo":{"@type":"ImageObject","inLanguage":"en-US","@id":"https:\/\/wmtbaltic.lv\/#\/schema\/logo\/image\/","url":"https:\/\/wmtbaltic.lv\/wp-content\/uploads\/2024\/12\/wmt-baltic-sia_107142_9_420x180.jpg","contentUrl":"https:\/\/wmtbaltic.lv\/wp-content\/uploads\/2024\/12\/wmt-baltic-sia_107142_9_420x180.jpg","width":420,"height":180,"caption":"WMT Baltic"},"image":{"@id":"https:\/\/wmtbaltic.lv\/#\/schema\/logo\/image\/"},"sameAs":["https:\/\/www.facebook.com\/WMT.Baltic.viscom\/?locale=lv_LV","https:\/\/www.instagram.com\/viscom_wmt\/"]}]}},"_links":{"self":[{"href":"https:\/\/wmtbaltic.lv\/en\/wp-json\/wp\/v2\/product\/10828","targetHints":{"allow":["GET"]}}],"collection":[{"href":"https:\/\/wmtbaltic.lv\/en\/wp-json\/wp\/v2\/product"}],"about":[{"href":"https:\/\/wmtbaltic.lv\/en\/wp-json\/wp\/v2\/types\/product"}],"replies":[{"embeddable":true,"href":"https:\/\/wmtbaltic.lv\/en\/wp-json\/wp\/v2\/comments?post=10828"}],"wp:featuredmedia":[{"embeddable":true,"href":"https:\/\/wmtbaltic.lv\/en\/wp-json\/wp\/v2\/media\/10856"}],"wp:attachment":[{"href":"https:\/\/wmtbaltic.lv\/en\/wp-json\/wp\/v2\/media?parent=10828"}],"wp:term":[{"taxonomy":"product_brand","embeddable":true,"href":"https:\/\/wmtbaltic.lv\/en\/wp-json\/wp\/v2\/product_brand?post=10828"},{"taxonomy":"product_cat","embeddable":true,"href":"https:\/\/wmtbaltic.lv\/en\/wp-json\/wp\/v2\/product_cat?post=10828"},{"taxonomy":"product_tag","embeddable":true,"href":"https:\/\/wmtbaltic.lv\/en\/wp-json\/wp\/v2\/product_tag?post=10828"}],"curies":[{"name":"wp","href":"https:\/\/api.w.org\/{rel}","templated":true}]}}