{"id":10706,"date":"2021-11-08T08:02:14","date_gmt":"2021-11-08T08:02:14","guid":{"rendered":"https:\/\/wmtbaltic.lv\/?post_type=product&#038;p=10706"},"modified":"2024-02-16T07:26:08","modified_gmt":"2024-02-16T07:26:08","slug":"anti-slip-lente-uzlex-ps730-50-mm-dzeltena-melna","status":"publish","type":"product","link":"https:\/\/wmtbaltic.lv\/en\/product\/anti-slip-lente-uzlex-ps730-50-mm-dzeltena-melna\/","title":{"rendered":"Anti slip lente UZLEX PS730 50 mm, dzeltena\/melna"},"content":{"rendered":"<p>&nbsp;<\/p>\n<p>Anti-sl\u012bdo\u0161\u0101s l\u012bmlentes var tikt izmantotas visur, kur rodas vajadz\u012bba: vis\u0101s r\u016bpniec\u012bbas nozar\u0113s, uz estak\u0101d\u0113m, k\u0101pn\u0113m, tilti\u0146iem, telp\u0101s ar paaugstin\u0101tu mitruma l\u012bmeni &#8211; baseinos, du\u0161as kab\u012bn\u0113s, \u0123\u0113rbtuv\u0113s &#8211; visur, kur slidena gr\u012bda var izrais\u012bt nelaimes gad\u012bjumu. Pretsl\u012bd\u0113\u0161anas lente nodro\u0161ina aizsardz\u012bbu pret nelaimes gad\u012bjumu ra\u0161anos un samazina kritienu un traumu ieg\u016b\u0161anas iesp\u0113ju.<\/p>\n<p>Lentes platums\u00a0 50mm.<\/p>\n<p>Rull\u012b 18m.<\/p>\n<p>Tehnisk\u0101 inform\u0101cija: <a href=\"http:\/\/wmtbaltic.lv\/wp-content\/uploads\/2021\/11\/Technical_Data_Sheet_UZLEX_PS_730_Yellow_Black_Anti-Slip-1.pdf\">Technical_Data_Sheet_UZLEX_PS_730_Yellow_Black_Anti-Slip<\/a><\/p>\n","protected":false},"excerpt":{"rendered":"&nbsp; Anti-sl\u012bdo\u0161\u0101s l\u012bmlentes var tikt izmantotas visur, kur rodas vajadz\u012bba: vis\u0101s r\u016bpniec\u012bbas nozar\u0113s, uz estak\u0101d\u0113m, k\u0101pn\u0113m, tilti\u0146iem, telp\u0101s ar paaugstin\u0101tu mitruma l\u012bmeni - baseinos, du\u0161as kab\u012bn\u0113s, \u0123\u0113rbtuv\u0113s - visur, kur slidena gr\u012bda var izrais\u012bt nelaimes gad\u012bjumu. Pretsl\u012bd\u0113\u0161anas lente nodro\u0161ina aizsardz\u012bbu pret nelaimes gad\u012bjumu ra\u0161anos un samazina kritienu un traumu ieg\u016b\u0161anas iesp\u0113ju. Lentes platums\u00a0 50mm. Rull\u012b [...]","protected":false},"featured_media":10702,"comment_status":"closed","ping_status":"closed","template":"","meta":[],"product_brand":[],"product_cat":[421],"product_tag":[1008,1007,1009],"class_list":{"0":"post-10706","1":"product","2":"type-product","3":"status-publish","4":"has-post-thumbnail","6":"product_cat-speciala-pielietojuma-limlentes","7":"product_tag-anti-slip-limlente","8":"product_tag-neslidosa-limlente","9":"product_tag-neslidosa-limlente-kapnem","11":"first","12":"instock","13":"shipping-taxable","14":"purchasable","15":"product-type-variable"},"yoast_head":"<!-- This site is optimized with the Yoast SEO plugin v27.4 - https:\/\/yoast.com\/product\/yoast-seo-wordpress\/ -->\n<title>Anti slip lente UZLEX PS730 50 mm, dzeltena\/melna , nopirkt veikal\u0101 R\u012bg\u0101<\/title>\n<meta name=\"description\" content=\"%\" \/>\n<meta name=\"robots\" content=\"index, follow, max-snippet:-1, max-image-preview:large, max-video-preview:-1\" \/>\n<link rel=\"canonical\" href=\"https:\/\/wmtbaltic.lv\/Produkts\/anti-slip-lente-uzlex-ps730-50-mm-dzeltena-melna\/\" \/>\n<meta property=\"og:locale\" content=\"en_US\" \/>\n<meta property=\"og:type\" content=\"article\" \/>\n<meta property=\"og:title\" content=\"Anti slip lente UZLEX PS730 50 mm, dzeltena\/melna , nopirkt veikal\u0101 R\u012bg\u0101\" \/>\n<meta property=\"og:description\" content=\"%\" \/>\n<meta property=\"og:url\" content=\"https:\/\/wmtbaltic.lv\/Produkts\/anti-slip-lente-uzlex-ps730-50-mm-dzeltena-melna\/\" \/>\n<meta property=\"og:site_name\" content=\"WMT Baltic\" \/>\n<meta property=\"article:publisher\" content=\"https:\/\/www.facebook.com\/WMT.Baltic.viscom\/?locale=lv_LV\" \/>\n<meta property=\"article:modified_time\" content=\"2024-02-16T07:26:08+00:00\" \/>\n<meta property=\"og:image\" content=\"http:\/\/wmtbaltic.lv\/wp-content\/uploads\/2021\/11\/Uzlex_AntiSlip-57.jpg\" \/>\n\t<meta property=\"og:image:width\" content=\"299\" \/>\n\t<meta property=\"og:image:height\" content=\"200\" \/>\n\t<meta property=\"og:image:type\" content=\"image\/jpeg\" \/>\n<meta name=\"twitter:card\" content=\"summary_large_image\" \/>\n<meta name=\"twitter:label1\" content=\"Est. reading time\" \/>\n\t<meta name=\"twitter:data1\" content=\"1 minute\" \/>\n<script type=\"application\/ld+json\" class=\"yoast-schema-graph\">{\"@context\":\"https:\\\/\\\/schema.org\",\"@graph\":[{\"@type\":\"WebPage\",\"@id\":\"https:\\\/\\\/wmtbaltic.lv\\\/Produkts\\\/anti-slip-lente-uzlex-ps730-50-mm-dzeltena-melna\\\/\",\"url\":\"https:\\\/\\\/wmtbaltic.lv\\\/Produkts\\\/anti-slip-lente-uzlex-ps730-50-mm-dzeltena-melna\\\/\",\"name\":\"Anti slip lente UZLEX PS730 50 mm, dzeltena\\\/melna , nopirkt veikal\u0101 R\u012bg\u0101\",\"isPartOf\":{\"@id\":\"https:\\\/\\\/wmtbaltic.lv\\\/#website\"},\"primaryImageOfPage\":{\"@id\":\"https:\\\/\\\/wmtbaltic.lv\\\/Produkts\\\/anti-slip-lente-uzlex-ps730-50-mm-dzeltena-melna\\\/#primaryimage\"},\"image\":{\"@id\":\"https:\\\/\\\/wmtbaltic.lv\\\/Produkts\\\/anti-slip-lente-uzlex-ps730-50-mm-dzeltena-melna\\\/#primaryimage\"},\"thumbnailUrl\":\"https:\\\/\\\/wmtbaltic.lv\\\/wp-content\\\/uploads\\\/2021\\\/11\\\/Uzlex_AntiSlip-57.jpg\",\"datePublished\":\"2021-11-08T08:02:14+00:00\",\"dateModified\":\"2024-02-16T07:26:08+00:00\",\"description\":\"%\",\"breadcrumb\":{\"@id\":\"https:\\\/\\\/wmtbaltic.lv\\\/Produkts\\\/anti-slip-lente-uzlex-ps730-50-mm-dzeltena-melna\\\/#breadcrumb\"},\"inLanguage\":\"en-US\",\"potentialAction\":[{\"@type\":\"ReadAction\",\"target\":[\"https:\\\/\\\/wmtbaltic.lv\\\/Produkts\\\/anti-slip-lente-uzlex-ps730-50-mm-dzeltena-melna\\\/\"]}]},{\"@type\":\"ImageObject\",\"inLanguage\":\"en-US\",\"@id\":\"https:\\\/\\\/wmtbaltic.lv\\\/Produkts\\\/anti-slip-lente-uzlex-ps730-50-mm-dzeltena-melna\\\/#primaryimage\",\"url\":\"https:\\\/\\\/wmtbaltic.lv\\\/wp-content\\\/uploads\\\/2021\\\/11\\\/Uzlex_AntiSlip-57.jpg\",\"contentUrl\":\"https:\\\/\\\/wmtbaltic.lv\\\/wp-content\\\/uploads\\\/2021\\\/11\\\/Uzlex_AntiSlip-57.jpg\",\"width\":299,\"height\":200},{\"@type\":\"BreadcrumbList\",\"@id\":\"https:\\\/\\\/wmtbaltic.lv\\\/Produkts\\\/anti-slip-lente-uzlex-ps730-50-mm-dzeltena-melna\\\/#breadcrumb\",\"itemListElement\":[{\"@type\":\"ListItem\",\"position\":1,\"name\":\"Home\",\"item\":\"https:\\\/\\\/wmtbaltic.lv\\\/en\\\/\"},{\"@type\":\"ListItem\",\"position\":2,\"name\":\"Products\",\"item\":\"https:\\\/\\\/wmtbaltic.lv\\\/en\\\/shop\\\/\"},{\"@type\":\"ListItem\",\"position\":3,\"name\":\"Anti slip lente UZLEX PS730 50 mm, dzeltena\\\/melna\"}]},{\"@type\":\"WebSite\",\"@id\":\"https:\\\/\\\/wmtbaltic.lv\\\/#website\",\"url\":\"https:\\\/\\\/wmtbaltic.lv\\\/\",\"name\":\"WMT Baltic\",\"description\":\"Rekl\u0101mas produkti, pl\u0113ves\",\"publisher\":{\"@id\":\"https:\\\/\\\/wmtbaltic.lv\\\/#organization\"},\"potentialAction\":[{\"@type\":\"SearchAction\",\"target\":{\"@type\":\"EntryPoint\",\"urlTemplate\":\"https:\\\/\\\/wmtbaltic.lv\\\/?s={search_term_string}\"},\"query-input\":{\"@type\":\"PropertyValueSpecification\",\"valueRequired\":true,\"valueName\":\"search_term_string\"}}],\"inLanguage\":\"en-US\"},{\"@type\":\"Organization\",\"@id\":\"https:\\\/\\\/wmtbaltic.lv\\\/#organization\",\"name\":\"WMT Baltic\",\"url\":\"https:\\\/\\\/wmtbaltic.lv\\\/\",\"logo\":{\"@type\":\"ImageObject\",\"inLanguage\":\"en-US\",\"@id\":\"https:\\\/\\\/wmtbaltic.lv\\\/#\\\/schema\\\/logo\\\/image\\\/\",\"url\":\"https:\\\/\\\/wmtbaltic.lv\\\/wp-content\\\/uploads\\\/2024\\\/12\\\/wmt-baltic-sia_107142_9_420x180.jpg\",\"contentUrl\":\"https:\\\/\\\/wmtbaltic.lv\\\/wp-content\\\/uploads\\\/2024\\\/12\\\/wmt-baltic-sia_107142_9_420x180.jpg\",\"width\":420,\"height\":180,\"caption\":\"WMT Baltic\"},\"image\":{\"@id\":\"https:\\\/\\\/wmtbaltic.lv\\\/#\\\/schema\\\/logo\\\/image\\\/\"},\"sameAs\":[\"https:\\\/\\\/www.facebook.com\\\/WMT.Baltic.viscom\\\/?locale=lv_LV\",\"https:\\\/\\\/www.instagram.com\\\/viscom_wmt\\\/\"]}]}<\/script>\n<!-- \/ Yoast SEO plugin. -->","yoast_head_json":{"title":"Anti slip lente UZLEX PS730 50 mm, dzeltena\/melna , nopirkt veikal\u0101 R\u012bg\u0101","description":"%","robots":{"index":"index","follow":"follow","max-snippet":"max-snippet:-1","max-image-preview":"max-image-preview:large","max-video-preview":"max-video-preview:-1"},"canonical":"https:\/\/wmtbaltic.lv\/Produkts\/anti-slip-lente-uzlex-ps730-50-mm-dzeltena-melna\/","og_locale":"en_US","og_type":"article","og_title":"Anti slip lente UZLEX PS730 50 mm, dzeltena\/melna , nopirkt veikal\u0101 R\u012bg\u0101","og_description":"%","og_url":"https:\/\/wmtbaltic.lv\/Produkts\/anti-slip-lente-uzlex-ps730-50-mm-dzeltena-melna\/","og_site_name":"WMT Baltic","article_publisher":"https:\/\/www.facebook.com\/WMT.Baltic.viscom\/?locale=lv_LV","article_modified_time":"2024-02-16T07:26:08+00:00","og_image":[{"width":299,"height":200,"url":"http:\/\/wmtbaltic.lv\/wp-content\/uploads\/2021\/11\/Uzlex_AntiSlip-57.jpg","type":"image\/jpeg"}],"twitter_card":"summary_large_image","twitter_misc":{"Est. reading time":"1 minute"},"schema":{"@context":"https:\/\/schema.org","@graph":[{"@type":"WebPage","@id":"https:\/\/wmtbaltic.lv\/Produkts\/anti-slip-lente-uzlex-ps730-50-mm-dzeltena-melna\/","url":"https:\/\/wmtbaltic.lv\/Produkts\/anti-slip-lente-uzlex-ps730-50-mm-dzeltena-melna\/","name":"Anti slip lente UZLEX PS730 50 mm, dzeltena\/melna , nopirkt veikal\u0101 R\u012bg\u0101","isPartOf":{"@id":"https:\/\/wmtbaltic.lv\/#website"},"primaryImageOfPage":{"@id":"https:\/\/wmtbaltic.lv\/Produkts\/anti-slip-lente-uzlex-ps730-50-mm-dzeltena-melna\/#primaryimage"},"image":{"@id":"https:\/\/wmtbaltic.lv\/Produkts\/anti-slip-lente-uzlex-ps730-50-mm-dzeltena-melna\/#primaryimage"},"thumbnailUrl":"https:\/\/wmtbaltic.lv\/wp-content\/uploads\/2021\/11\/Uzlex_AntiSlip-57.jpg","datePublished":"2021-11-08T08:02:14+00:00","dateModified":"2024-02-16T07:26:08+00:00","description":"%","breadcrumb":{"@id":"https:\/\/wmtbaltic.lv\/Produkts\/anti-slip-lente-uzlex-ps730-50-mm-dzeltena-melna\/#breadcrumb"},"inLanguage":"en-US","potentialAction":[{"@type":"ReadAction","target":["https:\/\/wmtbaltic.lv\/Produkts\/anti-slip-lente-uzlex-ps730-50-mm-dzeltena-melna\/"]}]},{"@type":"ImageObject","inLanguage":"en-US","@id":"https:\/\/wmtbaltic.lv\/Produkts\/anti-slip-lente-uzlex-ps730-50-mm-dzeltena-melna\/#primaryimage","url":"https:\/\/wmtbaltic.lv\/wp-content\/uploads\/2021\/11\/Uzlex_AntiSlip-57.jpg","contentUrl":"https:\/\/wmtbaltic.lv\/wp-content\/uploads\/2021\/11\/Uzlex_AntiSlip-57.jpg","width":299,"height":200},{"@type":"BreadcrumbList","@id":"https:\/\/wmtbaltic.lv\/Produkts\/anti-slip-lente-uzlex-ps730-50-mm-dzeltena-melna\/#breadcrumb","itemListElement":[{"@type":"ListItem","position":1,"name":"Home","item":"https:\/\/wmtbaltic.lv\/en\/"},{"@type":"ListItem","position":2,"name":"Products","item":"https:\/\/wmtbaltic.lv\/en\/shop\/"},{"@type":"ListItem","position":3,"name":"Anti slip lente UZLEX PS730 50 mm, dzeltena\/melna"}]},{"@type":"WebSite","@id":"https:\/\/wmtbaltic.lv\/#website","url":"https:\/\/wmtbaltic.lv\/","name":"WMT Baltic","description":"Rekl\u0101mas produkti, pl\u0113ves","publisher":{"@id":"https:\/\/wmtbaltic.lv\/#organization"},"potentialAction":[{"@type":"SearchAction","target":{"@type":"EntryPoint","urlTemplate":"https:\/\/wmtbaltic.lv\/?s={search_term_string}"},"query-input":{"@type":"PropertyValueSpecification","valueRequired":true,"valueName":"search_term_string"}}],"inLanguage":"en-US"},{"@type":"Organization","@id":"https:\/\/wmtbaltic.lv\/#organization","name":"WMT Baltic","url":"https:\/\/wmtbaltic.lv\/","logo":{"@type":"ImageObject","inLanguage":"en-US","@id":"https:\/\/wmtbaltic.lv\/#\/schema\/logo\/image\/","url":"https:\/\/wmtbaltic.lv\/wp-content\/uploads\/2024\/12\/wmt-baltic-sia_107142_9_420x180.jpg","contentUrl":"https:\/\/wmtbaltic.lv\/wp-content\/uploads\/2024\/12\/wmt-baltic-sia_107142_9_420x180.jpg","width":420,"height":180,"caption":"WMT Baltic"},"image":{"@id":"https:\/\/wmtbaltic.lv\/#\/schema\/logo\/image\/"},"sameAs":["https:\/\/www.facebook.com\/WMT.Baltic.viscom\/?locale=lv_LV","https:\/\/www.instagram.com\/viscom_wmt\/"]}]}},"_links":{"self":[{"href":"https:\/\/wmtbaltic.lv\/en\/wp-json\/wp\/v2\/product\/10706","targetHints":{"allow":["GET"]}}],"collection":[{"href":"https:\/\/wmtbaltic.lv\/en\/wp-json\/wp\/v2\/product"}],"about":[{"href":"https:\/\/wmtbaltic.lv\/en\/wp-json\/wp\/v2\/types\/product"}],"replies":[{"embeddable":true,"href":"https:\/\/wmtbaltic.lv\/en\/wp-json\/wp\/v2\/comments?post=10706"}],"wp:featuredmedia":[{"embeddable":true,"href":"https:\/\/wmtbaltic.lv\/en\/wp-json\/wp\/v2\/media\/10702"}],"wp:attachment":[{"href":"https:\/\/wmtbaltic.lv\/en\/wp-json\/wp\/v2\/media?parent=10706"}],"wp:term":[{"taxonomy":"product_brand","embeddable":true,"href":"https:\/\/wmtbaltic.lv\/en\/wp-json\/wp\/v2\/product_brand?post=10706"},{"taxonomy":"product_cat","embeddable":true,"href":"https:\/\/wmtbaltic.lv\/en\/wp-json\/wp\/v2\/product_cat?post=10706"},{"taxonomy":"product_tag","embeddable":true,"href":"https:\/\/wmtbaltic.lv\/en\/wp-json\/wp\/v2\/product_tag?post=10706"}],"curies":[{"name":"wp","href":"https:\/\/api.w.org\/{rel}","templated":true}]}}