{"id":10558,"date":"2021-11-01T09:12:29","date_gmt":"2021-11-01T09:12:29","guid":{"rendered":"https:\/\/wmtbaltic.lv\/?post_type=product&#038;p=10558"},"modified":"2022-05-23T09:52:54","modified_gmt":"2022-05-23T09:52:54","slug":"adatas-09-11-12-16-18","status":"publish","type":"product","link":"https:\/\/wmtbaltic.lv\/en\/product\/adatas-09-11-12-16-18\/","title":{"rendered":"Adatas\u00a0polidispenserim 08\/ 09\/ 11\/ 12\/ 16\/ 18"},"content":{"rendered":"<p align=\"left\"><strong>Aksesu\u0101ri darbam ar iek\u0101rt\u0101m. Cen\u0101 iek\u013cautas 10 adatas.<\/strong><\/p>\n<p align=\"left\"><strong>Adatas 08\/09\/ 11\/ 12\/ 16\/ 18<\/strong><\/p>\n<p align=\"left\">&#8211; CS-08 Adata 0,80<\/p>\n<p align=\"left\">&#8211; CS-09 Adata 0,90<\/p>\n<p align=\"left\">&#8211; CS-11 Adata 1,10<\/p>\n<p align=\"left\">&#8211; CS-12 Adata 1,20<\/p>\n<p align=\"left\">&#8211; CS-16 Adata 1,60<br \/>\n&#8211; CS-18 Adata 1,80<\/p>\n","protected":false},"excerpt":{"rendered":"Aksesu\u0101ri darbam ar iek\u0101rt\u0101m. Cen\u0101 iek\u013cautas 10 adatas. Adatas 08\/09\/ 11\/ 12\/ 16\/ 18 - CS-08 Adata 0,80 - CS-09 Adata 0,90 - CS-11 Adata 1,10 - CS-12 Adata 1,20 - CS-16 Adata 1,60 - CS-18 Adata 1,80","protected":false},"featured_media":10802,"comment_status":"closed","ping_status":"closed","template":"","meta":[],"product_brand":[],"product_cat":[963,261,258],"product_tag":[1000,378,967,290],"class_list":{"0":"post-10558","1":"product","2":"type-product","3":"status-publish","4":"has-post-thumbnail","6":"product_cat-daminga-aksesuari","7":"product_cat-iekartas-3d-polimera-uzlimem","8":"product_cat-iekartas-un-izejmateriali","9":"product_tag-adatas","10":"product_tag-aksesuari","11":"product_tag-doming","12":"product_tag-uzlex","14":"first","15":"instock","16":"shipping-taxable","17":"purchasable","18":"product-type-variable"},"yoast_head":"<!-- This site is optimized with the Yoast SEO plugin v27.4 - https:\/\/yoast.com\/product\/yoast-seo-wordpress\/ -->\n<title>Adatas\u00a0polidispenserim 08\/ 09\/ 11\/ 12\/ 16\/ 18 - WMT Baltic<\/title>\n<meta name=\"description\" content=\"Aksesu\u0101ri darbam ar iek\u0101rt\u0101m, Adatas polidispensiriem 08\/09\/ 11\/ 12\/ 16\/ 18. P\u0113rkot 50gb. cena l\u0113tak wmtbaltic\" \/>\n<meta name=\"robots\" content=\"index, follow, max-snippet:-1, max-image-preview:large, max-video-preview:-1\" \/>\n<link rel=\"canonical\" href=\"https:\/\/wmtbaltic.lv\/Produkts\/adatas-09-11-12-16-18\/\" \/>\n<meta property=\"og:locale\" content=\"en_US\" \/>\n<meta property=\"og:type\" content=\"article\" \/>\n<meta property=\"og:title\" content=\"Adatas\u00a0polidispenserim 08\/ 09\/ 11\/ 12\/ 16\/ 18 - WMT Baltic\" \/>\n<meta property=\"og:description\" content=\"Aksesu\u0101ri darbam ar iek\u0101rt\u0101m, Adatas polidispensiriem 08\/09\/ 11\/ 12\/ 16\/ 18. P\u0113rkot 50gb. cena l\u0113tak wmtbaltic\" \/>\n<meta property=\"og:url\" content=\"https:\/\/wmtbaltic.lv\/Produkts\/adatas-09-11-12-16-18\/\" \/>\n<meta property=\"og:site_name\" content=\"WMT Baltic\" \/>\n<meta property=\"article:publisher\" content=\"https:\/\/www.facebook.com\/WMT.Baltic.viscom\/?locale=lv_LV\" \/>\n<meta property=\"article:modified_time\" content=\"2022-05-23T09:52:54+00:00\" \/>\n<meta property=\"og:image\" content=\"http:\/\/wmtbaltic.lv\/wp-content\/uploads\/2021\/11\/igli-1.jpg\" \/>\n\t<meta property=\"og:image:width\" content=\"1472\" \/>\n\t<meta property=\"og:image:height\" content=\"1034\" \/>\n\t<meta property=\"og:image:type\" content=\"image\/jpeg\" \/>\n<meta name=\"twitter:card\" content=\"summary_large_image\" \/>\n<meta name=\"twitter:label1\" content=\"Est. reading time\" \/>\n\t<meta name=\"twitter:data1\" content=\"1 minute\" \/>\n<script type=\"application\/ld+json\" class=\"yoast-schema-graph\">{\"@context\":\"https:\\\/\\\/schema.org\",\"@graph\":[{\"@type\":\"WebPage\",\"@id\":\"https:\\\/\\\/wmtbaltic.lv\\\/Produkts\\\/adatas-09-11-12-16-18\\\/\",\"url\":\"https:\\\/\\\/wmtbaltic.lv\\\/Produkts\\\/adatas-09-11-12-16-18\\\/\",\"name\":\"Adatas\u00a0polidispenserim 08\\\/ 09\\\/ 11\\\/ 12\\\/ 16\\\/ 18 - WMT Baltic\",\"isPartOf\":{\"@id\":\"https:\\\/\\\/wmtbaltic.lv\\\/#website\"},\"primaryImageOfPage\":{\"@id\":\"https:\\\/\\\/wmtbaltic.lv\\\/Produkts\\\/adatas-09-11-12-16-18\\\/#primaryimage\"},\"image\":{\"@id\":\"https:\\\/\\\/wmtbaltic.lv\\\/Produkts\\\/adatas-09-11-12-16-18\\\/#primaryimage\"},\"thumbnailUrl\":\"https:\\\/\\\/wmtbaltic.lv\\\/wp-content\\\/uploads\\\/2021\\\/11\\\/igli-1.jpg\",\"datePublished\":\"2021-11-01T09:12:29+00:00\",\"dateModified\":\"2022-05-23T09:52:54+00:00\",\"description\":\"Aksesu\u0101ri darbam ar iek\u0101rt\u0101m, Adatas polidispensiriem 08\\\/09\\\/ 11\\\/ 12\\\/ 16\\\/ 18. P\u0113rkot 50gb. cena l\u0113tak wmtbaltic\",\"breadcrumb\":{\"@id\":\"https:\\\/\\\/wmtbaltic.lv\\\/Produkts\\\/adatas-09-11-12-16-18\\\/#breadcrumb\"},\"inLanguage\":\"en-US\",\"potentialAction\":[{\"@type\":\"ReadAction\",\"target\":[\"https:\\\/\\\/wmtbaltic.lv\\\/Produkts\\\/adatas-09-11-12-16-18\\\/\"]}]},{\"@type\":\"ImageObject\",\"inLanguage\":\"en-US\",\"@id\":\"https:\\\/\\\/wmtbaltic.lv\\\/Produkts\\\/adatas-09-11-12-16-18\\\/#primaryimage\",\"url\":\"https:\\\/\\\/wmtbaltic.lv\\\/wp-content\\\/uploads\\\/2021\\\/11\\\/igli-1.jpg\",\"contentUrl\":\"https:\\\/\\\/wmtbaltic.lv\\\/wp-content\\\/uploads\\\/2021\\\/11\\\/igli-1.jpg\",\"width\":1472,\"height\":1034},{\"@type\":\"BreadcrumbList\",\"@id\":\"https:\\\/\\\/wmtbaltic.lv\\\/Produkts\\\/adatas-09-11-12-16-18\\\/#breadcrumb\",\"itemListElement\":[{\"@type\":\"ListItem\",\"position\":1,\"name\":\"Home\",\"item\":\"https:\\\/\\\/wmtbaltic.lv\\\/en\\\/\"},{\"@type\":\"ListItem\",\"position\":2,\"name\":\"Products\",\"item\":\"https:\\\/\\\/wmtbaltic.lv\\\/en\\\/shop\\\/\"},{\"@type\":\"ListItem\",\"position\":3,\"name\":\"Adatas\u00a0polidispenserim 08\\\/ 09\\\/ 11\\\/ 12\\\/ 16\\\/ 18\"}]},{\"@type\":\"WebSite\",\"@id\":\"https:\\\/\\\/wmtbaltic.lv\\\/#website\",\"url\":\"https:\\\/\\\/wmtbaltic.lv\\\/\",\"name\":\"WMT Baltic\",\"description\":\"Rekl\u0101mas produkti, pl\u0113ves\",\"publisher\":{\"@id\":\"https:\\\/\\\/wmtbaltic.lv\\\/#organization\"},\"potentialAction\":[{\"@type\":\"SearchAction\",\"target\":{\"@type\":\"EntryPoint\",\"urlTemplate\":\"https:\\\/\\\/wmtbaltic.lv\\\/?s={search_term_string}\"},\"query-input\":{\"@type\":\"PropertyValueSpecification\",\"valueRequired\":true,\"valueName\":\"search_term_string\"}}],\"inLanguage\":\"en-US\"},{\"@type\":\"Organization\",\"@id\":\"https:\\\/\\\/wmtbaltic.lv\\\/#organization\",\"name\":\"WMT Baltic\",\"url\":\"https:\\\/\\\/wmtbaltic.lv\\\/\",\"logo\":{\"@type\":\"ImageObject\",\"inLanguage\":\"en-US\",\"@id\":\"https:\\\/\\\/wmtbaltic.lv\\\/#\\\/schema\\\/logo\\\/image\\\/\",\"url\":\"https:\\\/\\\/wmtbaltic.lv\\\/wp-content\\\/uploads\\\/2024\\\/12\\\/wmt-baltic-sia_107142_9_420x180.jpg\",\"contentUrl\":\"https:\\\/\\\/wmtbaltic.lv\\\/wp-content\\\/uploads\\\/2024\\\/12\\\/wmt-baltic-sia_107142_9_420x180.jpg\",\"width\":420,\"height\":180,\"caption\":\"WMT Baltic\"},\"image\":{\"@id\":\"https:\\\/\\\/wmtbaltic.lv\\\/#\\\/schema\\\/logo\\\/image\\\/\"},\"sameAs\":[\"https:\\\/\\\/www.facebook.com\\\/WMT.Baltic.viscom\\\/?locale=lv_LV\",\"https:\\\/\\\/www.instagram.com\\\/viscom_wmt\\\/\"]}]}<\/script>\n<!-- \/ Yoast SEO plugin. -->","yoast_head_json":{"title":"Adatas\u00a0polidispenserim 08\/ 09\/ 11\/ 12\/ 16\/ 18 - WMT Baltic","description":"Aksesu\u0101ri darbam ar iek\u0101rt\u0101m, Adatas polidispensiriem 08\/09\/ 11\/ 12\/ 16\/ 18. P\u0113rkot 50gb. cena l\u0113tak wmtbaltic","robots":{"index":"index","follow":"follow","max-snippet":"max-snippet:-1","max-image-preview":"max-image-preview:large","max-video-preview":"max-video-preview:-1"},"canonical":"https:\/\/wmtbaltic.lv\/Produkts\/adatas-09-11-12-16-18\/","og_locale":"en_US","og_type":"article","og_title":"Adatas\u00a0polidispenserim 08\/ 09\/ 11\/ 12\/ 16\/ 18 - WMT Baltic","og_description":"Aksesu\u0101ri darbam ar iek\u0101rt\u0101m, Adatas polidispensiriem 08\/09\/ 11\/ 12\/ 16\/ 18. P\u0113rkot 50gb. cena l\u0113tak wmtbaltic","og_url":"https:\/\/wmtbaltic.lv\/Produkts\/adatas-09-11-12-16-18\/","og_site_name":"WMT Baltic","article_publisher":"https:\/\/www.facebook.com\/WMT.Baltic.viscom\/?locale=lv_LV","article_modified_time":"2022-05-23T09:52:54+00:00","og_image":[{"width":1472,"height":1034,"url":"http:\/\/wmtbaltic.lv\/wp-content\/uploads\/2021\/11\/igli-1.jpg","type":"image\/jpeg"}],"twitter_card":"summary_large_image","twitter_misc":{"Est. reading time":"1 minute"},"schema":{"@context":"https:\/\/schema.org","@graph":[{"@type":"WebPage","@id":"https:\/\/wmtbaltic.lv\/Produkts\/adatas-09-11-12-16-18\/","url":"https:\/\/wmtbaltic.lv\/Produkts\/adatas-09-11-12-16-18\/","name":"Adatas\u00a0polidispenserim 08\/ 09\/ 11\/ 12\/ 16\/ 18 - WMT Baltic","isPartOf":{"@id":"https:\/\/wmtbaltic.lv\/#website"},"primaryImageOfPage":{"@id":"https:\/\/wmtbaltic.lv\/Produkts\/adatas-09-11-12-16-18\/#primaryimage"},"image":{"@id":"https:\/\/wmtbaltic.lv\/Produkts\/adatas-09-11-12-16-18\/#primaryimage"},"thumbnailUrl":"https:\/\/wmtbaltic.lv\/wp-content\/uploads\/2021\/11\/igli-1.jpg","datePublished":"2021-11-01T09:12:29+00:00","dateModified":"2022-05-23T09:52:54+00:00","description":"Aksesu\u0101ri darbam ar iek\u0101rt\u0101m, Adatas polidispensiriem 08\/09\/ 11\/ 12\/ 16\/ 18. P\u0113rkot 50gb. cena l\u0113tak wmtbaltic","breadcrumb":{"@id":"https:\/\/wmtbaltic.lv\/Produkts\/adatas-09-11-12-16-18\/#breadcrumb"},"inLanguage":"en-US","potentialAction":[{"@type":"ReadAction","target":["https:\/\/wmtbaltic.lv\/Produkts\/adatas-09-11-12-16-18\/"]}]},{"@type":"ImageObject","inLanguage":"en-US","@id":"https:\/\/wmtbaltic.lv\/Produkts\/adatas-09-11-12-16-18\/#primaryimage","url":"https:\/\/wmtbaltic.lv\/wp-content\/uploads\/2021\/11\/igli-1.jpg","contentUrl":"https:\/\/wmtbaltic.lv\/wp-content\/uploads\/2021\/11\/igli-1.jpg","width":1472,"height":1034},{"@type":"BreadcrumbList","@id":"https:\/\/wmtbaltic.lv\/Produkts\/adatas-09-11-12-16-18\/#breadcrumb","itemListElement":[{"@type":"ListItem","position":1,"name":"Home","item":"https:\/\/wmtbaltic.lv\/en\/"},{"@type":"ListItem","position":2,"name":"Products","item":"https:\/\/wmtbaltic.lv\/en\/shop\/"},{"@type":"ListItem","position":3,"name":"Adatas\u00a0polidispenserim 08\/ 09\/ 11\/ 12\/ 16\/ 18"}]},{"@type":"WebSite","@id":"https:\/\/wmtbaltic.lv\/#website","url":"https:\/\/wmtbaltic.lv\/","name":"WMT Baltic","description":"Rekl\u0101mas produkti, pl\u0113ves","publisher":{"@id":"https:\/\/wmtbaltic.lv\/#organization"},"potentialAction":[{"@type":"SearchAction","target":{"@type":"EntryPoint","urlTemplate":"https:\/\/wmtbaltic.lv\/?s={search_term_string}"},"query-input":{"@type":"PropertyValueSpecification","valueRequired":true,"valueName":"search_term_string"}}],"inLanguage":"en-US"},{"@type":"Organization","@id":"https:\/\/wmtbaltic.lv\/#organization","name":"WMT Baltic","url":"https:\/\/wmtbaltic.lv\/","logo":{"@type":"ImageObject","inLanguage":"en-US","@id":"https:\/\/wmtbaltic.lv\/#\/schema\/logo\/image\/","url":"https:\/\/wmtbaltic.lv\/wp-content\/uploads\/2024\/12\/wmt-baltic-sia_107142_9_420x180.jpg","contentUrl":"https:\/\/wmtbaltic.lv\/wp-content\/uploads\/2024\/12\/wmt-baltic-sia_107142_9_420x180.jpg","width":420,"height":180,"caption":"WMT Baltic"},"image":{"@id":"https:\/\/wmtbaltic.lv\/#\/schema\/logo\/image\/"},"sameAs":["https:\/\/www.facebook.com\/WMT.Baltic.viscom\/?locale=lv_LV","https:\/\/www.instagram.com\/viscom_wmt\/"]}]}},"_links":{"self":[{"href":"https:\/\/wmtbaltic.lv\/en\/wp-json\/wp\/v2\/product\/10558","targetHints":{"allow":["GET"]}}],"collection":[{"href":"https:\/\/wmtbaltic.lv\/en\/wp-json\/wp\/v2\/product"}],"about":[{"href":"https:\/\/wmtbaltic.lv\/en\/wp-json\/wp\/v2\/types\/product"}],"replies":[{"embeddable":true,"href":"https:\/\/wmtbaltic.lv\/en\/wp-json\/wp\/v2\/comments?post=10558"}],"wp:featuredmedia":[{"embeddable":true,"href":"https:\/\/wmtbaltic.lv\/en\/wp-json\/wp\/v2\/media\/10802"}],"wp:attachment":[{"href":"https:\/\/wmtbaltic.lv\/en\/wp-json\/wp\/v2\/media?parent=10558"}],"wp:term":[{"taxonomy":"product_brand","embeddable":true,"href":"https:\/\/wmtbaltic.lv\/en\/wp-json\/wp\/v2\/product_brand?post=10558"},{"taxonomy":"product_cat","embeddable":true,"href":"https:\/\/wmtbaltic.lv\/en\/wp-json\/wp\/v2\/product_cat?post=10558"},{"taxonomy":"product_tag","embeddable":true,"href":"https:\/\/wmtbaltic.lv\/en\/wp-json\/wp\/v2\/product_tag?post=10558"}],"curies":[{"name":"wp","href":"https:\/\/api.w.org\/{rel}","templated":true}]}}