{"id":10432,"date":"2021-10-29T10:57:09","date_gmt":"2021-10-29T10:57:09","guid":{"rendered":"https:\/\/wmtbaltic.lv\/?post_type=product&#038;p=10432"},"modified":"2024-01-18T13:20:00","modified_gmt":"2024-01-18T13:20:00","slug":"hu-22-cietinatajs-universalais-1kg","status":"publish","type":"product","link":"https:\/\/wmtbaltic.lv\/en\/product\/hu-22-cietinatajs-universalais-1kg\/","title":{"rendered":"HU-22  Cietin\u0101t\u0101js univers\u0101lais, 1kg"},"content":{"rendered":"<p><strong>* P\u0113rkot 6kg un vairak cena\u00a0 &#8211; 45,74 EUR\/1kg<\/strong><\/p>\n<p><strong>* P\u0113rkot\u00a0 36kg un vairak cena &#8211;\u00a0 35,09 EUR\/1kg<\/strong><\/p>\n<p>Darba mais\u012bjums UZLEX sast\u0101v no diviem komponentiem: poliuret\u0101na sve\u0137iem un cietin\u0101t\u0101ja, kurus nepiecie\u0161ams sajaukt ar vakuuma miksera pal\u012bdz\u012bbu.<\/p>\n<p>PU-22 sve\u0137i tiek sajaukti ar <strong>HU-22 cietin\u0101t\u0101ju<\/strong>\u00a0m\u016bsu rekomend\u0113jam\u0101s proporcij\u0101s.<\/p>\n<p>P\u0113c sajauk\u0161anas str\u0101d\u0101t ar sve\u0137iem var l\u012bdz 30 min\u016bt\u0113m. Saciet\u0113\u0161anas laiks ir 3-4 stundas, ja tiek izmantota kr\u0101sni\u0146a (40\u00b0C) vai 12 stundas bez t\u0101s. Piln\u012bga saciet\u0113\u0161ana 24 stundas p\u0113c sve\u0137u sajauk\u0161anas ar cietin\u0101t\u0101ju. Ja tiek izmantoti termop\u0101rnesei uz tekstilu dom\u0101tie sve\u0137i, tad saciet\u0113\u0161anai j\u0101notiek istabas temperat\u016br\u0101. Tas saist\u012bts ar termop\u0101rneses pl\u0113ves \u012bpa\u0161\u012bb\u0101m.<\/p>\n<p>Lai salietu A4\u00a0\u00a0form\u0101tu (vid\u0113ja lieluma uzl\u012bmes) nepiecie\u0161ams\u00a0 ~50 gr. polim\u0113ra.<\/p>\n<p>UZLEX mais\u012bjumus var uzkl\u0101t gandr\u012bz uz vis\u0101m virsm\u0101m. Visbie\u017e\u0101kais pielietojums \u2013 uzl\u012bmju ra\u017eo\u0161ana, uzraksti, grafikas izmanto\u0161ana rekl\u0101m\u0101, suven\u012bri, juvilierizstr\u0101d\u0101jumi, dizaina un telpu dekor\u0101cij\u0101, iek\u0101rtveido\u0161an\u0101 u c. Sakar\u0101 ar augstu temperat\u016bras iztur\u012bbu, grafiku, izgatavotu uz materi\u0101la termop\u0101rne\u0161anai, var p\u0101rnest ar\u012b uz audumiem.<\/p>\n<iframe loading=\"lazy\"  id=\"_ytid_56842\"  width=\"780\" height=\"439\"  data-origwidth=\"780\" data-origheight=\"439\" src=\"https:\/\/www.youtube.com\/embed\/_eyrzyCfdI8?enablejsapi=1&autoplay=0&cc_load_policy=0&cc_lang_pref=&iv_load_policy=1&loop=0&rel=1&fs=1&playsinline=0&autohide=2&theme=dark&color=red&controls=1&disablekb=0&\" class=\"__youtube_prefs__  no-lazyload\" title=\"YouTube player\"  allow=\"fullscreen; accelerometer; autoplay; clipboard-write; encrypted-media; gyroscope; picture-in-picture; web-share\" referrerpolicy=\"strict-origin-when-cross-origin\" allowfullscreen data-no-lazy=\"1\" data-skipgform_ajax_framebjll=\"\"><\/iframe>\n<p>&nbsp;<\/p>\n<p><a href=\"http:\/\/site-494600.mozfiles.com\/files\/494600\/HU-22_MSDS_EN.pdf\">Tehniskais apraksts<\/a><\/p>\n<p><strong><a href=\"https:\/\/doming.uzlex.eu\/www.dominguzlex.com\/index.html\">Dominga 3D tehnolo\u0123ija<\/a><\/strong><\/p>\n<p>&nbsp;<\/p>\n<p>&nbsp;<\/p>\n","protected":false},"excerpt":{"rendered":"* P\u0113rkot 6kg un vairak cena\u00a0 - 45,74 EUR\/1kg * P\u0113rkot\u00a0 36kg un vairak cena -\u00a0 35,09 EUR\/1kg Darba mais\u012bjums UZLEX sast\u0101v no diviem komponentiem: poliuret\u0101na sve\u0137iem un cietin\u0101t\u0101ja, kurus nepiecie\u0161ams sajaukt ar vakuuma miksera pal\u012bdz\u012bbu. PU-22 sve\u0137i tiek sajaukti ar HU-22 cietin\u0101t\u0101ju\u00a0m\u016bsu rekomend\u0113jam\u0101s proporcij\u0101s. P\u0113c sajauk\u0161anas str\u0101d\u0101t ar sve\u0137iem var l\u012bdz 30 min\u016bt\u0113m. Saciet\u0113\u0161anas [...]","protected":false},"featured_media":10771,"comment_status":"closed","ping_status":"closed","template":"","meta":[],"product_brand":[],"product_cat":[964,261,258],"product_tag":[978,977,379,979,975],"class_list":{"0":"post-10432","1":"product","2":"type-product","3":"status-publish","4":"has-post-thumbnail","6":"product_cat-dominga-polimeri","7":"product_cat-iekartas-3d-polimera-uzlimem","8":"product_cat-iekartas-un-izejmateriali","9":"product_tag-cietinatajs","10":"product_tag-hu22","11":"product_tag-poliuretana","12":"product_tag-suveniri","13":"product_tag-svekis","15":"first","16":"instock","17":"shipping-taxable","18":"purchasable","19":"product-type-simple"},"yoast_head":"<!-- This site is optimized with the Yoast SEO plugin v27.4 - https:\/\/yoast.com\/product\/yoast-seo-wordpress\/ -->\n<title>HU-22 Cietin\u0101t\u0101js univers\u0101lais, 1kg - WMT Baltic<\/title>\n<meta name=\"description\" content=\"Darba mais\u012bjums UZLEX sast\u0101v no diviem komponentiem: poliuret\u0101na sve\u0137iem un cietin\u0101t\u0101ja.UZLEX mais\u012bjumus var uzkl\u0101t gandr\u012bz uz vis\u0101m virsm\u0101m.\" \/>\n<meta name=\"robots\" content=\"index, follow, max-snippet:-1, max-image-preview:large, max-video-preview:-1\" \/>\n<link rel=\"canonical\" href=\"https:\/\/wmtbaltic.lv\/Produkts\/hu-22-cietinatajs-universalais-1kg\/\" \/>\n<meta property=\"og:locale\" content=\"en_US\" \/>\n<meta property=\"og:type\" content=\"article\" \/>\n<meta property=\"og:title\" content=\"HU-22 Cietin\u0101t\u0101js univers\u0101lais, 1kg - WMT Baltic\" \/>\n<meta property=\"og:description\" content=\"Darba mais\u012bjums UZLEX sast\u0101v no diviem komponentiem: poliuret\u0101na sve\u0137iem un cietin\u0101t\u0101ja.UZLEX mais\u012bjumus var uzkl\u0101t gandr\u012bz uz vis\u0101m virsm\u0101m.\" \/>\n<meta property=\"og:url\" content=\"https:\/\/wmtbaltic.lv\/Produkts\/hu-22-cietinatajs-universalais-1kg\/\" \/>\n<meta property=\"og:site_name\" content=\"WMT Baltic\" \/>\n<meta property=\"article:publisher\" content=\"https:\/\/www.facebook.com\/WMT.Baltic.viscom\/?locale=lv_LV\" \/>\n<meta property=\"article:modified_time\" content=\"2024-01-18T13:20:00+00:00\" \/>\n<meta property=\"og:image\" content=\"http:\/\/wmtbaltic.lv\/wp-content\/uploads\/2021\/10\/hu-22-1.jpg\" \/>\n\t<meta property=\"og:image:width\" content=\"1392\" \/>\n\t<meta property=\"og:image:height\" content=\"1577\" \/>\n\t<meta property=\"og:image:type\" content=\"image\/jpeg\" \/>\n<meta name=\"twitter:card\" content=\"summary_large_image\" \/>\n<meta name=\"twitter:label1\" content=\"Est. reading time\" \/>\n\t<meta name=\"twitter:data1\" content=\"1 minute\" \/>\n<script type=\"application\/ld+json\" class=\"yoast-schema-graph\">{\"@context\":\"https:\\\/\\\/schema.org\",\"@graph\":[{\"@type\":\"WebPage\",\"@id\":\"https:\\\/\\\/wmtbaltic.lv\\\/Produkts\\\/hu-22-cietinatajs-universalais-1kg\\\/\",\"url\":\"https:\\\/\\\/wmtbaltic.lv\\\/Produkts\\\/hu-22-cietinatajs-universalais-1kg\\\/\",\"name\":\"HU-22 Cietin\u0101t\u0101js univers\u0101lais, 1kg - WMT Baltic\",\"isPartOf\":{\"@id\":\"https:\\\/\\\/wmtbaltic.lv\\\/#website\"},\"primaryImageOfPage\":{\"@id\":\"https:\\\/\\\/wmtbaltic.lv\\\/Produkts\\\/hu-22-cietinatajs-universalais-1kg\\\/#primaryimage\"},\"image\":{\"@id\":\"https:\\\/\\\/wmtbaltic.lv\\\/Produkts\\\/hu-22-cietinatajs-universalais-1kg\\\/#primaryimage\"},\"thumbnailUrl\":\"https:\\\/\\\/wmtbaltic.lv\\\/wp-content\\\/uploads\\\/2021\\\/10\\\/hu-22-1.jpg\",\"datePublished\":\"2021-10-29T10:57:09+00:00\",\"dateModified\":\"2024-01-18T13:20:00+00:00\",\"description\":\"Darba mais\u012bjums UZLEX sast\u0101v no diviem komponentiem: poliuret\u0101na sve\u0137iem un cietin\u0101t\u0101ja.UZLEX mais\u012bjumus var uzkl\u0101t gandr\u012bz uz vis\u0101m virsm\u0101m.\",\"breadcrumb\":{\"@id\":\"https:\\\/\\\/wmtbaltic.lv\\\/Produkts\\\/hu-22-cietinatajs-universalais-1kg\\\/#breadcrumb\"},\"inLanguage\":\"en-US\",\"potentialAction\":[{\"@type\":\"ReadAction\",\"target\":[\"https:\\\/\\\/wmtbaltic.lv\\\/Produkts\\\/hu-22-cietinatajs-universalais-1kg\\\/\"]}]},{\"@type\":\"ImageObject\",\"inLanguage\":\"en-US\",\"@id\":\"https:\\\/\\\/wmtbaltic.lv\\\/Produkts\\\/hu-22-cietinatajs-universalais-1kg\\\/#primaryimage\",\"url\":\"https:\\\/\\\/wmtbaltic.lv\\\/wp-content\\\/uploads\\\/2021\\\/10\\\/hu-22-1.jpg\",\"contentUrl\":\"https:\\\/\\\/wmtbaltic.lv\\\/wp-content\\\/uploads\\\/2021\\\/10\\\/hu-22-1.jpg\",\"width\":1392,\"height\":1577},{\"@type\":\"BreadcrumbList\",\"@id\":\"https:\\\/\\\/wmtbaltic.lv\\\/Produkts\\\/hu-22-cietinatajs-universalais-1kg\\\/#breadcrumb\",\"itemListElement\":[{\"@type\":\"ListItem\",\"position\":1,\"name\":\"Home\",\"item\":\"https:\\\/\\\/wmtbaltic.lv\\\/en\\\/\"},{\"@type\":\"ListItem\",\"position\":2,\"name\":\"Products\",\"item\":\"https:\\\/\\\/wmtbaltic.lv\\\/en\\\/shop\\\/\"},{\"@type\":\"ListItem\",\"position\":3,\"name\":\"HU-22 Cietin\u0101t\u0101js univers\u0101lais, 1kg\"}]},{\"@type\":\"WebSite\",\"@id\":\"https:\\\/\\\/wmtbaltic.lv\\\/#website\",\"url\":\"https:\\\/\\\/wmtbaltic.lv\\\/\",\"name\":\"WMT Baltic\",\"description\":\"Rekl\u0101mas produkti, pl\u0113ves\",\"publisher\":{\"@id\":\"https:\\\/\\\/wmtbaltic.lv\\\/#organization\"},\"potentialAction\":[{\"@type\":\"SearchAction\",\"target\":{\"@type\":\"EntryPoint\",\"urlTemplate\":\"https:\\\/\\\/wmtbaltic.lv\\\/?s={search_term_string}\"},\"query-input\":{\"@type\":\"PropertyValueSpecification\",\"valueRequired\":true,\"valueName\":\"search_term_string\"}}],\"inLanguage\":\"en-US\"},{\"@type\":\"Organization\",\"@id\":\"https:\\\/\\\/wmtbaltic.lv\\\/#organization\",\"name\":\"WMT Baltic\",\"url\":\"https:\\\/\\\/wmtbaltic.lv\\\/\",\"logo\":{\"@type\":\"ImageObject\",\"inLanguage\":\"en-US\",\"@id\":\"https:\\\/\\\/wmtbaltic.lv\\\/#\\\/schema\\\/logo\\\/image\\\/\",\"url\":\"https:\\\/\\\/wmtbaltic.lv\\\/wp-content\\\/uploads\\\/2024\\\/12\\\/wmt-baltic-sia_107142_9_420x180.jpg\",\"contentUrl\":\"https:\\\/\\\/wmtbaltic.lv\\\/wp-content\\\/uploads\\\/2024\\\/12\\\/wmt-baltic-sia_107142_9_420x180.jpg\",\"width\":420,\"height\":180,\"caption\":\"WMT Baltic\"},\"image\":{\"@id\":\"https:\\\/\\\/wmtbaltic.lv\\\/#\\\/schema\\\/logo\\\/image\\\/\"},\"sameAs\":[\"https:\\\/\\\/www.facebook.com\\\/WMT.Baltic.viscom\\\/?locale=lv_LV\",\"https:\\\/\\\/www.instagram.com\\\/viscom_wmt\\\/\"]}]}<\/script>\n<!-- \/ Yoast SEO plugin. -->","yoast_head_json":{"title":"HU-22 Cietin\u0101t\u0101js univers\u0101lais, 1kg - WMT Baltic","description":"Darba mais\u012bjums UZLEX sast\u0101v no diviem komponentiem: poliuret\u0101na sve\u0137iem un cietin\u0101t\u0101ja.UZLEX mais\u012bjumus var uzkl\u0101t gandr\u012bz uz vis\u0101m virsm\u0101m.","robots":{"index":"index","follow":"follow","max-snippet":"max-snippet:-1","max-image-preview":"max-image-preview:large","max-video-preview":"max-video-preview:-1"},"canonical":"https:\/\/wmtbaltic.lv\/Produkts\/hu-22-cietinatajs-universalais-1kg\/","og_locale":"en_US","og_type":"article","og_title":"HU-22 Cietin\u0101t\u0101js univers\u0101lais, 1kg - WMT Baltic","og_description":"Darba mais\u012bjums UZLEX sast\u0101v no diviem komponentiem: poliuret\u0101na sve\u0137iem un cietin\u0101t\u0101ja.UZLEX mais\u012bjumus var uzkl\u0101t gandr\u012bz uz vis\u0101m virsm\u0101m.","og_url":"https:\/\/wmtbaltic.lv\/Produkts\/hu-22-cietinatajs-universalais-1kg\/","og_site_name":"WMT Baltic","article_publisher":"https:\/\/www.facebook.com\/WMT.Baltic.viscom\/?locale=lv_LV","article_modified_time":"2024-01-18T13:20:00+00:00","og_image":[{"width":1392,"height":1577,"url":"http:\/\/wmtbaltic.lv\/wp-content\/uploads\/2021\/10\/hu-22-1.jpg","type":"image\/jpeg"}],"twitter_card":"summary_large_image","twitter_misc":{"Est. reading time":"1 minute"},"schema":{"@context":"https:\/\/schema.org","@graph":[{"@type":"WebPage","@id":"https:\/\/wmtbaltic.lv\/Produkts\/hu-22-cietinatajs-universalais-1kg\/","url":"https:\/\/wmtbaltic.lv\/Produkts\/hu-22-cietinatajs-universalais-1kg\/","name":"HU-22 Cietin\u0101t\u0101js univers\u0101lais, 1kg - WMT Baltic","isPartOf":{"@id":"https:\/\/wmtbaltic.lv\/#website"},"primaryImageOfPage":{"@id":"https:\/\/wmtbaltic.lv\/Produkts\/hu-22-cietinatajs-universalais-1kg\/#primaryimage"},"image":{"@id":"https:\/\/wmtbaltic.lv\/Produkts\/hu-22-cietinatajs-universalais-1kg\/#primaryimage"},"thumbnailUrl":"https:\/\/wmtbaltic.lv\/wp-content\/uploads\/2021\/10\/hu-22-1.jpg","datePublished":"2021-10-29T10:57:09+00:00","dateModified":"2024-01-18T13:20:00+00:00","description":"Darba mais\u012bjums UZLEX sast\u0101v no diviem komponentiem: poliuret\u0101na sve\u0137iem un cietin\u0101t\u0101ja.UZLEX mais\u012bjumus var uzkl\u0101t gandr\u012bz uz vis\u0101m virsm\u0101m.","breadcrumb":{"@id":"https:\/\/wmtbaltic.lv\/Produkts\/hu-22-cietinatajs-universalais-1kg\/#breadcrumb"},"inLanguage":"en-US","potentialAction":[{"@type":"ReadAction","target":["https:\/\/wmtbaltic.lv\/Produkts\/hu-22-cietinatajs-universalais-1kg\/"]}]},{"@type":"ImageObject","inLanguage":"en-US","@id":"https:\/\/wmtbaltic.lv\/Produkts\/hu-22-cietinatajs-universalais-1kg\/#primaryimage","url":"https:\/\/wmtbaltic.lv\/wp-content\/uploads\/2021\/10\/hu-22-1.jpg","contentUrl":"https:\/\/wmtbaltic.lv\/wp-content\/uploads\/2021\/10\/hu-22-1.jpg","width":1392,"height":1577},{"@type":"BreadcrumbList","@id":"https:\/\/wmtbaltic.lv\/Produkts\/hu-22-cietinatajs-universalais-1kg\/#breadcrumb","itemListElement":[{"@type":"ListItem","position":1,"name":"Home","item":"https:\/\/wmtbaltic.lv\/en\/"},{"@type":"ListItem","position":2,"name":"Products","item":"https:\/\/wmtbaltic.lv\/en\/shop\/"},{"@type":"ListItem","position":3,"name":"HU-22 Cietin\u0101t\u0101js univers\u0101lais, 1kg"}]},{"@type":"WebSite","@id":"https:\/\/wmtbaltic.lv\/#website","url":"https:\/\/wmtbaltic.lv\/","name":"WMT Baltic","description":"Rekl\u0101mas produkti, pl\u0113ves","publisher":{"@id":"https:\/\/wmtbaltic.lv\/#organization"},"potentialAction":[{"@type":"SearchAction","target":{"@type":"EntryPoint","urlTemplate":"https:\/\/wmtbaltic.lv\/?s={search_term_string}"},"query-input":{"@type":"PropertyValueSpecification","valueRequired":true,"valueName":"search_term_string"}}],"inLanguage":"en-US"},{"@type":"Organization","@id":"https:\/\/wmtbaltic.lv\/#organization","name":"WMT Baltic","url":"https:\/\/wmtbaltic.lv\/","logo":{"@type":"ImageObject","inLanguage":"en-US","@id":"https:\/\/wmtbaltic.lv\/#\/schema\/logo\/image\/","url":"https:\/\/wmtbaltic.lv\/wp-content\/uploads\/2024\/12\/wmt-baltic-sia_107142_9_420x180.jpg","contentUrl":"https:\/\/wmtbaltic.lv\/wp-content\/uploads\/2024\/12\/wmt-baltic-sia_107142_9_420x180.jpg","width":420,"height":180,"caption":"WMT Baltic"},"image":{"@id":"https:\/\/wmtbaltic.lv\/#\/schema\/logo\/image\/"},"sameAs":["https:\/\/www.facebook.com\/WMT.Baltic.viscom\/?locale=lv_LV","https:\/\/www.instagram.com\/viscom_wmt\/"]}]}},"_links":{"self":[{"href":"https:\/\/wmtbaltic.lv\/en\/wp-json\/wp\/v2\/product\/10432","targetHints":{"allow":["GET"]}}],"collection":[{"href":"https:\/\/wmtbaltic.lv\/en\/wp-json\/wp\/v2\/product"}],"about":[{"href":"https:\/\/wmtbaltic.lv\/en\/wp-json\/wp\/v2\/types\/product"}],"replies":[{"embeddable":true,"href":"https:\/\/wmtbaltic.lv\/en\/wp-json\/wp\/v2\/comments?post=10432"}],"wp:featuredmedia":[{"embeddable":true,"href":"https:\/\/wmtbaltic.lv\/en\/wp-json\/wp\/v2\/media\/10771"}],"wp:attachment":[{"href":"https:\/\/wmtbaltic.lv\/en\/wp-json\/wp\/v2\/media?parent=10432"}],"wp:term":[{"taxonomy":"product_brand","embeddable":true,"href":"https:\/\/wmtbaltic.lv\/en\/wp-json\/wp\/v2\/product_brand?post=10432"},{"taxonomy":"product_cat","embeddable":true,"href":"https:\/\/wmtbaltic.lv\/en\/wp-json\/wp\/v2\/product_cat?post=10432"},{"taxonomy":"product_tag","embeddable":true,"href":"https:\/\/wmtbaltic.lv\/en\/wp-json\/wp\/v2\/product_tag?post=10432"}],"curies":[{"name":"wp","href":"https:\/\/api.w.org\/{rel}","templated":true}]}}