{"id":10424,"date":"2021-10-29T08:00:40","date_gmt":"2021-10-29T08:00:40","guid":{"rendered":"https:\/\/wmtbaltic.lv\/?post_type=product&#038;p=10424"},"modified":"2021-11-09T09:23:57","modified_gmt":"2021-11-09T09:23:57","slug":"zavesanas-krasns","status":"publish","type":"product","link":"https:\/\/wmtbaltic.lv\/en\/product\/zavesanas-krasns\/","title":{"rendered":"\u017d\u0101v\u0113\u0161anas kr\u0101sns"},"content":{"rendered":"<p><b>Kr\u0101sns \u0101tr\u0101kai polim\u0113ra materi\u0101la no\u017e\u016b\u0161anai<\/b><\/p>\n<ul>\n<li><strong>Pa\u0101trin\u0101ta \u017e\u0101v\u0113\u0161ana.<\/strong><\/li>\n<\/ul>\n<p>\u017d\u0101v\u0113\u0161anas skapis samazina saciet\u0113\u0161anas laiku gandr\u012bz vai divas reizes. Turkl\u0101t papildus straujam ra\u017eo\u0161anas tempam, aizv\u0113rtais skapis \u013caus nov\u0113rst putek\u013cu iek\u013c\u016b\u0161anu uz saciet\u0113jo\u0161\u0101m uzl\u012bm\u0113m un l\u012bdz ar to tas nov\u0113rs\u012bs br\u0101\u0137a iesp\u0113jam\u012bbu.<\/p>\n<ul>\n<li><strong>Liela ietilp\u012bba: 30, A4 form\u0101ti<\/strong><\/li>\n<\/ul>\n<p>Kompaktais un ietilp\u012bgais \u017e\u0101v\u0113\u0161anas skapis, neaiz\u0146em daudz vietas uz darba galda. Uz plat\u012bbas, kas maz\u0101ka par 0.2m2 var izvietot 9.35 reizes vair\u0101k darbu, par cik \u017e\u0101v\u0113\u0161anas skapis ietver sev\u012b 14 met\u0101lisk\u0101s papl\u0101tes, kuru izm\u0113rs ir 430x310mm, kas sast\u0101da 1.87m2 vai 30 form\u0101ta A4.<\/p>\n<ul>\n<li><strong>\u0112rta un dro\u0161a ekspluat\u0101cija<\/strong><\/li>\n<\/ul>\n<p>Izmantojot magn\u0113tisk\u0101s k\u0101ji\u0146as, papl\u0101\u0161u nogludin\u0101\u0161anai, komplekt\u0101 ietilpo\u0161ie \u017e\u0101v\u0113jam\u0101 skapja paliktni, palielina darba produktivit\u0101ti un pasarg\u0101 ra\u017eo\u0161anu no iesp\u0113jam\u0101 br\u0101\u0137a ieg\u016b\u0161anas, nel\u012bdzenas virsmas rezult\u0101t\u0101.<\/p>\n<p><a href=\"http:\/\/site-494600.mozfiles.com\/files\/494600\/Uzlex_Doming_Brochure_EN_Preview.pdf?1492585118\">Tehniskais apraksts<\/a><\/p>\n<iframe loading=\"lazy\"  id=\"_ytid_72246\"  width=\"780\" height=\"439\"  data-origwidth=\"780\" data-origheight=\"439\" src=\"https:\/\/www.youtube.com\/embed\/_eyrzyCfdI8?enablejsapi=1&autoplay=0&cc_load_policy=0&cc_lang_pref=&iv_load_policy=1&loop=0&rel=1&fs=1&playsinline=0&autohide=2&theme=dark&color=red&controls=1&disablekb=0&\" class=\"__youtube_prefs__  no-lazyload\" title=\"YouTube player\"  allow=\"fullscreen; accelerometer; autoplay; clipboard-write; encrypted-media; gyroscope; picture-in-picture; web-share\" referrerpolicy=\"strict-origin-when-cross-origin\" allowfullscreen data-no-lazy=\"1\" data-skipgform_ajax_framebjll=\"\"><\/iframe>\n","protected":false},"excerpt":{"rendered":"Kr\u0101sns \u0101tr\u0101kai polim\u0113ra materi\u0101la no\u017e\u016b\u0161anai Pa\u0101trin\u0101ta \u017e\u0101v\u0113\u0161ana. \u017d\u0101v\u0113\u0161anas skapis samazina saciet\u0113\u0161anas laiku gandr\u012bz vai divas reizes. Turkl\u0101t papildus straujam ra\u017eo\u0161anas tempam, aizv\u0113rtais skapis \u013caus nov\u0113rst putek\u013cu iek\u013c\u016b\u0161anu uz saciet\u0113jo\u0161\u0101m uzl\u012bm\u0113m un l\u012bdz ar to tas nov\u0113rs\u012bs br\u0101\u0137a iesp\u0113jam\u012bbu. Liela ietilp\u012bba: 30, A4 form\u0101ti Kompaktais un ietilp\u012bgais \u017e\u0101v\u0113\u0161anas skapis, neaiz\u0146em daudz vietas uz darba galda. Uz [...]","protected":false},"featured_media":10425,"comment_status":"closed","ping_status":"closed","template":"","meta":[],"product_brand":[],"product_cat":[962,261,258],"product_tag":[965,967,290,973,969,970],"class_list":{"0":"post-10424","1":"product","2":"type-product","3":"status-publish","4":"has-post-thumbnail","6":"product_cat-aprikojums","7":"product_cat-iekartas-3d-polimera-uzlimem","8":"product_cat-iekartas-un-izejmateriali","9":"product_tag-3d","10":"product_tag-doming","11":"product_tag-uzlex","12":"product_tag-uzlimes","13":"product_tag-zavesana","14":"product_tag-zavesanas-krasns","16":"first","17":"instock","18":"shipping-taxable","19":"purchasable","20":"product-type-simple"},"yoast_head":"<!-- This site is optimized with the Yoast SEO plugin v27.4 - https:\/\/yoast.com\/product\/yoast-seo-wordpress\/ -->\n<title>\u017d\u0101v\u0113\u0161anas kr\u0101sns - WMT Baltic<\/title>\n<meta name=\"description\" content=\"Kr\u0101sns \u0101tr\u0101kai polim\u0113ra materi\u0101la no\u017e\u016b\u0161anai \u017d\u0101v\u0113\u0161anas skapis samazina saciet\u0113\u0161anas laiku gandr\u012bz vai divas reizes.\" \/>\n<meta name=\"robots\" content=\"index, follow, max-snippet:-1, max-image-preview:large, max-video-preview:-1\" \/>\n<link rel=\"canonical\" href=\"https:\/\/wmtbaltic.lv\/Produkts\/zavesanas-krasns\/\" \/>\n<meta property=\"og:locale\" content=\"en_US\" \/>\n<meta property=\"og:type\" content=\"article\" \/>\n<meta property=\"og:title\" content=\"\u017d\u0101v\u0113\u0161anas kr\u0101sns - WMT Baltic\" \/>\n<meta property=\"og:description\" content=\"Kr\u0101sns \u0101tr\u0101kai polim\u0113ra materi\u0101la no\u017e\u016b\u0161anai \u017d\u0101v\u0113\u0161anas skapis samazina saciet\u0113\u0161anas laiku gandr\u012bz vai divas reizes.\" \/>\n<meta property=\"og:url\" content=\"https:\/\/wmtbaltic.lv\/Produkts\/zavesanas-krasns\/\" \/>\n<meta property=\"og:site_name\" content=\"WMT Baltic\" \/>\n<meta property=\"article:publisher\" content=\"https:\/\/www.facebook.com\/WMT.Baltic.viscom\/?locale=lv_LV\" \/>\n<meta property=\"article:modified_time\" content=\"2021-11-09T09:23:57+00:00\" \/>\n<meta property=\"og:image\" content=\"https:\/\/wmtbaltic.lv\/wp-content\/uploads\/2021\/10\/oven.jpg\" \/>\n\t<meta property=\"og:image:width\" content=\"200\" \/>\n\t<meta property=\"og:image:height\" content=\"200\" \/>\n\t<meta property=\"og:image:type\" content=\"image\/jpeg\" \/>\n<meta name=\"twitter:card\" content=\"summary_large_image\" \/>\n<meta name=\"twitter:label1\" content=\"Est. reading time\" \/>\n\t<meta name=\"twitter:data1\" content=\"1 minute\" \/>\n<script type=\"application\/ld+json\" class=\"yoast-schema-graph\">{\"@context\":\"https:\\\/\\\/schema.org\",\"@graph\":[{\"@type\":\"WebPage\",\"@id\":\"https:\\\/\\\/wmtbaltic.lv\\\/Produkts\\\/zavesanas-krasns\\\/\",\"url\":\"https:\\\/\\\/wmtbaltic.lv\\\/Produkts\\\/zavesanas-krasns\\\/\",\"name\":\"\u017d\u0101v\u0113\u0161anas kr\u0101sns - WMT Baltic\",\"isPartOf\":{\"@id\":\"https:\\\/\\\/wmtbaltic.lv\\\/#website\"},\"primaryImageOfPage\":{\"@id\":\"https:\\\/\\\/wmtbaltic.lv\\\/Produkts\\\/zavesanas-krasns\\\/#primaryimage\"},\"image\":{\"@id\":\"https:\\\/\\\/wmtbaltic.lv\\\/Produkts\\\/zavesanas-krasns\\\/#primaryimage\"},\"thumbnailUrl\":\"https:\\\/\\\/wmtbaltic.lv\\\/wp-content\\\/uploads\\\/2021\\\/10\\\/oven.jpg\",\"datePublished\":\"2021-10-29T08:00:40+00:00\",\"dateModified\":\"2021-11-09T09:23:57+00:00\",\"description\":\"Kr\u0101sns \u0101tr\u0101kai polim\u0113ra materi\u0101la no\u017e\u016b\u0161anai \u017d\u0101v\u0113\u0161anas skapis samazina saciet\u0113\u0161anas laiku gandr\u012bz vai divas reizes.\",\"breadcrumb\":{\"@id\":\"https:\\\/\\\/wmtbaltic.lv\\\/Produkts\\\/zavesanas-krasns\\\/#breadcrumb\"},\"inLanguage\":\"en-US\",\"potentialAction\":[{\"@type\":\"ReadAction\",\"target\":[\"https:\\\/\\\/wmtbaltic.lv\\\/Produkts\\\/zavesanas-krasns\\\/\"]}]},{\"@type\":\"ImageObject\",\"inLanguage\":\"en-US\",\"@id\":\"https:\\\/\\\/wmtbaltic.lv\\\/Produkts\\\/zavesanas-krasns\\\/#primaryimage\",\"url\":\"https:\\\/\\\/wmtbaltic.lv\\\/wp-content\\\/uploads\\\/2021\\\/10\\\/oven.jpg\",\"contentUrl\":\"https:\\\/\\\/wmtbaltic.lv\\\/wp-content\\\/uploads\\\/2021\\\/10\\\/oven.jpg\",\"width\":200,\"height\":200},{\"@type\":\"BreadcrumbList\",\"@id\":\"https:\\\/\\\/wmtbaltic.lv\\\/Produkts\\\/zavesanas-krasns\\\/#breadcrumb\",\"itemListElement\":[{\"@type\":\"ListItem\",\"position\":1,\"name\":\"Home\",\"item\":\"https:\\\/\\\/wmtbaltic.lv\\\/en\\\/\"},{\"@type\":\"ListItem\",\"position\":2,\"name\":\"Products\",\"item\":\"https:\\\/\\\/wmtbaltic.lv\\\/en\\\/shop\\\/\"},{\"@type\":\"ListItem\",\"position\":3,\"name\":\"\u017d\u0101v\u0113\u0161anas kr\u0101sns\"}]},{\"@type\":\"WebSite\",\"@id\":\"https:\\\/\\\/wmtbaltic.lv\\\/#website\",\"url\":\"https:\\\/\\\/wmtbaltic.lv\\\/\",\"name\":\"WMT Baltic\",\"description\":\"Rekl\u0101mas produkti, pl\u0113ves\",\"publisher\":{\"@id\":\"https:\\\/\\\/wmtbaltic.lv\\\/#organization\"},\"potentialAction\":[{\"@type\":\"SearchAction\",\"target\":{\"@type\":\"EntryPoint\",\"urlTemplate\":\"https:\\\/\\\/wmtbaltic.lv\\\/?s={search_term_string}\"},\"query-input\":{\"@type\":\"PropertyValueSpecification\",\"valueRequired\":true,\"valueName\":\"search_term_string\"}}],\"inLanguage\":\"en-US\"},{\"@type\":\"Organization\",\"@id\":\"https:\\\/\\\/wmtbaltic.lv\\\/#organization\",\"name\":\"WMT Baltic\",\"url\":\"https:\\\/\\\/wmtbaltic.lv\\\/\",\"logo\":{\"@type\":\"ImageObject\",\"inLanguage\":\"en-US\",\"@id\":\"https:\\\/\\\/wmtbaltic.lv\\\/#\\\/schema\\\/logo\\\/image\\\/\",\"url\":\"https:\\\/\\\/wmtbaltic.lv\\\/wp-content\\\/uploads\\\/2024\\\/12\\\/wmt-baltic-sia_107142_9_420x180.jpg\",\"contentUrl\":\"https:\\\/\\\/wmtbaltic.lv\\\/wp-content\\\/uploads\\\/2024\\\/12\\\/wmt-baltic-sia_107142_9_420x180.jpg\",\"width\":420,\"height\":180,\"caption\":\"WMT Baltic\"},\"image\":{\"@id\":\"https:\\\/\\\/wmtbaltic.lv\\\/#\\\/schema\\\/logo\\\/image\\\/\"},\"sameAs\":[\"https:\\\/\\\/www.facebook.com\\\/WMT.Baltic.viscom\\\/?locale=lv_LV\",\"https:\\\/\\\/www.instagram.com\\\/viscom_wmt\\\/\"]}]}<\/script>\n<!-- \/ Yoast SEO plugin. -->","yoast_head_json":{"title":"\u017d\u0101v\u0113\u0161anas kr\u0101sns - WMT Baltic","description":"Kr\u0101sns \u0101tr\u0101kai polim\u0113ra materi\u0101la no\u017e\u016b\u0161anai \u017d\u0101v\u0113\u0161anas skapis samazina saciet\u0113\u0161anas laiku gandr\u012bz vai divas reizes.","robots":{"index":"index","follow":"follow","max-snippet":"max-snippet:-1","max-image-preview":"max-image-preview:large","max-video-preview":"max-video-preview:-1"},"canonical":"https:\/\/wmtbaltic.lv\/Produkts\/zavesanas-krasns\/","og_locale":"en_US","og_type":"article","og_title":"\u017d\u0101v\u0113\u0161anas kr\u0101sns - WMT Baltic","og_description":"Kr\u0101sns \u0101tr\u0101kai polim\u0113ra materi\u0101la no\u017e\u016b\u0161anai \u017d\u0101v\u0113\u0161anas skapis samazina saciet\u0113\u0161anas laiku gandr\u012bz vai divas reizes.","og_url":"https:\/\/wmtbaltic.lv\/Produkts\/zavesanas-krasns\/","og_site_name":"WMT Baltic","article_publisher":"https:\/\/www.facebook.com\/WMT.Baltic.viscom\/?locale=lv_LV","article_modified_time":"2021-11-09T09:23:57+00:00","og_image":[{"width":200,"height":200,"url":"https:\/\/wmtbaltic.lv\/wp-content\/uploads\/2021\/10\/oven.jpg","type":"image\/jpeg"}],"twitter_card":"summary_large_image","twitter_misc":{"Est. reading time":"1 minute"},"schema":{"@context":"https:\/\/schema.org","@graph":[{"@type":"WebPage","@id":"https:\/\/wmtbaltic.lv\/Produkts\/zavesanas-krasns\/","url":"https:\/\/wmtbaltic.lv\/Produkts\/zavesanas-krasns\/","name":"\u017d\u0101v\u0113\u0161anas kr\u0101sns - WMT Baltic","isPartOf":{"@id":"https:\/\/wmtbaltic.lv\/#website"},"primaryImageOfPage":{"@id":"https:\/\/wmtbaltic.lv\/Produkts\/zavesanas-krasns\/#primaryimage"},"image":{"@id":"https:\/\/wmtbaltic.lv\/Produkts\/zavesanas-krasns\/#primaryimage"},"thumbnailUrl":"https:\/\/wmtbaltic.lv\/wp-content\/uploads\/2021\/10\/oven.jpg","datePublished":"2021-10-29T08:00:40+00:00","dateModified":"2021-11-09T09:23:57+00:00","description":"Kr\u0101sns \u0101tr\u0101kai polim\u0113ra materi\u0101la no\u017e\u016b\u0161anai \u017d\u0101v\u0113\u0161anas skapis samazina saciet\u0113\u0161anas laiku gandr\u012bz vai divas reizes.","breadcrumb":{"@id":"https:\/\/wmtbaltic.lv\/Produkts\/zavesanas-krasns\/#breadcrumb"},"inLanguage":"en-US","potentialAction":[{"@type":"ReadAction","target":["https:\/\/wmtbaltic.lv\/Produkts\/zavesanas-krasns\/"]}]},{"@type":"ImageObject","inLanguage":"en-US","@id":"https:\/\/wmtbaltic.lv\/Produkts\/zavesanas-krasns\/#primaryimage","url":"https:\/\/wmtbaltic.lv\/wp-content\/uploads\/2021\/10\/oven.jpg","contentUrl":"https:\/\/wmtbaltic.lv\/wp-content\/uploads\/2021\/10\/oven.jpg","width":200,"height":200},{"@type":"BreadcrumbList","@id":"https:\/\/wmtbaltic.lv\/Produkts\/zavesanas-krasns\/#breadcrumb","itemListElement":[{"@type":"ListItem","position":1,"name":"Home","item":"https:\/\/wmtbaltic.lv\/en\/"},{"@type":"ListItem","position":2,"name":"Products","item":"https:\/\/wmtbaltic.lv\/en\/shop\/"},{"@type":"ListItem","position":3,"name":"\u017d\u0101v\u0113\u0161anas kr\u0101sns"}]},{"@type":"WebSite","@id":"https:\/\/wmtbaltic.lv\/#website","url":"https:\/\/wmtbaltic.lv\/","name":"WMT Baltic","description":"Rekl\u0101mas produkti, pl\u0113ves","publisher":{"@id":"https:\/\/wmtbaltic.lv\/#organization"},"potentialAction":[{"@type":"SearchAction","target":{"@type":"EntryPoint","urlTemplate":"https:\/\/wmtbaltic.lv\/?s={search_term_string}"},"query-input":{"@type":"PropertyValueSpecification","valueRequired":true,"valueName":"search_term_string"}}],"inLanguage":"en-US"},{"@type":"Organization","@id":"https:\/\/wmtbaltic.lv\/#organization","name":"WMT Baltic","url":"https:\/\/wmtbaltic.lv\/","logo":{"@type":"ImageObject","inLanguage":"en-US","@id":"https:\/\/wmtbaltic.lv\/#\/schema\/logo\/image\/","url":"https:\/\/wmtbaltic.lv\/wp-content\/uploads\/2024\/12\/wmt-baltic-sia_107142_9_420x180.jpg","contentUrl":"https:\/\/wmtbaltic.lv\/wp-content\/uploads\/2024\/12\/wmt-baltic-sia_107142_9_420x180.jpg","width":420,"height":180,"caption":"WMT Baltic"},"image":{"@id":"https:\/\/wmtbaltic.lv\/#\/schema\/logo\/image\/"},"sameAs":["https:\/\/www.facebook.com\/WMT.Baltic.viscom\/?locale=lv_LV","https:\/\/www.instagram.com\/viscom_wmt\/"]}]}},"_links":{"self":[{"href":"https:\/\/wmtbaltic.lv\/en\/wp-json\/wp\/v2\/product\/10424","targetHints":{"allow":["GET"]}}],"collection":[{"href":"https:\/\/wmtbaltic.lv\/en\/wp-json\/wp\/v2\/product"}],"about":[{"href":"https:\/\/wmtbaltic.lv\/en\/wp-json\/wp\/v2\/types\/product"}],"replies":[{"embeddable":true,"href":"https:\/\/wmtbaltic.lv\/en\/wp-json\/wp\/v2\/comments?post=10424"}],"wp:featuredmedia":[{"embeddable":true,"href":"https:\/\/wmtbaltic.lv\/en\/wp-json\/wp\/v2\/media\/10425"}],"wp:attachment":[{"href":"https:\/\/wmtbaltic.lv\/en\/wp-json\/wp\/v2\/media?parent=10424"}],"wp:term":[{"taxonomy":"product_brand","embeddable":true,"href":"https:\/\/wmtbaltic.lv\/en\/wp-json\/wp\/v2\/product_brand?post=10424"},{"taxonomy":"product_cat","embeddable":true,"href":"https:\/\/wmtbaltic.lv\/en\/wp-json\/wp\/v2\/product_cat?post=10424"},{"taxonomy":"product_tag","embeddable":true,"href":"https:\/\/wmtbaltic.lv\/en\/wp-json\/wp\/v2\/product_tag?post=10424"}],"curies":[{"name":"wp","href":"https:\/\/api.w.org\/{rel}","templated":true}]}}