{"id":10418,"date":"2021-10-29T07:54:46","date_gmt":"2021-10-29T07:54:46","guid":{"rendered":"https:\/\/wmtbaltic.lv\/?post_type=product&#038;p=10418"},"modified":"2021-11-09T09:18:50","modified_gmt":"2021-11-09T09:18:50","slug":"mikseris-polimeriem-uzlex","status":"publish","type":"product","link":"https:\/\/wmtbaltic.lv\/en\/product\/mikseris-polimeriem-uzlex\/","title":{"rendered":"Mikseris polim\u0113riem UZLEX"},"content":{"rendered":"<p><strong>Sajauk\u0161ana bez gaisa<\/strong><\/p>\n<p>Lai izveidotu pareizu divkomponentu sve\u0137u mais\u012bjumu, nepiecie\u0161ams bezgaiss un kvalitat\u012bva sajauk\u0161ana. To visu nodro\u0161ina vakuuma mikseris. Poliuret\u0101na sve\u0137u sajauk\u0161ana vakuum\u0101 ne tikai nodro\u0161ina pareizu \u0137\u012bmisko reakciju procesu, bet ar\u012b nov\u0113r\u0161 gaisa burbul\u012b\u0161u nok\u013c\u016b\u0161anu ieg\u016bt\u0101j\u0101 mais\u012bjum\u0101 \u2013 galvenais apjom\u012bgo l\u012bmlen\u0161u un uzrakstu ienaidnieks. Tas ir \u013coti vienk\u0101r\u0161i \u2013 iesl\u0113gt vakuumu, p\u0113c tam pagriezt rokturi un mikseris s\u0101ks vienlaic\u012bgi darboties un veidot vakuumu.<\/p>\n<p><b><span lang=\"LV\">Viegla t\u012br\u012b\u0161ana<\/span><\/b><\/p>\n<p>K\u0101 polidispenserim, t\u0101 ar\u012b vakuuma miskerim nav nepiecie\u0161ama speci\u0101la un sare\u017e\u0123\u012bta t\u012br\u012b\u0161ana. Sajaucamais \u0161\u0137idrums atrodas vienreiz\u0113j\u0101 konteiner\u012b, vien\u012bgais miksera saskarmes elements \u2013 l\u0101psti\u0146a mais\u012b\u0161anai \u2013 to nepiecie\u0161ams noslauc\u012bt ar salveti, uzreiz p\u0113c procesa beig\u0101m un apar\u0101ts atkal ir gatavs darbam.<\/p>\n<p><strong>Komplekt\u0101 ietilpst:<\/strong>\u00a0 \u0100r\u0113jais konteineris mikserim AM-18 ,V\u0101ks ar l\u0101psti\u0146u jauk\u0161anai AM-15, Bl\u012bvgumija konteinerim AM-15,\u00a0 Bl\u012bvgumija konteinerim AM-20<\/p>\n<p><a href=\"http:\/\/site-494600.mozfiles.com\/files\/494600\/Uzlex_Doming_Brochure_EN_Preview.pdf?1492585118\">Tehniskais apraksts<\/a><\/p>\n<p><iframe loading=\"lazy\"  id=\"_ytid_73964\"  width=\"780\" height=\"439\"  data-origwidth=\"780\" data-origheight=\"439\" src=\"https:\/\/www.youtube.com\/embed\/_eyrzyCfdI8?enablejsapi=1&#038;autoplay=0&#038;cc_load_policy=0&#038;cc_lang_pref=&#038;iv_load_policy=1&#038;loop=0&#038;rel=1&#038;fs=1&#038;playsinline=0&#038;autohide=2&#038;theme=dark&#038;color=red&#038;controls=1&#038;disablekb=0&#038;\" class=\"__youtube_prefs__  epyt-is-override  no-lazyload\" title=\"YouTube player\"  allow=\"fullscreen; accelerometer; autoplay; clipboard-write; encrypted-media; gyroscope; picture-in-picture; web-share\" referrerpolicy=\"strict-origin-when-cross-origin\" allowfullscreen data-no-lazy=\"1\" data-skipgform_ajax_framebjll=\"\"><\/iframe><\/p>\n","protected":false},"excerpt":{"rendered":"Sajauk\u0161ana bez gaisa Lai izveidotu pareizu divkomponentu sve\u0137u mais\u012bjumu, nepiecie\u0161ams bezgaiss un kvalitat\u012bva sajauk\u0161ana. To visu nodro\u0161ina vakuuma mikseris. Poliuret\u0101na sve\u0137u sajauk\u0161ana vakuum\u0101 ne tikai nodro\u0161ina pareizu \u0137\u012bmisko reakciju procesu, bet ar\u012b nov\u0113r\u0161 gaisa burbul\u012b\u0161u nok\u013c\u016b\u0161anu ieg\u016bt\u0101j\u0101 mais\u012bjum\u0101 \u2013 galvenais apjom\u012bgo l\u012bmlen\u0161u un uzrakstu ienaidnieks. Tas ir \u013coti vienk\u0101r\u0161i \u2013 iesl\u0113gt vakuumu, p\u0113c tam pagriezt [...]","protected":false},"featured_media":10421,"template":"","meta":[],"product_brand":[],"product_cat":[962,261,258],"product_tag":[965,967,968,966,290],"class_list":{"0":"post-10418","1":"product","2":"type-product","3":"status-publish","4":"has-post-thumbnail","6":"product_cat-aprikojums","7":"product_cat-iekartas-3d-polimera-uzlimem","8":"product_cat-iekartas-un-izejmateriali","9":"product_tag-3d","10":"product_tag-doming","11":"product_tag-mikseris","12":"product_tag-polimers","13":"product_tag-uzlex","15":"first","16":"instock","17":"shipping-taxable","18":"purchasable","19":"product-type-simple"},"yoast_head":"<!-- This site is optimized with the Yoast SEO plugin v27.4 - https:\/\/yoast.com\/product\/yoast-seo-wordpress\/ -->\n<title>Mikseris polim\u0113riem UZLEX - WMT Baltic<\/title>\n<meta name=\"description\" content=\"Vakuuma polim\u0113ra mikseris UZLEX nodro\u0161ina pareizu \u0137\u012bmisko reakciju procesu,nov\u0113r\u0161 gaisa burbul\u012b\u0161u nok\u013c\u016b\u0161anu ieg\u016bt\u0101j\u0101 mais\u012bjum\u0101.\" \/>\n<meta name=\"robots\" content=\"index, follow, max-snippet:-1, max-image-preview:large, max-video-preview:-1\" \/>\n<link rel=\"canonical\" href=\"https:\/\/wmtbaltic.lv\/Produkts\/mikseris-polimeriem-uzlex\/\" \/>\n<meta property=\"og:locale\" content=\"en_US\" \/>\n<meta property=\"og:type\" content=\"article\" \/>\n<meta property=\"og:title\" content=\"Mikseris polim\u0113riem UZLEX - WMT Baltic\" \/>\n<meta property=\"og:description\" content=\"Vakuuma polim\u0113ra mikseris UZLEX nodro\u0161ina pareizu \u0137\u012bmisko reakciju procesu,nov\u0113r\u0161 gaisa burbul\u012b\u0161u nok\u013c\u016b\u0161anu ieg\u016bt\u0101j\u0101 mais\u012bjum\u0101.\" \/>\n<meta property=\"og:url\" content=\"https:\/\/wmtbaltic.lv\/Produkts\/mikseris-polimeriem-uzlex\/\" \/>\n<meta property=\"og:site_name\" content=\"WMT Baltic\" \/>\n<meta property=\"article:publisher\" content=\"https:\/\/www.facebook.com\/WMT.Baltic.viscom\/?locale=lv_LV\" \/>\n<meta property=\"article:modified_time\" content=\"2021-11-09T09:18:50+00:00\" \/>\n<meta property=\"og:image\" content=\"https:\/\/wmtbaltic.lv\/wp-content\/uploads\/2021\/10\/pic-1.jpg\" \/>\n\t<meta property=\"og:image:width\" content=\"566\" \/>\n\t<meta property=\"og:image:height\" content=\"450\" \/>\n\t<meta property=\"og:image:type\" content=\"image\/jpeg\" \/>\n<meta name=\"twitter:card\" content=\"summary_large_image\" \/>\n<meta name=\"twitter:label1\" content=\"Est. reading time\" \/>\n\t<meta name=\"twitter:data1\" content=\"1 minute\" \/>\n<script type=\"application\/ld+json\" class=\"yoast-schema-graph\">{\"@context\":\"https:\\\/\\\/schema.org\",\"@graph\":[{\"@type\":\"WebPage\",\"@id\":\"https:\\\/\\\/wmtbaltic.lv\\\/Produkts\\\/mikseris-polimeriem-uzlex\\\/\",\"url\":\"https:\\\/\\\/wmtbaltic.lv\\\/Produkts\\\/mikseris-polimeriem-uzlex\\\/\",\"name\":\"Mikseris polim\u0113riem UZLEX - WMT Baltic\",\"isPartOf\":{\"@id\":\"https:\\\/\\\/wmtbaltic.lv\\\/#website\"},\"primaryImageOfPage\":{\"@id\":\"https:\\\/\\\/wmtbaltic.lv\\\/Produkts\\\/mikseris-polimeriem-uzlex\\\/#primaryimage\"},\"image\":{\"@id\":\"https:\\\/\\\/wmtbaltic.lv\\\/Produkts\\\/mikseris-polimeriem-uzlex\\\/#primaryimage\"},\"thumbnailUrl\":\"https:\\\/\\\/wmtbaltic.lv\\\/wp-content\\\/uploads\\\/2021\\\/10\\\/pic-1.jpg\",\"datePublished\":\"2021-10-29T07:54:46+00:00\",\"dateModified\":\"2021-11-09T09:18:50+00:00\",\"description\":\"Vakuuma polim\u0113ra mikseris UZLEX nodro\u0161ina pareizu \u0137\u012bmisko reakciju procesu,nov\u0113r\u0161 gaisa burbul\u012b\u0161u nok\u013c\u016b\u0161anu ieg\u016bt\u0101j\u0101 mais\u012bjum\u0101.\",\"breadcrumb\":{\"@id\":\"https:\\\/\\\/wmtbaltic.lv\\\/Produkts\\\/mikseris-polimeriem-uzlex\\\/#breadcrumb\"},\"inLanguage\":\"en-US\",\"potentialAction\":[{\"@type\":\"ReadAction\",\"target\":[\"https:\\\/\\\/wmtbaltic.lv\\\/Produkts\\\/mikseris-polimeriem-uzlex\\\/\"]}]},{\"@type\":\"ImageObject\",\"inLanguage\":\"en-US\",\"@id\":\"https:\\\/\\\/wmtbaltic.lv\\\/Produkts\\\/mikseris-polimeriem-uzlex\\\/#primaryimage\",\"url\":\"https:\\\/\\\/wmtbaltic.lv\\\/wp-content\\\/uploads\\\/2021\\\/10\\\/pic-1.jpg\",\"contentUrl\":\"https:\\\/\\\/wmtbaltic.lv\\\/wp-content\\\/uploads\\\/2021\\\/10\\\/pic-1.jpg\",\"width\":566,\"height\":450},{\"@type\":\"BreadcrumbList\",\"@id\":\"https:\\\/\\\/wmtbaltic.lv\\\/Produkts\\\/mikseris-polimeriem-uzlex\\\/#breadcrumb\",\"itemListElement\":[{\"@type\":\"ListItem\",\"position\":1,\"name\":\"Home\",\"item\":\"https:\\\/\\\/wmtbaltic.lv\\\/en\\\/\"},{\"@type\":\"ListItem\",\"position\":2,\"name\":\"Shop\",\"item\":\"https:\\\/\\\/wmtbaltic.lv\\\/shop\\\/\"},{\"@type\":\"ListItem\",\"position\":3,\"name\":\"Mikseris polim\u0113riem UZLEX\"}]},{\"@type\":\"WebSite\",\"@id\":\"https:\\\/\\\/wmtbaltic.lv\\\/#website\",\"url\":\"https:\\\/\\\/wmtbaltic.lv\\\/\",\"name\":\"WMT Baltic\",\"description\":\"Rekl\u0101mas produkti, pl\u0113ves\",\"publisher\":{\"@id\":\"https:\\\/\\\/wmtbaltic.lv\\\/#organization\"},\"potentialAction\":[{\"@type\":\"SearchAction\",\"target\":{\"@type\":\"EntryPoint\",\"urlTemplate\":\"https:\\\/\\\/wmtbaltic.lv\\\/?s={search_term_string}\"},\"query-input\":{\"@type\":\"PropertyValueSpecification\",\"valueRequired\":true,\"valueName\":\"search_term_string\"}}],\"inLanguage\":\"en-US\"},{\"@type\":\"Organization\",\"@id\":\"https:\\\/\\\/wmtbaltic.lv\\\/#organization\",\"name\":\"WMT Baltic\",\"url\":\"https:\\\/\\\/wmtbaltic.lv\\\/\",\"logo\":{\"@type\":\"ImageObject\",\"inLanguage\":\"en-US\",\"@id\":\"https:\\\/\\\/wmtbaltic.lv\\\/#\\\/schema\\\/logo\\\/image\\\/\",\"url\":\"https:\\\/\\\/wmtbaltic.lv\\\/wp-content\\\/uploads\\\/2024\\\/12\\\/wmt-baltic-sia_107142_9_420x180.jpg\",\"contentUrl\":\"https:\\\/\\\/wmtbaltic.lv\\\/wp-content\\\/uploads\\\/2024\\\/12\\\/wmt-baltic-sia_107142_9_420x180.jpg\",\"width\":420,\"height\":180,\"caption\":\"WMT Baltic\"},\"image\":{\"@id\":\"https:\\\/\\\/wmtbaltic.lv\\\/#\\\/schema\\\/logo\\\/image\\\/\"},\"sameAs\":[\"https:\\\/\\\/www.facebook.com\\\/WMT.Baltic.viscom\\\/?locale=lv_LV\",\"https:\\\/\\\/www.instagram.com\\\/viscom_wmt\\\/\"]}]}<\/script>\n<!-- \/ Yoast SEO plugin. -->","yoast_head_json":{"title":"Mikseris polim\u0113riem UZLEX - WMT Baltic","description":"Vakuuma polim\u0113ra mikseris UZLEX nodro\u0161ina pareizu \u0137\u012bmisko reakciju procesu,nov\u0113r\u0161 gaisa burbul\u012b\u0161u nok\u013c\u016b\u0161anu ieg\u016bt\u0101j\u0101 mais\u012bjum\u0101.","robots":{"index":"index","follow":"follow","max-snippet":"max-snippet:-1","max-image-preview":"max-image-preview:large","max-video-preview":"max-video-preview:-1"},"canonical":"https:\/\/wmtbaltic.lv\/Produkts\/mikseris-polimeriem-uzlex\/","og_locale":"en_US","og_type":"article","og_title":"Mikseris polim\u0113riem UZLEX - WMT Baltic","og_description":"Vakuuma polim\u0113ra mikseris UZLEX nodro\u0161ina pareizu \u0137\u012bmisko reakciju procesu,nov\u0113r\u0161 gaisa burbul\u012b\u0161u nok\u013c\u016b\u0161anu ieg\u016bt\u0101j\u0101 mais\u012bjum\u0101.","og_url":"https:\/\/wmtbaltic.lv\/Produkts\/mikseris-polimeriem-uzlex\/","og_site_name":"WMT Baltic","article_publisher":"https:\/\/www.facebook.com\/WMT.Baltic.viscom\/?locale=lv_LV","article_modified_time":"2021-11-09T09:18:50+00:00","og_image":[{"width":566,"height":450,"url":"https:\/\/wmtbaltic.lv\/wp-content\/uploads\/2021\/10\/pic-1.jpg","type":"image\/jpeg"}],"twitter_card":"summary_large_image","twitter_misc":{"Est. reading time":"1 minute"},"schema":{"@context":"https:\/\/schema.org","@graph":[{"@type":"WebPage","@id":"https:\/\/wmtbaltic.lv\/Produkts\/mikseris-polimeriem-uzlex\/","url":"https:\/\/wmtbaltic.lv\/Produkts\/mikseris-polimeriem-uzlex\/","name":"Mikseris polim\u0113riem UZLEX - WMT Baltic","isPartOf":{"@id":"https:\/\/wmtbaltic.lv\/#website"},"primaryImageOfPage":{"@id":"https:\/\/wmtbaltic.lv\/Produkts\/mikseris-polimeriem-uzlex\/#primaryimage"},"image":{"@id":"https:\/\/wmtbaltic.lv\/Produkts\/mikseris-polimeriem-uzlex\/#primaryimage"},"thumbnailUrl":"https:\/\/wmtbaltic.lv\/wp-content\/uploads\/2021\/10\/pic-1.jpg","datePublished":"2021-10-29T07:54:46+00:00","dateModified":"2021-11-09T09:18:50+00:00","description":"Vakuuma polim\u0113ra mikseris UZLEX nodro\u0161ina pareizu \u0137\u012bmisko reakciju procesu,nov\u0113r\u0161 gaisa burbul\u012b\u0161u nok\u013c\u016b\u0161anu ieg\u016bt\u0101j\u0101 mais\u012bjum\u0101.","breadcrumb":{"@id":"https:\/\/wmtbaltic.lv\/Produkts\/mikseris-polimeriem-uzlex\/#breadcrumb"},"inLanguage":"en-US","potentialAction":[{"@type":"ReadAction","target":["https:\/\/wmtbaltic.lv\/Produkts\/mikseris-polimeriem-uzlex\/"]}]},{"@type":"ImageObject","inLanguage":"en-US","@id":"https:\/\/wmtbaltic.lv\/Produkts\/mikseris-polimeriem-uzlex\/#primaryimage","url":"https:\/\/wmtbaltic.lv\/wp-content\/uploads\/2021\/10\/pic-1.jpg","contentUrl":"https:\/\/wmtbaltic.lv\/wp-content\/uploads\/2021\/10\/pic-1.jpg","width":566,"height":450},{"@type":"BreadcrumbList","@id":"https:\/\/wmtbaltic.lv\/Produkts\/mikseris-polimeriem-uzlex\/#breadcrumb","itemListElement":[{"@type":"ListItem","position":1,"name":"Home","item":"https:\/\/wmtbaltic.lv\/en\/"},{"@type":"ListItem","position":2,"name":"Shop","item":"https:\/\/wmtbaltic.lv\/shop\/"},{"@type":"ListItem","position":3,"name":"Mikseris polim\u0113riem UZLEX"}]},{"@type":"WebSite","@id":"https:\/\/wmtbaltic.lv\/#website","url":"https:\/\/wmtbaltic.lv\/","name":"WMT Baltic","description":"Rekl\u0101mas produkti, pl\u0113ves","publisher":{"@id":"https:\/\/wmtbaltic.lv\/#organization"},"potentialAction":[{"@type":"SearchAction","target":{"@type":"EntryPoint","urlTemplate":"https:\/\/wmtbaltic.lv\/?s={search_term_string}"},"query-input":{"@type":"PropertyValueSpecification","valueRequired":true,"valueName":"search_term_string"}}],"inLanguage":"en-US"},{"@type":"Organization","@id":"https:\/\/wmtbaltic.lv\/#organization","name":"WMT Baltic","url":"https:\/\/wmtbaltic.lv\/","logo":{"@type":"ImageObject","inLanguage":"en-US","@id":"https:\/\/wmtbaltic.lv\/#\/schema\/logo\/image\/","url":"https:\/\/wmtbaltic.lv\/wp-content\/uploads\/2024\/12\/wmt-baltic-sia_107142_9_420x180.jpg","contentUrl":"https:\/\/wmtbaltic.lv\/wp-content\/uploads\/2024\/12\/wmt-baltic-sia_107142_9_420x180.jpg","width":420,"height":180,"caption":"WMT Baltic"},"image":{"@id":"https:\/\/wmtbaltic.lv\/#\/schema\/logo\/image\/"},"sameAs":["https:\/\/www.facebook.com\/WMT.Baltic.viscom\/?locale=lv_LV","https:\/\/www.instagram.com\/viscom_wmt\/"]}]}},"_links":{"self":[{"href":"https:\/\/wmtbaltic.lv\/en\/wp-json\/wp\/v2\/product\/10418","targetHints":{"allow":["GET"]}}],"collection":[{"href":"https:\/\/wmtbaltic.lv\/en\/wp-json\/wp\/v2\/product"}],"about":[{"href":"https:\/\/wmtbaltic.lv\/en\/wp-json\/wp\/v2\/types\/product"}],"wp:featuredmedia":[{"embeddable":true,"href":"https:\/\/wmtbaltic.lv\/en\/wp-json\/wp\/v2\/media\/10421"}],"wp:attachment":[{"href":"https:\/\/wmtbaltic.lv\/en\/wp-json\/wp\/v2\/media?parent=10418"}],"wp:term":[{"taxonomy":"product_brand","embeddable":true,"href":"https:\/\/wmtbaltic.lv\/en\/wp-json\/wp\/v2\/product_brand?post=10418"},{"taxonomy":"product_cat","embeddable":true,"href":"https:\/\/wmtbaltic.lv\/en\/wp-json\/wp\/v2\/product_cat?post=10418"},{"taxonomy":"product_tag","embeddable":true,"href":"https:\/\/wmtbaltic.lv\/en\/wp-json\/wp\/v2\/product_tag?post=10418"}],"curies":[{"name":"wp","href":"https:\/\/api.w.org\/{rel}","templated":true}]}}