{"id":10415,"date":"2021-10-29T07:47:26","date_gmt":"2021-10-29T07:47:26","guid":{"rendered":"https:\/\/wmtbaltic.lv\/?post_type=product&#038;p=10415"},"modified":"2021-11-09T09:13:06","modified_gmt":"2021-11-09T09:13:06","slug":"elektropneimatiskais-polidispensers-uzlex","status":"publish","type":"product","link":"https:\/\/wmtbaltic.lv\/en\/product\/elektropneimatiskais-polidispensers-uzlex\/","title":{"rendered":"Elektropneimatiskais polidispensers UZLEX"},"content":{"rendered":"<p>Polidispencers UZLEX paredz\u0113ts sve\u0137u uzkl\u0101\u0161anai uz att\u0113la, k\u0101 ar\u012b var tikt izmantots daudzu citu mais\u012bjumu doz\u0113\u0161anai.<\/p>\n<p><strong>3 darba re\u017e\u012bmi<\/strong><\/p>\n<p>Ar vienu p\u0101rsl\u0113gumu, polidispenseru var p\u0101rsl\u0113gt uz vienu no trim darb\u012bbas re\u017e\u012bmiem: &#8220;rokas pild\u012bjums&#8221; &#8211; pilna laika un apjoma kontroles re\u017e\u012bms, \u0113rts nel\u012bdzenu formu aizpild\u012b\u0161anai. &#8220;Vienreiz\u0113js aizpild\u012bjums&#8221; &#8211; aizpild\u012bjuma laika re\u017e\u012bms, \u013cauj regul\u0113t \u0161\u0137idruma apjomu, \u0113rts gan uzl\u012bmju aizpild\u012b\u0161anai, k\u0101 ar\u012b vienm\u0113r\u012bgas aizpild\u012b\u0161anas doz\u0113\u0161an\u0101. &#8220;Atk\u0101rtotais pild\u012bjums&#8221; &#8211; aizpild\u012bjuma laika re\u017e\u012bms un starplaik\u0101 starp pild\u012bjumiem. Vispiem\u0113rot\u0101kais, lai atk\u0101rtoti aizpild\u012btu lielu skaitu aizpild\u012b\u0161anu vien\u0101d\u0101s doz\u0101s. Daudztir\u0101\u017eas darba re\u017e\u012bms.<\/p>\n<p><strong>Nav nepiecie\u0161ama t\u012br\u012b\u0161ana\u00a0\u00a0\u00a0\u00a0\u00a0\u00a0\u00a0 <\/strong><\/p>\n<p>Visi elementi, saskar\u0113 ar doz\u0113jamo \u0161\u0137idrumu, izgatavoti no sal\u012bdzino\u0161i l\u0113tiem materi\u0101liem, kurus var izmantot vienu vai vair\u0101kas reizes, kas nov\u0113r\u0161 darbietilp\u012bgu proced\u016bru sist\u0113mas att\u012br\u012b\u0161an\u0101. P\u0113c uzpild\u012b\u0161anas vai doz\u0113\u0161anas beig\u0101m, nepiecie\u0161ams vienk\u0101r\u0161i atvienot vienreiz\u0113jo \u0161\u013circi un not\u012br\u012bt tur\u0113t\u0101ju. Pateicoties \u0161\u0101dai sist\u0113mai, polidispensers ir univers\u0101ls: tas ir \u0113rts darbam gan ar lieliem apjomiem, gan ar maz\u0101m tir\u0101\u017e\u0101m. Darbs var tikt uzs\u0101kts ar A4 form\u0101ta laukumu.<\/p>\n<p><strong>\u00a03 darba re\u017e\u012bmi<\/strong><\/p>\n<p>Ar vienu p\u0101rsl\u0113gumu, polidispenseru var p\u0101rsl\u0113gt uz vienu no trim darb\u012bbas re\u017e\u012bmiem: &#8220;rokas pild\u012bjums&#8221; &#8211; pilna laika un apjoma kontroles re\u017e\u012bms, \u0113rts nel\u012bdzenu formu aizpild\u012b\u0161anai. &#8220;Vienreiz\u0113js aizpild\u012bjums&#8221; &#8211; aizpild\u012bjuma laika re\u017e\u012bms, \u013cauj regul\u0113t \u0161\u0137idruma apjomu, \u0113rts gan uzl\u012bmju aizpild\u012b\u0161anai, k\u0101 ar\u012b vienm\u0113r\u012bgas aizpild\u012b\u0161anas doz\u0113\u0161an\u0101. &#8220;Atk\u0101rtotais pild\u012bjums&#8221; &#8211; aizpild\u012bjuma laika re\u017e\u012bms un starplaik\u0101 starp pild\u012bjumiem. Vispiem\u0113rot\u0101kais, lai atk\u0101rtoti aizpild\u012btu lielu skaitu aizpild\u012b\u0161anu vien\u0101d\u0101s doz\u0101s. Daudztir\u0101\u017eas darba re\u017e\u012bms.<\/p>\n<p><strong>\u00a0Viegla vad\u012bba, ergonomika\u00a0\u00a0\u00a0\u00a0\u00a0 <\/strong><\/p>\n<p>Dozatora iesl\u0113g\u0161ana un izsl\u0113g\u0161ana tiek veikta ar ped\u0101\u013ca pal\u012bdz\u012bbu, kuru var novietot gan uz iepild\u012b\u0161anas virsmas, k\u0101 ar\u012b uz gr\u012bdas \u2013 k\u0101 kuram \u0113rt\u0101k. Papildus plaukti \u2013 aksesu\u0101ru vieta, pie\u013cauj novietot visu nepiecie\u0161amo darba procesam izstieptas rokas att\u0101lum\u0101. Jebkura vajadz\u012bg\u0101 deta\u013ca, kura nepiecie\u0161ama darba proces\u0101, vienm\u0113r b\u016bs pieejama.<\/p>\n<p><strong>\u00a0Regul\u0113jams spiediens\u00a0\u00a0 <\/strong><\/p>\n<p>Pateicoties \u0161\u0137idruma regul\u0113\u0161anas spiediena padevei, polidispansers var tikt izmantots k\u0101 ar teko\u0161iem, t\u0101 ar\u012b ar viskoziem \u0161\u0137idrumiem. Vienk\u0101r\u0161i palielinot spiedienu un palielinot kontaktligzdas diametru, var viegli izmantot viskozi sve\u0137us, l\u012bmes un citus \u0161\u0137idrumus.<\/p>\n<p><strong>\u00a0Apm\u0101c\u012bba\u00a0 <\/strong><\/p>\n<p>Lai s\u0101ktu str\u0101d\u0101t un ieg\u016btu vajadz\u012bgo profesion\u0101lo l\u012bmeni darb\u0101 ar polidispanseru, vajadz\u012bgas tikai p\u0101ris stundas. Nepiecie\u0161ams iziet apm\u0101c\u012bbas, kas n\u0101k l\u012bdzi komplekt\u0101. P\u0113c vienk\u0101r\u0161o instrukciju izpildes, J\u016bs prat\u012bsiet lab\u0101k saprast aizpildo\u0161\u0101 \u0161\u0137\u012bduma \u012bpatn\u012bbas.<\/p>\n<p><strong>\u00a0Ier\u012bce anti-piliens\u00a0\u00a0\u00a0\u00a0\u00a0\u00a0\u00a0\u00a0\u00a0\u00a0 <\/strong><\/p>\n<p>Polidispensers ir sp\u0113j\u012bgs rad\u012bt negat\u012bvu spiedienu starp aizpild\u012b\u0161anas laikiem. \u0160\u012b funkcija ne tikai saglab\u0101 s\u0101kotn\u0113jo materi\u0101lu, bet ar\u012b atvieglina darbu, par cik nav j\u0101baid\u0101s, ka notec\u0113s pilieni.<\/p>\n<p><strong>\u00a0\u0112rti aksesu\u0101ri\u00a0\u00a0\u00a0\u00a0\u00a0 <\/strong><\/p>\n<p>P\u0101rdom\u0101tais dizains un aksesu\u0101ri, ne tikai atvieglina darbu ar iek\u0101rt\u0101m, bet ar\u012b nodro\u0161ina izpild\u0101mo darbu kvalit\u0101ti. Lai \u0161\u0137idrums tiktu vienm\u0113r\u012bgi sadal\u012bts, lab\u0101k izmantot viegli izl\u012bdzin\u0101mos plauktus, \u0113rt\u012bbas labad var izmantot ar\u012b palikni.<\/p>\n<p>Elektropneimatiskasis polidispencers UZLEX P062010 apjom\u012bgo uzl\u012bmju ra\u017eo\u0161anai (<strong>komplekt\u0101cija<\/strong>: AC-60 savienojums \u0161pricei, alum\u012bnija, 60\u0441\u0441 \u2013 1gab.; CS-60 \u0161price, 60\u0441\u0441 \u2013 5gab.; CR-60 bl\u012bvrin\u0137i apjoma \u0161pric\u0113m 60\u0441\u0441, \u2013 2 gab.; CS-12 Adatas 1,20 \u2013 5 gab.; AP-60 Atbalsts \u0161pricei, 60\u0441\u0441 \u2013 1gab)<\/p>\n<p><a href=\"http:\/\/site-494600.mozfiles.com\/files\/494600\/Uzlex_Doming_Brochure_EN_Preview.pdf?1492585118\">Tehniskais apraksts<\/a><\/p>\n<iframe loading=\"lazy\"  id=\"_ytid_49324\"  width=\"780\" height=\"439\"  data-origwidth=\"780\" data-origheight=\"439\" src=\"https:\/\/www.youtube.com\/embed\/_eyrzyCfdI8?enablejsapi=1&autoplay=0&cc_load_policy=0&cc_lang_pref=&iv_load_policy=1&loop=0&rel=1&fs=1&playsinline=0&autohide=2&theme=dark&color=red&controls=1&disablekb=0&\" class=\"__youtube_prefs__  no-lazyload\" title=\"YouTube player\"  allow=\"fullscreen; accelerometer; autoplay; clipboard-write; encrypted-media; gyroscope; picture-in-picture; web-share\" referrerpolicy=\"strict-origin-when-cross-origin\" allowfullscreen data-no-lazy=\"1\" data-skipgform_ajax_framebjll=\"\"><\/iframe>\n","protected":false},"excerpt":{"rendered":"Polidispencers UZLEX paredz\u0113ts sve\u0137u uzkl\u0101\u0161anai uz att\u0113la, k\u0101 ar\u012b var tikt izmantots daudzu citu mais\u012bjumu doz\u0113\u0161anai. 3 darba re\u017e\u012bmi Ar vienu p\u0101rsl\u0113gumu, polidispenseru var p\u0101rsl\u0113gt uz vienu no trim darb\u012bbas re\u017e\u012bmiem: \"rokas pild\u012bjums\" - pilna laika un apjoma kontroles re\u017e\u012bms, \u0113rts nel\u012bdzenu formu aizpild\u012b\u0161anai. \"Vienreiz\u0113js aizpild\u012bjums\" - aizpild\u012bjuma laika re\u017e\u012bms, \u013cauj regul\u0113t \u0161\u0137idruma apjomu, \u0113rts [...]","protected":false},"featured_media":10416,"comment_status":"closed","ping_status":"closed","template":"","meta":[],"product_brand":[],"product_cat":[962,261,258,83],"product_tag":[972,967,971,290,973],"class_list":{"0":"post-10415","1":"product","2":"type-product","3":"status-publish","4":"has-post-thumbnail","6":"product_cat-aprikojums","7":"product_cat-iekartas-3d-polimera-uzlimem","8":"product_cat-iekartas-un-izejmateriali","9":"product_cat-uncategorized-lv","10":"product_tag-3d-lables","11":"product_tag-doming","12":"product_tag-polidispencers","13":"product_tag-uzlex","14":"product_tag-uzlimes","16":"first","17":"instock","18":"shipping-taxable","19":"purchasable","20":"product-type-simple"},"yoast_head":"<!-- This site is optimized with the Yoast SEO plugin v27.4 - https:\/\/yoast.com\/product\/yoast-seo-wordpress\/ -->\n<title>Elektropneimatiskais polidispensers UZLEX - WMT Baltic<\/title>\n<meta name=\"description\" content=\"Polidispencers UZLEX paredz\u0113ts sve\u0137u uzkl\u0101\u0161anai uz att\u0113la, k\u0101 ar\u012b var tikt izmantots daudzu citu mais\u012bjumu doz\u0113\u0161anai.\" \/>\n<meta name=\"robots\" content=\"index, follow, max-snippet:-1, max-image-preview:large, max-video-preview:-1\" \/>\n<link rel=\"canonical\" href=\"https:\/\/wmtbaltic.lv\/Produkts\/elektropneimatiskais-polidispensers-uzlex\/\" \/>\n<meta property=\"og:locale\" content=\"en_US\" \/>\n<meta property=\"og:type\" content=\"article\" \/>\n<meta property=\"og:title\" content=\"Elektropneimatiskais polidispensers UZLEX - WMT Baltic\" \/>\n<meta property=\"og:description\" content=\"Polidispencers UZLEX paredz\u0113ts sve\u0137u uzkl\u0101\u0161anai uz att\u0113la, k\u0101 ar\u012b var tikt izmantots daudzu citu mais\u012bjumu doz\u0113\u0161anai.\" \/>\n<meta property=\"og:url\" content=\"https:\/\/wmtbaltic.lv\/Produkts\/elektropneimatiskais-polidispensers-uzlex\/\" \/>\n<meta property=\"og:site_name\" content=\"WMT Baltic\" \/>\n<meta property=\"article:publisher\" content=\"https:\/\/www.facebook.com\/WMT.Baltic.viscom\/?locale=lv_LV\" \/>\n<meta property=\"article:modified_time\" content=\"2021-11-09T09:13:06+00:00\" \/>\n<meta property=\"og:image\" content=\"https:\/\/wmtbaltic.lv\/wp-content\/uploads\/2021\/10\/dispenser-1.jpg\" \/>\n\t<meta property=\"og:image:width\" content=\"200\" \/>\n\t<meta property=\"og:image:height\" content=\"200\" \/>\n\t<meta property=\"og:image:type\" content=\"image\/jpeg\" \/>\n<meta name=\"twitter:card\" content=\"summary_large_image\" \/>\n<meta name=\"twitter:label1\" content=\"Est. reading time\" \/>\n\t<meta name=\"twitter:data1\" content=\"2 minutes\" \/>\n<script type=\"application\/ld+json\" class=\"yoast-schema-graph\">{\"@context\":\"https:\\\/\\\/schema.org\",\"@graph\":[{\"@type\":\"WebPage\",\"@id\":\"https:\\\/\\\/wmtbaltic.lv\\\/Produkts\\\/elektropneimatiskais-polidispensers-uzlex\\\/\",\"url\":\"https:\\\/\\\/wmtbaltic.lv\\\/Produkts\\\/elektropneimatiskais-polidispensers-uzlex\\\/\",\"name\":\"Elektropneimatiskais polidispensers UZLEX - WMT Baltic\",\"isPartOf\":{\"@id\":\"https:\\\/\\\/wmtbaltic.lv\\\/#website\"},\"primaryImageOfPage\":{\"@id\":\"https:\\\/\\\/wmtbaltic.lv\\\/Produkts\\\/elektropneimatiskais-polidispensers-uzlex\\\/#primaryimage\"},\"image\":{\"@id\":\"https:\\\/\\\/wmtbaltic.lv\\\/Produkts\\\/elektropneimatiskais-polidispensers-uzlex\\\/#primaryimage\"},\"thumbnailUrl\":\"https:\\\/\\\/wmtbaltic.lv\\\/wp-content\\\/uploads\\\/2021\\\/10\\\/dispenser-1.jpg\",\"datePublished\":\"2021-10-29T07:47:26+00:00\",\"dateModified\":\"2021-11-09T09:13:06+00:00\",\"description\":\"Polidispencers UZLEX paredz\u0113ts sve\u0137u uzkl\u0101\u0161anai uz att\u0113la, k\u0101 ar\u012b var tikt izmantots daudzu citu mais\u012bjumu doz\u0113\u0161anai.\",\"breadcrumb\":{\"@id\":\"https:\\\/\\\/wmtbaltic.lv\\\/Produkts\\\/elektropneimatiskais-polidispensers-uzlex\\\/#breadcrumb\"},\"inLanguage\":\"en-US\",\"potentialAction\":[{\"@type\":\"ReadAction\",\"target\":[\"https:\\\/\\\/wmtbaltic.lv\\\/Produkts\\\/elektropneimatiskais-polidispensers-uzlex\\\/\"]}]},{\"@type\":\"ImageObject\",\"inLanguage\":\"en-US\",\"@id\":\"https:\\\/\\\/wmtbaltic.lv\\\/Produkts\\\/elektropneimatiskais-polidispensers-uzlex\\\/#primaryimage\",\"url\":\"https:\\\/\\\/wmtbaltic.lv\\\/wp-content\\\/uploads\\\/2021\\\/10\\\/dispenser-1.jpg\",\"contentUrl\":\"https:\\\/\\\/wmtbaltic.lv\\\/wp-content\\\/uploads\\\/2021\\\/10\\\/dispenser-1.jpg\",\"width\":200,\"height\":200},{\"@type\":\"BreadcrumbList\",\"@id\":\"https:\\\/\\\/wmtbaltic.lv\\\/Produkts\\\/elektropneimatiskais-polidispensers-uzlex\\\/#breadcrumb\",\"itemListElement\":[{\"@type\":\"ListItem\",\"position\":1,\"name\":\"Home\",\"item\":\"https:\\\/\\\/wmtbaltic.lv\\\/en\\\/\"},{\"@type\":\"ListItem\",\"position\":2,\"name\":\"Products\",\"item\":\"https:\\\/\\\/wmtbaltic.lv\\\/en\\\/shop\\\/\"},{\"@type\":\"ListItem\",\"position\":3,\"name\":\"Elektropneimatiskais polidispensers UZLEX\"}]},{\"@type\":\"WebSite\",\"@id\":\"https:\\\/\\\/wmtbaltic.lv\\\/#website\",\"url\":\"https:\\\/\\\/wmtbaltic.lv\\\/\",\"name\":\"WMT Baltic\",\"description\":\"Rekl\u0101mas produkti, pl\u0113ves\",\"publisher\":{\"@id\":\"https:\\\/\\\/wmtbaltic.lv\\\/#organization\"},\"potentialAction\":[{\"@type\":\"SearchAction\",\"target\":{\"@type\":\"EntryPoint\",\"urlTemplate\":\"https:\\\/\\\/wmtbaltic.lv\\\/?s={search_term_string}\"},\"query-input\":{\"@type\":\"PropertyValueSpecification\",\"valueRequired\":true,\"valueName\":\"search_term_string\"}}],\"inLanguage\":\"en-US\"},{\"@type\":\"Organization\",\"@id\":\"https:\\\/\\\/wmtbaltic.lv\\\/#organization\",\"name\":\"WMT Baltic\",\"url\":\"https:\\\/\\\/wmtbaltic.lv\\\/\",\"logo\":{\"@type\":\"ImageObject\",\"inLanguage\":\"en-US\",\"@id\":\"https:\\\/\\\/wmtbaltic.lv\\\/#\\\/schema\\\/logo\\\/image\\\/\",\"url\":\"https:\\\/\\\/wmtbaltic.lv\\\/wp-content\\\/uploads\\\/2024\\\/12\\\/wmt-baltic-sia_107142_9_420x180.jpg\",\"contentUrl\":\"https:\\\/\\\/wmtbaltic.lv\\\/wp-content\\\/uploads\\\/2024\\\/12\\\/wmt-baltic-sia_107142_9_420x180.jpg\",\"width\":420,\"height\":180,\"caption\":\"WMT Baltic\"},\"image\":{\"@id\":\"https:\\\/\\\/wmtbaltic.lv\\\/#\\\/schema\\\/logo\\\/image\\\/\"},\"sameAs\":[\"https:\\\/\\\/www.facebook.com\\\/WMT.Baltic.viscom\\\/?locale=lv_LV\",\"https:\\\/\\\/www.instagram.com\\\/viscom_wmt\\\/\"]}]}<\/script>\n<!-- \/ Yoast SEO plugin. -->","yoast_head_json":{"title":"Elektropneimatiskais polidispensers UZLEX - WMT Baltic","description":"Polidispencers UZLEX paredz\u0113ts sve\u0137u uzkl\u0101\u0161anai uz att\u0113la, k\u0101 ar\u012b var tikt izmantots daudzu citu mais\u012bjumu doz\u0113\u0161anai.","robots":{"index":"index","follow":"follow","max-snippet":"max-snippet:-1","max-image-preview":"max-image-preview:large","max-video-preview":"max-video-preview:-1"},"canonical":"https:\/\/wmtbaltic.lv\/Produkts\/elektropneimatiskais-polidispensers-uzlex\/","og_locale":"en_US","og_type":"article","og_title":"Elektropneimatiskais polidispensers UZLEX - WMT Baltic","og_description":"Polidispencers UZLEX paredz\u0113ts sve\u0137u uzkl\u0101\u0161anai uz att\u0113la, k\u0101 ar\u012b var tikt izmantots daudzu citu mais\u012bjumu doz\u0113\u0161anai.","og_url":"https:\/\/wmtbaltic.lv\/Produkts\/elektropneimatiskais-polidispensers-uzlex\/","og_site_name":"WMT Baltic","article_publisher":"https:\/\/www.facebook.com\/WMT.Baltic.viscom\/?locale=lv_LV","article_modified_time":"2021-11-09T09:13:06+00:00","og_image":[{"width":200,"height":200,"url":"https:\/\/wmtbaltic.lv\/wp-content\/uploads\/2021\/10\/dispenser-1.jpg","type":"image\/jpeg"}],"twitter_card":"summary_large_image","twitter_misc":{"Est. reading time":"2 minutes"},"schema":{"@context":"https:\/\/schema.org","@graph":[{"@type":"WebPage","@id":"https:\/\/wmtbaltic.lv\/Produkts\/elektropneimatiskais-polidispensers-uzlex\/","url":"https:\/\/wmtbaltic.lv\/Produkts\/elektropneimatiskais-polidispensers-uzlex\/","name":"Elektropneimatiskais polidispensers UZLEX - WMT Baltic","isPartOf":{"@id":"https:\/\/wmtbaltic.lv\/#website"},"primaryImageOfPage":{"@id":"https:\/\/wmtbaltic.lv\/Produkts\/elektropneimatiskais-polidispensers-uzlex\/#primaryimage"},"image":{"@id":"https:\/\/wmtbaltic.lv\/Produkts\/elektropneimatiskais-polidispensers-uzlex\/#primaryimage"},"thumbnailUrl":"https:\/\/wmtbaltic.lv\/wp-content\/uploads\/2021\/10\/dispenser-1.jpg","datePublished":"2021-10-29T07:47:26+00:00","dateModified":"2021-11-09T09:13:06+00:00","description":"Polidispencers UZLEX paredz\u0113ts sve\u0137u uzkl\u0101\u0161anai uz att\u0113la, k\u0101 ar\u012b var tikt izmantots daudzu citu mais\u012bjumu doz\u0113\u0161anai.","breadcrumb":{"@id":"https:\/\/wmtbaltic.lv\/Produkts\/elektropneimatiskais-polidispensers-uzlex\/#breadcrumb"},"inLanguage":"en-US","potentialAction":[{"@type":"ReadAction","target":["https:\/\/wmtbaltic.lv\/Produkts\/elektropneimatiskais-polidispensers-uzlex\/"]}]},{"@type":"ImageObject","inLanguage":"en-US","@id":"https:\/\/wmtbaltic.lv\/Produkts\/elektropneimatiskais-polidispensers-uzlex\/#primaryimage","url":"https:\/\/wmtbaltic.lv\/wp-content\/uploads\/2021\/10\/dispenser-1.jpg","contentUrl":"https:\/\/wmtbaltic.lv\/wp-content\/uploads\/2021\/10\/dispenser-1.jpg","width":200,"height":200},{"@type":"BreadcrumbList","@id":"https:\/\/wmtbaltic.lv\/Produkts\/elektropneimatiskais-polidispensers-uzlex\/#breadcrumb","itemListElement":[{"@type":"ListItem","position":1,"name":"Home","item":"https:\/\/wmtbaltic.lv\/en\/"},{"@type":"ListItem","position":2,"name":"Products","item":"https:\/\/wmtbaltic.lv\/en\/shop\/"},{"@type":"ListItem","position":3,"name":"Elektropneimatiskais polidispensers UZLEX"}]},{"@type":"WebSite","@id":"https:\/\/wmtbaltic.lv\/#website","url":"https:\/\/wmtbaltic.lv\/","name":"WMT Baltic","description":"Rekl\u0101mas produkti, pl\u0113ves","publisher":{"@id":"https:\/\/wmtbaltic.lv\/#organization"},"potentialAction":[{"@type":"SearchAction","target":{"@type":"EntryPoint","urlTemplate":"https:\/\/wmtbaltic.lv\/?s={search_term_string}"},"query-input":{"@type":"PropertyValueSpecification","valueRequired":true,"valueName":"search_term_string"}}],"inLanguage":"en-US"},{"@type":"Organization","@id":"https:\/\/wmtbaltic.lv\/#organization","name":"WMT Baltic","url":"https:\/\/wmtbaltic.lv\/","logo":{"@type":"ImageObject","inLanguage":"en-US","@id":"https:\/\/wmtbaltic.lv\/#\/schema\/logo\/image\/","url":"https:\/\/wmtbaltic.lv\/wp-content\/uploads\/2024\/12\/wmt-baltic-sia_107142_9_420x180.jpg","contentUrl":"https:\/\/wmtbaltic.lv\/wp-content\/uploads\/2024\/12\/wmt-baltic-sia_107142_9_420x180.jpg","width":420,"height":180,"caption":"WMT Baltic"},"image":{"@id":"https:\/\/wmtbaltic.lv\/#\/schema\/logo\/image\/"},"sameAs":["https:\/\/www.facebook.com\/WMT.Baltic.viscom\/?locale=lv_LV","https:\/\/www.instagram.com\/viscom_wmt\/"]}]}},"_links":{"self":[{"href":"https:\/\/wmtbaltic.lv\/en\/wp-json\/wp\/v2\/product\/10415","targetHints":{"allow":["GET"]}}],"collection":[{"href":"https:\/\/wmtbaltic.lv\/en\/wp-json\/wp\/v2\/product"}],"about":[{"href":"https:\/\/wmtbaltic.lv\/en\/wp-json\/wp\/v2\/types\/product"}],"replies":[{"embeddable":true,"href":"https:\/\/wmtbaltic.lv\/en\/wp-json\/wp\/v2\/comments?post=10415"}],"wp:featuredmedia":[{"embeddable":true,"href":"https:\/\/wmtbaltic.lv\/en\/wp-json\/wp\/v2\/media\/10416"}],"wp:attachment":[{"href":"https:\/\/wmtbaltic.lv\/en\/wp-json\/wp\/v2\/media?parent=10415"}],"wp:term":[{"taxonomy":"product_brand","embeddable":true,"href":"https:\/\/wmtbaltic.lv\/en\/wp-json\/wp\/v2\/product_brand?post=10415"},{"taxonomy":"product_cat","embeddable":true,"href":"https:\/\/wmtbaltic.lv\/en\/wp-json\/wp\/v2\/product_cat?post=10415"},{"taxonomy":"product_tag","embeddable":true,"href":"https:\/\/wmtbaltic.lv\/en\/wp-json\/wp\/v2\/product_tag?post=10415"}],"curies":[{"name":"wp","href":"https:\/\/api.w.org\/{rel}","templated":true}]}}