{"id":10334,"date":"2021-10-25T09:34:34","date_gmt":"2021-10-25T09:34:34","guid":{"rendered":"https:\/\/wmtbaltic.lv\/?post_type=product&#038;p=10334"},"modified":"2023-04-05T10:08:10","modified_gmt":"2023-04-05T10:08:10","slug":"divpuseja-plana-limlente-uzlex-ds31330","status":"publish","type":"product","link":"https:\/\/wmtbaltic.lv\/en\/product\/divpuseja-plana-limlente-uzlex-ds31330\/","title":{"rendered":"Divpus\u0113ja pl\u0101n\u0101 l\u012bmlente UZLEX DS31330"},"content":{"rendered":"<p>Divpus\u0113ja l\u012bmlente ar augstu s\u0101kotn\u0113ju lip\u012bgumu un lielo \u012bpatn\u0113ju adh\u0113ziju uz nepol\u0101r\u0101m virsm\u0101m. Garant\u0113 sal\u012bm\u0113\u0161anu uz t\u0101d\u0101m nepol\u0101r\u0101m virsm\u0101m k\u0101 polietil\u0113ns un polipropil\u0113ns.<\/p>\n<p>Cena par rulli.<\/p>\n<p>Ru\u013c\u013ca platums 4, 6, 9, 12 un 19 mm.<\/p>\n<p>Rull\u012b 50 m.<\/p>\n<p>Tehniskais apraksts: <a href=\"http:\/\/wmtbaltic.lv\/wp-content\/uploads\/2021\/10\/Technical_Data_Sheet_UZLEX_DS_330.pdf\">Technical_Data_Sheet_UZLEX_DS_330<\/a><\/p>\n<p>Lieto\u0161anas instrukcija: <a href=\"http:\/\/wmtbaltic.lv\/wp-content\/uploads\/2021\/11\/Uzlex_DS_Instruction_web_v.2.1.pdf\">Uzlex_DS_Instruction_web_v.2.1<\/a><\/p>\n","protected":false},"excerpt":{"rendered":"Divpus\u0113ja l\u012bmlente ar augstu s\u0101kotn\u0113ju lip\u012bgumu un lielo \u012bpatn\u0113ju adh\u0113ziju uz nepol\u0101r\u0101m virsm\u0101m. Garant\u0113 sal\u012bm\u0113\u0161anu uz t\u0101d\u0101m nepol\u0101r\u0101m virsm\u0101m k\u0101 polietil\u0113ns un polipropil\u0113ns. Cena par rulli. Ru\u013c\u013ca platums 4, 6, 9, 12 un 19 mm. Rull\u012b 50 m. Tehniskais apraksts: Technical_Data_Sheet_UZLEX_DS_330 Lieto\u0161anas instrukcija: Uzlex_DS_Instruction_web_v.2.1","protected":false},"featured_media":10081,"template":"","meta":[],"product_brand":[],"product_cat":[418],"product_tag":[876,875,960],"class_list":{"0":"post-10334","1":"product","2":"type-product","3":"status-publish","4":"has-post-thumbnail","6":"product_cat-divpusejas-planas-limlentes","7":"product_tag-divpuseja-limlente","8":"product_tag-limlente","9":"product_tag-plana-limlente","11":"first","12":"instock","13":"shipping-taxable","14":"purchasable","15":"product-type-variable"},"yoast_head":"<!-- This site is optimized with the Yoast SEO plugin v27.4 - https:\/\/yoast.com\/product\/yoast-seo-wordpress\/ -->\n<title>Divpus\u0113ja pl\u0101n\u0101 l\u012bmlente UZLEX DS31330 , nopirkt R\u012bg\u0101<\/title>\n<meta name=\"robots\" content=\"index, follow, max-snippet:-1, max-image-preview:large, max-video-preview:-1\" \/>\n<link rel=\"canonical\" href=\"https:\/\/wmtbaltic.lv\/Produkts\/divpuseja-plana-limlente-uzlex-ds31330\/\" \/>\n<meta property=\"og:locale\" content=\"en_US\" \/>\n<meta property=\"og:type\" content=\"article\" \/>\n<meta property=\"og:title\" content=\"Divpus\u0113ja pl\u0101n\u0101 l\u012bmlente UZLEX DS31330 , nopirkt R\u012bg\u0101\" \/>\n<meta property=\"og:url\" content=\"https:\/\/wmtbaltic.lv\/Produkts\/divpuseja-plana-limlente-uzlex-ds31330\/\" \/>\n<meta property=\"og:site_name\" content=\"WMT Baltic\" \/>\n<meta property=\"article:publisher\" content=\"https:\/\/www.facebook.com\/WMT.Baltic.viscom\/?locale=lv_LV\" \/>\n<meta property=\"article:modified_time\" content=\"2023-04-05T10:08:10+00:00\" \/>\n<meta property=\"og:image\" content=\"http:\/\/wmtbaltic.lv\/wp-content\/uploads\/2021\/10\/Uzlex_PSA_Tape_Preview-14.jpg\" \/>\n\t<meta property=\"og:image:width\" content=\"900\" \/>\n\t<meta property=\"og:image:height\" content=\"600\" \/>\n\t<meta property=\"og:image:type\" content=\"image\/jpeg\" \/>\n<meta name=\"twitter:card\" content=\"summary_large_image\" \/>\n<meta name=\"twitter:label1\" content=\"Est. reading time\" \/>\n\t<meta name=\"twitter:data1\" content=\"1 minute\" \/>\n<script type=\"application\/ld+json\" class=\"yoast-schema-graph\">{\"@context\":\"https:\\\/\\\/schema.org\",\"@graph\":[{\"@type\":\"WebPage\",\"@id\":\"https:\\\/\\\/wmtbaltic.lv\\\/Produkts\\\/divpuseja-plana-limlente-uzlex-ds31330\\\/\",\"url\":\"https:\\\/\\\/wmtbaltic.lv\\\/Produkts\\\/divpuseja-plana-limlente-uzlex-ds31330\\\/\",\"name\":\"Divpus\u0113ja pl\u0101n\u0101 l\u012bmlente UZLEX DS31330 , nopirkt R\u012bg\u0101\",\"isPartOf\":{\"@id\":\"https:\\\/\\\/wmtbaltic.lv\\\/#website\"},\"primaryImageOfPage\":{\"@id\":\"https:\\\/\\\/wmtbaltic.lv\\\/Produkts\\\/divpuseja-plana-limlente-uzlex-ds31330\\\/#primaryimage\"},\"image\":{\"@id\":\"https:\\\/\\\/wmtbaltic.lv\\\/Produkts\\\/divpuseja-plana-limlente-uzlex-ds31330\\\/#primaryimage\"},\"thumbnailUrl\":\"https:\\\/\\\/wmtbaltic.lv\\\/wp-content\\\/uploads\\\/2021\\\/10\\\/Uzlex_PSA_Tape_Preview-14.jpg\",\"datePublished\":\"2021-10-25T09:34:34+00:00\",\"dateModified\":\"2023-04-05T10:08:10+00:00\",\"breadcrumb\":{\"@id\":\"https:\\\/\\\/wmtbaltic.lv\\\/Produkts\\\/divpuseja-plana-limlente-uzlex-ds31330\\\/#breadcrumb\"},\"inLanguage\":\"en-US\",\"potentialAction\":[{\"@type\":\"ReadAction\",\"target\":[\"https:\\\/\\\/wmtbaltic.lv\\\/Produkts\\\/divpuseja-plana-limlente-uzlex-ds31330\\\/\"]}]},{\"@type\":\"ImageObject\",\"inLanguage\":\"en-US\",\"@id\":\"https:\\\/\\\/wmtbaltic.lv\\\/Produkts\\\/divpuseja-plana-limlente-uzlex-ds31330\\\/#primaryimage\",\"url\":\"https:\\\/\\\/wmtbaltic.lv\\\/wp-content\\\/uploads\\\/2021\\\/10\\\/Uzlex_PSA_Tape_Preview-14.jpg\",\"contentUrl\":\"https:\\\/\\\/wmtbaltic.lv\\\/wp-content\\\/uploads\\\/2021\\\/10\\\/Uzlex_PSA_Tape_Preview-14.jpg\",\"width\":900,\"height\":600},{\"@type\":\"BreadcrumbList\",\"@id\":\"https:\\\/\\\/wmtbaltic.lv\\\/Produkts\\\/divpuseja-plana-limlente-uzlex-ds31330\\\/#breadcrumb\",\"itemListElement\":[{\"@type\":\"ListItem\",\"position\":1,\"name\":\"Home\",\"item\":\"https:\\\/\\\/wmtbaltic.lv\\\/en\\\/\"},{\"@type\":\"ListItem\",\"position\":2,\"name\":\"Shop\",\"item\":\"https:\\\/\\\/wmtbaltic.lv\\\/shop\\\/\"},{\"@type\":\"ListItem\",\"position\":3,\"name\":\"Divpus\u0113ja pl\u0101n\u0101 l\u012bmlente UZLEX DS31330\"}]},{\"@type\":\"WebSite\",\"@id\":\"https:\\\/\\\/wmtbaltic.lv\\\/#website\",\"url\":\"https:\\\/\\\/wmtbaltic.lv\\\/\",\"name\":\"WMT Baltic\",\"description\":\"Rekl\u0101mas produkti, pl\u0113ves\",\"publisher\":{\"@id\":\"https:\\\/\\\/wmtbaltic.lv\\\/#organization\"},\"potentialAction\":[{\"@type\":\"SearchAction\",\"target\":{\"@type\":\"EntryPoint\",\"urlTemplate\":\"https:\\\/\\\/wmtbaltic.lv\\\/?s={search_term_string}\"},\"query-input\":{\"@type\":\"PropertyValueSpecification\",\"valueRequired\":true,\"valueName\":\"search_term_string\"}}],\"inLanguage\":\"en-US\"},{\"@type\":\"Organization\",\"@id\":\"https:\\\/\\\/wmtbaltic.lv\\\/#organization\",\"name\":\"WMT Baltic\",\"url\":\"https:\\\/\\\/wmtbaltic.lv\\\/\",\"logo\":{\"@type\":\"ImageObject\",\"inLanguage\":\"en-US\",\"@id\":\"https:\\\/\\\/wmtbaltic.lv\\\/#\\\/schema\\\/logo\\\/image\\\/\",\"url\":\"https:\\\/\\\/wmtbaltic.lv\\\/wp-content\\\/uploads\\\/2024\\\/12\\\/wmt-baltic-sia_107142_9_420x180.jpg\",\"contentUrl\":\"https:\\\/\\\/wmtbaltic.lv\\\/wp-content\\\/uploads\\\/2024\\\/12\\\/wmt-baltic-sia_107142_9_420x180.jpg\",\"width\":420,\"height\":180,\"caption\":\"WMT Baltic\"},\"image\":{\"@id\":\"https:\\\/\\\/wmtbaltic.lv\\\/#\\\/schema\\\/logo\\\/image\\\/\"},\"sameAs\":[\"https:\\\/\\\/www.facebook.com\\\/WMT.Baltic.viscom\\\/?locale=lv_LV\",\"https:\\\/\\\/www.instagram.com\\\/viscom_wmt\\\/\"]}]}<\/script>\n<!-- \/ Yoast SEO plugin. -->","yoast_head_json":{"title":"Divpus\u0113ja pl\u0101n\u0101 l\u012bmlente UZLEX DS31330 , nopirkt R\u012bg\u0101","robots":{"index":"index","follow":"follow","max-snippet":"max-snippet:-1","max-image-preview":"max-image-preview:large","max-video-preview":"max-video-preview:-1"},"canonical":"https:\/\/wmtbaltic.lv\/Produkts\/divpuseja-plana-limlente-uzlex-ds31330\/","og_locale":"en_US","og_type":"article","og_title":"Divpus\u0113ja pl\u0101n\u0101 l\u012bmlente UZLEX DS31330 , nopirkt R\u012bg\u0101","og_url":"https:\/\/wmtbaltic.lv\/Produkts\/divpuseja-plana-limlente-uzlex-ds31330\/","og_site_name":"WMT Baltic","article_publisher":"https:\/\/www.facebook.com\/WMT.Baltic.viscom\/?locale=lv_LV","article_modified_time":"2023-04-05T10:08:10+00:00","og_image":[{"width":900,"height":600,"url":"http:\/\/wmtbaltic.lv\/wp-content\/uploads\/2021\/10\/Uzlex_PSA_Tape_Preview-14.jpg","type":"image\/jpeg"}],"twitter_card":"summary_large_image","twitter_misc":{"Est. reading time":"1 minute"},"schema":{"@context":"https:\/\/schema.org","@graph":[{"@type":"WebPage","@id":"https:\/\/wmtbaltic.lv\/Produkts\/divpuseja-plana-limlente-uzlex-ds31330\/","url":"https:\/\/wmtbaltic.lv\/Produkts\/divpuseja-plana-limlente-uzlex-ds31330\/","name":"Divpus\u0113ja pl\u0101n\u0101 l\u012bmlente UZLEX DS31330 , nopirkt R\u012bg\u0101","isPartOf":{"@id":"https:\/\/wmtbaltic.lv\/#website"},"primaryImageOfPage":{"@id":"https:\/\/wmtbaltic.lv\/Produkts\/divpuseja-plana-limlente-uzlex-ds31330\/#primaryimage"},"image":{"@id":"https:\/\/wmtbaltic.lv\/Produkts\/divpuseja-plana-limlente-uzlex-ds31330\/#primaryimage"},"thumbnailUrl":"https:\/\/wmtbaltic.lv\/wp-content\/uploads\/2021\/10\/Uzlex_PSA_Tape_Preview-14.jpg","datePublished":"2021-10-25T09:34:34+00:00","dateModified":"2023-04-05T10:08:10+00:00","breadcrumb":{"@id":"https:\/\/wmtbaltic.lv\/Produkts\/divpuseja-plana-limlente-uzlex-ds31330\/#breadcrumb"},"inLanguage":"en-US","potentialAction":[{"@type":"ReadAction","target":["https:\/\/wmtbaltic.lv\/Produkts\/divpuseja-plana-limlente-uzlex-ds31330\/"]}]},{"@type":"ImageObject","inLanguage":"en-US","@id":"https:\/\/wmtbaltic.lv\/Produkts\/divpuseja-plana-limlente-uzlex-ds31330\/#primaryimage","url":"https:\/\/wmtbaltic.lv\/wp-content\/uploads\/2021\/10\/Uzlex_PSA_Tape_Preview-14.jpg","contentUrl":"https:\/\/wmtbaltic.lv\/wp-content\/uploads\/2021\/10\/Uzlex_PSA_Tape_Preview-14.jpg","width":900,"height":600},{"@type":"BreadcrumbList","@id":"https:\/\/wmtbaltic.lv\/Produkts\/divpuseja-plana-limlente-uzlex-ds31330\/#breadcrumb","itemListElement":[{"@type":"ListItem","position":1,"name":"Home","item":"https:\/\/wmtbaltic.lv\/en\/"},{"@type":"ListItem","position":2,"name":"Shop","item":"https:\/\/wmtbaltic.lv\/shop\/"},{"@type":"ListItem","position":3,"name":"Divpus\u0113ja pl\u0101n\u0101 l\u012bmlente UZLEX DS31330"}]},{"@type":"WebSite","@id":"https:\/\/wmtbaltic.lv\/#website","url":"https:\/\/wmtbaltic.lv\/","name":"WMT Baltic","description":"Rekl\u0101mas produkti, pl\u0113ves","publisher":{"@id":"https:\/\/wmtbaltic.lv\/#organization"},"potentialAction":[{"@type":"SearchAction","target":{"@type":"EntryPoint","urlTemplate":"https:\/\/wmtbaltic.lv\/?s={search_term_string}"},"query-input":{"@type":"PropertyValueSpecification","valueRequired":true,"valueName":"search_term_string"}}],"inLanguage":"en-US"},{"@type":"Organization","@id":"https:\/\/wmtbaltic.lv\/#organization","name":"WMT Baltic","url":"https:\/\/wmtbaltic.lv\/","logo":{"@type":"ImageObject","inLanguage":"en-US","@id":"https:\/\/wmtbaltic.lv\/#\/schema\/logo\/image\/","url":"https:\/\/wmtbaltic.lv\/wp-content\/uploads\/2024\/12\/wmt-baltic-sia_107142_9_420x180.jpg","contentUrl":"https:\/\/wmtbaltic.lv\/wp-content\/uploads\/2024\/12\/wmt-baltic-sia_107142_9_420x180.jpg","width":420,"height":180,"caption":"WMT Baltic"},"image":{"@id":"https:\/\/wmtbaltic.lv\/#\/schema\/logo\/image\/"},"sameAs":["https:\/\/www.facebook.com\/WMT.Baltic.viscom\/?locale=lv_LV","https:\/\/www.instagram.com\/viscom_wmt\/"]}]}},"_links":{"self":[{"href":"https:\/\/wmtbaltic.lv\/en\/wp-json\/wp\/v2\/product\/10334","targetHints":{"allow":["GET"]}}],"collection":[{"href":"https:\/\/wmtbaltic.lv\/en\/wp-json\/wp\/v2\/product"}],"about":[{"href":"https:\/\/wmtbaltic.lv\/en\/wp-json\/wp\/v2\/types\/product"}],"wp:featuredmedia":[{"embeddable":true,"href":"https:\/\/wmtbaltic.lv\/en\/wp-json\/wp\/v2\/media\/10081"}],"wp:attachment":[{"href":"https:\/\/wmtbaltic.lv\/en\/wp-json\/wp\/v2\/media?parent=10334"}],"wp:term":[{"taxonomy":"product_brand","embeddable":true,"href":"https:\/\/wmtbaltic.lv\/en\/wp-json\/wp\/v2\/product_brand?post=10334"},{"taxonomy":"product_cat","embeddable":true,"href":"https:\/\/wmtbaltic.lv\/en\/wp-json\/wp\/v2\/product_cat?post=10334"},{"taxonomy":"product_tag","embeddable":true,"href":"https:\/\/wmtbaltic.lv\/en\/wp-json\/wp\/v2\/product_tag?post=10334"}],"curies":[{"name":"wp","href":"https:\/\/api.w.org\/{rel}","templated":true}]}}