{"id":10245,"date":"2021-10-20T13:55:41","date_gmt":"2021-10-20T13:55:41","guid":{"rendered":"https:\/\/wmtbaltic.lv\/?post_type=product&#038;p=10245"},"modified":"2026-04-23T07:00:14","modified_gmt":"2026-04-23T07:00:14","slug":"pasardosa-drukas-pleve-kpmf-k74512-white-udc-matt-cast-1-22m","status":"publish","type":"product","link":"https:\/\/wmtbaltic.lv\/en\/product\/pasardosa-drukas-pleve-kpmf-k74512-white-udc-matt-cast-1-22m\/","title":{"rendered":"Pa\u0161\u0101rdo\u0161a drukas pl\u0113ve KPMF K74512 white UDC matt cast, 1.22m"},"content":{"rendered":"<p>Lieta, balta mat\u0113ta PVH l\u012bmpl\u0113ve, 50 mk, ar caursp\u012bd\u012bgu, permanentu l\u012bmi. materi\u0101ls paredz\u0113ts uzrakstu, instrukciju, uzl\u012bmju izgatavo\u0161anai, kuriem nepiecie\u0161ama aizsardz\u012bba atk\u0101rtotai izmanto\u0161anai. Materi\u0101la strukt\u016bra, to nopl\u0113\u0161ot atk\u0101rtoti tiek pak\u013cauta noard\u012b\u0161anas riskam. Piem\u0113rota ekosolventa, lateksa un UV tint\u0113m.<\/p>\n<p>Pl\u0113ves platums 1.22 m.<\/p>\n<p>Rull\u012b 50 m.<\/p>\n<p>Tehniskais apraksts: <a href=\"http:\/\/wmtbaltic.lv\/wp-content\/uploads\/2021\/10\/k74000-k75100-series-speciality-vinyl-v10.pdf\">k74000-k75100-series-speciality-vinyl<\/a><\/p>\n<p>&nbsp;<\/p>\n","protected":false},"excerpt":{"rendered":"Lieta, balta mat\u0113ta PVH l\u012bmpl\u0113ve, 50 mk, ar caursp\u012bd\u012bgu, permanentu l\u012bmi. materi\u0101ls paredz\u0113ts uzrakstu, instrukciju, uzl\u012bmju izgatavo\u0161anai, kuriem nepiecie\u0161ama aizsardz\u012bba atk\u0101rtotai izmanto\u0161anai. Materi\u0101la strukt\u016bra, to nopl\u0113\u0161ot atk\u0101rtoti tiek pak\u013cauta noard\u012b\u0161anas riskam. Piem\u0113rota ekosolventa, lateksa un UV tint\u0113m. Pl\u0113ves platums 1.22 m. Rull\u012b 50 m. Tehniskais apraksts: k74000-k75100-series-speciality-vinyl &nbsp;","protected":false},"featured_media":10248,"comment_status":"closed","ping_status":"closed","template":"","meta":[],"product_brand":[],"product_cat":[447],"product_tag":[958,959],"class_list":{"0":"post-10245","1":"product","2":"type-product","3":"status-publish","4":"has-post-thumbnail","6":"product_cat-specializetas-limpleves","7":"product_tag-drosibas-uzlime","8":"product_tag-pasardosa-pleve","10":"first","11":"instock","12":"shipping-taxable","13":"purchasable","14":"product-type-simple"},"yoast_head":"<!-- This site is optimized with the Yoast SEO plugin v27.6 - https:\/\/yoast.com\/product\/yoast-seo-wordpress\/ -->\n<title>Pa\u0161\u0101rdo\u0161a drukas pl\u0113ve KPMF K74512 white UDC matt cast,, nopirkt veikal\u0101 R\u012bg\u0101<\/title>\n<meta name=\"description\" content=\"%\" \/>\n<meta name=\"robots\" content=\"index, follow, max-snippet:-1, max-image-preview:large, max-video-preview:-1\" \/>\n<link rel=\"canonical\" href=\"https:\/\/wmtbaltic.lv\/product\/pasardosa-drukas-pleve-kpmf-k74512-white-udc-matt-cast-1-22m\/\" \/>\n<meta property=\"og:locale\" content=\"en_US\" \/>\n<meta property=\"og:type\" content=\"article\" \/>\n<meta property=\"og:title\" content=\"Pa\u0161\u0101rdo\u0161a drukas pl\u0113ve KPMF K74512 white UDC matt cast,, nopirkt veikal\u0101 R\u012bg\u0101\" \/>\n<meta property=\"og:description\" content=\"%\" \/>\n<meta property=\"og:url\" content=\"https:\/\/wmtbaltic.lv\/product\/pasardosa-drukas-pleve-kpmf-k74512-white-udc-matt-cast-1-22m\/\" \/>\n<meta property=\"og:site_name\" content=\"WMT Baltic\" \/>\n<meta property=\"article:publisher\" content=\"https:\/\/www.facebook.com\/WMT.Baltic.viscom\/?locale=lv_LV\" \/>\n<meta property=\"article:modified_time\" content=\"2026-04-23T07:00:14+00:00\" \/>\n<meta property=\"og:image\" content=\"http:\/\/wmtbaltic.lv\/wp-content\/uploads\/2021\/10\/0001333.jpeg\" \/>\n\t<meta property=\"og:image:width\" content=\"388\" \/>\n\t<meta property=\"og:image:height\" content=\"270\" \/>\n\t<meta property=\"og:image:type\" content=\"image\/jpeg\" \/>\n<meta name=\"twitter:card\" content=\"summary_large_image\" \/>\n<meta name=\"twitter:label1\" content=\"Est. reading time\" \/>\n\t<meta name=\"twitter:data1\" content=\"1 minute\" \/>\n<script type=\"application\/ld+json\" class=\"yoast-schema-graph\">{\"@context\":\"https:\\\/\\\/schema.org\",\"@graph\":[{\"@type\":\"WebPage\",\"@id\":\"https:\\\/\\\/wmtbaltic.lv\\\/product\\\/pasardosa-drukas-pleve-kpmf-k74512-white-udc-matt-cast-1-22m\\\/\",\"url\":\"https:\\\/\\\/wmtbaltic.lv\\\/product\\\/pasardosa-drukas-pleve-kpmf-k74512-white-udc-matt-cast-1-22m\\\/\",\"name\":\"Pa\u0161\u0101rdo\u0161a drukas pl\u0113ve KPMF K74512 white UDC matt cast,, nopirkt veikal\u0101 R\u012bg\u0101\",\"isPartOf\":{\"@id\":\"https:\\\/\\\/wmtbaltic.lv\\\/#website\"},\"primaryImageOfPage\":{\"@id\":\"https:\\\/\\\/wmtbaltic.lv\\\/product\\\/pasardosa-drukas-pleve-kpmf-k74512-white-udc-matt-cast-1-22m\\\/#primaryimage\"},\"image\":{\"@id\":\"https:\\\/\\\/wmtbaltic.lv\\\/product\\\/pasardosa-drukas-pleve-kpmf-k74512-white-udc-matt-cast-1-22m\\\/#primaryimage\"},\"thumbnailUrl\":\"https:\\\/\\\/wmtbaltic.lv\\\/wp-content\\\/uploads\\\/2021\\\/10\\\/0001333.jpeg\",\"datePublished\":\"2021-10-20T13:55:41+00:00\",\"dateModified\":\"2026-04-23T07:00:14+00:00\",\"description\":\"%\",\"breadcrumb\":{\"@id\":\"https:\\\/\\\/wmtbaltic.lv\\\/product\\\/pasardosa-drukas-pleve-kpmf-k74512-white-udc-matt-cast-1-22m\\\/#breadcrumb\"},\"inLanguage\":\"en-US\",\"potentialAction\":[{\"@type\":\"ReadAction\",\"target\":[\"https:\\\/\\\/wmtbaltic.lv\\\/product\\\/pasardosa-drukas-pleve-kpmf-k74512-white-udc-matt-cast-1-22m\\\/\"]}]},{\"@type\":\"ImageObject\",\"inLanguage\":\"en-US\",\"@id\":\"https:\\\/\\\/wmtbaltic.lv\\\/product\\\/pasardosa-drukas-pleve-kpmf-k74512-white-udc-matt-cast-1-22m\\\/#primaryimage\",\"url\":\"https:\\\/\\\/wmtbaltic.lv\\\/wp-content\\\/uploads\\\/2021\\\/10\\\/0001333.jpeg\",\"contentUrl\":\"https:\\\/\\\/wmtbaltic.lv\\\/wp-content\\\/uploads\\\/2021\\\/10\\\/0001333.jpeg\",\"width\":388,\"height\":270},{\"@type\":\"BreadcrumbList\",\"@id\":\"https:\\\/\\\/wmtbaltic.lv\\\/product\\\/pasardosa-drukas-pleve-kpmf-k74512-white-udc-matt-cast-1-22m\\\/#breadcrumb\",\"itemListElement\":[{\"@type\":\"ListItem\",\"position\":1,\"name\":\"Home\",\"item\":\"https:\\\/\\\/wmtbaltic.lv\\\/en\\\/\"},{\"@type\":\"ListItem\",\"position\":2,\"name\":\"Products\",\"item\":\"https:\\\/\\\/wmtbaltic.lv\\\/en\\\/shop\\\/\"},{\"@type\":\"ListItem\",\"position\":3,\"name\":\"Pa\u0161\u0101rdo\u0161a drukas pl\u0113ve KPMF K74512 white UDC matt cast, 1.22m\"}]},{\"@type\":\"WebSite\",\"@id\":\"https:\\\/\\\/wmtbaltic.lv\\\/#website\",\"url\":\"https:\\\/\\\/wmtbaltic.lv\\\/\",\"name\":\"WMT Baltic\",\"description\":\"Rekl\u0101mas produkti, pl\u0113ves\",\"publisher\":{\"@id\":\"https:\\\/\\\/wmtbaltic.lv\\\/#organization\"},\"potentialAction\":[{\"@type\":\"SearchAction\",\"target\":{\"@type\":\"EntryPoint\",\"urlTemplate\":\"https:\\\/\\\/wmtbaltic.lv\\\/?s={search_term_string}\"},\"query-input\":{\"@type\":\"PropertyValueSpecification\",\"valueRequired\":true,\"valueName\":\"search_term_string\"}}],\"inLanguage\":\"en-US\"},{\"@type\":\"Organization\",\"@id\":\"https:\\\/\\\/wmtbaltic.lv\\\/#organization\",\"name\":\"WMT Baltic\",\"url\":\"https:\\\/\\\/wmtbaltic.lv\\\/\",\"logo\":{\"@type\":\"ImageObject\",\"inLanguage\":\"en-US\",\"@id\":\"https:\\\/\\\/wmtbaltic.lv\\\/#\\\/schema\\\/logo\\\/image\\\/\",\"url\":\"https:\\\/\\\/wmtbaltic.lv\\\/wp-content\\\/uploads\\\/2024\\\/12\\\/wmt-baltic-sia_107142_9_420x180.jpg\",\"contentUrl\":\"https:\\\/\\\/wmtbaltic.lv\\\/wp-content\\\/uploads\\\/2024\\\/12\\\/wmt-baltic-sia_107142_9_420x180.jpg\",\"width\":420,\"height\":180,\"caption\":\"WMT Baltic\"},\"image\":{\"@id\":\"https:\\\/\\\/wmtbaltic.lv\\\/#\\\/schema\\\/logo\\\/image\\\/\"},\"sameAs\":[\"https:\\\/\\\/www.facebook.com\\\/WMT.Baltic.viscom\\\/?locale=lv_LV\",\"https:\\\/\\\/www.instagram.com\\\/viscom_wmt\\\/\"]}]}<\/script>\n<!-- \/ Yoast SEO plugin. -->","yoast_head_json":{"title":"Pa\u0161\u0101rdo\u0161a drukas pl\u0113ve KPMF K74512 white UDC matt cast,, nopirkt veikal\u0101 R\u012bg\u0101","description":"%","robots":{"index":"index","follow":"follow","max-snippet":"max-snippet:-1","max-image-preview":"max-image-preview:large","max-video-preview":"max-video-preview:-1"},"canonical":"https:\/\/wmtbaltic.lv\/product\/pasardosa-drukas-pleve-kpmf-k74512-white-udc-matt-cast-1-22m\/","og_locale":"en_US","og_type":"article","og_title":"Pa\u0161\u0101rdo\u0161a drukas pl\u0113ve KPMF K74512 white UDC matt cast,, nopirkt veikal\u0101 R\u012bg\u0101","og_description":"%","og_url":"https:\/\/wmtbaltic.lv\/product\/pasardosa-drukas-pleve-kpmf-k74512-white-udc-matt-cast-1-22m\/","og_site_name":"WMT Baltic","article_publisher":"https:\/\/www.facebook.com\/WMT.Baltic.viscom\/?locale=lv_LV","article_modified_time":"2026-04-23T07:00:14+00:00","og_image":[{"width":388,"height":270,"url":"http:\/\/wmtbaltic.lv\/wp-content\/uploads\/2021\/10\/0001333.jpeg","type":"image\/jpeg"}],"twitter_card":"summary_large_image","twitter_misc":{"Est. reading time":"1 minute"},"schema":{"@context":"https:\/\/schema.org","@graph":[{"@type":"WebPage","@id":"https:\/\/wmtbaltic.lv\/product\/pasardosa-drukas-pleve-kpmf-k74512-white-udc-matt-cast-1-22m\/","url":"https:\/\/wmtbaltic.lv\/product\/pasardosa-drukas-pleve-kpmf-k74512-white-udc-matt-cast-1-22m\/","name":"Pa\u0161\u0101rdo\u0161a drukas pl\u0113ve KPMF K74512 white UDC matt cast,, nopirkt veikal\u0101 R\u012bg\u0101","isPartOf":{"@id":"https:\/\/wmtbaltic.lv\/#website"},"primaryImageOfPage":{"@id":"https:\/\/wmtbaltic.lv\/product\/pasardosa-drukas-pleve-kpmf-k74512-white-udc-matt-cast-1-22m\/#primaryimage"},"image":{"@id":"https:\/\/wmtbaltic.lv\/product\/pasardosa-drukas-pleve-kpmf-k74512-white-udc-matt-cast-1-22m\/#primaryimage"},"thumbnailUrl":"https:\/\/wmtbaltic.lv\/wp-content\/uploads\/2021\/10\/0001333.jpeg","datePublished":"2021-10-20T13:55:41+00:00","dateModified":"2026-04-23T07:00:14+00:00","description":"%","breadcrumb":{"@id":"https:\/\/wmtbaltic.lv\/product\/pasardosa-drukas-pleve-kpmf-k74512-white-udc-matt-cast-1-22m\/#breadcrumb"},"inLanguage":"en-US","potentialAction":[{"@type":"ReadAction","target":["https:\/\/wmtbaltic.lv\/product\/pasardosa-drukas-pleve-kpmf-k74512-white-udc-matt-cast-1-22m\/"]}]},{"@type":"ImageObject","inLanguage":"en-US","@id":"https:\/\/wmtbaltic.lv\/product\/pasardosa-drukas-pleve-kpmf-k74512-white-udc-matt-cast-1-22m\/#primaryimage","url":"https:\/\/wmtbaltic.lv\/wp-content\/uploads\/2021\/10\/0001333.jpeg","contentUrl":"https:\/\/wmtbaltic.lv\/wp-content\/uploads\/2021\/10\/0001333.jpeg","width":388,"height":270},{"@type":"BreadcrumbList","@id":"https:\/\/wmtbaltic.lv\/product\/pasardosa-drukas-pleve-kpmf-k74512-white-udc-matt-cast-1-22m\/#breadcrumb","itemListElement":[{"@type":"ListItem","position":1,"name":"Home","item":"https:\/\/wmtbaltic.lv\/en\/"},{"@type":"ListItem","position":2,"name":"Products","item":"https:\/\/wmtbaltic.lv\/en\/shop\/"},{"@type":"ListItem","position":3,"name":"Pa\u0161\u0101rdo\u0161a drukas pl\u0113ve KPMF K74512 white UDC matt cast, 1.22m"}]},{"@type":"WebSite","@id":"https:\/\/wmtbaltic.lv\/#website","url":"https:\/\/wmtbaltic.lv\/","name":"WMT Baltic","description":"Rekl\u0101mas produkti, pl\u0113ves","publisher":{"@id":"https:\/\/wmtbaltic.lv\/#organization"},"potentialAction":[{"@type":"SearchAction","target":{"@type":"EntryPoint","urlTemplate":"https:\/\/wmtbaltic.lv\/?s={search_term_string}"},"query-input":{"@type":"PropertyValueSpecification","valueRequired":true,"valueName":"search_term_string"}}],"inLanguage":"en-US"},{"@type":"Organization","@id":"https:\/\/wmtbaltic.lv\/#organization","name":"WMT Baltic","url":"https:\/\/wmtbaltic.lv\/","logo":{"@type":"ImageObject","inLanguage":"en-US","@id":"https:\/\/wmtbaltic.lv\/#\/schema\/logo\/image\/","url":"https:\/\/wmtbaltic.lv\/wp-content\/uploads\/2024\/12\/wmt-baltic-sia_107142_9_420x180.jpg","contentUrl":"https:\/\/wmtbaltic.lv\/wp-content\/uploads\/2024\/12\/wmt-baltic-sia_107142_9_420x180.jpg","width":420,"height":180,"caption":"WMT Baltic"},"image":{"@id":"https:\/\/wmtbaltic.lv\/#\/schema\/logo\/image\/"},"sameAs":["https:\/\/www.facebook.com\/WMT.Baltic.viscom\/?locale=lv_LV","https:\/\/www.instagram.com\/viscom_wmt\/"]}]}},"_links":{"self":[{"href":"https:\/\/wmtbaltic.lv\/en\/wp-json\/wp\/v2\/product\/10245","targetHints":{"allow":["GET"]}}],"collection":[{"href":"https:\/\/wmtbaltic.lv\/en\/wp-json\/wp\/v2\/product"}],"about":[{"href":"https:\/\/wmtbaltic.lv\/en\/wp-json\/wp\/v2\/types\/product"}],"replies":[{"embeddable":true,"href":"https:\/\/wmtbaltic.lv\/en\/wp-json\/wp\/v2\/comments?post=10245"}],"wp:featuredmedia":[{"embeddable":true,"href":"https:\/\/wmtbaltic.lv\/en\/wp-json\/wp\/v2\/media\/10248"}],"wp:attachment":[{"href":"https:\/\/wmtbaltic.lv\/en\/wp-json\/wp\/v2\/media?parent=10245"}],"wp:term":[{"taxonomy":"product_brand","embeddable":true,"href":"https:\/\/wmtbaltic.lv\/en\/wp-json\/wp\/v2\/product_brand?post=10245"},{"taxonomy":"product_cat","embeddable":true,"href":"https:\/\/wmtbaltic.lv\/en\/wp-json\/wp\/v2\/product_cat?post=10245"},{"taxonomy":"product_tag","embeddable":true,"href":"https:\/\/wmtbaltic.lv\/en\/wp-json\/wp\/v2\/product_tag?post=10245"}],"curies":[{"name":"wp","href":"https:\/\/api.w.org\/{rel}","templated":true}]}}