{"id":10062,"date":"2021-10-14T13:56:00","date_gmt":"2021-10-14T13:56:00","guid":{"rendered":"https:\/\/wmtbaltic.lv\/?post_type=product&#038;p=10062"},"modified":"2021-10-15T08:33:53","modified_gmt":"2021-10-15T08:33:53","slug":"divpuseja-limlente-two-tack-kiss-cut-3550mm","status":"publish","type":"product","link":"https:\/\/wmtbaltic.lv\/en\/product\/divpuseja-limlente-two-tack-kiss-cut-3550mm\/","title":{"rendered":"Divpus\u0113ja l\u012bmlente Two Tack Kiss Cut, 35*50mm"},"content":{"rendered":"<p>Melna putota l\u012bmlente vieglu priek\u0161metu stiprin\u0101\u0161anai uz nel\u012bdz\u0113nam virsm\u0101m, 35*50mm. Nano-punkti (pies\u016bcek\u0146i) no vienas puses \u013cauj daudzkart\u0113jo priek\u0161meta parvieto\u0161anu.<\/p>\n<p>Iepakojums 50 un 700 gab<\/p>\n<p>Cena par iepakojumu vai 1 gab.<\/p>\n<p>&nbsp;<\/p>\n<p>&nbsp;<\/p>\n<p>&nbsp;<\/p>\n","protected":false},"excerpt":{"rendered":"Melna putota l\u012bmlente vieglu priek\u0161metu stiprin\u0101\u0161anai uz nel\u012bdz\u0113nam virsm\u0101m, 35*50mm. Nano-punkti (pies\u016bcek\u0146i) no vienas puses \u013cauj daudzkart\u0113jo priek\u0161meta parvieto\u0161anu. Iepakojums 50 un 700 gab Cena par iepakojumu vai 1 gab. &nbsp; &nbsp; &nbsp;","protected":false},"featured_media":10066,"template":"","meta":[],"product_brand":[],"product_cat":[419,421],"product_tag":[876,947,946],"class_list":{"0":"post-10062","1":"product","2":"type-product","3":"status-publish","4":"has-post-thumbnail","6":"product_cat-divpusejas-putu-limlentes","7":"product_cat-speciala-pielietojuma-limlentes","8":"product_tag-divpuseja-limlente","9":"product_tag-pielimet-foto","10":"product_tag-putota-limlente","12":"first","13":"instock","14":"shipping-taxable","15":"purchasable","16":"product-type-variable"},"yoast_head":"<!-- This site is optimized with the Yoast SEO plugin v27.4 - https:\/\/yoast.com\/product\/yoast-seo-wordpress\/ -->\n<title>Divpus\u0113ja l\u012bmlente Two Tack Kiss Cut, 35*50mm, nopirkt R\u012bg\u0101<\/title>\n<meta name=\"description\" content=\"Divpus\u0113ja l\u012bmlente Two Tack Foam, 50mm*25m, nopirkt R\u012bg\u0101\" \/>\n<meta name=\"robots\" content=\"index, follow, max-snippet:-1, max-image-preview:large, max-video-preview:-1\" \/>\n<link rel=\"canonical\" href=\"https:\/\/wmtbaltic.lv\/Produkts\/divpuseja-limlente-two-tack-kiss-cut-3550mm\/\" \/>\n<meta property=\"og:locale\" content=\"en_US\" \/>\n<meta property=\"og:type\" content=\"article\" \/>\n<meta property=\"og:title\" content=\"Divpus\u0113ja l\u012bmlente Two Tack Kiss Cut, 35*50mm, nopirkt R\u012bg\u0101\" \/>\n<meta property=\"og:description\" content=\"Divpus\u0113ja l\u012bmlente Two Tack Foam, 50mm*25m, nopirkt R\u012bg\u0101\" \/>\n<meta property=\"og:url\" content=\"https:\/\/wmtbaltic.lv\/Produkts\/divpuseja-limlente-two-tack-kiss-cut-3550mm\/\" \/>\n<meta property=\"og:site_name\" content=\"WMT Baltic\" \/>\n<meta property=\"article:publisher\" content=\"https:\/\/www.facebook.com\/WMT.Baltic.viscom\/?locale=lv_LV\" \/>\n<meta property=\"article:modified_time\" content=\"2021-10-15T08:33:53+00:00\" \/>\n<meta property=\"og:image\" content=\"https:\/\/wmtbaltic.lv\/wp-content\/uploads\/2021\/10\/TWO-TACK-kiss-cut.jpg\" \/>\n\t<meta property=\"og:image:width\" content=\"300\" \/>\n\t<meta property=\"og:image:height\" content=\"400\" \/>\n\t<meta property=\"og:image:type\" content=\"image\/jpeg\" \/>\n<meta name=\"twitter:card\" content=\"summary_large_image\" \/>\n<meta name=\"twitter:label1\" content=\"Est. reading time\" \/>\n\t<meta name=\"twitter:data1\" content=\"1 minute\" \/>\n<script type=\"application\/ld+json\" class=\"yoast-schema-graph\">{\"@context\":\"https:\\\/\\\/schema.org\",\"@graph\":[{\"@type\":\"WebPage\",\"@id\":\"https:\\\/\\\/wmtbaltic.lv\\\/Produkts\\\/divpuseja-limlente-two-tack-kiss-cut-3550mm\\\/\",\"url\":\"https:\\\/\\\/wmtbaltic.lv\\\/Produkts\\\/divpuseja-limlente-two-tack-kiss-cut-3550mm\\\/\",\"name\":\"Divpus\u0113ja l\u012bmlente Two Tack Kiss Cut, 35*50mm, nopirkt R\u012bg\u0101\",\"isPartOf\":{\"@id\":\"https:\\\/\\\/wmtbaltic.lv\\\/#website\"},\"primaryImageOfPage\":{\"@id\":\"https:\\\/\\\/wmtbaltic.lv\\\/Produkts\\\/divpuseja-limlente-two-tack-kiss-cut-3550mm\\\/#primaryimage\"},\"image\":{\"@id\":\"https:\\\/\\\/wmtbaltic.lv\\\/Produkts\\\/divpuseja-limlente-two-tack-kiss-cut-3550mm\\\/#primaryimage\"},\"thumbnailUrl\":\"https:\\\/\\\/wmtbaltic.lv\\\/wp-content\\\/uploads\\\/2021\\\/10\\\/TWO-TACK-kiss-cut.jpg\",\"datePublished\":\"2021-10-14T13:56:00+00:00\",\"dateModified\":\"2021-10-15T08:33:53+00:00\",\"description\":\"Divpus\u0113ja l\u012bmlente Two Tack Foam, 50mm*25m, nopirkt R\u012bg\u0101\",\"breadcrumb\":{\"@id\":\"https:\\\/\\\/wmtbaltic.lv\\\/Produkts\\\/divpuseja-limlente-two-tack-kiss-cut-3550mm\\\/#breadcrumb\"},\"inLanguage\":\"en-US\",\"potentialAction\":[{\"@type\":\"ReadAction\",\"target\":[\"https:\\\/\\\/wmtbaltic.lv\\\/Produkts\\\/divpuseja-limlente-two-tack-kiss-cut-3550mm\\\/\"]}]},{\"@type\":\"ImageObject\",\"inLanguage\":\"en-US\",\"@id\":\"https:\\\/\\\/wmtbaltic.lv\\\/Produkts\\\/divpuseja-limlente-two-tack-kiss-cut-3550mm\\\/#primaryimage\",\"url\":\"https:\\\/\\\/wmtbaltic.lv\\\/wp-content\\\/uploads\\\/2021\\\/10\\\/TWO-TACK-kiss-cut.jpg\",\"contentUrl\":\"https:\\\/\\\/wmtbaltic.lv\\\/wp-content\\\/uploads\\\/2021\\\/10\\\/TWO-TACK-kiss-cut.jpg\",\"width\":300,\"height\":400},{\"@type\":\"BreadcrumbList\",\"@id\":\"https:\\\/\\\/wmtbaltic.lv\\\/Produkts\\\/divpuseja-limlente-two-tack-kiss-cut-3550mm\\\/#breadcrumb\",\"itemListElement\":[{\"@type\":\"ListItem\",\"position\":1,\"name\":\"Home\",\"item\":\"https:\\\/\\\/wmtbaltic.lv\\\/en\\\/\"},{\"@type\":\"ListItem\",\"position\":2,\"name\":\"Shop\",\"item\":\"https:\\\/\\\/wmtbaltic.lv\\\/shop\\\/\"},{\"@type\":\"ListItem\",\"position\":3,\"name\":\"Divpus\u0113ja l\u012bmlente Two Tack Kiss Cut, 35*50mm\"}]},{\"@type\":\"WebSite\",\"@id\":\"https:\\\/\\\/wmtbaltic.lv\\\/#website\",\"url\":\"https:\\\/\\\/wmtbaltic.lv\\\/\",\"name\":\"WMT Baltic\",\"description\":\"Rekl\u0101mas produkti, pl\u0113ves\",\"publisher\":{\"@id\":\"https:\\\/\\\/wmtbaltic.lv\\\/#organization\"},\"potentialAction\":[{\"@type\":\"SearchAction\",\"target\":{\"@type\":\"EntryPoint\",\"urlTemplate\":\"https:\\\/\\\/wmtbaltic.lv\\\/?s={search_term_string}\"},\"query-input\":{\"@type\":\"PropertyValueSpecification\",\"valueRequired\":true,\"valueName\":\"search_term_string\"}}],\"inLanguage\":\"en-US\"},{\"@type\":\"Organization\",\"@id\":\"https:\\\/\\\/wmtbaltic.lv\\\/#organization\",\"name\":\"WMT Baltic\",\"url\":\"https:\\\/\\\/wmtbaltic.lv\\\/\",\"logo\":{\"@type\":\"ImageObject\",\"inLanguage\":\"en-US\",\"@id\":\"https:\\\/\\\/wmtbaltic.lv\\\/#\\\/schema\\\/logo\\\/image\\\/\",\"url\":\"https:\\\/\\\/wmtbaltic.lv\\\/wp-content\\\/uploads\\\/2024\\\/12\\\/wmt-baltic-sia_107142_9_420x180.jpg\",\"contentUrl\":\"https:\\\/\\\/wmtbaltic.lv\\\/wp-content\\\/uploads\\\/2024\\\/12\\\/wmt-baltic-sia_107142_9_420x180.jpg\",\"width\":420,\"height\":180,\"caption\":\"WMT Baltic\"},\"image\":{\"@id\":\"https:\\\/\\\/wmtbaltic.lv\\\/#\\\/schema\\\/logo\\\/image\\\/\"},\"sameAs\":[\"https:\\\/\\\/www.facebook.com\\\/WMT.Baltic.viscom\\\/?locale=lv_LV\",\"https:\\\/\\\/www.instagram.com\\\/viscom_wmt\\\/\"]}]}<\/script>\n<!-- \/ Yoast SEO plugin. -->","yoast_head_json":{"title":"Divpus\u0113ja l\u012bmlente Two Tack Kiss Cut, 35*50mm, nopirkt R\u012bg\u0101","description":"Divpus\u0113ja l\u012bmlente Two Tack Foam, 50mm*25m, nopirkt R\u012bg\u0101","robots":{"index":"index","follow":"follow","max-snippet":"max-snippet:-1","max-image-preview":"max-image-preview:large","max-video-preview":"max-video-preview:-1"},"canonical":"https:\/\/wmtbaltic.lv\/Produkts\/divpuseja-limlente-two-tack-kiss-cut-3550mm\/","og_locale":"en_US","og_type":"article","og_title":"Divpus\u0113ja l\u012bmlente Two Tack Kiss Cut, 35*50mm, nopirkt R\u012bg\u0101","og_description":"Divpus\u0113ja l\u012bmlente Two Tack Foam, 50mm*25m, nopirkt R\u012bg\u0101","og_url":"https:\/\/wmtbaltic.lv\/Produkts\/divpuseja-limlente-two-tack-kiss-cut-3550mm\/","og_site_name":"WMT Baltic","article_publisher":"https:\/\/www.facebook.com\/WMT.Baltic.viscom\/?locale=lv_LV","article_modified_time":"2021-10-15T08:33:53+00:00","og_image":[{"width":300,"height":400,"url":"https:\/\/wmtbaltic.lv\/wp-content\/uploads\/2021\/10\/TWO-TACK-kiss-cut.jpg","type":"image\/jpeg"}],"twitter_card":"summary_large_image","twitter_misc":{"Est. reading time":"1 minute"},"schema":{"@context":"https:\/\/schema.org","@graph":[{"@type":"WebPage","@id":"https:\/\/wmtbaltic.lv\/Produkts\/divpuseja-limlente-two-tack-kiss-cut-3550mm\/","url":"https:\/\/wmtbaltic.lv\/Produkts\/divpuseja-limlente-two-tack-kiss-cut-3550mm\/","name":"Divpus\u0113ja l\u012bmlente Two Tack Kiss Cut, 35*50mm, nopirkt R\u012bg\u0101","isPartOf":{"@id":"https:\/\/wmtbaltic.lv\/#website"},"primaryImageOfPage":{"@id":"https:\/\/wmtbaltic.lv\/Produkts\/divpuseja-limlente-two-tack-kiss-cut-3550mm\/#primaryimage"},"image":{"@id":"https:\/\/wmtbaltic.lv\/Produkts\/divpuseja-limlente-two-tack-kiss-cut-3550mm\/#primaryimage"},"thumbnailUrl":"https:\/\/wmtbaltic.lv\/wp-content\/uploads\/2021\/10\/TWO-TACK-kiss-cut.jpg","datePublished":"2021-10-14T13:56:00+00:00","dateModified":"2021-10-15T08:33:53+00:00","description":"Divpus\u0113ja l\u012bmlente Two Tack Foam, 50mm*25m, nopirkt R\u012bg\u0101","breadcrumb":{"@id":"https:\/\/wmtbaltic.lv\/Produkts\/divpuseja-limlente-two-tack-kiss-cut-3550mm\/#breadcrumb"},"inLanguage":"en-US","potentialAction":[{"@type":"ReadAction","target":["https:\/\/wmtbaltic.lv\/Produkts\/divpuseja-limlente-two-tack-kiss-cut-3550mm\/"]}]},{"@type":"ImageObject","inLanguage":"en-US","@id":"https:\/\/wmtbaltic.lv\/Produkts\/divpuseja-limlente-two-tack-kiss-cut-3550mm\/#primaryimage","url":"https:\/\/wmtbaltic.lv\/wp-content\/uploads\/2021\/10\/TWO-TACK-kiss-cut.jpg","contentUrl":"https:\/\/wmtbaltic.lv\/wp-content\/uploads\/2021\/10\/TWO-TACK-kiss-cut.jpg","width":300,"height":400},{"@type":"BreadcrumbList","@id":"https:\/\/wmtbaltic.lv\/Produkts\/divpuseja-limlente-two-tack-kiss-cut-3550mm\/#breadcrumb","itemListElement":[{"@type":"ListItem","position":1,"name":"Home","item":"https:\/\/wmtbaltic.lv\/en\/"},{"@type":"ListItem","position":2,"name":"Shop","item":"https:\/\/wmtbaltic.lv\/shop\/"},{"@type":"ListItem","position":3,"name":"Divpus\u0113ja l\u012bmlente Two Tack Kiss Cut, 35*50mm"}]},{"@type":"WebSite","@id":"https:\/\/wmtbaltic.lv\/#website","url":"https:\/\/wmtbaltic.lv\/","name":"WMT Baltic","description":"Rekl\u0101mas produkti, pl\u0113ves","publisher":{"@id":"https:\/\/wmtbaltic.lv\/#organization"},"potentialAction":[{"@type":"SearchAction","target":{"@type":"EntryPoint","urlTemplate":"https:\/\/wmtbaltic.lv\/?s={search_term_string}"},"query-input":{"@type":"PropertyValueSpecification","valueRequired":true,"valueName":"search_term_string"}}],"inLanguage":"en-US"},{"@type":"Organization","@id":"https:\/\/wmtbaltic.lv\/#organization","name":"WMT Baltic","url":"https:\/\/wmtbaltic.lv\/","logo":{"@type":"ImageObject","inLanguage":"en-US","@id":"https:\/\/wmtbaltic.lv\/#\/schema\/logo\/image\/","url":"https:\/\/wmtbaltic.lv\/wp-content\/uploads\/2024\/12\/wmt-baltic-sia_107142_9_420x180.jpg","contentUrl":"https:\/\/wmtbaltic.lv\/wp-content\/uploads\/2024\/12\/wmt-baltic-sia_107142_9_420x180.jpg","width":420,"height":180,"caption":"WMT Baltic"},"image":{"@id":"https:\/\/wmtbaltic.lv\/#\/schema\/logo\/image\/"},"sameAs":["https:\/\/www.facebook.com\/WMT.Baltic.viscom\/?locale=lv_LV","https:\/\/www.instagram.com\/viscom_wmt\/"]}]}},"_links":{"self":[{"href":"https:\/\/wmtbaltic.lv\/en\/wp-json\/wp\/v2\/product\/10062","targetHints":{"allow":["GET"]}}],"collection":[{"href":"https:\/\/wmtbaltic.lv\/en\/wp-json\/wp\/v2\/product"}],"about":[{"href":"https:\/\/wmtbaltic.lv\/en\/wp-json\/wp\/v2\/types\/product"}],"wp:featuredmedia":[{"embeddable":true,"href":"https:\/\/wmtbaltic.lv\/en\/wp-json\/wp\/v2\/media\/10066"}],"wp:attachment":[{"href":"https:\/\/wmtbaltic.lv\/en\/wp-json\/wp\/v2\/media?parent=10062"}],"wp:term":[{"taxonomy":"product_brand","embeddable":true,"href":"https:\/\/wmtbaltic.lv\/en\/wp-json\/wp\/v2\/product_brand?post=10062"},{"taxonomy":"product_cat","embeddable":true,"href":"https:\/\/wmtbaltic.lv\/en\/wp-json\/wp\/v2\/product_cat?post=10062"},{"taxonomy":"product_tag","embeddable":true,"href":"https:\/\/wmtbaltic.lv\/en\/wp-json\/wp\/v2\/product_tag?post=10062"}],"curies":[{"name":"wp","href":"https:\/\/api.w.org\/{rel}","templated":true}]}}