{"id":10009,"date":"2021-10-12T10:43:15","date_gmt":"2021-10-12T10:43:15","guid":{"rendered":"https:\/\/wmtbaltic.lv\/?post_type=product&#038;p=10009"},"modified":"2024-02-02T08:12:18","modified_gmt":"2024-02-02T08:12:18","slug":"limpleve-gridas-grafikai-solvoprint-dot-printnwalk-dzeltena-1-372m","status":"publish","type":"product","link":"https:\/\/wmtbaltic.lv\/en\/product\/limpleve-gridas-grafikai-solvoprint-dot-printnwalk-dzeltena-1-372m\/","title":{"rendered":"L\u012bmpl\u0113ve gr\u012bdas grafikai Solvoprint Dot Print&#8217;n&#8217;walk, dzeltena, 1.372m"},"content":{"rendered":"<p>Monom\u0113ra, sarkana, mat\u0113ta struktur\u0113ta PVH pl\u0113ve , 150 mk.\u00a0 Print &amp; Go tehnolo\u0123ija &#8211; nav nepiecie\u0161ama grafikas lamin\u0101cija.\u00a0 L\u012bme caursp\u012bd\u012bga, permanenta. L\u012bmsl\u0101\u0146a \u012bpa\u0161a mikrostrukt\u016bra \u013cauj izvair\u012bties no gaisa burbul\u012b\u0161u veido\u0161anas, samazina aplik\u0101cijas p\u0101rneses laiku un atvieglo pl\u0113ves no\u0146em\u0161anu no virsmas. Piem\u0113rota drukai\u00a0 ar ekosolventa, lateksa un UV tint\u0113m.<\/p>\n<p>Pl\u0113ves platums 1.372 m.<\/p>\n<p>Rull\u012b 30 m.<\/p>\n<p>Tehniskais apraksts: <a href=\"http:\/\/wmtbaltic.lv\/wp-content\/uploads\/2021\/10\/TI_03001_202024_solvoprint_UV_dot_printnwalk_R10_vorl.pdf\">solvoprint_UV_dot_printnwalk_R10_<\/a><\/p>\n<p><a href=\"http:\/\/wmtbaltic.lv\/wp-content\/uploads\/2021\/09\/Durability-Floor-Graphics-Films.pdf\">Durability-Floor-Graphics-Films<\/a><\/p>\n<p>&nbsp;<\/p>\n<p><strong>Jei norite \u012fsigyti pl\u0117vel\u0117 Solvoprint Dot Print&#8217;n&#8217;walk m\u016bs\u0173 ofise Lietuvoje,Vilniuje \u201dWMT Vilnius\u201dkambinkite: +37065562119, ra\u0161ykite:<\/strong> <a href=\"mailto:info@wmt.lt\">info@wmt.lt<\/a><\/p>\n<p><strong>Bendravimui su ofisu Rygoje WMT Baltic SIA, Skambinkite: +371 67800830,ra\u0161ykite<\/strong>: <a href=\"mailto:info@adv24.lv\">info@adv24.lv<\/a><\/p>\n","protected":false},"excerpt":{"rendered":"Monom\u0113ra, sarkana, mat\u0113ta struktur\u0113ta PVH pl\u0113ve , 150 mk.\u00a0 Print &amp; Go tehnolo\u0123ija - nav nepiecie\u0161ama grafikas lamin\u0101cija.\u00a0 L\u012bme caursp\u012bd\u012bga, permanenta. L\u012bmsl\u0101\u0146a \u012bpa\u0161a mikrostrukt\u016bra \u013cauj izvair\u012bties no gaisa burbul\u012b\u0161u veido\u0161anas, samazina aplik\u0101cijas p\u0101rneses laiku un atvieglo pl\u0113ves no\u0146em\u0161anu no virsmas. Piem\u0113rota drukai\u00a0 ar ekosolventa, lateksa un UV tint\u0113m. Pl\u0113ves platums 1.372 m. Rull\u012b 30 m. [...]","protected":false},"featured_media":10013,"template":"","meta":[],"product_brand":[],"product_cat":[1363,600,447],"product_tag":[916,918,1366],"class_list":{"0":"post-10009","1":"product","2":"type-product","3":"status-publish","4":"has-post-thumbnail","6":"product_cat-limpleves-gridas-grafikai","7":"product_cat-neschen","8":"product_cat-specializetas-limpleves","9":"product_tag-gridas-grafika","10":"product_tag-gridas-uzlimes","11":"product_tag-solvoprint-dot-printnwalk","13":"first","14":"instock","15":"shipping-taxable","16":"purchasable","17":"product-type-variable"},"yoast_head":"<!-- This site is optimized with the Yoast SEO plugin v27.4 - https:\/\/yoast.com\/product\/yoast-seo-wordpress\/ -->\n<title>L\u012bmpl\u0113ve gr\u012bdas grafikai Solvoprint Dot Print&#039;n&#039;walk, dzeltena, nopirkt R\u012bg\u0101<\/title>\n<meta name=\"robots\" content=\"index, follow, max-snippet:-1, max-image-preview:large, max-video-preview:-1\" \/>\n<link rel=\"canonical\" href=\"https:\/\/wmtbaltic.lv\/Produkts\/limpleve-gridas-grafikai-solvoprint-dot-printnwalk-dzeltena-1-372m\/\" \/>\n<meta property=\"og:locale\" content=\"en_US\" \/>\n<meta property=\"og:type\" content=\"article\" \/>\n<meta property=\"og:title\" content=\"L\u012bmpl\u0113ve gr\u012bdas grafikai Solvoprint Dot Print&#039;n&#039;walk, dzeltena, nopirkt R\u012bg\u0101\" \/>\n<meta property=\"og:url\" content=\"https:\/\/wmtbaltic.lv\/Produkts\/limpleve-gridas-grafikai-solvoprint-dot-printnwalk-dzeltena-1-372m\/\" \/>\n<meta property=\"og:site_name\" content=\"WMT Baltic\" \/>\n<meta property=\"article:publisher\" content=\"https:\/\/www.facebook.com\/WMT.Baltic.viscom\/?locale=lv_LV\" \/>\n<meta property=\"article:modified_time\" content=\"2024-02-02T08:12:18+00:00\" \/>\n<meta property=\"og:image\" content=\"http:\/\/wmtbaltic.lv\/wp-content\/uploads\/2021\/10\/solvoprint-r10-tape.jpg\" \/>\n\t<meta property=\"og:image:width\" content=\"769\" \/>\n\t<meta property=\"og:image:height\" content=\"519\" \/>\n\t<meta property=\"og:image:type\" content=\"image\/jpeg\" \/>\n<meta name=\"twitter:card\" content=\"summary_large_image\" \/>\n<meta name=\"twitter:label1\" content=\"Est. reading time\" \/>\n\t<meta name=\"twitter:data1\" content=\"1 minute\" \/>\n<script type=\"application\/ld+json\" class=\"yoast-schema-graph\">{\"@context\":\"https:\\\/\\\/schema.org\",\"@graph\":[{\"@type\":\"WebPage\",\"@id\":\"https:\\\/\\\/wmtbaltic.lv\\\/Produkts\\\/limpleve-gridas-grafikai-solvoprint-dot-printnwalk-dzeltena-1-372m\\\/\",\"url\":\"https:\\\/\\\/wmtbaltic.lv\\\/Produkts\\\/limpleve-gridas-grafikai-solvoprint-dot-printnwalk-dzeltena-1-372m\\\/\",\"name\":\"L\u012bmpl\u0113ve gr\u012bdas grafikai Solvoprint Dot Print'n'walk, dzeltena, nopirkt R\u012bg\u0101\",\"isPartOf\":{\"@id\":\"https:\\\/\\\/wmtbaltic.lv\\\/#website\"},\"primaryImageOfPage\":{\"@id\":\"https:\\\/\\\/wmtbaltic.lv\\\/Produkts\\\/limpleve-gridas-grafikai-solvoprint-dot-printnwalk-dzeltena-1-372m\\\/#primaryimage\"},\"image\":{\"@id\":\"https:\\\/\\\/wmtbaltic.lv\\\/Produkts\\\/limpleve-gridas-grafikai-solvoprint-dot-printnwalk-dzeltena-1-372m\\\/#primaryimage\"},\"thumbnailUrl\":\"https:\\\/\\\/wmtbaltic.lv\\\/wp-content\\\/uploads\\\/2021\\\/10\\\/solvoprint-r10-tape.jpg\",\"datePublished\":\"2021-10-12T10:43:15+00:00\",\"dateModified\":\"2024-02-02T08:12:18+00:00\",\"breadcrumb\":{\"@id\":\"https:\\\/\\\/wmtbaltic.lv\\\/Produkts\\\/limpleve-gridas-grafikai-solvoprint-dot-printnwalk-dzeltena-1-372m\\\/#breadcrumb\"},\"inLanguage\":\"en-US\",\"potentialAction\":[{\"@type\":\"ReadAction\",\"target\":[\"https:\\\/\\\/wmtbaltic.lv\\\/Produkts\\\/limpleve-gridas-grafikai-solvoprint-dot-printnwalk-dzeltena-1-372m\\\/\"]}]},{\"@type\":\"ImageObject\",\"inLanguage\":\"en-US\",\"@id\":\"https:\\\/\\\/wmtbaltic.lv\\\/Produkts\\\/limpleve-gridas-grafikai-solvoprint-dot-printnwalk-dzeltena-1-372m\\\/#primaryimage\",\"url\":\"https:\\\/\\\/wmtbaltic.lv\\\/wp-content\\\/uploads\\\/2021\\\/10\\\/solvoprint-r10-tape.jpg\",\"contentUrl\":\"https:\\\/\\\/wmtbaltic.lv\\\/wp-content\\\/uploads\\\/2021\\\/10\\\/solvoprint-r10-tape.jpg\",\"width\":769,\"height\":519},{\"@type\":\"BreadcrumbList\",\"@id\":\"https:\\\/\\\/wmtbaltic.lv\\\/Produkts\\\/limpleve-gridas-grafikai-solvoprint-dot-printnwalk-dzeltena-1-372m\\\/#breadcrumb\",\"itemListElement\":[{\"@type\":\"ListItem\",\"position\":1,\"name\":\"Home\",\"item\":\"https:\\\/\\\/wmtbaltic.lv\\\/en\\\/\"},{\"@type\":\"ListItem\",\"position\":2,\"name\":\"Shop\",\"item\":\"https:\\\/\\\/wmtbaltic.lv\\\/shop\\\/\"},{\"@type\":\"ListItem\",\"position\":3,\"name\":\"L\u012bmpl\u0113ve gr\u012bdas grafikai Solvoprint Dot Print&#8217;n&#8217;walk, dzeltena, 1.372m\"}]},{\"@type\":\"WebSite\",\"@id\":\"https:\\\/\\\/wmtbaltic.lv\\\/#website\",\"url\":\"https:\\\/\\\/wmtbaltic.lv\\\/\",\"name\":\"WMT Baltic\",\"description\":\"Rekl\u0101mas produkti, pl\u0113ves\",\"publisher\":{\"@id\":\"https:\\\/\\\/wmtbaltic.lv\\\/#organization\"},\"potentialAction\":[{\"@type\":\"SearchAction\",\"target\":{\"@type\":\"EntryPoint\",\"urlTemplate\":\"https:\\\/\\\/wmtbaltic.lv\\\/?s={search_term_string}\"},\"query-input\":{\"@type\":\"PropertyValueSpecification\",\"valueRequired\":true,\"valueName\":\"search_term_string\"}}],\"inLanguage\":\"en-US\"},{\"@type\":\"Organization\",\"@id\":\"https:\\\/\\\/wmtbaltic.lv\\\/#organization\",\"name\":\"WMT Baltic\",\"url\":\"https:\\\/\\\/wmtbaltic.lv\\\/\",\"logo\":{\"@type\":\"ImageObject\",\"inLanguage\":\"en-US\",\"@id\":\"https:\\\/\\\/wmtbaltic.lv\\\/#\\\/schema\\\/logo\\\/image\\\/\",\"url\":\"https:\\\/\\\/wmtbaltic.lv\\\/wp-content\\\/uploads\\\/2024\\\/12\\\/wmt-baltic-sia_107142_9_420x180.jpg\",\"contentUrl\":\"https:\\\/\\\/wmtbaltic.lv\\\/wp-content\\\/uploads\\\/2024\\\/12\\\/wmt-baltic-sia_107142_9_420x180.jpg\",\"width\":420,\"height\":180,\"caption\":\"WMT Baltic\"},\"image\":{\"@id\":\"https:\\\/\\\/wmtbaltic.lv\\\/#\\\/schema\\\/logo\\\/image\\\/\"},\"sameAs\":[\"https:\\\/\\\/www.facebook.com\\\/WMT.Baltic.viscom\\\/?locale=lv_LV\",\"https:\\\/\\\/www.instagram.com\\\/viscom_wmt\\\/\"]}]}<\/script>\n<!-- \/ Yoast SEO plugin. -->","yoast_head_json":{"title":"L\u012bmpl\u0113ve gr\u012bdas grafikai Solvoprint Dot Print'n'walk, dzeltena, nopirkt R\u012bg\u0101","robots":{"index":"index","follow":"follow","max-snippet":"max-snippet:-1","max-image-preview":"max-image-preview:large","max-video-preview":"max-video-preview:-1"},"canonical":"https:\/\/wmtbaltic.lv\/Produkts\/limpleve-gridas-grafikai-solvoprint-dot-printnwalk-dzeltena-1-372m\/","og_locale":"en_US","og_type":"article","og_title":"L\u012bmpl\u0113ve gr\u012bdas grafikai Solvoprint Dot Print'n'walk, dzeltena, nopirkt R\u012bg\u0101","og_url":"https:\/\/wmtbaltic.lv\/Produkts\/limpleve-gridas-grafikai-solvoprint-dot-printnwalk-dzeltena-1-372m\/","og_site_name":"WMT Baltic","article_publisher":"https:\/\/www.facebook.com\/WMT.Baltic.viscom\/?locale=lv_LV","article_modified_time":"2024-02-02T08:12:18+00:00","og_image":[{"width":769,"height":519,"url":"http:\/\/wmtbaltic.lv\/wp-content\/uploads\/2021\/10\/solvoprint-r10-tape.jpg","type":"image\/jpeg"}],"twitter_card":"summary_large_image","twitter_misc":{"Est. reading time":"1 minute"},"schema":{"@context":"https:\/\/schema.org","@graph":[{"@type":"WebPage","@id":"https:\/\/wmtbaltic.lv\/Produkts\/limpleve-gridas-grafikai-solvoprint-dot-printnwalk-dzeltena-1-372m\/","url":"https:\/\/wmtbaltic.lv\/Produkts\/limpleve-gridas-grafikai-solvoprint-dot-printnwalk-dzeltena-1-372m\/","name":"L\u012bmpl\u0113ve gr\u012bdas grafikai Solvoprint Dot Print'n'walk, dzeltena, nopirkt R\u012bg\u0101","isPartOf":{"@id":"https:\/\/wmtbaltic.lv\/#website"},"primaryImageOfPage":{"@id":"https:\/\/wmtbaltic.lv\/Produkts\/limpleve-gridas-grafikai-solvoprint-dot-printnwalk-dzeltena-1-372m\/#primaryimage"},"image":{"@id":"https:\/\/wmtbaltic.lv\/Produkts\/limpleve-gridas-grafikai-solvoprint-dot-printnwalk-dzeltena-1-372m\/#primaryimage"},"thumbnailUrl":"https:\/\/wmtbaltic.lv\/wp-content\/uploads\/2021\/10\/solvoprint-r10-tape.jpg","datePublished":"2021-10-12T10:43:15+00:00","dateModified":"2024-02-02T08:12:18+00:00","breadcrumb":{"@id":"https:\/\/wmtbaltic.lv\/Produkts\/limpleve-gridas-grafikai-solvoprint-dot-printnwalk-dzeltena-1-372m\/#breadcrumb"},"inLanguage":"en-US","potentialAction":[{"@type":"ReadAction","target":["https:\/\/wmtbaltic.lv\/Produkts\/limpleve-gridas-grafikai-solvoprint-dot-printnwalk-dzeltena-1-372m\/"]}]},{"@type":"ImageObject","inLanguage":"en-US","@id":"https:\/\/wmtbaltic.lv\/Produkts\/limpleve-gridas-grafikai-solvoprint-dot-printnwalk-dzeltena-1-372m\/#primaryimage","url":"https:\/\/wmtbaltic.lv\/wp-content\/uploads\/2021\/10\/solvoprint-r10-tape.jpg","contentUrl":"https:\/\/wmtbaltic.lv\/wp-content\/uploads\/2021\/10\/solvoprint-r10-tape.jpg","width":769,"height":519},{"@type":"BreadcrumbList","@id":"https:\/\/wmtbaltic.lv\/Produkts\/limpleve-gridas-grafikai-solvoprint-dot-printnwalk-dzeltena-1-372m\/#breadcrumb","itemListElement":[{"@type":"ListItem","position":1,"name":"Home","item":"https:\/\/wmtbaltic.lv\/en\/"},{"@type":"ListItem","position":2,"name":"Shop","item":"https:\/\/wmtbaltic.lv\/shop\/"},{"@type":"ListItem","position":3,"name":"L\u012bmpl\u0113ve gr\u012bdas grafikai Solvoprint Dot Print&#8217;n&#8217;walk, dzeltena, 1.372m"}]},{"@type":"WebSite","@id":"https:\/\/wmtbaltic.lv\/#website","url":"https:\/\/wmtbaltic.lv\/","name":"WMT Baltic","description":"Rekl\u0101mas produkti, pl\u0113ves","publisher":{"@id":"https:\/\/wmtbaltic.lv\/#organization"},"potentialAction":[{"@type":"SearchAction","target":{"@type":"EntryPoint","urlTemplate":"https:\/\/wmtbaltic.lv\/?s={search_term_string}"},"query-input":{"@type":"PropertyValueSpecification","valueRequired":true,"valueName":"search_term_string"}}],"inLanguage":"en-US"},{"@type":"Organization","@id":"https:\/\/wmtbaltic.lv\/#organization","name":"WMT Baltic","url":"https:\/\/wmtbaltic.lv\/","logo":{"@type":"ImageObject","inLanguage":"en-US","@id":"https:\/\/wmtbaltic.lv\/#\/schema\/logo\/image\/","url":"https:\/\/wmtbaltic.lv\/wp-content\/uploads\/2024\/12\/wmt-baltic-sia_107142_9_420x180.jpg","contentUrl":"https:\/\/wmtbaltic.lv\/wp-content\/uploads\/2024\/12\/wmt-baltic-sia_107142_9_420x180.jpg","width":420,"height":180,"caption":"WMT Baltic"},"image":{"@id":"https:\/\/wmtbaltic.lv\/#\/schema\/logo\/image\/"},"sameAs":["https:\/\/www.facebook.com\/WMT.Baltic.viscom\/?locale=lv_LV","https:\/\/www.instagram.com\/viscom_wmt\/"]}]}},"_links":{"self":[{"href":"https:\/\/wmtbaltic.lv\/en\/wp-json\/wp\/v2\/product\/10009","targetHints":{"allow":["GET"]}}],"collection":[{"href":"https:\/\/wmtbaltic.lv\/en\/wp-json\/wp\/v2\/product"}],"about":[{"href":"https:\/\/wmtbaltic.lv\/en\/wp-json\/wp\/v2\/types\/product"}],"wp:featuredmedia":[{"embeddable":true,"href":"https:\/\/wmtbaltic.lv\/en\/wp-json\/wp\/v2\/media\/10013"}],"wp:attachment":[{"href":"https:\/\/wmtbaltic.lv\/en\/wp-json\/wp\/v2\/media?parent=10009"}],"wp:term":[{"taxonomy":"product_brand","embeddable":true,"href":"https:\/\/wmtbaltic.lv\/en\/wp-json\/wp\/v2\/product_brand?post=10009"},{"taxonomy":"product_cat","embeddable":true,"href":"https:\/\/wmtbaltic.lv\/en\/wp-json\/wp\/v2\/product_cat?post=10009"},{"taxonomy":"product_tag","embeddable":true,"href":"https:\/\/wmtbaltic.lv\/en\/wp-json\/wp\/v2\/product_tag?post=10009"}],"curies":[{"name":"wp","href":"https:\/\/api.w.org\/{rel}","templated":true}]}}