{"id":17581,"date":"2025-02-10T10:12:31","date_gmt":"2025-02-10T10:12:31","guid":{"rendered":"https:\/\/wmtbaltic.lv\/digital-cutting\/"},"modified":"2025-02-10T10:12:31","modified_gmt":"2025-02-10T10:12:31","slug":"digital-cutting","status":"publish","type":"page","link":"https:\/\/wmtbaltic.lv\/en\/digital-cutting\/","title":{"rendered":"Digital cutting"},"content":{"rendered":"<p>[vc_row][vc_column width=&#8221;1\/4&#8243;][vc_widget_sidebar sidebar_id=&#8221;woocommerce&#8221;][\/vc_column][vc_column width=&#8221;3\/4&#8243;][vc_empty_space height=&#8221;18px&#8221;][vc_column_text]<a href=\"http:\/\/wmtbaltic.lv\/\/wp-content\/uploads\/2020\/08\/Digital.Cutter.services.jpg\"><img loading=\"lazy\" decoding=\"async\" class=\"alignnone size-full wp-image-1568\" src=\"http:\/\/wmtbaltic.lv\/\/wp-content\/uploads\/2020\/08\/Digital.Cutter.services.jpg\" sizes=\"auto, (max-width: 600px) 100vw, 600px\" srcset=\"https:\/\/wmtbaltic.lv\/wp-content\/uploads\/2020\/08\/Digital.Cutter.services.jpg 600w, https:\/\/wmtbaltic.lv\/wp-content\/uploads\/2020\/08\/Digital.Cutter.services-244x300.jpg 244w\" alt=\"\" width=\"600\" height=\"738\" \/><\/a><\/p>\n<p><strong>Digit\u0101lais grie\u0161anas galds<\/strong>\u00a0\u2013 labs risin\u0101jums jebkurai drukas komp\u0101nijai. Pielieto\u0161anas sf\u0113ra ir \u013coti pla\u0161a: uzl\u012bmju grie\u0161ana maz\u0101s tir\u0101\u017e\u0101s; kartona, putukartona, gofrpap\u012bra, pl\u0113vju, kraftpap\u012bra grie\u0161ana, k\u0101 ar\u012b trafaretu, dekora, interjera elementu un iepakojuma izgatavo\u0161ana. Digit\u0101lais grie\u0161anas galds \u013cauj griezt ar\u012b \u0101das, tekstila, plastik\u0101ta un cita materi\u0101la izstr\u0101d\u0101jumus. M\u016bsu klienti var ieg\u0101d\u0101ties gan digit\u0101lo galdu savam nol\u016bkam, gan sa\u0146emt jebkurus grie\u0161anas pakalpojumus, \u0146emot l\u012bdzi savus materi\u0101lus, vai ar\u012b ieg\u0101d\u0101ties tos m\u016bsu uz\u0146\u0113mum\u0101.<\/p>\n<p>&nbsp;<\/p>\n<p><strong>M\u0113s pied\u0101v\u0101jam digit\u0101l\u0101s grie\u0161anas pakalpojumus \u0161\u0101diem materi\u0101liem:<\/strong><\/p>\n<ul>\n<li>Plastik\u0101ti\u00a00.25 \u2013 3mm<\/li>\n<li>Pap\u012brs, kartons, gofrkartons<\/li>\n<li>\u0100da<\/li>\n<li>Gumija<\/li>\n<li>Tekstils<\/li>\n<li>Pl\u0113ves \/ L\u012bmpl\u0113ves<\/li>\n<\/ul>\n<p>&nbsp;<\/p>\n<p><strong>Digit\u0101l\u0101s grie\u0161anas pielieto\u0161anas sf\u0113ras<\/strong>:<\/p>\n<ul>\n<li><strong><em>Rekl\u0101mas sf\u0113ra<\/em><\/strong>:\u00a0uzl\u012bmju, rekl\u0101mas stendu, dekor\u0101ciju ra\u017eo\u0161ana;\u00a0kartona un plastik\u0101tu izstr\u0101d\u0101jumu grie\u0161ana; lielform\u0101ta noform\u0113\u0161anas izstr\u0101d\u0101jumu grie\u0161ana; POS materi\u0101lu grie\u0161ana;<\/li>\n<li><strong><em>Iepakojums<\/em><\/strong>:\u00a0individu\u0101l\u0101 iepakojuma izgatavo\u0161ana maz\u0101s tir\u0101\u017e\u0101s no kartona, plastik\u0101ta, pap\u012bra, tekstila, gofrkartona un citiem materi\u0101liem, kas tiek\u00a0izmantoti\u00a0iepakojumu\u00a0ra\u017eo\u0161an\u0101.\u00a0Sniedzam ar\u012b iepakojuma piln\u0101s vai da\u013c\u0113j\u0101s apdrukas pakalpojumus;<\/li>\n<li><strong><em>Auto sf\u0113ra<\/em><\/strong>:\u00a0gumijas pakl\u0101ju grie\u0161ana, auto uzl\u012bmju grie\u0161ana;<\/li>\n<li><strong><em>Ap\u0123\u0113rbi<\/em><\/strong>:\u00a0piegrie\u017e\u0146u izgatavo\u0161ana, trafaretu grie\u0161ana, \u0101das izstr\u0101d\u0101jumu grie\u0161ana, u.c.;<\/li>\n<li><strong><em>Arhitekt\u016bra<\/em><\/strong>:\u00a0\u0113ku maketu\u00a0\u00a0izgatavo\u0161ana;<\/li>\n<li><strong><em>Poligr\u0101fija<\/em><\/strong>:\u00a0poligr\u0101fijas izstr\u0101d\u0101jumu izgatavo\u0161ana maz\u0101s tir\u0101\u017e\u0101s;<\/li>\n<li><strong><em>Ra\u017eo\u0161ana<\/em><\/strong>:\u00a0iepakojuma un noform\u0113juma materi\u0101lu izgatavo\u0161ana jebkurai ra\u017eo\u0161anai.<\/li>\n<\/ul>\n<p>&nbsp;<\/p>\n<p><strong>Priek\u0161roc\u012bbas<\/strong>:<\/p>\n<ul>\n<li>Mazas tir\u0101\u017eas<\/li>\n<\/ul>\n<ul>\n<li>Grie\u0161anas precizit\u0101te l\u012bdz\u00a00,1mm<\/li>\n<li>Papildpakalpojumi:<br \/>\n\u2013 L\u012bmsl\u0101\u0146a uzkl\u0101\u0161ana uz pap\u012bra, kartona, plastik\u0101ta, gumijas virsm\u0101m<br \/>\n\u2013 Plastik\u0101ta apstr\u0101des pakalpojumi<br \/>\n\u2013 Lamin\u0101cijas pakalpojumi<\/li>\n<\/ul>\n<p>&nbsp;<\/p>\n<p><strong>K\u0101 pas\u016bt\u012bt<\/strong><strong>?<\/strong><\/p>\n<p>Lai noform\u0113tu pas\u016bt\u012bjumu, s\u016btiet sagatavotu maketu, tir\u0101\u017eu un pras\u012bbas uz e-pastu:\u00a0<a href=\"mailto:noliktava@wmt.lv\">noliktava@wmt.lv<\/a>.<\/p>\n<p>M\u0113s pied\u0101v\u0101jam ar\u012b da\u017e\u0101dus materi\u0101lu iepakojumus, trafaretu, uzl\u012bmju un citu produktu ra\u017eo\u0161anai: plastik\u0101ti, kartoni, tekstili, u.c.<\/p>\n<p>Aptuven\u0101s cenas un bezmaksas konsult\u0101ciju varat sa\u0146emt, zvanot <strong>+371 26437830.<\/strong><\/p>\n<p><strong><span style=\"font-size: medium;\">\u00a0<\/span><\/strong><\/p>\n<p>[\/vc_column_text][vc_empty_space height=&#8221;18px&#8221;][\/vc_column][\/vc_row]<\/p>\n","protected":false},"excerpt":{"rendered":"[vc_row][vc_column width=\"1\/4\"][vc_widget_sidebar sidebar_id=\"woocommerce\"][\/vc_column][vc_column width=\"3\/4\"][vc_empty_space height=\"18px\"][vc_column_text] Digit\u0101lais grie\u0161anas galds\u00a0\u2013 labs risin\u0101jums jebkurai drukas komp\u0101nijai. Pielieto\u0161anas sf\u0113ra ir \u013coti pla\u0161a: uzl\u012bmju grie\u0161ana maz\u0101s tir\u0101\u017e\u0101s; kartona, putukartona, gofrpap\u012bra, pl\u0113vju, kraftpap\u012bra grie\u0161ana, k\u0101 ar\u012b trafaretu, dekora, interjera elementu un iepakojuma izgatavo\u0161ana. Digit\u0101lais grie\u0161anas galds \u013cauj griezt ar\u012b \u0101das, tekstila, plastik\u0101ta un cita materi\u0101la izstr\u0101d\u0101jumus. M\u016bsu klienti var ieg\u0101d\u0101ties gan [...]","protected":false},"author":1,"featured_media":0,"parent":0,"menu_order":0,"comment_status":"closed","ping_status":"closed","template":"","meta":{"footnotes":""},"class_list":["post-17581","page","type-page","status-publish","hentry"],"yoast_head":"<!-- This site is optimized with the Yoast SEO plugin v27.4 - https:\/\/yoast.com\/product\/yoast-seo-wordpress\/ -->\n<title>Digital cutting - WMT Baltic<\/title>\n<meta name=\"robots\" content=\"index, follow, max-snippet:-1, max-image-preview:large, max-video-preview:-1\" \/>\n<link rel=\"canonical\" href=\"https:\/\/wmtbaltic.lv\/digital-cutting\/\" \/>\n<meta property=\"og:locale\" content=\"en_US\" \/>\n<meta property=\"og:type\" content=\"article\" \/>\n<meta property=\"og:title\" content=\"Digital cutting - WMT Baltic\" \/>\n<meta property=\"og:url\" content=\"https:\/\/wmtbaltic.lv\/digital-cutting\/\" \/>\n<meta property=\"og:site_name\" content=\"WMT Baltic\" \/>\n<meta property=\"article:publisher\" content=\"https:\/\/www.facebook.com\/WMT.Baltic.viscom\/?locale=lv_LV\" \/>\n<meta property=\"og:image\" content=\"https:\/\/wmtbaltic.lv\/wp-content\/uploads\/2020\/08\/Digital.Cutter.services.jpg\" \/>\n\t<meta property=\"og:image:width\" content=\"600\" \/>\n\t<meta property=\"og:image:height\" content=\"738\" \/>\n\t<meta property=\"og:image:type\" content=\"image\/jpeg\" \/>\n<meta name=\"twitter:card\" content=\"summary_large_image\" \/>\n<meta name=\"twitter:label1\" content=\"Est. reading time\" \/>\n\t<meta name=\"twitter:data1\" content=\"2 minutes\" \/>\n<script type=\"application\/ld+json\" class=\"yoast-schema-graph\">{\"@context\":\"https:\\\/\\\/schema.org\",\"@graph\":[{\"@type\":\"WebPage\",\"@id\":\"https:\\\/\\\/wmtbaltic.lv\\\/digital-cutting\\\/\",\"url\":\"https:\\\/\\\/wmtbaltic.lv\\\/digital-cutting\\\/\",\"name\":\"Digital cutting - WMT Baltic\",\"isPartOf\":{\"@id\":\"https:\\\/\\\/wmtbaltic.lv\\\/#website\"},\"primaryImageOfPage\":{\"@id\":\"https:\\\/\\\/wmtbaltic.lv\\\/digital-cutting\\\/#primaryimage\"},\"image\":{\"@id\":\"https:\\\/\\\/wmtbaltic.lv\\\/digital-cutting\\\/#primaryimage\"},\"thumbnailUrl\":\"http:\\\/\\\/wmtbaltic.lv\\\/\\\/wp-content\\\/uploads\\\/2020\\\/08\\\/Digital.Cutter.services.jpg\",\"datePublished\":\"2025-02-10T10:12:31+00:00\",\"breadcrumb\":{\"@id\":\"https:\\\/\\\/wmtbaltic.lv\\\/digital-cutting\\\/#breadcrumb\"},\"inLanguage\":\"en-US\",\"potentialAction\":[{\"@type\":\"ReadAction\",\"target\":[\"https:\\\/\\\/wmtbaltic.lv\\\/digital-cutting\\\/\"]}]},{\"@type\":\"ImageObject\",\"inLanguage\":\"en-US\",\"@id\":\"https:\\\/\\\/wmtbaltic.lv\\\/digital-cutting\\\/#primaryimage\",\"url\":\"http:\\\/\\\/wmtbaltic.lv\\\/\\\/wp-content\\\/uploads\\\/2020\\\/08\\\/Digital.Cutter.services.jpg\",\"contentUrl\":\"http:\\\/\\\/wmtbaltic.lv\\\/\\\/wp-content\\\/uploads\\\/2020\\\/08\\\/Digital.Cutter.services.jpg\"},{\"@type\":\"BreadcrumbList\",\"@id\":\"https:\\\/\\\/wmtbaltic.lv\\\/digital-cutting\\\/#breadcrumb\",\"itemListElement\":[{\"@type\":\"ListItem\",\"position\":1,\"name\":\"Home\",\"item\":\"https:\\\/\\\/wmtbaltic.lv\\\/en\\\/\"},{\"@type\":\"ListItem\",\"position\":2,\"name\":\"Digital cutting\"}]},{\"@type\":\"WebSite\",\"@id\":\"https:\\\/\\\/wmtbaltic.lv\\\/#website\",\"url\":\"https:\\\/\\\/wmtbaltic.lv\\\/\",\"name\":\"WMT Baltic\",\"description\":\"Rekl\u0101mas produkti, pl\u0113ves\",\"publisher\":{\"@id\":\"https:\\\/\\\/wmtbaltic.lv\\\/#organization\"},\"potentialAction\":[{\"@type\":\"SearchAction\",\"target\":{\"@type\":\"EntryPoint\",\"urlTemplate\":\"https:\\\/\\\/wmtbaltic.lv\\\/?s={search_term_string}\"},\"query-input\":{\"@type\":\"PropertyValueSpecification\",\"valueRequired\":true,\"valueName\":\"search_term_string\"}}],\"inLanguage\":\"en-US\"},{\"@type\":\"Organization\",\"@id\":\"https:\\\/\\\/wmtbaltic.lv\\\/#organization\",\"name\":\"WMT Baltic\",\"url\":\"https:\\\/\\\/wmtbaltic.lv\\\/\",\"logo\":{\"@type\":\"ImageObject\",\"inLanguage\":\"en-US\",\"@id\":\"https:\\\/\\\/wmtbaltic.lv\\\/#\\\/schema\\\/logo\\\/image\\\/\",\"url\":\"https:\\\/\\\/wmtbaltic.lv\\\/wp-content\\\/uploads\\\/2024\\\/12\\\/wmt-baltic-sia_107142_9_420x180.jpg\",\"contentUrl\":\"https:\\\/\\\/wmtbaltic.lv\\\/wp-content\\\/uploads\\\/2024\\\/12\\\/wmt-baltic-sia_107142_9_420x180.jpg\",\"width\":420,\"height\":180,\"caption\":\"WMT Baltic\"},\"image\":{\"@id\":\"https:\\\/\\\/wmtbaltic.lv\\\/#\\\/schema\\\/logo\\\/image\\\/\"},\"sameAs\":[\"https:\\\/\\\/www.facebook.com\\\/WMT.Baltic.viscom\\\/?locale=lv_LV\",\"https:\\\/\\\/www.instagram.com\\\/viscom_wmt\\\/\"]}]}<\/script>\n<!-- \/ Yoast SEO plugin. -->","yoast_head_json":{"title":"Digital cutting - WMT Baltic","robots":{"index":"index","follow":"follow","max-snippet":"max-snippet:-1","max-image-preview":"max-image-preview:large","max-video-preview":"max-video-preview:-1"},"canonical":"https:\/\/wmtbaltic.lv\/digital-cutting\/","og_locale":"en_US","og_type":"article","og_title":"Digital cutting - WMT Baltic","og_url":"https:\/\/wmtbaltic.lv\/digital-cutting\/","og_site_name":"WMT Baltic","article_publisher":"https:\/\/www.facebook.com\/WMT.Baltic.viscom\/?locale=lv_LV","og_image":[{"width":600,"height":738,"url":"https:\/\/wmtbaltic.lv\/wp-content\/uploads\/2020\/08\/Digital.Cutter.services.jpg","type":"image\/jpeg"}],"twitter_card":"summary_large_image","twitter_misc":{"Est. reading time":"2 minutes"},"schema":{"@context":"https:\/\/schema.org","@graph":[{"@type":"WebPage","@id":"https:\/\/wmtbaltic.lv\/digital-cutting\/","url":"https:\/\/wmtbaltic.lv\/digital-cutting\/","name":"Digital cutting - WMT Baltic","isPartOf":{"@id":"https:\/\/wmtbaltic.lv\/#website"},"primaryImageOfPage":{"@id":"https:\/\/wmtbaltic.lv\/digital-cutting\/#primaryimage"},"image":{"@id":"https:\/\/wmtbaltic.lv\/digital-cutting\/#primaryimage"},"thumbnailUrl":"http:\/\/wmtbaltic.lv\/\/wp-content\/uploads\/2020\/08\/Digital.Cutter.services.jpg","datePublished":"2025-02-10T10:12:31+00:00","breadcrumb":{"@id":"https:\/\/wmtbaltic.lv\/digital-cutting\/#breadcrumb"},"inLanguage":"en-US","potentialAction":[{"@type":"ReadAction","target":["https:\/\/wmtbaltic.lv\/digital-cutting\/"]}]},{"@type":"ImageObject","inLanguage":"en-US","@id":"https:\/\/wmtbaltic.lv\/digital-cutting\/#primaryimage","url":"http:\/\/wmtbaltic.lv\/\/wp-content\/uploads\/2020\/08\/Digital.Cutter.services.jpg","contentUrl":"http:\/\/wmtbaltic.lv\/\/wp-content\/uploads\/2020\/08\/Digital.Cutter.services.jpg"},{"@type":"BreadcrumbList","@id":"https:\/\/wmtbaltic.lv\/digital-cutting\/#breadcrumb","itemListElement":[{"@type":"ListItem","position":1,"name":"Home","item":"https:\/\/wmtbaltic.lv\/en\/"},{"@type":"ListItem","position":2,"name":"Digital cutting"}]},{"@type":"WebSite","@id":"https:\/\/wmtbaltic.lv\/#website","url":"https:\/\/wmtbaltic.lv\/","name":"WMT Baltic","description":"Rekl\u0101mas produkti, pl\u0113ves","publisher":{"@id":"https:\/\/wmtbaltic.lv\/#organization"},"potentialAction":[{"@type":"SearchAction","target":{"@type":"EntryPoint","urlTemplate":"https:\/\/wmtbaltic.lv\/?s={search_term_string}"},"query-input":{"@type":"PropertyValueSpecification","valueRequired":true,"valueName":"search_term_string"}}],"inLanguage":"en-US"},{"@type":"Organization","@id":"https:\/\/wmtbaltic.lv\/#organization","name":"WMT Baltic","url":"https:\/\/wmtbaltic.lv\/","logo":{"@type":"ImageObject","inLanguage":"en-US","@id":"https:\/\/wmtbaltic.lv\/#\/schema\/logo\/image\/","url":"https:\/\/wmtbaltic.lv\/wp-content\/uploads\/2024\/12\/wmt-baltic-sia_107142_9_420x180.jpg","contentUrl":"https:\/\/wmtbaltic.lv\/wp-content\/uploads\/2024\/12\/wmt-baltic-sia_107142_9_420x180.jpg","width":420,"height":180,"caption":"WMT Baltic"},"image":{"@id":"https:\/\/wmtbaltic.lv\/#\/schema\/logo\/image\/"},"sameAs":["https:\/\/www.facebook.com\/WMT.Baltic.viscom\/?locale=lv_LV","https:\/\/www.instagram.com\/viscom_wmt\/"]}]}},"_links":{"self":[{"href":"https:\/\/wmtbaltic.lv\/en\/wp-json\/wp\/v2\/pages\/17581","targetHints":{"allow":["GET"]}}],"collection":[{"href":"https:\/\/wmtbaltic.lv\/en\/wp-json\/wp\/v2\/pages"}],"about":[{"href":"https:\/\/wmtbaltic.lv\/en\/wp-json\/wp\/v2\/types\/page"}],"author":[{"embeddable":true,"href":"https:\/\/wmtbaltic.lv\/en\/wp-json\/wp\/v2\/users\/1"}],"replies":[{"embeddable":true,"href":"https:\/\/wmtbaltic.lv\/en\/wp-json\/wp\/v2\/comments?post=17581"}],"version-history":[{"count":0,"href":"https:\/\/wmtbaltic.lv\/en\/wp-json\/wp\/v2\/pages\/17581\/revisions"}],"wp:attachment":[{"href":"https:\/\/wmtbaltic.lv\/en\/wp-json\/wp\/v2\/media?parent=17581"}],"curies":[{"name":"wp","href":"https:\/\/api.w.org\/{rel}","templated":true}]}}