{"id":17387,"date":"2025-02-10T12:16:09","date_gmt":"2025-02-10T12:16:09","guid":{"rendered":"https:\/\/wmtbaltic.lv\/?page_id=17387"},"modified":"2025-02-10T12:19:14","modified_gmt":"2025-02-10T12:19:14","slug":"industriala-druka","status":"publish","type":"page","link":"https:\/\/wmtbaltic.lv\/en\/industriala-druka\/","title":{"rendered":"INDUSTRIAL PRINTING ON VARIOUS SURFACES"},"content":{"rendered":"<p>[vc_row][vc_column width=&#8221;3\/4&#8243;][vc_empty_space height=&#8221;18px&#8221;][vc_column_text]<a href=\"http:\/\/wmtbaltic.lv\/\/wp-content\/uploads\/2020\/08\/UV.industrial.printing_s.jpg\"><img loading=\"lazy\" decoding=\"async\" class=\"alignnone size-full wp-image-1570\" src=\"http:\/\/wmtbaltic.lv\/\/wp-content\/uploads\/2020\/08\/UV.industrial.printing_s.jpg\" sizes=\"auto, (max-width: 600px) 100vw, 600px\" srcset=\"https:\/\/wmtbaltic.lv\/wp-content\/uploads\/2020\/08\/UV.industrial.printing_s.jpg 600w, https:\/\/wmtbaltic.lv\/wp-content\/uploads\/2020\/08\/UV.industrial.printing_s-236x300.jpg 236w\" alt=\"\" width=\"600\" height=\"764\" \/><\/a><\/p>\n<p>&nbsp;<\/p>\n<p>We offer large-format industrial UV printing services on a variety of surfaces, including printing<br \/>\non wood, metal, glass, plastics, paper, cardboard, ceramics, textiles, leather, and more. We also<br \/>\nprovide cutting services for thin materials such as plastics, cardboard, paper, corrugated<br \/>\ncardboard, self-adhesive materials, leather and textiles.<br \/>\nIndustrial UV printing allows to create modern and unique design for the decoration of large-<br \/>\nformat elements in interiors \u2013 doors, windows, furniture facades, glass partitions, glass<br \/>\nartworks, and any design concepts (up to 400 kg) where high-quality and durable images, logos,<br \/>\nor patterns are required.<\/p>\n<p>&nbsp;<\/p>\n<p><strong>Applications of Industrial UV Printing:<\/strong><\/p>\n<ul>\n<li>The ability to print on almost all materials<\/li>\n<\/ul>\n<ul>\n<li>Capability to print on heavy-duty products \u2013 up to 400 kg<\/li>\n<\/ul>\n<ul>\n<li>Large-format printing dimensions: 1.95 x 2.95 m (material size up to 2&#215;3 m)<\/li>\n<\/ul>\n<p><strong>We offer following services:<\/strong><\/p>\n<p><strong>Industri\u0101l\u0101s UV drukas pielieto\u0161ana<\/strong>:<\/p>\n<ul>\n<li><strong>Print on Wood:<\/strong> doors, handles, dressers, furniture, kitchen facades, laminate, parquet flooring,<br \/>\ntables, chairs, cabinet panels;<\/li>\n<\/ul>\n<ul>\n<li><strong>Printing on Glass:<\/strong>\u00a0showcases, windows, tables, glass displays, glass partitions for home and<br \/>\noffice, balconies, glass floors, elevator shafts, glass paintings;<\/li>\n<\/ul>\n<ul>\n<li><strong>Large Format Printing on Textiles and Textile Products:<\/strong> blinds, canvas, textile wallpaper, art<br \/>\nreproductions, interior design<\/li>\n<li><strong>Printing on Mirrors:<\/strong> from small to large-scale constructions with custom designs;<\/li>\n<li><strong>Printing on Metal:<\/strong>\u00a0printing for equipment labeling, metal decor, aluminum panel decor, souvenir<br \/>\nproduction (printing on metal badges, flash drives, printed thermal mugs);<\/li>\n<li><strong>Printing on Plastics:\u00a0<\/strong>blinds, shower cabins, partitions, light advertising;<\/li>\n<li><strong>Printing on Paper and Cardboard:<\/strong>\u00a0stands, packaging, decorations, photo wallpapers, signs;<\/li>\n<li><strong>Printing on Other Surfaces:\u00a0<\/strong>ceramics, textiles, linoleum, polymer materials, leather, stone<br \/>\nconstructions.<\/li>\n<\/ul>\n<p><strong>How to Place an Order?<\/strong><\/p>\n<p>To place an order, please send your design for approval to <strong><a href=\"mailto:noliktava@wmt.lv\">noliktava@wmt.lv<\/a><\/strong>.<\/p>\n<p><strong>For approximate pricing, you can call +371 26437830<\/strong>.<\/p>\n<p>Our specialists will contact you to confirm the selected material, order quantity, and production<br \/>\ntimelines.<br \/>\nOur warehouse is fully stocked with a wide range of thin plastics, various types of cardboard,<br \/>\nself-adhesive materials, acrylic glass, and other materials available for UV printing purposes.<br \/>\nWe will create a print sample, coordinate it with you, and ensure high-quality UV printing.[\/vc_column_text][vc_empty_space height=&#8221;18px&#8221;][\/vc_column][\/vc_row]<\/p>\n","protected":false},"excerpt":{"rendered":"[vc_row][vc_column width=\"3\/4\"][vc_empty_space height=\"18px\"][vc_column_text] &nbsp; We offer large-format industrial UV printing services on a variety of surfaces, including printing on wood, metal, glass, plastics, paper, cardboard, ceramics, textiles, leather, and more. We also provide cutting services for thin materials such as plastics, cardboard, paper, corrugated cardboard, self-adhesive materials, leather and textiles. Industrial UV printing allows to [...]","protected":false},"author":1,"featured_media":0,"parent":0,"menu_order":0,"comment_status":"closed","ping_status":"closed","template":"","meta":{"footnotes":""},"class_list":["post-17387","page","type-page","status-publish","hentry"],"yoast_head":"<!-- This site is optimized with the Yoast SEO plugin v27.4 - https:\/\/yoast.com\/product\/yoast-seo-wordpress\/ -->\n<title>INDUSTRIAL PRINTING ON VARIOUS SURFACES - WMT Baltic<\/title>\n<meta name=\"robots\" content=\"index, follow, max-snippet:-1, max-image-preview:large, max-video-preview:-1\" \/>\n<link rel=\"canonical\" href=\"https:\/\/wmtbaltic.lv\/en\/industriala-druka\/\" \/>\n<meta property=\"og:locale\" content=\"en_US\" \/>\n<meta property=\"og:type\" content=\"article\" \/>\n<meta property=\"og:title\" content=\"INDUSTRIAL PRINTING ON VARIOUS SURFACES - WMT Baltic\" \/>\n<meta property=\"og:url\" content=\"https:\/\/wmtbaltic.lv\/en\/industriala-druka\/\" \/>\n<meta property=\"og:site_name\" content=\"WMT Baltic\" \/>\n<meta property=\"article:publisher\" content=\"https:\/\/www.facebook.com\/WMT.Baltic.viscom\/?locale=lv_LV\" \/>\n<meta property=\"article:modified_time\" content=\"2025-02-10T12:19:14+00:00\" \/>\n<meta property=\"og:image\" content=\"https:\/\/wmtbaltic.lv\/wp-content\/uploads\/2020\/08\/UV.industrial.printing_s.jpg\" \/>\n\t<meta property=\"og:image:width\" content=\"600\" \/>\n\t<meta property=\"og:image:height\" content=\"764\" \/>\n\t<meta property=\"og:image:type\" content=\"image\/jpeg\" \/>\n<meta name=\"twitter:card\" content=\"summary_large_image\" \/>\n<meta name=\"twitter:label1\" content=\"Est. reading time\" \/>\n\t<meta name=\"twitter:data1\" content=\"2 minutes\" \/>\n<script type=\"application\/ld+json\" class=\"yoast-schema-graph\">{\"@context\":\"https:\\\/\\\/schema.org\",\"@graph\":[{\"@type\":\"WebPage\",\"@id\":\"https:\\\/\\\/wmtbaltic.lv\\\/en\\\/industriala-druka\\\/\",\"url\":\"https:\\\/\\\/wmtbaltic.lv\\\/en\\\/industriala-druka\\\/\",\"name\":\"INDUSTRIAL PRINTING ON VARIOUS SURFACES - WMT Baltic\",\"isPartOf\":{\"@id\":\"https:\\\/\\\/wmtbaltic.lv\\\/#website\"},\"primaryImageOfPage\":{\"@id\":\"https:\\\/\\\/wmtbaltic.lv\\\/en\\\/industriala-druka\\\/#primaryimage\"},\"image\":{\"@id\":\"https:\\\/\\\/wmtbaltic.lv\\\/en\\\/industriala-druka\\\/#primaryimage\"},\"thumbnailUrl\":\"http:\\\/\\\/wmtbaltic.lv\\\/\\\/wp-content\\\/uploads\\\/2020\\\/08\\\/UV.industrial.printing_s.jpg\",\"datePublished\":\"2025-02-10T12:16:09+00:00\",\"dateModified\":\"2025-02-10T12:19:14+00:00\",\"breadcrumb\":{\"@id\":\"https:\\\/\\\/wmtbaltic.lv\\\/en\\\/industriala-druka\\\/#breadcrumb\"},\"inLanguage\":\"en-US\",\"potentialAction\":[{\"@type\":\"ReadAction\",\"target\":[\"https:\\\/\\\/wmtbaltic.lv\\\/en\\\/industriala-druka\\\/\"]}]},{\"@type\":\"ImageObject\",\"inLanguage\":\"en-US\",\"@id\":\"https:\\\/\\\/wmtbaltic.lv\\\/en\\\/industriala-druka\\\/#primaryimage\",\"url\":\"http:\\\/\\\/wmtbaltic.lv\\\/\\\/wp-content\\\/uploads\\\/2020\\\/08\\\/UV.industrial.printing_s.jpg\",\"contentUrl\":\"http:\\\/\\\/wmtbaltic.lv\\\/\\\/wp-content\\\/uploads\\\/2020\\\/08\\\/UV.industrial.printing_s.jpg\"},{\"@type\":\"BreadcrumbList\",\"@id\":\"https:\\\/\\\/wmtbaltic.lv\\\/en\\\/industriala-druka\\\/#breadcrumb\",\"itemListElement\":[{\"@type\":\"ListItem\",\"position\":1,\"name\":\"Home\",\"item\":\"https:\\\/\\\/wmtbaltic.lv\\\/en\\\/\"},{\"@type\":\"ListItem\",\"position\":2,\"name\":\"INDUSTRIAL PRINTING ON VARIOUS SURFACES\"}]},{\"@type\":\"WebSite\",\"@id\":\"https:\\\/\\\/wmtbaltic.lv\\\/#website\",\"url\":\"https:\\\/\\\/wmtbaltic.lv\\\/\",\"name\":\"WMT Baltic\",\"description\":\"Rekl\u0101mas produkti, pl\u0113ves\",\"publisher\":{\"@id\":\"https:\\\/\\\/wmtbaltic.lv\\\/#organization\"},\"potentialAction\":[{\"@type\":\"SearchAction\",\"target\":{\"@type\":\"EntryPoint\",\"urlTemplate\":\"https:\\\/\\\/wmtbaltic.lv\\\/?s={search_term_string}\"},\"query-input\":{\"@type\":\"PropertyValueSpecification\",\"valueRequired\":true,\"valueName\":\"search_term_string\"}}],\"inLanguage\":\"en-US\"},{\"@type\":\"Organization\",\"@id\":\"https:\\\/\\\/wmtbaltic.lv\\\/#organization\",\"name\":\"WMT Baltic\",\"url\":\"https:\\\/\\\/wmtbaltic.lv\\\/\",\"logo\":{\"@type\":\"ImageObject\",\"inLanguage\":\"en-US\",\"@id\":\"https:\\\/\\\/wmtbaltic.lv\\\/#\\\/schema\\\/logo\\\/image\\\/\",\"url\":\"https:\\\/\\\/wmtbaltic.lv\\\/wp-content\\\/uploads\\\/2024\\\/12\\\/wmt-baltic-sia_107142_9_420x180.jpg\",\"contentUrl\":\"https:\\\/\\\/wmtbaltic.lv\\\/wp-content\\\/uploads\\\/2024\\\/12\\\/wmt-baltic-sia_107142_9_420x180.jpg\",\"width\":420,\"height\":180,\"caption\":\"WMT Baltic\"},\"image\":{\"@id\":\"https:\\\/\\\/wmtbaltic.lv\\\/#\\\/schema\\\/logo\\\/image\\\/\"},\"sameAs\":[\"https:\\\/\\\/www.facebook.com\\\/WMT.Baltic.viscom\\\/?locale=lv_LV\",\"https:\\\/\\\/www.instagram.com\\\/viscom_wmt\\\/\"]}]}<\/script>\n<!-- \/ Yoast SEO plugin. -->","yoast_head_json":{"title":"INDUSTRIAL PRINTING ON VARIOUS SURFACES - WMT Baltic","robots":{"index":"index","follow":"follow","max-snippet":"max-snippet:-1","max-image-preview":"max-image-preview:large","max-video-preview":"max-video-preview:-1"},"canonical":"https:\/\/wmtbaltic.lv\/en\/industriala-druka\/","og_locale":"en_US","og_type":"article","og_title":"INDUSTRIAL PRINTING ON VARIOUS SURFACES - WMT Baltic","og_url":"https:\/\/wmtbaltic.lv\/en\/industriala-druka\/","og_site_name":"WMT Baltic","article_publisher":"https:\/\/www.facebook.com\/WMT.Baltic.viscom\/?locale=lv_LV","article_modified_time":"2025-02-10T12:19:14+00:00","og_image":[{"width":600,"height":764,"url":"https:\/\/wmtbaltic.lv\/wp-content\/uploads\/2020\/08\/UV.industrial.printing_s.jpg","type":"image\/jpeg"}],"twitter_card":"summary_large_image","twitter_misc":{"Est. reading time":"2 minutes"},"schema":{"@context":"https:\/\/schema.org","@graph":[{"@type":"WebPage","@id":"https:\/\/wmtbaltic.lv\/en\/industriala-druka\/","url":"https:\/\/wmtbaltic.lv\/en\/industriala-druka\/","name":"INDUSTRIAL PRINTING ON VARIOUS SURFACES - WMT Baltic","isPartOf":{"@id":"https:\/\/wmtbaltic.lv\/#website"},"primaryImageOfPage":{"@id":"https:\/\/wmtbaltic.lv\/en\/industriala-druka\/#primaryimage"},"image":{"@id":"https:\/\/wmtbaltic.lv\/en\/industriala-druka\/#primaryimage"},"thumbnailUrl":"http:\/\/wmtbaltic.lv\/\/wp-content\/uploads\/2020\/08\/UV.industrial.printing_s.jpg","datePublished":"2025-02-10T12:16:09+00:00","dateModified":"2025-02-10T12:19:14+00:00","breadcrumb":{"@id":"https:\/\/wmtbaltic.lv\/en\/industriala-druka\/#breadcrumb"},"inLanguage":"en-US","potentialAction":[{"@type":"ReadAction","target":["https:\/\/wmtbaltic.lv\/en\/industriala-druka\/"]}]},{"@type":"ImageObject","inLanguage":"en-US","@id":"https:\/\/wmtbaltic.lv\/en\/industriala-druka\/#primaryimage","url":"http:\/\/wmtbaltic.lv\/\/wp-content\/uploads\/2020\/08\/UV.industrial.printing_s.jpg","contentUrl":"http:\/\/wmtbaltic.lv\/\/wp-content\/uploads\/2020\/08\/UV.industrial.printing_s.jpg"},{"@type":"BreadcrumbList","@id":"https:\/\/wmtbaltic.lv\/en\/industriala-druka\/#breadcrumb","itemListElement":[{"@type":"ListItem","position":1,"name":"Home","item":"https:\/\/wmtbaltic.lv\/en\/"},{"@type":"ListItem","position":2,"name":"INDUSTRIAL PRINTING ON VARIOUS SURFACES"}]},{"@type":"WebSite","@id":"https:\/\/wmtbaltic.lv\/#website","url":"https:\/\/wmtbaltic.lv\/","name":"WMT Baltic","description":"Rekl\u0101mas produkti, pl\u0113ves","publisher":{"@id":"https:\/\/wmtbaltic.lv\/#organization"},"potentialAction":[{"@type":"SearchAction","target":{"@type":"EntryPoint","urlTemplate":"https:\/\/wmtbaltic.lv\/?s={search_term_string}"},"query-input":{"@type":"PropertyValueSpecification","valueRequired":true,"valueName":"search_term_string"}}],"inLanguage":"en-US"},{"@type":"Organization","@id":"https:\/\/wmtbaltic.lv\/#organization","name":"WMT Baltic","url":"https:\/\/wmtbaltic.lv\/","logo":{"@type":"ImageObject","inLanguage":"en-US","@id":"https:\/\/wmtbaltic.lv\/#\/schema\/logo\/image\/","url":"https:\/\/wmtbaltic.lv\/wp-content\/uploads\/2024\/12\/wmt-baltic-sia_107142_9_420x180.jpg","contentUrl":"https:\/\/wmtbaltic.lv\/wp-content\/uploads\/2024\/12\/wmt-baltic-sia_107142_9_420x180.jpg","width":420,"height":180,"caption":"WMT Baltic"},"image":{"@id":"https:\/\/wmtbaltic.lv\/#\/schema\/logo\/image\/"},"sameAs":["https:\/\/www.facebook.com\/WMT.Baltic.viscom\/?locale=lv_LV","https:\/\/www.instagram.com\/viscom_wmt\/"]}]}},"_links":{"self":[{"href":"https:\/\/wmtbaltic.lv\/en\/wp-json\/wp\/v2\/pages\/17387","targetHints":{"allow":["GET"]}}],"collection":[{"href":"https:\/\/wmtbaltic.lv\/en\/wp-json\/wp\/v2\/pages"}],"about":[{"href":"https:\/\/wmtbaltic.lv\/en\/wp-json\/wp\/v2\/types\/page"}],"author":[{"embeddable":true,"href":"https:\/\/wmtbaltic.lv\/en\/wp-json\/wp\/v2\/users\/1"}],"replies":[{"embeddable":true,"href":"https:\/\/wmtbaltic.lv\/en\/wp-json\/wp\/v2\/comments?post=17387"}],"version-history":[{"count":0,"href":"https:\/\/wmtbaltic.lv\/en\/wp-json\/wp\/v2\/pages\/17387\/revisions"}],"wp:attachment":[{"href":"https:\/\/wmtbaltic.lv\/en\/wp-json\/wp\/v2\/media?parent=17387"}],"curies":[{"name":"wp","href":"https:\/\/api.w.org\/{rel}","templated":true}]}}